{"id":5772,"date":"2016-05-12T14:19:40","date_gmt":"2016-05-12T11:19:40","guid":{"rendered":"http:\/\/www.bicakhukuk.com\/fr\/bicak-hukuk\/faaliyet-alanlarimiz\/yabancilar-goec-hukuku\/"},"modified":"2020-03-12T11:57:05","modified_gmt":"2020-03-12T08:57:05","slug":"yabancilar-hukuku","status":"publish","type":"page","link":"https:\/\/www.bicakhukuk.com\/fr\/faaliyet-alanlarimiz\/yabancilar-hukuku\/","title":{"rendered":"Droit des \u00e9trangers"},"content":{"rendered":"<p>Les \u00e9trangers qui veulent venir \u00e0 des fins diverses en Turquie, nous leur fournissons des conseils pour leur permettre de b\u00e9n\u00e9ficier pleinement des droits qui leur sont accord\u00e9s. Les services pour les \u00e9trangers que nous portons en tant que cabinet d&rsquo;avocats, afin de contribuer \u00e0 l&rsquo;am\u00e9lioration des services dans ce domaine, nous avons \u00e9galement ajout\u00e9 des conseils et une assistance juridique dans le domaine.<\/p>\n<p>En tant que demandeur d&rsquo;asile venu s&rsquo;installer dans notre pays, en tant qu&rsquo;homme d&rsquo;affaires \u00e9tranger qui souhaite investir dans notre pays ou en tant qu&rsquo;\u00e9tranger qui souhaite acheter un bien immobilier dans notre pays, nous sommes pr\u00eats \u00e0 offrir toutes sortes de services juridiques dont vous avez besoin, \u00e0 la fois en turc et dans une langue \u00e9trang\u00e8re avec un personnel solide et exp\u00e9riment\u00e9.<\/p>\n<p>Le principal sujet de la branche du droit connue aujourd&rsquo;hui sous le nom de \u00abloi sur les \u00e9trangers\u00bb concerne les questions li\u00e9es \u00e0 l&rsquo;exposition et \u00e0 la protection des droits des \u00e9trangers r\u00e9serv\u00e9s aux citoyens.<\/p>\n<p>Les effets du fait d&rsquo;\u00eatre citoyen ou non se font surtout sentir lorsque les personnes se rendent dans des pays o\u00f9 ils ne sont pas citoyens ou lorsqu&rsquo;ils veulent rester, travailler, \u00e9tudier ou s&rsquo;installer dans ces pays. Il n&rsquo;est pas possible de contr\u00f4ler toutes les r\u00e8gles que le pays doit parcourir pour les \u00e9trangers, m\u00eame avec les moyens de communication actuels. Parce que les d\u00e9tails inconnus et les diff\u00e9rences d&rsquo;application des lots peuvent causer de graves probl\u00e8mes.<\/p>\n<p>En revanche, le statut juridique des \u00e9trangers est plus fragile que celui des citoyens. La citoyennet\u00e9, qui exprime sa loyaut\u00e9 envers un pays l\u00e9galement, apporte des droits garantis par les constitutions de tous les \u00c9tats, tout en b\u00e9n\u00e9ficiant des opportunit\u00e9s d&rsquo;un pays pour les \u00e9trangers d\u00e9pend de la fourniture de conditions pr\u00e9d\u00e9termin\u00e9es. Les droits automatiques d&rsquo;\u00eatre citoyen sont plus limit\u00e9s pour les \u00e9trangers.<\/p>\n<p>Un autre point valable pour tout le monde concerne les incertitudes et les pr\u00e9occupations quant \u00e0 savoir s&rsquo;il y a une insuffisance dans les transactions \u00e0 effectuer dans le pays \u00e0 parcourir et comment ils effectueront leurs transactions dans la bureaucratie du pays qu&rsquo;ils ne connaissent pas. De plus, lorsque ces pr\u00e9occupations sont combin\u00e9es \u00e0 d&rsquo;autres effets psychologiques caus\u00e9s par la sortie du pays o\u00f9 les citoyens sont citoyens, l&rsquo;excitation de voyager et de vivre dans un autre pays peut \u00eatre remplac\u00e9e par l&rsquo;anxi\u00e9t\u00e9.<\/p>\n<p>Comme dans tous les domaines, des innovations sont apport\u00e9es dans le domaine du droit des \u00e9trangers en tenant compte des conditions changeantes de la journ\u00e9e et des nouveaux besoins qui en d\u00e9coulent. 6458 N \u00b0 Les \u00e9trangers sont entr\u00e9s en vigueur le 11\/04\/2014 et sont entr\u00e9s en Turquie avec la Loi sur la protection internationale, s\u00e9jour court ou long terme en Turquie, l&rsquo;\u00e9ducation, la r\u00e9vocation de l&rsquo;autorisation de s\u00e9jour, des questions telles que la mise en place de m\u00e9canismes de recours efficaces contre les actes administratifs, 6735 num\u00e9rot\u00e9s dans le Code international du travail un permis de travail en Turquie des r\u00e8gles et proc\u00e9dures \u00e9trang\u00e8res \u00e9tablies, et a pris des dispositions dans d&rsquo;autres lois en cons\u00e9quence. C&rsquo;est aussi l&rsquo;\u00e9valuation de la demande ainsi que les \u00e9trangers d&rsquo;acqu\u00e9rir des biens immobiliers en Turquie, de nouveaux r\u00e8glements ont \u00e9t\u00e9 introduits.<\/p>\n<p>Nous aimerions que vous sachiez qu&rsquo;en fonction des conditions de d\u00e9veloppement du jour et des besoins \u00e9mergents, il est devenu imp\u00e9ratif d&rsquo;\u00e9largir la gamme de services que nous proposons.<\/p>\n<p><a href=\"https:\/\/www.bicakhukuk.com\/foreigners\/e-katalog\/\" target=\"_blank\" rel=\"noopener noreferrer\"><img decoding=\"async\" class=\"wp-image-11681 aligncenter\" src=\"https:\/\/www.bicakhukuk.com\/wp-content\/uploads\/2018\/02\/ekatalog-1.png\" alt=\"\" width=\"415\" height=\"118\" srcset=\"https:\/\/www.bicakhukuk.com\/wp-content\/uploads\/2018\/02\/ekatalog-1.png 637w, https:\/\/www.bicakhukuk.com\/wp-content\/uploads\/2018\/02\/ekatalog-1-300x85.png 300w\" sizes=\"(max-width: 415px) 100vw, 415px\" \/><\/a><\/p>\n<p>[embeddoc url=\u00a0\u00bbhttps:\/\/www.bicakhukuk.com\/wp-content\/uploads\/2018\/02\/Yabanc\u0131lar-Hukuku-TR-K.pdf\u00a0\u00bb height=\u00a0\u00bb1100px\u00a0\u00bb download=\u00a0\u00bball\u00a0\u00bb viewer=\u00a0\u00bbgoogle\u00a0\u00bb ]<\/p>\n<p>&nbsp;<\/p>\n","protected":false},"excerpt":{"rendered":"<p>Les \u00e9trangers qui veulent venir \u00e0 des fins diverses en Turquie, nous leur fournissons des conseils pour leur permettre de b\u00e9n\u00e9ficier pleinement des droits qui leur sont accord\u00e9s. Les services pour les \u00e9trangers que nous portons en tant que cabinet d&rsquo;avocats, afin de contribuer \u00e0 l&rsquo;am\u00e9lioration des services dans ce domaine, nous avons \u00e9galement ajout\u00e9 [&hellip;]<\/p>\n","protected":false},"author":1,"featured_media":11725,"parent":3008,"menu_order":0,"comment_status":"open","ping_status":"open","template":"page-sidebar-right.php","meta":{"rs_blank_template":"","rs_page_bg_color":"#ffffff","slide_template_v7":"","footnotes":""},"class_list":["post-5772","page","type-page","status-publish","has-post-thumbnail","hentry"],"yoast_head":"<!-- This site is optimized with the Yoast SEO Premium plugin v27.1 (Yoast SEO v27.3) - https:\/\/yoast.com\/product\/yoast-seo-premium-wordpress\/ -->\n<title>Droit des \u00e9trangers | B\u0131\u00e7ak Hukuk<\/title>\n<meta name=\"description\" content=\"B\u00fcromuz, yabanc\u0131lar ve g\u00f6\u00e7 hukuku sahas\u0131nda kaydedilen yeni geli\u015fmelere uygun olarak hukuk hizmeti sunmaktad\u0131r.\" \/>\n<meta name=\"robots\" content=\"index, follow, max-snippet:-1, max-image-preview:large, max-video-preview:-1\" \/>\n<link rel=\"canonical\" href=\"https:\/\/www.bicakhukuk.com\/fr\/faaliyet-alanlarimiz\/yabancilar-hukuku\/\" \/>\n<meta property=\"og:locale\" content=\"fr_FR\" \/>\n<meta property=\"og:type\" content=\"article\" \/>\n<meta property=\"og:title\" content=\"Droit des \u00e9trangers\" \/>\n<meta property=\"og:description\" content=\"Les \u00e9trangers qui veulent venir \u00e0 des fins diverses en Turquie, nous leur fournissons des conseils pour leur permettre de b\u00e9n\u00e9ficier pleinement des droits\" \/>\n<meta property=\"og:url\" content=\"https:\/\/www.bicakhukuk.com\/fr\/faaliyet-alanlarimiz\/yabancilar-hukuku\/\" \/>\n<meta property=\"og:site_name\" content=\"B\u0131\u00e7ak Hukuk\" \/>\n<meta property=\"article:publisher\" content=\"https:\/\/www.facebook.com\/bicakhukuk\" \/>\n<meta property=\"article:modified_time\" content=\"2020-03-12T08:57:05+00:00\" \/>\n<meta property=\"og:image\" content=\"https:\/\/www.bicakhukuk.com\/wp-content\/uploads\/2018\/02\/world-people-715x400.jpg\" \/>\n\t<meta property=\"og:image:width\" content=\"715\" \/>\n\t<meta property=\"og:image:height\" content=\"400\" \/>\n\t<meta property=\"og:image:type\" content=\"image\/jpeg\" \/>\n<meta name=\"twitter:card\" content=\"summary_large_image\" \/>\n<meta name=\"twitter:site\" content=\"@BicakHukuk\" \/>\n<meta name=\"twitter:label1\" content=\"Dur\u00e9e de lecture estim\u00e9e\" \/>\n\t<meta name=\"twitter:data1\" content=\"3 minutes\" \/>\n<script type=\"application\/ld+json\" class=\"yoast-schema-graph\">{\"@context\":\"https:\\\/\\\/schema.org\",\"@graph\":[{\"@type\":\"WebPage\",\"@id\":\"https:\\\/\\\/www.bicakhukuk.com\\\/fr\\\/faaliyet-alanlarimiz\\\/yabancilar-hukuku\\\/\",\"url\":\"https:\\\/\\\/www.bicakhukuk.com\\\/fr\\\/faaliyet-alanlarimiz\\\/yabancilar-hukuku\\\/\",\"name\":\"Droit des \u00e9trangers | B\u0131\u00e7ak Hukuk\",\"isPartOf\":{\"@id\":\"https:\\\/\\\/www.bicakhukuk.com\\\/fr\\\/#website\"},\"primaryImageOfPage\":{\"@id\":\"https:\\\/\\\/www.bicakhukuk.com\\\/fr\\\/faaliyet-alanlarimiz\\\/yabancilar-hukuku\\\/#primaryimage\"},\"image\":{\"@id\":\"https:\\\/\\\/www.bicakhukuk.com\\\/fr\\\/faaliyet-alanlarimiz\\\/yabancilar-hukuku\\\/#primaryimage\"},\"thumbnailUrl\":\"https:\\\/\\\/www.bicakhukuk.com\\\/wp-content\\\/uploads\\\/2018\\\/02\\\/world-people-715x400.jpg\",\"datePublished\":\"2016-05-12T11:19:40+00:00\",\"dateModified\":\"2020-03-12T08:57:05+00:00\",\"description\":\"B\u00fcromuz, yabanc\u0131lar ve g\u00f6\u00e7 hukuku sahas\u0131nda kaydedilen yeni geli\u015fmelere uygun olarak hukuk hizmeti sunmaktad\u0131r.\",\"breadcrumb\":{\"@id\":\"https:\\\/\\\/www.bicakhukuk.com\\\/fr\\\/faaliyet-alanlarimiz\\\/yabancilar-hukuku\\\/#breadcrumb\"},\"inLanguage\":\"fr-FR\",\"potentialAction\":[{\"@type\":\"ReadAction\",\"target\":[\"https:\\\/\\\/www.bicakhukuk.com\\\/fr\\\/faaliyet-alanlarimiz\\\/yabancilar-hukuku\\\/\"]}]},{\"@type\":\"ImageObject\",\"inLanguage\":\"fr-FR\",\"@id\":\"https:\\\/\\\/www.bicakhukuk.com\\\/fr\\\/faaliyet-alanlarimiz\\\/yabancilar-hukuku\\\/#primaryimage\",\"url\":\"https:\\\/\\\/www.bicakhukuk.com\\\/wp-content\\\/uploads\\\/2018\\\/02\\\/world-people-715x400.jpg\",\"contentUrl\":\"https:\\\/\\\/www.bicakhukuk.com\\\/wp-content\\\/uploads\\\/2018\\\/02\\\/world-people-715x400.jpg\",\"width\":715,\"height\":400},{\"@type\":\"BreadcrumbList\",\"@id\":\"https:\\\/\\\/www.bicakhukuk.com\\\/fr\\\/faaliyet-alanlarimiz\\\/yabancilar-hukuku\\\/#breadcrumb\",\"itemListElement\":[{\"@type\":\"ListItem\",\"position\":1,\"name\":\"Ana sayfa\",\"item\":\"https:\\\/\\\/www.bicakhukuk.com\\\/fr\\\/\"},{\"@type\":\"ListItem\",\"position\":2,\"name\":\"Secteurs\",\"item\":\"https:\\\/\\\/www.bicakhukuk.com\\\/fr\\\/faaliyet-alanlarimiz\\\/\"},{\"@type\":\"ListItem\",\"position\":3,\"name\":\"Droit des \u00e9trangers\"}]},{\"@type\":\"WebSite\",\"@id\":\"https:\\\/\\\/www.bicakhukuk.com\\\/fr\\\/#website\",\"url\":\"https:\\\/\\\/www.bicakhukuk.com\\\/fr\\\/\",\"name\":\"B\u0131\u00e7ak Hukuk\",\"description\":\"T\u00fcrkiye Merkezli Global Hukuk B\u00fcrosu\",\"publisher\":{\"@id\":\"https:\\\/\\\/www.bicakhukuk.com\\\/fr\\\/#organization\"},\"alternateName\":\"B\u0131\u00e7ak Hukuk, Ankara Avukat, Ankara Hukuk B\u00fcrosu\",\"potentialAction\":[{\"@type\":\"SearchAction\",\"target\":{\"@type\":\"EntryPoint\",\"urlTemplate\":\"https:\\\/\\\/www.bicakhukuk.com\\\/fr\\\/?s={search_term_string}\"},\"query-input\":{\"@type\":\"PropertyValueSpecification\",\"valueRequired\":true,\"valueName\":\"search_term_string\"}}],\"inLanguage\":\"fr-FR\"},{\"@type\":[\"Organization\",\"Place\"],\"@id\":\"https:\\\/\\\/www.bicakhukuk.com\\\/fr\\\/#organization\",\"name\":\"B\u0131\u00e7ak Hukuk | T\u00fcrkiye Merkezli Global Hukuk Firmas\u0131\",\"alternateName\":\"B\u0131\u00e7ak Hukuk, Ankara Avukat, Ankara Hukuk B\u00fcrosu\",\"url\":\"https:\\\/\\\/www.bicakhukuk.com\\\/fr\\\/\",\"logo\":{\"@id\":\"https:\\\/\\\/www.bicakhukuk.com\\\/fr\\\/faaliyet-alanlarimiz\\\/yabancilar-hukuku\\\/#local-main-organization-logo\"},\"image\":{\"@id\":\"https:\\\/\\\/www.bicakhukuk.com\\\/fr\\\/faaliyet-alanlarimiz\\\/yabancilar-hukuku\\\/#local-main-organization-logo\"},\"sameAs\":[\"https:\\\/\\\/www.facebook.com\\\/bicakhukuk\",\"https:\\\/\\\/x.com\\\/BicakHukuk\",\"https:\\\/\\\/www.instagram.com\\\/bicakhukuk\\\/\",\"https:\\\/\\\/tr.linkedin.com\\\/company\\\/b-ak-law-firm\",\"https:\\\/\\\/www.youtube.com\\\/channel\\\/UCodktEWFyJmIp3i1BH9aM2A\\\/\"],\"description\":\"K\u00fcresel, b\u00f6lgesel ve ulusal \u015firketlere, kurulu\u015flara ve ki\u015filere uzmanl\u0131k alanlar\u0131m\u0131zda uyu\u015fmazl\u0131k \u00f6nleyici hukuk dan\u0131\u015fmanl\u0131\u011f\u0131, uyu\u015fmazl\u0131k \u00e7\u00f6z\u00fcm s\u00fcre\u00e7lerinde ise arabuluculuk, arabuluculukta taraf vekilli\u011fi, mahkemelerde taraf vekilli\u011fi ve avukatl\u0131k, tahkim hakemli\u011fi, tahkimde taraf vekilli\u011fi, hukuki konularda m\u00fctalaa ve hukuki konularda e\u011fitim hizmetleri vermekteyiz. Uluslararas\u0131, b\u00f6lgesel ve ulusal hukuka ili\u015fkin inceleme, ara\u015ft\u0131rma ve tecr\u00fcbeye dayal\u0131 hukuk hizmetlerimizi sunarken teknolojinin imkan sa\u011flad\u0131\u011f\u0131 g\u00f6rsel (video konferans) veya i\u015fitsel (sesli konferans) ileti\u015fim teknolojilerinin elverdi\u011fi t\u00fcm olanaklar\u0131 kullanmaktay\u0131z. Dan\u0131\u015fanlar\u0131m\u0131z veya m\u00fcvekkillerimiz, D\u00fcnyan\u0131n, b\u00f6lgemizin veya \u00fclkemizin neresinde olurlarsa olsunlar hizmetlerimizden uzaktan eri\u015fim yoluyla yararlanabilmektedir. Muhtemel ihtilaflar\u0131 \u00f6nlemek veya en aza indirmek gayesiyle m\u00fcvekkillerimize sundu\u011fumuz dinamik, etkili ve \u00f6nleyici dan\u0131\u015fmanl\u0131k hizmetlerimizin yan\u0131nda, uyu\u015fmazl\u0131k \u00e7\u00f6z\u00fcm s\u00fcre\u00e7lerinde arabuluculuk, tahkim veya mahkemelerde dava takibi hizmetleri de sunmaktay\u0131z. Ba\u015far\u0131n\u0131n s\u0131rr\u0131, do\u011fru bilgiye h\u0131zl\u0131 eri\u015fimdir. M\u00fcvekkil ihtiya\u00e7lar\u0131 tam ve eksiksiz tan\u0131mlayarak y\u00fcksek standartlarda, kaliteli, h\u0131zl\u0131 ve sonu\u00e7 odakl\u0131 esas\u0131na dayanan bir \u00e7al\u0131\u015fma anlay\u0131\u015f\u0131 benimsemi\u015f bulunuyoruz. G\u00fcvenilirlik, itibar, etik de\u011ferler ve kalite standartlar\u0131 gibi unsurlar, vazge\u00e7ilmezlerimiz olu\u015fturur.\",\"legalName\":\"B\u0131\u00e7ak Hukuk\",\"foundingDate\":\"2002-01-01\",\"numberOfEmployees\":{\"@type\":\"QuantitativeValue\",\"minValue\":\"1\",\"maxValue\":\"10\"},\"address\":{\"@id\":\"https:\\\/\\\/www.bicakhukuk.com\\\/fr\\\/faaliyet-alanlarimiz\\\/yabancilar-hukuku\\\/#local-main-place-address\"},\"geo\":{\"@type\":\"GeoCoordinates\",\"latitude\":\"39.90985903589262\",\"longitude\":\"32.81218744448808\"},\"telephone\":[\"0 (312) 473 39 60\",\"0 (553) 223 32 90\"],\"openingHoursSpecification\":[{\"@type\":\"OpeningHoursSpecification\",\"dayOfWeek\":[\"Monday\",\"Tuesday\",\"Wednesday\",\"Thursday\",\"Friday\",\"Saturday\"],\"opens\":\"08:00\",\"closes\":\"18:00\"},{\"@type\":\"OpeningHoursSpecification\",\"dayOfWeek\":[\"Sunday\"],\"opens\":\"00:00\",\"closes\":\"00:00\"}],\"email\":\"iletisim@bicakhukuk.com\",\"faxNumber\":\"0 (312) 473 39 62\",\"areaServed\":\"Hukuk\"},{\"@type\":\"PostalAddress\",\"@id\":\"https:\\\/\\\/www.bicakhukuk.com\\\/fr\\\/faaliyet-alanlarimiz\\\/yabancilar-hukuku\\\/#local-main-place-address\",\"streetAddress\":\"Next Level Loft Ofis, Kat 9-10, Daire 29, K\u0131z\u0131l\u0131rmak Mahallesi, Ufuk \u00dcniversitesi Caddesi S\u00f6\u011f\u00fct\u00f6z\u00fc \\\/ \u00c7ankaya\",\"addressLocality\":\"Ankara\",\"postalCode\":\"06530\",\"addressCountry\":\"TR\"},{\"@type\":\"ImageObject\",\"inLanguage\":\"fr-FR\",\"@id\":\"https:\\\/\\\/www.bicakhukuk.com\\\/fr\\\/faaliyet-alanlarimiz\\\/yabancilar-hukuku\\\/#local-main-organization-logo\",\"url\":\"https:\\\/\\\/www.bicakhukuk.com\\\/wp-content\\\/uploads\\\/2023\\\/05\\\/bicak_hukuk_logo_kare.png\",\"contentUrl\":\"https:\\\/\\\/www.bicakhukuk.com\\\/wp-content\\\/uploads\\\/2023\\\/05\\\/bicak_hukuk_logo_kare.png\",\"width\":2000,\"height\":2000,\"caption\":\"B\u0131\u00e7ak Hukuk | T\u00fcrkiye Merkezli Global Hukuk Firmas\u0131\"}]}<\/script>\n<meta name=\"geo.placename\" content=\"Ankara\" \/>\n<meta name=\"geo.position\" content=\"39.90985903589262;32.81218744448808\" \/>\n<meta name=\"geo.region\" content=\"Turquie\" \/>\n<!-- \/ Yoast SEO Premium plugin. -->","yoast_head_json":{"title":"Droit des \u00e9trangers | B\u0131\u00e7ak Hukuk","description":"B\u00fcromuz, yabanc\u0131lar ve g\u00f6\u00e7 hukuku sahas\u0131nda kaydedilen yeni geli\u015fmelere uygun olarak hukuk hizmeti sunmaktad\u0131r.","robots":{"index":"index","follow":"follow","max-snippet":"max-snippet:-1","max-image-preview":"max-image-preview:large","max-video-preview":"max-video-preview:-1"},"canonical":"https:\/\/www.bicakhukuk.com\/fr\/faaliyet-alanlarimiz\/yabancilar-hukuku\/","og_locale":"fr_FR","og_type":"article","og_title":"Droit des \u00e9trangers","og_description":"Les \u00e9trangers qui veulent venir \u00e0 des fins diverses en Turquie, nous leur fournissons des conseils pour leur permettre de b\u00e9n\u00e9ficier pleinement des droits","og_url":"https:\/\/www.bicakhukuk.com\/fr\/faaliyet-alanlarimiz\/yabancilar-hukuku\/","og_site_name":"B\u0131\u00e7ak Hukuk","article_publisher":"https:\/\/www.facebook.com\/bicakhukuk","article_modified_time":"2020-03-12T08:57:05+00:00","og_image":[{"width":715,"height":400,"url":"https:\/\/www.bicakhukuk.com\/wp-content\/uploads\/2018\/02\/world-people-715x400.jpg","type":"image\/jpeg"}],"twitter_card":"summary_large_image","twitter_site":"@BicakHukuk","twitter_misc":{"Dur\u00e9e de lecture estim\u00e9e":"3 minutes"},"schema":{"@context":"https:\/\/schema.org","@graph":[{"@type":"WebPage","@id":"https:\/\/www.bicakhukuk.com\/fr\/faaliyet-alanlarimiz\/yabancilar-hukuku\/","url":"https:\/\/www.bicakhukuk.com\/fr\/faaliyet-alanlarimiz\/yabancilar-hukuku\/","name":"Droit des \u00e9trangers | B\u0131\u00e7ak Hukuk","isPartOf":{"@id":"https:\/\/www.bicakhukuk.com\/fr\/#website"},"primaryImageOfPage":{"@id":"https:\/\/www.bicakhukuk.com\/fr\/faaliyet-alanlarimiz\/yabancilar-hukuku\/#primaryimage"},"image":{"@id":"https:\/\/www.bicakhukuk.com\/fr\/faaliyet-alanlarimiz\/yabancilar-hukuku\/#primaryimage"},"thumbnailUrl":"https:\/\/www.bicakhukuk.com\/wp-content\/uploads\/2018\/02\/world-people-715x400.jpg","datePublished":"2016-05-12T11:19:40+00:00","dateModified":"2020-03-12T08:57:05+00:00","description":"B\u00fcromuz, yabanc\u0131lar ve g\u00f6\u00e7 hukuku sahas\u0131nda kaydedilen yeni geli\u015fmelere uygun olarak hukuk hizmeti sunmaktad\u0131r.","breadcrumb":{"@id":"https:\/\/www.bicakhukuk.com\/fr\/faaliyet-alanlarimiz\/yabancilar-hukuku\/#breadcrumb"},"inLanguage":"fr-FR","potentialAction":[{"@type":"ReadAction","target":["https:\/\/www.bicakhukuk.com\/fr\/faaliyet-alanlarimiz\/yabancilar-hukuku\/"]}]},{"@type":"ImageObject","inLanguage":"fr-FR","@id":"https:\/\/www.bicakhukuk.com\/fr\/faaliyet-alanlarimiz\/yabancilar-hukuku\/#primaryimage","url":"https:\/\/www.bicakhukuk.com\/wp-content\/uploads\/2018\/02\/world-people-715x400.jpg","contentUrl":"https:\/\/www.bicakhukuk.com\/wp-content\/uploads\/2018\/02\/world-people-715x400.jpg","width":715,"height":400},{"@type":"BreadcrumbList","@id":"https:\/\/www.bicakhukuk.com\/fr\/faaliyet-alanlarimiz\/yabancilar-hukuku\/#breadcrumb","itemListElement":[{"@type":"ListItem","position":1,"name":"Ana sayfa","item":"https:\/\/www.bicakhukuk.com\/fr\/"},{"@type":"ListItem","position":2,"name":"Secteurs","item":"https:\/\/www.bicakhukuk.com\/fr\/faaliyet-alanlarimiz\/"},{"@type":"ListItem","position":3,"name":"Droit des \u00e9trangers"}]},{"@type":"WebSite","@id":"https:\/\/www.bicakhukuk.com\/fr\/#website","url":"https:\/\/www.bicakhukuk.com\/fr\/","name":"B\u0131\u00e7ak Hukuk","description":"T\u00fcrkiye Merkezli Global Hukuk B\u00fcrosu","publisher":{"@id":"https:\/\/www.bicakhukuk.com\/fr\/#organization"},"alternateName":"B\u0131\u00e7ak Hukuk, Ankara Avukat, Ankara Hukuk B\u00fcrosu","potentialAction":[{"@type":"SearchAction","target":{"@type":"EntryPoint","urlTemplate":"https:\/\/www.bicakhukuk.com\/fr\/?s={search_term_string}"},"query-input":{"@type":"PropertyValueSpecification","valueRequired":true,"valueName":"search_term_string"}}],"inLanguage":"fr-FR"},{"@type":["Organization","Place"],"@id":"https:\/\/www.bicakhukuk.com\/fr\/#organization","name":"B\u0131\u00e7ak Hukuk | T\u00fcrkiye Merkezli Global Hukuk Firmas\u0131","alternateName":"B\u0131\u00e7ak Hukuk, Ankara Avukat, Ankara Hukuk B\u00fcrosu","url":"https:\/\/www.bicakhukuk.com\/fr\/","logo":{"@id":"https:\/\/www.bicakhukuk.com\/fr\/faaliyet-alanlarimiz\/yabancilar-hukuku\/#local-main-organization-logo"},"image":{"@id":"https:\/\/www.bicakhukuk.com\/fr\/faaliyet-alanlarimiz\/yabancilar-hukuku\/#local-main-organization-logo"},"sameAs":["https:\/\/www.facebook.com\/bicakhukuk","https:\/\/x.com\/BicakHukuk","https:\/\/www.instagram.com\/bicakhukuk\/","https:\/\/tr.linkedin.com\/company\/b-ak-law-firm","https:\/\/www.youtube.com\/channel\/UCodktEWFyJmIp3i1BH9aM2A\/"],"description":"K\u00fcresel, b\u00f6lgesel ve ulusal \u015firketlere, kurulu\u015flara ve ki\u015filere uzmanl\u0131k alanlar\u0131m\u0131zda uyu\u015fmazl\u0131k \u00f6nleyici hukuk dan\u0131\u015fmanl\u0131\u011f\u0131, uyu\u015fmazl\u0131k \u00e7\u00f6z\u00fcm s\u00fcre\u00e7lerinde ise arabuluculuk, arabuluculukta taraf vekilli\u011fi, mahkemelerde taraf vekilli\u011fi ve avukatl\u0131k, tahkim hakemli\u011fi, tahkimde taraf vekilli\u011fi, hukuki konularda m\u00fctalaa ve hukuki konularda e\u011fitim hizmetleri vermekteyiz. Uluslararas\u0131, b\u00f6lgesel ve ulusal hukuka ili\u015fkin inceleme, ara\u015ft\u0131rma ve tecr\u00fcbeye dayal\u0131 hukuk hizmetlerimizi sunarken teknolojinin imkan sa\u011flad\u0131\u011f\u0131 g\u00f6rsel (video konferans) veya i\u015fitsel (sesli konferans) ileti\u015fim teknolojilerinin elverdi\u011fi t\u00fcm olanaklar\u0131 kullanmaktay\u0131z. Dan\u0131\u015fanlar\u0131m\u0131z veya m\u00fcvekkillerimiz, D\u00fcnyan\u0131n, b\u00f6lgemizin veya \u00fclkemizin neresinde olurlarsa olsunlar hizmetlerimizden uzaktan eri\u015fim yoluyla yararlanabilmektedir. Muhtemel ihtilaflar\u0131 \u00f6nlemek veya en aza indirmek gayesiyle m\u00fcvekkillerimize sundu\u011fumuz dinamik, etkili ve \u00f6nleyici dan\u0131\u015fmanl\u0131k hizmetlerimizin yan\u0131nda, uyu\u015fmazl\u0131k \u00e7\u00f6z\u00fcm s\u00fcre\u00e7lerinde arabuluculuk, tahkim veya mahkemelerde dava takibi hizmetleri de sunmaktay\u0131z. Ba\u015far\u0131n\u0131n s\u0131rr\u0131, do\u011fru bilgiye h\u0131zl\u0131 eri\u015fimdir. M\u00fcvekkil ihtiya\u00e7lar\u0131 tam ve eksiksiz tan\u0131mlayarak y\u00fcksek standartlarda, kaliteli, h\u0131zl\u0131 ve sonu\u00e7 odakl\u0131 esas\u0131na dayanan bir \u00e7al\u0131\u015fma anlay\u0131\u015f\u0131 benimsemi\u015f bulunuyoruz. G\u00fcvenilirlik, itibar, etik de\u011ferler ve kalite standartlar\u0131 gibi unsurlar, vazge\u00e7ilmezlerimiz olu\u015fturur.","legalName":"B\u0131\u00e7ak Hukuk","foundingDate":"2002-01-01","numberOfEmployees":{"@type":"QuantitativeValue","minValue":"1","maxValue":"10"},"address":{"@id":"https:\/\/www.bicakhukuk.com\/fr\/faaliyet-alanlarimiz\/yabancilar-hukuku\/#local-main-place-address"},"geo":{"@type":"GeoCoordinates","latitude":"39.90985903589262","longitude":"32.81218744448808"},"telephone":["0 (312) 473 39 60","0 (553) 223 32 90"],"openingHoursSpecification":[{"@type":"OpeningHoursSpecification","dayOfWeek":["Monday","Tuesday","Wednesday","Thursday","Friday","Saturday"],"opens":"08:00","closes":"18:00"},{"@type":"OpeningHoursSpecification","dayOfWeek":["Sunday"],"opens":"00:00","closes":"00:00"}],"email":"iletisim@bicakhukuk.com","faxNumber":"0 (312) 473 39 62","areaServed":"Hukuk"},{"@type":"PostalAddress","@id":"https:\/\/www.bicakhukuk.com\/fr\/faaliyet-alanlarimiz\/yabancilar-hukuku\/#local-main-place-address","streetAddress":"Next Level Loft Ofis, Kat 9-10, Daire 29, K\u0131z\u0131l\u0131rmak Mahallesi, Ufuk \u00dcniversitesi Caddesi S\u00f6\u011f\u00fct\u00f6z\u00fc \/ \u00c7ankaya","addressLocality":"Ankara","postalCode":"06530","addressCountry":"TR"},{"@type":"ImageObject","inLanguage":"fr-FR","@id":"https:\/\/www.bicakhukuk.com\/fr\/faaliyet-alanlarimiz\/yabancilar-hukuku\/#local-main-organization-logo","url":"https:\/\/www.bicakhukuk.com\/wp-content\/uploads\/2023\/05\/bicak_hukuk_logo_kare.png","contentUrl":"https:\/\/www.bicakhukuk.com\/wp-content\/uploads\/2023\/05\/bicak_hukuk_logo_kare.png","width":2000,"height":2000,"caption":"B\u0131\u00e7ak Hukuk | T\u00fcrkiye Merkezli Global Hukuk Firmas\u0131"}]},"geo.placename":"Ankara","geo.position":{"lat":"39.90985903589262","long":"32.81218744448808"},"geo.region":"Turquie"},"_links":{"self":[{"href":"https:\/\/www.bicakhukuk.com\/fr\/wp-json\/wp\/v2\/pages\/5772","targetHints":{"allow":["GET"]}}],"collection":[{"href":"https:\/\/www.bicakhukuk.com\/fr\/wp-json\/wp\/v2\/pages"}],"about":[{"href":"https:\/\/www.bicakhukuk.com\/fr\/wp-json\/wp\/v2\/types\/page"}],"author":[{"embeddable":true,"href":"https:\/\/www.bicakhukuk.com\/fr\/wp-json\/wp\/v2\/users\/1"}],"replies":[{"embeddable":true,"href":"https:\/\/www.bicakhukuk.com\/fr\/wp-json\/wp\/v2\/comments?post=5772"}],"version-history":[{"count":0,"href":"https:\/\/www.bicakhukuk.com\/fr\/wp-json\/wp\/v2\/pages\/5772\/revisions"}],"up":[{"embeddable":true,"href":"https:\/\/www.bicakhukuk.com\/fr\/wp-json\/wp\/v2\/pages\/3008"}],"wp:featuredmedia":[{"embeddable":true,"href":"https:\/\/www.bicakhukuk.com\/fr\/wp-json\/wp\/v2\/media\/11725"}],"wp:attachment":[{"href":"https:\/\/www.bicakhukuk.com\/fr\/wp-json\/wp\/v2\/media?parent=5772"}],"curies":[{"name":"wp","href":"https:\/\/api.w.org\/{rel}","templated":true}]}}