{"id":3764,"date":"2014-08-30T10:08:45","date_gmt":"2014-08-30T07:08:45","guid":{"rendered":"http:\/\/www.bicakhukuk.com\/egitim-hizmetleri-2\/"},"modified":"2020-02-27T12:10:14","modified_gmt":"2020-02-27T09:10:14","slug":"egitim-hizmetleri","status":"publish","type":"page","link":"https:\/\/www.bicakhukuk.com\/fr\/egitim-hizmetleri\/","title":{"rendered":"Services d&rsquo;\u00e9ducation"},"content":{"rendered":"<p>&#8211; <strong>Lutte contre la corruption et faute professionnelle (Anti-Bribery and Corruption) <\/strong>:<\/p>\n<p style=\"padding-left: 30px;\">Titre des sujets:<\/p>\n<ul>\n<li>Indice de perception de la corruption de l&rsquo;Organisation internationale de transparence,<\/li>\n<li>Convention des Nations Unies contre la corruption,<\/li>\n<li>Dispositions relatives au pot-de-vin et \u00e0 la corruption dans le code p\u00e9nal turc,<\/li>\n<li>Mesures pr\u00e9ventives \u00e0 prendre pour pr\u00e9venir les pots-de-vin et la corruption,<\/li>\n<li>M\u00e9thodes du code de proc\u00e9dure p\u00e9nale pour lutter contre la corruption<\/li>\n<li>Faute professionnelle et corruption dans les d\u00e9cisions judiciaires,<\/li>\n<li>Politique anti-corruption des entreprises,<\/li>\n<li>R\u00e8gles d&rsquo;\u00e9thique des entreprises.<\/li>\n<\/ul>\n<p>&#8211; <strong>FCPA (USA Foreign Corrupt Practices Act \/ Loi sur les pratiques de corruption \u00e0 l&rsquo;\u00e9tranger)\u00a0<\/strong><\/p>\n<p style=\"padding-left: 30px;\">Titre des sujets:<\/p>\n<ul>\n<li>Corruption dans des soci\u00e9t\u00e9s multinationales<\/li>\n<li>Moyens efficaces de la soci\u00e9t\u00e9 internationale pour lutter contre la corruption et les pots-de-vin<\/li>\n<li>Application transfrontali\u00e8re<\/li>\n<li>Obligations des entreprises<\/li>\n<li>Autorit\u00e9<\/li>\n<li>Agent public \u00e9tranger<\/li>\n<li>Intention<\/li>\n<li>Infractions de corruption active et passive<\/li>\n<li>Responsabilit\u00e9 des entreprises<\/li>\n<li>Frais de d\u00e9veloppement commercial<\/li>\n<li>Co\u00fbts d&rsquo;acc\u00e9l\u00e9ration<\/li>\n<li>\n<div class=\"tlid-input input\">\n<div class=\"source-wrap\">\n<div class=\"input-full-height-wrapper tlid-input-full-height-wrapper\">\n<div class=\"source-input\">\n<div class=\"source-footer-wrap source-or-target-footer\">\n<div class=\"character-count tlid-character-count\">\n<div class=\"cc-ctr normal\">Sanctions<\/div>\n<\/div>\n<\/div>\n<\/div>\n<\/div>\n<\/div>\n<\/div>\n<\/li>\n<\/ul>\n<p><strong>&#8211; UKBA (UK Bribery Act )\u00a0<\/strong><\/p>\n<p style=\"padding-left: 30px;\">Titre des sujets :<\/p>\n<ul>\n<li>R\u00e9glementations l\u00e9gales nationales et internationales<\/li>\n<li>Crimes de corruption des soci\u00e9t\u00e9s multinationales<\/li>\n<li>Programmes de conformit\u00e9 internes<\/li>\n<li>Lignes directrices et r\u00e9glementations concernant la conformit\u00e9 des entreprises<\/li>\n<li>M\u00e9canismes de supervision et de suivi<\/li>\n<li>Analyse des risques<\/li>\n<li>Rapports<\/li>\n<li>Assurer la conformit\u00e9 des tiers<\/li>\n<li>D\u00e9fense devant les tribunaux locaux ou \u00e9trangers<\/li>\n<\/ul>\n<p><strong>&#8211; Formation en droit de la sant\u00e9 et de la s\u00e9curit\u00e9 au travail<\/strong><\/p>\n<p style=\"padding-left: 30px;\">Titre des sujets :<\/p>\n<ul>\n<li>L\u00e9gislation du travail<\/li>\n<li>Droits l\u00e9gaux des employ\u00e9s<\/li>\n<li>Responsabilit\u00e9s des employ\u00e9s<\/li>\n<li>Droits l\u00e9gaux des employeurs<\/li>\n<li>Responsabilit\u00e9s des employeurs<\/li>\n<li>Cons\u00e9quences juridiques d&rsquo;un accident de travail<\/li>\n<li>Cons\u00e9quences juridiques r\u00e9sultant d&rsquo;une maladie professionnelle<\/li>\n<li>Violation de la libert\u00e9 de travail et d&#8217;emploi<\/li>\n<li>Le d\u00e9lit d&#8217;emp\u00eacher l&rsquo;utilisation des droits syndicaux<\/li>\n<\/ul>\n<p style=\"padding-left: 30px;\">\n","protected":false},"excerpt":{"rendered":"<p>&#8211; Lutte contre la corruption et faute professionnelle (Anti-Bribery and Corruption) : Titre des sujets: Indice de perception de la corruption de l&rsquo;Organisation internationale de transparence, Convention des Nations Unies contre la corruption, Dispositions relatives au pot-de-vin et \u00e0 la corruption dans le code p\u00e9nal turc, Mesures pr\u00e9ventives \u00e0 prendre pour pr\u00e9venir les pots-de-vin et [&hellip;]<\/p>\n","protected":false},"author":1,"featured_media":0,"parent":0,"menu_order":0,"comment_status":"open","ping_status":"open","template":"page-sidebar-right.php","meta":{"rs_blank_template":"","rs_page_bg_color":"#ffffff","slide_template_v7":"","footnotes":""},"class_list":["post-3764","page","type-page","status-publish","hentry"],"yoast_head":"<!-- This site is optimized with the Yoast SEO Premium plugin v27.1 (Yoast SEO v27.2) - https:\/\/yoast.com\/product\/yoast-seo-premium-wordpress\/ -->\n<title>Services d&#039;\u00e9ducation | B\u0131\u00e7ak Hukuk<\/title>\n<meta name=\"description\" content=\"r\u00fc\u015fvet ve yolsuzlukla m\u00fccadele Anti-bribery and corruption, \u015eirketlerin R\u00fc\u015fvet ve Yolsuzlukla M\u00fccadele Politikas\u0131, FCPA, UKBA\" \/>\n<meta name=\"robots\" content=\"index, follow, max-snippet:-1, max-image-preview:large, max-video-preview:-1\" \/>\n<link rel=\"canonical\" href=\"https:\/\/www.bicakhukuk.com\/fr\/egitim-hizmetleri\/\" \/>\n<meta property=\"og:locale\" content=\"fr_FR\" \/>\n<meta property=\"og:type\" content=\"article\" \/>\n<meta property=\"og:title\" content=\"Services d&#039;\u00e9ducation\" \/>\n<meta property=\"og:description\" content=\"- Lutte contre la corruption et faute professionnelle (Anti-Bribery and Corruption) : Titre des sujets: Indice de perception de la corruption de\" \/>\n<meta property=\"og:url\" content=\"https:\/\/www.bicakhukuk.com\/fr\/egitim-hizmetleri\/\" \/>\n<meta property=\"og:site_name\" content=\"B\u0131\u00e7ak Hukuk\" \/>\n<meta property=\"article:publisher\" content=\"https:\/\/www.facebook.com\/bicakhukuk\" \/>\n<meta property=\"article:modified_time\" content=\"2020-02-27T09:10:14+00:00\" \/>\n<meta property=\"og:image\" content=\"https:\/\/www.bicakhukuk.com\/wp-content\/uploads\/2020\/02\/Next-Level.jpg\" \/>\n\t<meta property=\"og:image:width\" content=\"960\" \/>\n\t<meta property=\"og:image:height\" content=\"540\" \/>\n\t<meta property=\"og:image:type\" content=\"image\/jpeg\" \/>\n<meta name=\"twitter:card\" content=\"summary_large_image\" \/>\n<meta name=\"twitter:site\" content=\"@BicakHukuk\" \/>\n<meta name=\"twitter:label1\" content=\"Dur\u00e9e de lecture estim\u00e9e\" \/>\n\t<meta name=\"twitter:data1\" content=\"1 minute\" \/>\n<script type=\"application\/ld+json\" class=\"yoast-schema-graph\">{\"@context\":\"https:\/\/schema.org\",\"@graph\":[{\"@type\":\"WebPage\",\"@id\":\"https:\/\/www.bicakhukuk.com\/fr\/egitim-hizmetleri\/\",\"url\":\"https:\/\/www.bicakhukuk.com\/fr\/egitim-hizmetleri\/\",\"name\":\"Services d'\u00e9ducation | B\u0131\u00e7ak Hukuk\",\"isPartOf\":{\"@id\":\"https:\/\/www.bicakhukuk.com\/fr\/#website\"},\"datePublished\":\"2014-08-30T07:08:45+00:00\",\"dateModified\":\"2020-02-27T09:10:14+00:00\",\"description\":\"r\u00fc\u015fvet ve yolsuzlukla m\u00fccadele Anti-bribery and corruption, \u015eirketlerin R\u00fc\u015fvet ve Yolsuzlukla M\u00fccadele Politikas\u0131, FCPA, UKBA\",\"breadcrumb\":{\"@id\":\"https:\/\/www.bicakhukuk.com\/fr\/egitim-hizmetleri\/#breadcrumb\"},\"inLanguage\":\"fr-FR\",\"potentialAction\":[{\"@type\":\"ReadAction\",\"target\":[\"https:\/\/www.bicakhukuk.com\/fr\/egitim-hizmetleri\/\"]}]},{\"@type\":\"BreadcrumbList\",\"@id\":\"https:\/\/www.bicakhukuk.com\/fr\/egitim-hizmetleri\/#breadcrumb\",\"itemListElement\":[{\"@type\":\"ListItem\",\"position\":1,\"name\":\"Homepage\",\"item\":\"https:\/\/www.bicakhukuk.com\/fr\/\"},{\"@type\":\"ListItem\",\"position\":2,\"name\":\"Services d&#8217;\u00e9ducation\"}]},{\"@type\":\"WebSite\",\"@id\":\"https:\/\/www.bicakhukuk.com\/fr\/#website\",\"url\":\"https:\/\/www.bicakhukuk.com\/fr\/\",\"name\":\"B\u0131\u00e7ak Hukuk\",\"description\":\"T\u00fcrkiye Merkezli Global Hukuk B\u00fcrosu\",\"publisher\":{\"@id\":\"https:\/\/www.bicakhukuk.com\/fr\/#organization\"},\"alternateName\":\"B\u0131\u00e7ak Hukuk, Ankara Avukat, Ankara Hukuk B\u00fcrosu\",\"potentialAction\":[{\"@type\":\"SearchAction\",\"target\":{\"@type\":\"EntryPoint\",\"urlTemplate\":\"https:\/\/www.bicakhukuk.com\/fr\/?s={search_term_string}\"},\"query-input\":{\"@type\":\"PropertyValueSpecification\",\"valueRequired\":true,\"valueName\":\"search_term_string\"}}],\"inLanguage\":\"fr-FR\"},{\"@type\":[\"Organization\",\"Place\"],\"@id\":\"https:\/\/www.bicakhukuk.com\/fr\/#organization\",\"name\":\"B\u0131\u00e7ak Hukuk | T\u00fcrkiye Merkezli Global Hukuk Firmas\u0131\",\"alternateName\":\"B\u0131\u00e7ak Hukuk, Ankara Avukat, Ankara Hukuk B\u00fcrosu\",\"url\":\"https:\/\/www.bicakhukuk.com\/fr\/\",\"logo\":{\"@id\":\"https:\/\/www.bicakhukuk.com\/fr\/egitim-hizmetleri\/#local-main-organization-logo\"},\"image\":{\"@id\":\"https:\/\/www.bicakhukuk.com\/fr\/egitim-hizmetleri\/#local-main-organization-logo\"},\"sameAs\":[\"https:\/\/www.facebook.com\/bicakhukuk\",\"https:\/\/x.com\/BicakHukuk\",\"https:\/\/www.instagram.com\/bicakhukuk\/\",\"https:\/\/tr.linkedin.com\/company\/b-ak-law-firm\",\"https:\/\/www.youtube.com\/channel\/UCodktEWFyJmIp3i1BH9aM2A\/\"],\"description\":\"K\u00fcresel, b\u00f6lgesel ve ulusal \u015firketlere, kurulu\u015flara ve ki\u015filere uzmanl\u0131k alanlar\u0131m\u0131zda uyu\u015fmazl\u0131k \u00f6nleyici hukuk dan\u0131\u015fmanl\u0131\u011f\u0131, uyu\u015fmazl\u0131k \u00e7\u00f6z\u00fcm s\u00fcre\u00e7lerinde ise arabuluculuk, arabuluculukta taraf vekilli\u011fi, mahkemelerde taraf vekilli\u011fi ve avukatl\u0131k, tahkim hakemli\u011fi, tahkimde taraf vekilli\u011fi, hukuki konularda m\u00fctalaa ve hukuki konularda e\u011fitim hizmetleri vermekteyiz. Uluslararas\u0131, b\u00f6lgesel ve ulusal hukuka ili\u015fkin inceleme, ara\u015ft\u0131rma ve tecr\u00fcbeye dayal\u0131 hukuk hizmetlerimizi sunarken teknolojinin imkan sa\u011flad\u0131\u011f\u0131 g\u00f6rsel (video konferans) veya i\u015fitsel (sesli konferans) ileti\u015fim teknolojilerinin elverdi\u011fi t\u00fcm olanaklar\u0131 kullanmaktay\u0131z. Dan\u0131\u015fanlar\u0131m\u0131z veya m\u00fcvekkillerimiz, D\u00fcnyan\u0131n, b\u00f6lgemizin veya \u00fclkemizin neresinde olurlarsa olsunlar hizmetlerimizden uzaktan eri\u015fim yoluyla yararlanabilmektedir. Muhtemel ihtilaflar\u0131 \u00f6nlemek veya en aza indirmek gayesiyle m\u00fcvekkillerimize sundu\u011fumuz dinamik, etkili ve \u00f6nleyici dan\u0131\u015fmanl\u0131k hizmetlerimizin yan\u0131nda, uyu\u015fmazl\u0131k \u00e7\u00f6z\u00fcm s\u00fcre\u00e7lerinde arabuluculuk, tahkim veya mahkemelerde dava takibi hizmetleri de sunmaktay\u0131z. Ba\u015far\u0131n\u0131n s\u0131rr\u0131, do\u011fru bilgiye h\u0131zl\u0131 eri\u015fimdir. M\u00fcvekkil ihtiya\u00e7lar\u0131 tam ve eksiksiz tan\u0131mlayarak y\u00fcksek standartlarda, kaliteli, h\u0131zl\u0131 ve sonu\u00e7 odakl\u0131 esas\u0131na dayanan bir \u00e7al\u0131\u015fma anlay\u0131\u015f\u0131 benimsemi\u015f bulunuyoruz. G\u00fcvenilirlik, itibar, etik de\u011ferler ve kalite standartlar\u0131 gibi unsurlar, vazge\u00e7ilmezlerimiz olu\u015fturur.\",\"legalName\":\"B\u0131\u00e7ak Hukuk\",\"foundingDate\":\"2002-01-01\",\"numberOfEmployees\":{\"@type\":\"QuantitativeValue\",\"minValue\":\"1\",\"maxValue\":\"10\"},\"address\":{\"@id\":\"https:\/\/www.bicakhukuk.com\/fr\/egitim-hizmetleri\/#local-main-place-address\"},\"geo\":{\"@type\":\"GeoCoordinates\",\"latitude\":\"39.90985903589262\",\"longitude\":\"32.81218744448808\"},\"telephone\":[\"0 (312) 473 39 60\",\"0 (553) 223 32 90\"],\"openingHoursSpecification\":[{\"@type\":\"OpeningHoursSpecification\",\"dayOfWeek\":[\"Monday\",\"Tuesday\",\"Wednesday\",\"Thursday\",\"Friday\",\"Saturday\"],\"opens\":\"08:00\",\"closes\":\"18:00\"},{\"@type\":\"OpeningHoursSpecification\",\"dayOfWeek\":[\"Sunday\"],\"opens\":\"00:00\",\"closes\":\"00:00\"}],\"email\":\"iletisim@bicakhukuk.com\",\"faxNumber\":\"0 (312) 473 39 62\",\"areaServed\":\"Hukuk\"},{\"@type\":\"PostalAddress\",\"@id\":\"https:\/\/www.bicakhukuk.com\/fr\/egitim-hizmetleri\/#local-main-place-address\",\"streetAddress\":\"Next Level Loft Ofis, Kat 9-10, Daire 29, K\u0131z\u0131l\u0131rmak Mahallesi, Ufuk \u00dcniversitesi Caddesi S\u00f6\u011f\u00fct\u00f6z\u00fc \/ \u00c7ankaya\",\"addressLocality\":\"Ankara\",\"postalCode\":\"06530\",\"addressCountry\":\"TR\"},{\"@type\":\"ImageObject\",\"inLanguage\":\"fr-FR\",\"@id\":\"https:\/\/www.bicakhukuk.com\/fr\/egitim-hizmetleri\/#local-main-organization-logo\",\"url\":\"https:\/\/www.bicakhukuk.com\/wp-content\/uploads\/2023\/05\/bicak_hukuk_logo_kare.png\",\"contentUrl\":\"https:\/\/www.bicakhukuk.com\/wp-content\/uploads\/2023\/05\/bicak_hukuk_logo_kare.png\",\"width\":2000,\"height\":2000,\"caption\":\"B\u0131\u00e7ak Hukuk | T\u00fcrkiye Merkezli Global Hukuk Firmas\u0131\"}]}<\/script>\n<meta name=\"geo.placename\" content=\"Ankara\" \/>\n<meta name=\"geo.position\" content=\"39.90985903589262;32.81218744448808\" \/>\n<meta name=\"geo.region\" content=\"Turquie\" \/>\n<!-- \/ Yoast SEO Premium plugin. -->","yoast_head_json":{"title":"Services d'\u00e9ducation | B\u0131\u00e7ak Hukuk","description":"r\u00fc\u015fvet ve yolsuzlukla m\u00fccadele Anti-bribery and corruption, \u015eirketlerin R\u00fc\u015fvet ve Yolsuzlukla M\u00fccadele Politikas\u0131, FCPA, UKBA","robots":{"index":"index","follow":"follow","max-snippet":"max-snippet:-1","max-image-preview":"max-image-preview:large","max-video-preview":"max-video-preview:-1"},"canonical":"https:\/\/www.bicakhukuk.com\/fr\/egitim-hizmetleri\/","og_locale":"fr_FR","og_type":"article","og_title":"Services d'\u00e9ducation","og_description":"- Lutte contre la corruption et faute professionnelle (Anti-Bribery and Corruption) : Titre des sujets: Indice de perception de la corruption de","og_url":"https:\/\/www.bicakhukuk.com\/fr\/egitim-hizmetleri\/","og_site_name":"B\u0131\u00e7ak Hukuk","article_publisher":"https:\/\/www.facebook.com\/bicakhukuk","article_modified_time":"2020-02-27T09:10:14+00:00","og_image":[{"width":960,"height":540,"url":"https:\/\/www.bicakhukuk.com\/wp-content\/uploads\/2020\/02\/Next-Level.jpg","type":"image\/jpeg"}],"twitter_card":"summary_large_image","twitter_site":"@BicakHukuk","twitter_misc":{"Dur\u00e9e de lecture estim\u00e9e":"1 minute"},"schema":{"@context":"https:\/\/schema.org","@graph":[{"@type":"WebPage","@id":"https:\/\/www.bicakhukuk.com\/fr\/egitim-hizmetleri\/","url":"https:\/\/www.bicakhukuk.com\/fr\/egitim-hizmetleri\/","name":"Services d'\u00e9ducation | B\u0131\u00e7ak Hukuk","isPartOf":{"@id":"https:\/\/www.bicakhukuk.com\/fr\/#website"},"datePublished":"2014-08-30T07:08:45+00:00","dateModified":"2020-02-27T09:10:14+00:00","description":"r\u00fc\u015fvet ve yolsuzlukla m\u00fccadele Anti-bribery and corruption, \u015eirketlerin R\u00fc\u015fvet ve Yolsuzlukla M\u00fccadele Politikas\u0131, FCPA, UKBA","breadcrumb":{"@id":"https:\/\/www.bicakhukuk.com\/fr\/egitim-hizmetleri\/#breadcrumb"},"inLanguage":"fr-FR","potentialAction":[{"@type":"ReadAction","target":["https:\/\/www.bicakhukuk.com\/fr\/egitim-hizmetleri\/"]}]},{"@type":"BreadcrumbList","@id":"https:\/\/www.bicakhukuk.com\/fr\/egitim-hizmetleri\/#breadcrumb","itemListElement":[{"@type":"ListItem","position":1,"name":"Homepage","item":"https:\/\/www.bicakhukuk.com\/fr\/"},{"@type":"ListItem","position":2,"name":"Services d&#8217;\u00e9ducation"}]},{"@type":"WebSite","@id":"https:\/\/www.bicakhukuk.com\/fr\/#website","url":"https:\/\/www.bicakhukuk.com\/fr\/","name":"B\u0131\u00e7ak Hukuk","description":"T\u00fcrkiye Merkezli Global Hukuk B\u00fcrosu","publisher":{"@id":"https:\/\/www.bicakhukuk.com\/fr\/#organization"},"alternateName":"B\u0131\u00e7ak Hukuk, Ankara Avukat, Ankara Hukuk B\u00fcrosu","potentialAction":[{"@type":"SearchAction","target":{"@type":"EntryPoint","urlTemplate":"https:\/\/www.bicakhukuk.com\/fr\/?s={search_term_string}"},"query-input":{"@type":"PropertyValueSpecification","valueRequired":true,"valueName":"search_term_string"}}],"inLanguage":"fr-FR"},{"@type":["Organization","Place"],"@id":"https:\/\/www.bicakhukuk.com\/fr\/#organization","name":"B\u0131\u00e7ak Hukuk | T\u00fcrkiye Merkezli Global Hukuk Firmas\u0131","alternateName":"B\u0131\u00e7ak Hukuk, Ankara Avukat, Ankara Hukuk B\u00fcrosu","url":"https:\/\/www.bicakhukuk.com\/fr\/","logo":{"@id":"https:\/\/www.bicakhukuk.com\/fr\/egitim-hizmetleri\/#local-main-organization-logo"},"image":{"@id":"https:\/\/www.bicakhukuk.com\/fr\/egitim-hizmetleri\/#local-main-organization-logo"},"sameAs":["https:\/\/www.facebook.com\/bicakhukuk","https:\/\/x.com\/BicakHukuk","https:\/\/www.instagram.com\/bicakhukuk\/","https:\/\/tr.linkedin.com\/company\/b-ak-law-firm","https:\/\/www.youtube.com\/channel\/UCodktEWFyJmIp3i1BH9aM2A\/"],"description":"K\u00fcresel, b\u00f6lgesel ve ulusal \u015firketlere, kurulu\u015flara ve ki\u015filere uzmanl\u0131k alanlar\u0131m\u0131zda uyu\u015fmazl\u0131k \u00f6nleyici hukuk dan\u0131\u015fmanl\u0131\u011f\u0131, uyu\u015fmazl\u0131k \u00e7\u00f6z\u00fcm s\u00fcre\u00e7lerinde ise arabuluculuk, arabuluculukta taraf vekilli\u011fi, mahkemelerde taraf vekilli\u011fi ve avukatl\u0131k, tahkim hakemli\u011fi, tahkimde taraf vekilli\u011fi, hukuki konularda m\u00fctalaa ve hukuki konularda e\u011fitim hizmetleri vermekteyiz. Uluslararas\u0131, b\u00f6lgesel ve ulusal hukuka ili\u015fkin inceleme, ara\u015ft\u0131rma ve tecr\u00fcbeye dayal\u0131 hukuk hizmetlerimizi sunarken teknolojinin imkan sa\u011flad\u0131\u011f\u0131 g\u00f6rsel (video konferans) veya i\u015fitsel (sesli konferans) ileti\u015fim teknolojilerinin elverdi\u011fi t\u00fcm olanaklar\u0131 kullanmaktay\u0131z. Dan\u0131\u015fanlar\u0131m\u0131z veya m\u00fcvekkillerimiz, D\u00fcnyan\u0131n, b\u00f6lgemizin veya \u00fclkemizin neresinde olurlarsa olsunlar hizmetlerimizden uzaktan eri\u015fim yoluyla yararlanabilmektedir. Muhtemel ihtilaflar\u0131 \u00f6nlemek veya en aza indirmek gayesiyle m\u00fcvekkillerimize sundu\u011fumuz dinamik, etkili ve \u00f6nleyici dan\u0131\u015fmanl\u0131k hizmetlerimizin yan\u0131nda, uyu\u015fmazl\u0131k \u00e7\u00f6z\u00fcm s\u00fcre\u00e7lerinde arabuluculuk, tahkim veya mahkemelerde dava takibi hizmetleri de sunmaktay\u0131z. Ba\u015far\u0131n\u0131n s\u0131rr\u0131, do\u011fru bilgiye h\u0131zl\u0131 eri\u015fimdir. M\u00fcvekkil ihtiya\u00e7lar\u0131 tam ve eksiksiz tan\u0131mlayarak y\u00fcksek standartlarda, kaliteli, h\u0131zl\u0131 ve sonu\u00e7 odakl\u0131 esas\u0131na dayanan bir \u00e7al\u0131\u015fma anlay\u0131\u015f\u0131 benimsemi\u015f bulunuyoruz. G\u00fcvenilirlik, itibar, etik de\u011ferler ve kalite standartlar\u0131 gibi unsurlar, vazge\u00e7ilmezlerimiz olu\u015fturur.","legalName":"B\u0131\u00e7ak Hukuk","foundingDate":"2002-01-01","numberOfEmployees":{"@type":"QuantitativeValue","minValue":"1","maxValue":"10"},"address":{"@id":"https:\/\/www.bicakhukuk.com\/fr\/egitim-hizmetleri\/#local-main-place-address"},"geo":{"@type":"GeoCoordinates","latitude":"39.90985903589262","longitude":"32.81218744448808"},"telephone":["0 (312) 473 39 60","0 (553) 223 32 90"],"openingHoursSpecification":[{"@type":"OpeningHoursSpecification","dayOfWeek":["Monday","Tuesday","Wednesday","Thursday","Friday","Saturday"],"opens":"08:00","closes":"18:00"},{"@type":"OpeningHoursSpecification","dayOfWeek":["Sunday"],"opens":"00:00","closes":"00:00"}],"email":"iletisim@bicakhukuk.com","faxNumber":"0 (312) 473 39 62","areaServed":"Hukuk"},{"@type":"PostalAddress","@id":"https:\/\/www.bicakhukuk.com\/fr\/egitim-hizmetleri\/#local-main-place-address","streetAddress":"Next Level Loft Ofis, Kat 9-10, Daire 29, K\u0131z\u0131l\u0131rmak Mahallesi, Ufuk \u00dcniversitesi Caddesi S\u00f6\u011f\u00fct\u00f6z\u00fc \/ \u00c7ankaya","addressLocality":"Ankara","postalCode":"06530","addressCountry":"TR"},{"@type":"ImageObject","inLanguage":"fr-FR","@id":"https:\/\/www.bicakhukuk.com\/fr\/egitim-hizmetleri\/#local-main-organization-logo","url":"https:\/\/www.bicakhukuk.com\/wp-content\/uploads\/2023\/05\/bicak_hukuk_logo_kare.png","contentUrl":"https:\/\/www.bicakhukuk.com\/wp-content\/uploads\/2023\/05\/bicak_hukuk_logo_kare.png","width":2000,"height":2000,"caption":"B\u0131\u00e7ak Hukuk | T\u00fcrkiye Merkezli Global Hukuk Firmas\u0131"}]},"geo.placename":"Ankara","geo.position":{"lat":"39.90985903589262","long":"32.81218744448808"},"geo.region":"Turquie"},"_links":{"self":[{"href":"https:\/\/www.bicakhukuk.com\/fr\/wp-json\/wp\/v2\/pages\/3764","targetHints":{"allow":["GET"]}}],"collection":[{"href":"https:\/\/www.bicakhukuk.com\/fr\/wp-json\/wp\/v2\/pages"}],"about":[{"href":"https:\/\/www.bicakhukuk.com\/fr\/wp-json\/wp\/v2\/types\/page"}],"author":[{"embeddable":true,"href":"https:\/\/www.bicakhukuk.com\/fr\/wp-json\/wp\/v2\/users\/1"}],"replies":[{"embeddable":true,"href":"https:\/\/www.bicakhukuk.com\/fr\/wp-json\/wp\/v2\/comments?post=3764"}],"version-history":[{"count":0,"href":"https:\/\/www.bicakhukuk.com\/fr\/wp-json\/wp\/v2\/pages\/3764\/revisions"}],"wp:attachment":[{"href":"https:\/\/www.bicakhukuk.com\/fr\/wp-json\/wp\/v2\/media?parent=3764"}],"curies":[{"name":"wp","href":"https:\/\/api.w.org\/{rel}","templated":true}]}}