{"id":3617,"date":"2014-08-30T08:50:38","date_gmt":"2014-08-30T05:50:38","guid":{"rendered":"http:\/\/www.bicakhukuk.com\/arabuluculuk-hizmetleri\/nasil-isler\/"},"modified":"2020-03-12T10:40:20","modified_gmt":"2020-03-12T07:40:20","slug":"nasil-isler","status":"publish","type":"page","link":"https:\/\/www.bicakhukuk.com\/fr\/arabuluculuk-hizmetleri\/nasil-isler\/","title":{"rendered":"Comment \u00e7a marche?"},"content":{"rendered":"<p style=\"text-align: justify;\">&#8211; Les parties peuvent convenir de s&rsquo;adresser \u00e0 un m\u00e9diateur avant l&rsquo;ouverture de l&rsquo;affaire ou pendant le proc\u00e8s. Le tribunal a \u00e9galement demand\u00e9 aux parties de s&rsquo;adresser au m\u00e9diateur; Il peut les encourager en les \u00e9clairant sur les principes, le processus et les cons\u00e9quences juridiques de la m\u00e9diation et en leur rappelant qu&rsquo;il peut y avoir des avantages sociaux, \u00e9conomiques et psychologiques \u00e0 r\u00e9soudre les conflits par la m\u00e9diation.<\/p>\n<p style=\"text-align: justify;\">-Les parties sont enti\u00e8rement libres de s&rsquo;adresser au m\u00e9diateur, de poursuivre, de conclure ou d&rsquo;abandonner le processus, et conviennent d&rsquo;abord de conclure le diff\u00e9rend par la m\u00e9diation. Les parties ne peuvent en aucun cas \u00eatre associ\u00e9es \u00e0 ce processus et ne peuvent \u00e0 aucun moment cesser de r\u00e9soudre le diff\u00e9rend par la m\u00e9diation.<\/p>\n<p style=\"text-align: justify;\">-Les parties ont des droits \u00e9gaux \u00e0 la fois lors de la demande au m\u00e9diateur et tout au long du processus. Aucune des parties ne peut \u00eatre exclue du processus de m\u00e9diation et le droit de parole ne peut \u00eatre restreint par rapport \u00e0 l&rsquo;autre.<\/p>\n<p style=\"text-align: justify;\">&#8211; Le ou les m\u00e9diateurs sont choisis par les parties, sauf d\u00e9cision contraire.<\/p>\n<p style=\"text-align: justify;\">&#8211; Une fois le m\u00e9diateur s\u00e9lectionn\u00e9, il invite les parties \u00e0 la premi\u00e8re r\u00e9union d\u00e8s que possible.<\/p>\n<p style=\"text-align: justify;\">&#8211; Le m\u00e9diateur doit se comporter de mani\u00e8re impartiale lors de la conduite de l&rsquo;activit\u00e9 de m\u00e9diation et ne peut pas agir et soup\u00e7onner son impartialit\u00e9.<\/p>\n<p style=\"text-align: justify;\">&#8211; Les parties peuvent d\u00e9cider librement de la proc\u00e9dure de m\u00e9diation, \u00e0 condition qu&rsquo;elles ne violent pas les r\u00e8gles l\u00e9gales imp\u00e9ratives..<\/p>\n<p style=\"text-align: justify;\">&#8211; Le m\u00e9diateur, s&rsquo;il n&rsquo;est pas convenu par les parties; Il m\u00e8ne des activit\u00e9s de m\u00e9diation en tenant compte de la nature du diff\u00e9rend, des souhaits des parties et des proc\u00e9dures et principes requis pour un r\u00e8glement rapide du diff\u00e9rend.<\/p>\n<p style=\"text-align: justify;\">&#8211; Sauf convention contraire des parties, le m\u00e9diateur est tenu de garder confidentiels les informations et documents et autres dossiers qui lui sont soumis ou obtenus d&rsquo;une autre mani\u00e8re dans le cadre de l&rsquo;activit\u00e9 de m\u00e9diation.<\/p>\n<p style=\"text-align: justify;\">&#8211; Le m\u00e9diateur ne peut pas fournir de conseils juridiques aux parties au cours du processus; il ne peut pas \u00e9laborer et imposer une proposition de solution ou un catalogue de recommandations, ni les forcer \u00e0 se mettre d&rsquo;accord sur une proposition de solution \u00e9labor\u00e9e au cours des n\u00e9gociations. Toutefois, dans le cadre du r\u00e8glement du diff\u00e9rend, il ne saurait \u00eatre consid\u00e9r\u00e9 dans ce contexte qu&rsquo;une proposition faite par l&rsquo;une des parties soit transmise \u00e0 l&rsquo;autre par le m\u00e9diateur et que sa d\u00e9claration soit prise.<\/p>\n<p style=\"text-align: justify;\">&#8211; Si les parties d\u00e9clarent qu&rsquo;elles s&rsquo;adresseront au m\u00e9diateur apr\u00e8s le d\u00e9p\u00f4t de la plainte, le proc\u00e8s sera report\u00e9 par le tribunal pour une dur\u00e9e maximale de trois mois. Cette p\u00e9riode peut \u00eatre prolong\u00e9e jusqu&rsquo;\u00e0 trois mois pour une fois, \u00e0 la demande des parties ensemble.<\/p>\n<p style=\"text-align: justify;\">&#8211; Les parties peuvent participer aux n\u00e9gociations de m\u00e9diation soit personnellement, soit par l&rsquo;interm\u00e9diaire de leurs repr\u00e9sentants sp\u00e9cialement autoris\u00e9s \u00e0 la m\u00e9diation.<\/p>\n<p style=\"text-align: justify;\">&#8211; En cas de demande aupr\u00e8s du m\u00e9diateur avant le d\u00e9p\u00f4t de la plainte, le processus de m\u00e9diation commence \u00e0 fonctionner \u00e0 partir de la date \u00e0 laquelle les parties sont convenues de les inviter \u00e0 la premi\u00e8re r\u00e9union et le processus entre les parties et le m\u00e9diateur est document\u00e9. Dans le cas d&rsquo;une demande au m\u00e9diateur apr\u00e8s le d\u00e9p\u00f4t de l&rsquo;action, ce processus commence \u00e0 partir de la date \u00e0 laquelle les parties au tribunal acceptent l&rsquo;invitation \u00e0 la m\u00e9diation par les parties ou les parties d\u00e9clarant leur accord de demander au m\u00e9diateur par \u00e9crit, ou le proc\u00e8s-verbal de ces d\u00e9clarations \u00e0 l&rsquo;audience.<\/p>\n<p style=\"text-align: justify;\">&#8211; Le temps pass\u00e9 du d\u00e9but \u00e0 la fin du processus de m\u00e9diation n&rsquo;est pas pris en compte dans le calcul du timeout et des p\u00e9riodes d&rsquo;abaissement des droits.<\/p>\n<p style=\"text-align: justify;\">&#8211; \u00c0 la fin de l&rsquo;activit\u00e9 de m\u00e9diation, le proc\u00e8s-verbal convenu par les parties, ou le r\u00e9sultat de l&rsquo;activit\u00e9 de m\u00e9diation, est document\u00e9 en une minute. Ce document \u00e0 d\u00e9livrer par le m\u00e9diateur est sign\u00e9 par le m\u00e9diateur, les parties ou leurs mandataires. Si le document n&rsquo;est pas sign\u00e9 par les parties ou leurs adjoints, il n&rsquo;est sign\u00e9 par le m\u00e9diateur qu&rsquo;en motivant.<\/p>\n<p style=\"text-align: justify;\">&#8211; Les parties d\u00e9cident des questions \u00e0 r\u00e9diger, autres que la conclusion de l&rsquo;activit\u00e9, \u00e0 la fin de l&rsquo;activit\u00e9 de m\u00e9diation. Le m\u00e9diateur fait les explications n\u00e9cessaires aux parties concernant ce proc\u00e8s-verbal et les r\u00e9sultats.<\/p>\n<p style=\"text-align: justify;\">&#8211; En cas de fin de l&rsquo;activit\u00e9 de m\u00e9diation, le m\u00e9diateur doit conserver la notification qui lui est faite de cette activit\u00e9, les documents d\u00e9pos\u00e9s et d\u00e9tenus et les proc\u00e8s-verbaux \u00e9tablis pour une dur\u00e9e de cinq ans.<\/p>\n<p style=\"text-align: justify;\">&#8211; Le m\u00e9diateur remet \u00e9galement une copie des derni\u00e8res minutes des m\u00e9dias qu&rsquo;il a pr\u00e9par\u00e9es \u00e0 l&rsquo;issue de l&rsquo;activit\u00e9 de m\u00e9diation. Il envoie une copie de ce proc\u00e8s-verbal \u00e0 la direction g\u00e9n\u00e9rale dans un d\u00e9lai d&rsquo;un mois \u00e0 compter de la fin de l&rsquo;activit\u00e9 de m\u00e9diation.<\/p>\n<p style=\"text-align: justify;\">&#8211; La port\u00e9e de l&rsquo;accord conclu \u00e0 l&rsquo;issue de l&rsquo;activit\u00e9 de m\u00e9diation est d\u00e9termin\u00e9e par les parties, en cas de d\u00e9livrance du document d&rsquo;accord, ce document est sign\u00e9 par les parties et le m\u00e9diateur.<\/p>\n<p style=\"text-align: justify;\">&#8211; Si les parties parviennent \u00e0 un accord \u00e0 l&rsquo;issue de l&rsquo;activit\u00e9 de m\u00e9diation, elles peuvent demander une annotation concernant le caract\u00e8re ex\u00e9cutoire de ce document d&rsquo;accord.<\/p>\n","protected":false},"excerpt":{"rendered":"<p>&#8211; Les parties peuvent convenir de s&rsquo;adresser \u00e0 un m\u00e9diateur avant l&rsquo;ouverture de l&rsquo;affaire ou pendant le proc\u00e8s. Le tribunal a \u00e9galement demand\u00e9 aux parties de s&rsquo;adresser au m\u00e9diateur; Il peut les encourager en les \u00e9clairant sur les principes, le processus et les cons\u00e9quences juridiques de la m\u00e9diation et en leur rappelant qu&rsquo;il peut y [&hellip;]<\/p>\n","protected":false},"author":1,"featured_media":0,"parent":3566,"menu_order":0,"comment_status":"closed","ping_status":"open","template":"page-sidebar-right.php","meta":{"rs_blank_template":"","rs_page_bg_color":"#ffffff","slide_template_v7":"","footnotes":""},"class_list":["post-3617","page","type-page","status-publish","hentry"],"yoast_head":"<!-- This site is optimized with the Yoast SEO Premium plugin v27.1 (Yoast SEO v27.4) - https:\/\/yoast.com\/product\/yoast-seo-premium-wordpress\/ -->\n<title>Comment \u00e7a marche? | B\u0131\u00e7ak Hukuk<\/title>\n<meta name=\"robots\" content=\"index, follow, max-snippet:-1, max-image-preview:large, max-video-preview:-1\" \/>\n<link rel=\"canonical\" href=\"https:\/\/www.bicakhukuk.com\/fr\/arabuluculuk-hizmetleri\/nasil-isler\/\" \/>\n<meta property=\"og:locale\" content=\"fr_FR\" \/>\n<meta property=\"og:type\" content=\"article\" \/>\n<meta property=\"og:title\" content=\"Comment \u00e7a marche?\" \/>\n<meta property=\"og:description\" content=\"- Les parties peuvent convenir de s&#039;adresser \u00e0 un m\u00e9diateur avant l&#039;ouverture de l&#039;affaire ou pendant le proc\u00e8s. Le tribunal a \u00e9galement demand\u00e9 aux\" \/>\n<meta property=\"og:url\" content=\"https:\/\/www.bicakhukuk.com\/fr\/arabuluculuk-hizmetleri\/nasil-isler\/\" \/>\n<meta property=\"og:site_name\" content=\"B\u0131\u00e7ak Hukuk\" \/>\n<meta property=\"article:publisher\" content=\"https:\/\/www.facebook.com\/bicakhukuk\" \/>\n<meta property=\"article:modified_time\" content=\"2020-03-12T07:40:20+00:00\" \/>\n<meta property=\"og:image\" content=\"https:\/\/www.bicakhukuk.com\/wp-content\/uploads\/2020\/02\/Next-Level.jpg\" \/>\n\t<meta property=\"og:image:width\" content=\"960\" \/>\n\t<meta property=\"og:image:height\" content=\"540\" \/>\n\t<meta property=\"og:image:type\" content=\"image\/jpeg\" \/>\n<meta name=\"twitter:card\" content=\"summary_large_image\" \/>\n<meta name=\"twitter:site\" content=\"@BicakHukuk\" \/>\n<meta name=\"twitter:label1\" content=\"Dur\u00e9e de lecture estim\u00e9e\" \/>\n\t<meta name=\"twitter:data1\" content=\"5 minutes\" \/>\n<script type=\"application\/ld+json\" class=\"yoast-schema-graph\">{\"@context\":\"https:\\\/\\\/schema.org\",\"@graph\":[{\"@type\":\"WebPage\",\"@id\":\"https:\\\/\\\/www.bicakhukuk.com\\\/fr\\\/arabuluculuk-hizmetleri\\\/nasil-isler\\\/\",\"url\":\"https:\\\/\\\/www.bicakhukuk.com\\\/fr\\\/arabuluculuk-hizmetleri\\\/nasil-isler\\\/\",\"name\":\"Comment \u00e7a marche? | B\u0131\u00e7ak Hukuk\",\"isPartOf\":{\"@id\":\"https:\\\/\\\/www.bicakhukuk.com\\\/fr\\\/#website\"},\"datePublished\":\"2014-08-30T05:50:38+00:00\",\"dateModified\":\"2020-03-12T07:40:20+00:00\",\"breadcrumb\":{\"@id\":\"https:\\\/\\\/www.bicakhukuk.com\\\/fr\\\/arabuluculuk-hizmetleri\\\/nasil-isler\\\/#breadcrumb\"},\"inLanguage\":\"fr-FR\",\"potentialAction\":[{\"@type\":\"ReadAction\",\"target\":[\"https:\\\/\\\/www.bicakhukuk.com\\\/fr\\\/arabuluculuk-hizmetleri\\\/nasil-isler\\\/\"]}]},{\"@type\":\"BreadcrumbList\",\"@id\":\"https:\\\/\\\/www.bicakhukuk.com\\\/fr\\\/arabuluculuk-hizmetleri\\\/nasil-isler\\\/#breadcrumb\",\"itemListElement\":[{\"@type\":\"ListItem\",\"position\":1,\"name\":\"Ana sayfa\",\"item\":\"https:\\\/\\\/www.bicakhukuk.com\\\/fr\\\/\"},{\"@type\":\"ListItem\",\"position\":2,\"name\":\"LA M\u00c9DIATION JUDICIAIRE EN TURQUIE\",\"item\":\"https:\\\/\\\/www.bicakhukuk.com\\\/fr\\\/arabuluculuk-hizmetleri\\\/\"},{\"@type\":\"ListItem\",\"position\":3,\"name\":\"Comment \u00e7a marche?\"}]},{\"@type\":\"WebSite\",\"@id\":\"https:\\\/\\\/www.bicakhukuk.com\\\/fr\\\/#website\",\"url\":\"https:\\\/\\\/www.bicakhukuk.com\\\/fr\\\/\",\"name\":\"B\u0131\u00e7ak Hukuk\",\"description\":\"T\u00fcrkiye Merkezli Global Hukuk B\u00fcrosu\",\"publisher\":{\"@id\":\"https:\\\/\\\/www.bicakhukuk.com\\\/fr\\\/#organization\"},\"alternateName\":\"B\u0131\u00e7ak Hukuk, Ankara Avukat, Ankara Hukuk B\u00fcrosu\",\"potentialAction\":[{\"@type\":\"SearchAction\",\"target\":{\"@type\":\"EntryPoint\",\"urlTemplate\":\"https:\\\/\\\/www.bicakhukuk.com\\\/fr\\\/?s={search_term_string}\"},\"query-input\":{\"@type\":\"PropertyValueSpecification\",\"valueRequired\":true,\"valueName\":\"search_term_string\"}}],\"inLanguage\":\"fr-FR\"},{\"@type\":[\"Organization\",\"Place\"],\"@id\":\"https:\\\/\\\/www.bicakhukuk.com\\\/fr\\\/#organization\",\"name\":\"B\u0131\u00e7ak Hukuk | T\u00fcrkiye Merkezli Global Hukuk Firmas\u0131\",\"alternateName\":\"B\u0131\u00e7ak Hukuk, Ankara Avukat, Ankara Hukuk B\u00fcrosu\",\"url\":\"https:\\\/\\\/www.bicakhukuk.com\\\/fr\\\/\",\"logo\":{\"@id\":\"https:\\\/\\\/www.bicakhukuk.com\\\/fr\\\/arabuluculuk-hizmetleri\\\/nasil-isler\\\/#local-main-organization-logo\"},\"image\":{\"@id\":\"https:\\\/\\\/www.bicakhukuk.com\\\/fr\\\/arabuluculuk-hizmetleri\\\/nasil-isler\\\/#local-main-organization-logo\"},\"sameAs\":[\"https:\\\/\\\/www.facebook.com\\\/bicakhukuk\",\"https:\\\/\\\/x.com\\\/BicakHukuk\",\"https:\\\/\\\/www.instagram.com\\\/bicakhukuk\\\/\",\"https:\\\/\\\/tr.linkedin.com\\\/company\\\/b-ak-law-firm\",\"https:\\\/\\\/www.youtube.com\\\/channel\\\/UCodktEWFyJmIp3i1BH9aM2A\\\/\"],\"description\":\"K\u00fcresel, b\u00f6lgesel ve ulusal \u015firketlere, kurulu\u015flara ve ki\u015filere uzmanl\u0131k alanlar\u0131m\u0131zda uyu\u015fmazl\u0131k \u00f6nleyici hukuk dan\u0131\u015fmanl\u0131\u011f\u0131, uyu\u015fmazl\u0131k \u00e7\u00f6z\u00fcm s\u00fcre\u00e7lerinde ise arabuluculuk, arabuluculukta taraf vekilli\u011fi, mahkemelerde taraf vekilli\u011fi ve avukatl\u0131k, tahkim hakemli\u011fi, tahkimde taraf vekilli\u011fi, hukuki konularda m\u00fctalaa ve hukuki konularda e\u011fitim hizmetleri vermekteyiz. Uluslararas\u0131, b\u00f6lgesel ve ulusal hukuka ili\u015fkin inceleme, ara\u015ft\u0131rma ve tecr\u00fcbeye dayal\u0131 hukuk hizmetlerimizi sunarken teknolojinin imkan sa\u011flad\u0131\u011f\u0131 g\u00f6rsel (video konferans) veya i\u015fitsel (sesli konferans) ileti\u015fim teknolojilerinin elverdi\u011fi t\u00fcm olanaklar\u0131 kullanmaktay\u0131z. Dan\u0131\u015fanlar\u0131m\u0131z veya m\u00fcvekkillerimiz, D\u00fcnyan\u0131n, b\u00f6lgemizin veya \u00fclkemizin neresinde olurlarsa olsunlar hizmetlerimizden uzaktan eri\u015fim yoluyla yararlanabilmektedir. Muhtemel ihtilaflar\u0131 \u00f6nlemek veya en aza indirmek gayesiyle m\u00fcvekkillerimize sundu\u011fumuz dinamik, etkili ve \u00f6nleyici dan\u0131\u015fmanl\u0131k hizmetlerimizin yan\u0131nda, uyu\u015fmazl\u0131k \u00e7\u00f6z\u00fcm s\u00fcre\u00e7lerinde arabuluculuk, tahkim veya mahkemelerde dava takibi hizmetleri de sunmaktay\u0131z. Ba\u015far\u0131n\u0131n s\u0131rr\u0131, do\u011fru bilgiye h\u0131zl\u0131 eri\u015fimdir. M\u00fcvekkil ihtiya\u00e7lar\u0131 tam ve eksiksiz tan\u0131mlayarak y\u00fcksek standartlarda, kaliteli, h\u0131zl\u0131 ve sonu\u00e7 odakl\u0131 esas\u0131na dayanan bir \u00e7al\u0131\u015fma anlay\u0131\u015f\u0131 benimsemi\u015f bulunuyoruz. G\u00fcvenilirlik, itibar, etik de\u011ferler ve kalite standartlar\u0131 gibi unsurlar, vazge\u00e7ilmezlerimiz olu\u015fturur.\",\"legalName\":\"B\u0131\u00e7ak Hukuk\",\"foundingDate\":\"2002-01-01\",\"numberOfEmployees\":{\"@type\":\"QuantitativeValue\",\"minValue\":\"1\",\"maxValue\":\"10\"},\"address\":{\"@id\":\"https:\\\/\\\/www.bicakhukuk.com\\\/fr\\\/arabuluculuk-hizmetleri\\\/nasil-isler\\\/#local-main-place-address\"},\"geo\":{\"@type\":\"GeoCoordinates\",\"latitude\":\"39.90985903589262\",\"longitude\":\"32.81218744448808\"},\"telephone\":[\"0 (312) 473 39 60\",\"0 (553) 223 32 90\"],\"openingHoursSpecification\":[{\"@type\":\"OpeningHoursSpecification\",\"dayOfWeek\":[\"Monday\",\"Tuesday\",\"Wednesday\",\"Thursday\",\"Friday\",\"Saturday\"],\"opens\":\"08:00\",\"closes\":\"18:00\"},{\"@type\":\"OpeningHoursSpecification\",\"dayOfWeek\":[\"Sunday\"],\"opens\":\"00:00\",\"closes\":\"00:00\"}],\"email\":\"iletisim@bicakhukuk.com\",\"faxNumber\":\"0 (312) 473 39 62\",\"areaServed\":\"Hukuk\"},{\"@type\":\"PostalAddress\",\"@id\":\"https:\\\/\\\/www.bicakhukuk.com\\\/fr\\\/arabuluculuk-hizmetleri\\\/nasil-isler\\\/#local-main-place-address\",\"streetAddress\":\"Next Level Loft Ofis, Kat 9-10, Daire 29, K\u0131z\u0131l\u0131rmak Mahallesi, Ufuk \u00dcniversitesi Caddesi S\u00f6\u011f\u00fct\u00f6z\u00fc \\\/ \u00c7ankaya\",\"addressLocality\":\"Ankara\",\"postalCode\":\"06530\",\"addressCountry\":\"TR\"},{\"@type\":\"ImageObject\",\"inLanguage\":\"fr-FR\",\"@id\":\"https:\\\/\\\/www.bicakhukuk.com\\\/fr\\\/arabuluculuk-hizmetleri\\\/nasil-isler\\\/#local-main-organization-logo\",\"url\":\"https:\\\/\\\/www.bicakhukuk.com\\\/wp-content\\\/uploads\\\/2023\\\/05\\\/bicak_hukuk_logo_kare.png\",\"contentUrl\":\"https:\\\/\\\/www.bicakhukuk.com\\\/wp-content\\\/uploads\\\/2023\\\/05\\\/bicak_hukuk_logo_kare.png\",\"width\":2000,\"height\":2000,\"caption\":\"B\u0131\u00e7ak Hukuk | T\u00fcrkiye Merkezli Global Hukuk Firmas\u0131\"}]}<\/script>\n<meta name=\"geo.placename\" content=\"Ankara\" \/>\n<meta name=\"geo.position\" content=\"39.90985903589262;32.81218744448808\" \/>\n<meta name=\"geo.region\" content=\"Turquie\" \/>\n<!-- \/ Yoast SEO Premium plugin. -->","yoast_head_json":{"title":"Comment \u00e7a marche? | B\u0131\u00e7ak Hukuk","robots":{"index":"index","follow":"follow","max-snippet":"max-snippet:-1","max-image-preview":"max-image-preview:large","max-video-preview":"max-video-preview:-1"},"canonical":"https:\/\/www.bicakhukuk.com\/fr\/arabuluculuk-hizmetleri\/nasil-isler\/","og_locale":"fr_FR","og_type":"article","og_title":"Comment \u00e7a marche?","og_description":"- Les parties peuvent convenir de s'adresser \u00e0 un m\u00e9diateur avant l'ouverture de l'affaire ou pendant le proc\u00e8s. Le tribunal a \u00e9galement demand\u00e9 aux","og_url":"https:\/\/www.bicakhukuk.com\/fr\/arabuluculuk-hizmetleri\/nasil-isler\/","og_site_name":"B\u0131\u00e7ak Hukuk","article_publisher":"https:\/\/www.facebook.com\/bicakhukuk","article_modified_time":"2020-03-12T07:40:20+00:00","og_image":[{"width":960,"height":540,"url":"https:\/\/www.bicakhukuk.com\/wp-content\/uploads\/2020\/02\/Next-Level.jpg","type":"image\/jpeg"}],"twitter_card":"summary_large_image","twitter_site":"@BicakHukuk","twitter_misc":{"Dur\u00e9e de lecture estim\u00e9e":"5 minutes"},"schema":{"@context":"https:\/\/schema.org","@graph":[{"@type":"WebPage","@id":"https:\/\/www.bicakhukuk.com\/fr\/arabuluculuk-hizmetleri\/nasil-isler\/","url":"https:\/\/www.bicakhukuk.com\/fr\/arabuluculuk-hizmetleri\/nasil-isler\/","name":"Comment \u00e7a marche? | B\u0131\u00e7ak Hukuk","isPartOf":{"@id":"https:\/\/www.bicakhukuk.com\/fr\/#website"},"datePublished":"2014-08-30T05:50:38+00:00","dateModified":"2020-03-12T07:40:20+00:00","breadcrumb":{"@id":"https:\/\/www.bicakhukuk.com\/fr\/arabuluculuk-hizmetleri\/nasil-isler\/#breadcrumb"},"inLanguage":"fr-FR","potentialAction":[{"@type":"ReadAction","target":["https:\/\/www.bicakhukuk.com\/fr\/arabuluculuk-hizmetleri\/nasil-isler\/"]}]},{"@type":"BreadcrumbList","@id":"https:\/\/www.bicakhukuk.com\/fr\/arabuluculuk-hizmetleri\/nasil-isler\/#breadcrumb","itemListElement":[{"@type":"ListItem","position":1,"name":"Ana sayfa","item":"https:\/\/www.bicakhukuk.com\/fr\/"},{"@type":"ListItem","position":2,"name":"LA M\u00c9DIATION JUDICIAIRE EN TURQUIE","item":"https:\/\/www.bicakhukuk.com\/fr\/arabuluculuk-hizmetleri\/"},{"@type":"ListItem","position":3,"name":"Comment \u00e7a marche?"}]},{"@type":"WebSite","@id":"https:\/\/www.bicakhukuk.com\/fr\/#website","url":"https:\/\/www.bicakhukuk.com\/fr\/","name":"B\u0131\u00e7ak Hukuk","description":"T\u00fcrkiye Merkezli Global Hukuk B\u00fcrosu","publisher":{"@id":"https:\/\/www.bicakhukuk.com\/fr\/#organization"},"alternateName":"B\u0131\u00e7ak Hukuk, Ankara Avukat, Ankara Hukuk B\u00fcrosu","potentialAction":[{"@type":"SearchAction","target":{"@type":"EntryPoint","urlTemplate":"https:\/\/www.bicakhukuk.com\/fr\/?s={search_term_string}"},"query-input":{"@type":"PropertyValueSpecification","valueRequired":true,"valueName":"search_term_string"}}],"inLanguage":"fr-FR"},{"@type":["Organization","Place"],"@id":"https:\/\/www.bicakhukuk.com\/fr\/#organization","name":"B\u0131\u00e7ak Hukuk | T\u00fcrkiye Merkezli Global Hukuk Firmas\u0131","alternateName":"B\u0131\u00e7ak Hukuk, Ankara Avukat, Ankara Hukuk B\u00fcrosu","url":"https:\/\/www.bicakhukuk.com\/fr\/","logo":{"@id":"https:\/\/www.bicakhukuk.com\/fr\/arabuluculuk-hizmetleri\/nasil-isler\/#local-main-organization-logo"},"image":{"@id":"https:\/\/www.bicakhukuk.com\/fr\/arabuluculuk-hizmetleri\/nasil-isler\/#local-main-organization-logo"},"sameAs":["https:\/\/www.facebook.com\/bicakhukuk","https:\/\/x.com\/BicakHukuk","https:\/\/www.instagram.com\/bicakhukuk\/","https:\/\/tr.linkedin.com\/company\/b-ak-law-firm","https:\/\/www.youtube.com\/channel\/UCodktEWFyJmIp3i1BH9aM2A\/"],"description":"K\u00fcresel, b\u00f6lgesel ve ulusal \u015firketlere, kurulu\u015flara ve ki\u015filere uzmanl\u0131k alanlar\u0131m\u0131zda uyu\u015fmazl\u0131k \u00f6nleyici hukuk dan\u0131\u015fmanl\u0131\u011f\u0131, uyu\u015fmazl\u0131k \u00e7\u00f6z\u00fcm s\u00fcre\u00e7lerinde ise arabuluculuk, arabuluculukta taraf vekilli\u011fi, mahkemelerde taraf vekilli\u011fi ve avukatl\u0131k, tahkim hakemli\u011fi, tahkimde taraf vekilli\u011fi, hukuki konularda m\u00fctalaa ve hukuki konularda e\u011fitim hizmetleri vermekteyiz. Uluslararas\u0131, b\u00f6lgesel ve ulusal hukuka ili\u015fkin inceleme, ara\u015ft\u0131rma ve tecr\u00fcbeye dayal\u0131 hukuk hizmetlerimizi sunarken teknolojinin imkan sa\u011flad\u0131\u011f\u0131 g\u00f6rsel (video konferans) veya i\u015fitsel (sesli konferans) ileti\u015fim teknolojilerinin elverdi\u011fi t\u00fcm olanaklar\u0131 kullanmaktay\u0131z. Dan\u0131\u015fanlar\u0131m\u0131z veya m\u00fcvekkillerimiz, D\u00fcnyan\u0131n, b\u00f6lgemizin veya \u00fclkemizin neresinde olurlarsa olsunlar hizmetlerimizden uzaktan eri\u015fim yoluyla yararlanabilmektedir. Muhtemel ihtilaflar\u0131 \u00f6nlemek veya en aza indirmek gayesiyle m\u00fcvekkillerimize sundu\u011fumuz dinamik, etkili ve \u00f6nleyici dan\u0131\u015fmanl\u0131k hizmetlerimizin yan\u0131nda, uyu\u015fmazl\u0131k \u00e7\u00f6z\u00fcm s\u00fcre\u00e7lerinde arabuluculuk, tahkim veya mahkemelerde dava takibi hizmetleri de sunmaktay\u0131z. Ba\u015far\u0131n\u0131n s\u0131rr\u0131, do\u011fru bilgiye h\u0131zl\u0131 eri\u015fimdir. M\u00fcvekkil ihtiya\u00e7lar\u0131 tam ve eksiksiz tan\u0131mlayarak y\u00fcksek standartlarda, kaliteli, h\u0131zl\u0131 ve sonu\u00e7 odakl\u0131 esas\u0131na dayanan bir \u00e7al\u0131\u015fma anlay\u0131\u015f\u0131 benimsemi\u015f bulunuyoruz. G\u00fcvenilirlik, itibar, etik de\u011ferler ve kalite standartlar\u0131 gibi unsurlar, vazge\u00e7ilmezlerimiz olu\u015fturur.","legalName":"B\u0131\u00e7ak Hukuk","foundingDate":"2002-01-01","numberOfEmployees":{"@type":"QuantitativeValue","minValue":"1","maxValue":"10"},"address":{"@id":"https:\/\/www.bicakhukuk.com\/fr\/arabuluculuk-hizmetleri\/nasil-isler\/#local-main-place-address"},"geo":{"@type":"GeoCoordinates","latitude":"39.90985903589262","longitude":"32.81218744448808"},"telephone":["0 (312) 473 39 60","0 (553) 223 32 90"],"openingHoursSpecification":[{"@type":"OpeningHoursSpecification","dayOfWeek":["Monday","Tuesday","Wednesday","Thursday","Friday","Saturday"],"opens":"08:00","closes":"18:00"},{"@type":"OpeningHoursSpecification","dayOfWeek":["Sunday"],"opens":"00:00","closes":"00:00"}],"email":"iletisim@bicakhukuk.com","faxNumber":"0 (312) 473 39 62","areaServed":"Hukuk"},{"@type":"PostalAddress","@id":"https:\/\/www.bicakhukuk.com\/fr\/arabuluculuk-hizmetleri\/nasil-isler\/#local-main-place-address","streetAddress":"Next Level Loft Ofis, Kat 9-10, Daire 29, K\u0131z\u0131l\u0131rmak Mahallesi, Ufuk \u00dcniversitesi Caddesi S\u00f6\u011f\u00fct\u00f6z\u00fc \/ \u00c7ankaya","addressLocality":"Ankara","postalCode":"06530","addressCountry":"TR"},{"@type":"ImageObject","inLanguage":"fr-FR","@id":"https:\/\/www.bicakhukuk.com\/fr\/arabuluculuk-hizmetleri\/nasil-isler\/#local-main-organization-logo","url":"https:\/\/www.bicakhukuk.com\/wp-content\/uploads\/2023\/05\/bicak_hukuk_logo_kare.png","contentUrl":"https:\/\/www.bicakhukuk.com\/wp-content\/uploads\/2023\/05\/bicak_hukuk_logo_kare.png","width":2000,"height":2000,"caption":"B\u0131\u00e7ak Hukuk | T\u00fcrkiye Merkezli Global Hukuk Firmas\u0131"}]},"geo.placename":"Ankara","geo.position":{"lat":"39.90985903589262","long":"32.81218744448808"},"geo.region":"Turquie"},"_links":{"self":[{"href":"https:\/\/www.bicakhukuk.com\/fr\/wp-json\/wp\/v2\/pages\/3617","targetHints":{"allow":["GET"]}}],"collection":[{"href":"https:\/\/www.bicakhukuk.com\/fr\/wp-json\/wp\/v2\/pages"}],"about":[{"href":"https:\/\/www.bicakhukuk.com\/fr\/wp-json\/wp\/v2\/types\/page"}],"author":[{"embeddable":true,"href":"https:\/\/www.bicakhukuk.com\/fr\/wp-json\/wp\/v2\/users\/1"}],"replies":[{"embeddable":true,"href":"https:\/\/www.bicakhukuk.com\/fr\/wp-json\/wp\/v2\/comments?post=3617"}],"version-history":[{"count":0,"href":"https:\/\/www.bicakhukuk.com\/fr\/wp-json\/wp\/v2\/pages\/3617\/revisions"}],"up":[{"embeddable":true,"href":"https:\/\/www.bicakhukuk.com\/fr\/wp-json\/wp\/v2\/pages\/3566"}],"wp:attachment":[{"href":"https:\/\/www.bicakhukuk.com\/fr\/wp-json\/wp\/v2\/media?parent=3617"}],"curies":[{"name":"wp","href":"https:\/\/api.w.org\/{rel}","templated":true}]}}