{"id":3566,"date":"2014-08-30T08:33:53","date_gmt":"2014-08-30T05:33:53","guid":{"rendered":"http:\/\/www.bicakhukuk.com\/arabuluculuk-hizmetleri-2\/"},"modified":"2022-02-16T11:39:08","modified_gmt":"2022-02-16T08:39:08","slug":"arabuluculuk-hizmetleri","status":"publish","type":"page","link":"https:\/\/www.bicakhukuk.com\/fr\/arabuluculuk-hizmetleri\/","title":{"rendered":"LA M\u00c9DIATION JUDICIAIRE EN TURQUIE"},"content":{"rendered":"<p><span style=\"font-size: 14pt;\"><strong><u>Nos services en termes de m\u00e9diation<\/u><\/strong><\/span><\/p>\n<p>&nbsp;<\/p>\n<p><span style=\"font-size: 14pt;\">Concernant la r\u00e9solution des litiges juridiques par la m\u00e9diation, c\u2019est en mettant en avant des m\u00e9thodes d&rsquo;encouragement, d&rsquo;information, d&rsquo;\u00e9clairage, de communication et de n\u00e9gociation efficaces que nous veillons \u00e0 ce que les parties se comprennent correctement, communiquent et parviennent \u00e0 une solution commune permanente,<\/span><\/p>\n<p><span style=\"font-size: 14pt;\">Nous agissons alors en tant que repr\u00e9sentant des parties dans certains cas et en tant que m\u00e9diateur dans d\u2019autres.<\/span><\/p>\n<p><span style=\"font-size: 14pt;\"><strong><u>Qu&rsquo;est-ce que la m\u00e9diation ?<\/u><\/strong><\/span><\/p>\n<p><span style=\"font-size: 14pt;\">La m\u00e9diation, c&rsquo;est quand des personnes physiques ou morales communiquent sans passer par devant un tribunal, parviennent \u00e0 un accord, qui se fait sous le contr\u00f4le d&rsquo;un m\u00e9diateur impartial, et parviennent \u00e0 un r\u00e8glement du conflit. La m\u00e9diation est une m\u00e9thode de r\u00e8glement des diff\u00e9rends qui peut \u00eatre mise en \u0153uvre avant le d\u00e9p\u00f4t d&rsquo;une plainte, apr\u00e8s le d\u00e9p\u00f4t de la plainte ou m\u00eame avant l&rsquo;ex\u00e9cution d\u2019un jugement, m\u00eame si la d\u00e9cision de jugement a d\u00e9j\u00e0 \u00e9t\u00e9 prononc\u00e9e. Le processus de m\u00e9diation est g\u00e9r\u00e9 par des m\u00e9diateurs impartiaux. Les accords conclus en m\u00e9diation ont valeur de jugement (d\u00e9cision d\u00e9finitive du tribunal).<\/span><\/p>\n<p><span style=\"font-size: 14pt;\"><strong><u>Quels sont les avantages de la m\u00e9diation ?<\/u><\/strong><\/span><\/p>\n<p><span style=\"font-size: 14pt;\">La m\u00e9diation est plus rapide que le contentieux devant une juridiction qui prend des mois voire des ann\u00e9es. La m\u00e9diation, elle, prend fin en quelques jours ou quelques semaines. Elle r\u00e9sout les litiges en peu de temps et permet aux parties de retourner rapidement \u00e0 leur quotidien sans s\u2019inqui\u00e9ter des proc\u00e9dures judiciaires.<\/span><\/p>\n<p><span style=\"font-size: 14pt;\">De plus, la m\u00e9diation est plus \u00e9conomique car moins co\u00fbteuse que la voie judiciaire. \u00c9galement, les parties participent directement au processus de r\u00e8glement des diff\u00e9rends et dominent donc dans le choix du r\u00e9sultat. Le principe de confidentialit\u00e9 respect\u00e9 dans le processus de r\u00e8glement des diff\u00e9rends, les parties peuvent poursuivre leurs relations sans craindre de r\u00e9percussions.<\/span><\/p>\n<p><span style=\"font-size: 14pt;\">Les litiges sont r\u00e9solus plus rapidement et \u00e0 moindre co\u00fbt, r\u00e9tablissant l&rsquo;\u00e9quilibre des int\u00e9r\u00eats entre les parties plut\u00f4t que la justification des parties. En d&rsquo;autres termes, une entente qui prend en consid\u00e9ration les int\u00e9r\u00eats futurs et non les faits pass\u00e9s.<\/span><\/p>\n<p><span style=\"font-size: 14pt;\">La m\u00e9diation offre aux parties des opportunit\u00e9s qui ne peuvent \u00eatre obtenues devant un tribunal. C&rsquo;est l&rsquo;occasion de r\u00e9soudre les probl\u00e8mes de communication, de parler des diff\u00e9rends et de r\u00e9v\u00e9ler les domaines sur lesquels on peut s&rsquo;entendre.<\/span><\/p>\n<p><span style=\"font-size: 14pt;\"><strong><u>\u00c0 propos de nous<\/u><\/strong><\/span><\/p>\n<p><span style=\"font-size: 14pt;\">Notre centre de m\u00e9diation a \u00e9t\u00e9 cr\u00e9\u00e9 le 15 novembre 2013 et est le premier centre de m\u00e9diation en Turquie. Notre objectif fondateur est principalement et surtout de fournir des services dans la r\u00e9solution des conflits commerciaux et du travail avec un mode alternatif de r\u00e9solution des conflits dans le cadre du droit de la m\u00e9diation.<\/span><\/p>\n<p><span style=\"font-size: 14pt;\">Nous r\u00e9alisons une m\u00e9diation conform\u00e9ment \u00e0 la volont\u00e9 des parties int\u00e9ress\u00e9es qui demandent un r\u00e8glement extrajudiciaire des diff\u00e9rends, selon le respect des principes de confidentialit\u00e9, d\u2019impartialit\u00e9, d\u2019ind\u00e9pendance et d\u2019\u00e9galit\u00e9 de traitement entre les parties. Nous veillons \u00e0 la participation active des parties dans le processus et pour trouver une solution et accompagnons les parties pour trouver des alternatives, dans les meilleurs d\u00e9lais.<\/span><\/p>\n<p><span style=\"font-size: 14pt;\">La m\u00e9diation est une m\u00e9thode judiciaire qui vise \u00e0 s&rsquo;assurer que les parties concern\u00e9es cl\u00f4turent les diff\u00e9rends par un accord en obtenant des solutions qu&rsquo;elles d\u00e9terminent et croient \u00eatre dans leur propre int\u00e9r\u00eat, \u00e0 un co\u00fbt bien inf\u00e9rieur au co\u00fbt qui peut \u00eatre appliqu\u00e9 en cas de proc\u00e9dure devant un tribunal.<\/span><\/p>\n<p><span style=\"font-size: 14pt;\"><strong><u>Nos services<\/u><\/strong><\/span><\/p>\n<p><span style=\"font-size: 14pt;\">Notre centre de m\u00e9diation a pour objectif d&rsquo;encourager, d&rsquo;informer et d&rsquo;\u00e9clairer les parties sur la r\u00e9solution des litiges de droit priv\u00e9, notamment commerciaux, par le processus de m\u00e9diation, qui est un mode alternatif de r\u00e8glement des diff\u00e9rends, afin de s&rsquo;assurer que les parties au litige se comprennent et communiquent correctement. Nous mettons en \u0153uvre des techniques de n\u00e9gociation et de communication qui permettront une communication efficace, et nous assurons que les parties \u00e9tablissent un partenariat conjoint permanent leur permettant de parvenir \u00e0 une solution durable.<\/span><\/p>\n<p><span style=\"font-size: 14pt;\">Dot\u00e9e de m\u00e9diateurs experts dans leurs domaines, notre centre de m\u00e9diation aide les parties \u00e0 parvenir \u00e0 une r\u00e9solution pacifique gr\u00e2ce \u00e0 son approche fond\u00e9e sur les int\u00e9r\u00eats de la r\u00e9solution du conflit entre les parties.<\/span><\/p>\n<p><span style=\"font-size: 14pt;\">Notre centre de m\u00e9diation dispose de toutes les conditions techniques et mat\u00e9rielles adapt\u00e9es aux normes de m\u00e9diation et aux n\u00e9gociations de m\u00e9diation des parties. Notre <em>Mediation Center<\/em> r\u00e9unit m\u00e9diateurs et parties dans un environnement de bureaux partag\u00e9s nouvelle g\u00e9n\u00e9ration, dot\u00e9 de services de location de bureaux, de bureaux virtuels. De plus, des salles de r\u00e9union ainsi que des formations et des s\u00e9minaires sont \u00e9galement propos\u00e9s. Nous mettons \u00e0 disposition des salles de r\u00e9union et des bureaux confortables, \u00e9conomiques et s\u00e9curis\u00e9s \u00e0 nos m\u00e9diateurs et parties, ainsi que des services d&rsquo;accompagnement tels que l&rsquo;expertise, l&rsquo;arbitrage, le titre de propri\u00e9t\u00e9, la formation, la recherche et les ench\u00e8res.<\/span><\/p>\n<p><span style=\"font-size: 14pt;\">Nous sommes un centre de m\u00e9diateurs\u00a0: Non seuls nous assurons la m\u00e9diation, mais nous fournissons \u00e9galement un environnement permettant \u00e0 d&rsquo;autres m\u00e9diateurs en dehors de notre groupe de m\u00e9diateurs de mener \u00e0 bien leurs activit\u00e9s de m\u00e9diation. Dans notre bureau, qui est con\u00e7u selon les besoins du m\u00e9diateur et des parties, des services tels que la s\u00e9curit\u00e9, l&rsquo;inscription, le secr\u00e9tariat, les services de bureau et d&rsquo;informatique, l&rsquo;accueil, la restauration, l&rsquo;adresse postale, la livraison et le transport du courrier\/courrier, le stationnement, les s\u00e9minaires et des conf\u00e9rences sont propos\u00e9s.<\/span><\/p>\n<p><span style=\"font-size: 14pt;\"><strong><u>Tarifs<\/u><\/strong><\/span><\/p>\n<p><span style=\"font-size: 14pt;\">En mati\u00e8re commerciale, dans le cadre de la m\u00e9diation comme condition pr\u00e9alable au contentieux commercial, les deux premi\u00e8res heures d&rsquo;honoraires \u00e0 verser \u00e0 votre Centre de M\u00e9diation sont prises en charge par le minist\u00e8re de la Justice. Dans la r\u00e9solution des litiges commerciaux par la m\u00e9diation volontaire, dans les cas o\u00f9 un accord d&rsquo;honoraires valide n&rsquo;a pas \u00e9t\u00e9 conclu entre le m\u00e9diateur et les parties au litige, ou dans les cas o\u00f9 il existe un diff\u00e9rend entre le m\u00e9diateur et les parties concernant le montant de la redevance, le tarif du salaire minimum r\u00e9glement\u00e9 par la loi sur la m\u00e9diation dans les litiges civils est pris comme fondement. (Voir\u00a0: <a href=\"https:\/\/www.resmigazete.gov.tr\/eskiler\/2018\/12\/20181231M4-13-1.pdf\">https:\/\/www.resmigazete.gov.tr\/eskiler\/2018\/12\/20181231M4-13-1.pdf<\/a> )<\/span><\/p>\n<p><span style=\"font-size: 14pt;\">Pour plus d&rsquo;informations sur nos services de m\u00e9diation, vous pouvez visiter notre centre de m\u00e9diation ou nous contacter directement.<\/span><\/p>\n","protected":false},"excerpt":{"rendered":"<p>Nos services en termes de m\u00e9diation &nbsp; Concernant la r\u00e9solution des litiges juridiques par la m\u00e9diation, c\u2019est en mettant en avant des m\u00e9thodes d&rsquo;encouragement, d&rsquo;information, d&rsquo;\u00e9clairage, de communication et de n\u00e9gociation efficaces que nous veillons \u00e0 ce que les parties se comprennent correctement, communiquent et parviennent \u00e0 une solution commune permanente, Nous agissons alors en [&hellip;]<\/p>\n","protected":false},"author":1,"featured_media":0,"parent":0,"menu_order":0,"comment_status":"closed","ping_status":"open","template":"page-sidebar-right.php","meta":{"rs_blank_template":"","rs_page_bg_color":"#ffffff","slide_template_v7":"","footnotes":""},"class_list":["post-3566","page","type-page","status-publish","hentry"],"yoast_head":"<!-- This site is optimized with the Yoast SEO Premium plugin v27.1 (Yoast SEO v27.4) - https:\/\/yoast.com\/product\/yoast-seo-premium-wordpress\/ -->\n<title>LA M\u00c9DIATION JUDICIAIRE EN TURQUIE | B\u0131\u00e7ak Hukuk<\/title>\n<meta name=\"description\" content=\"Taraflar\u0131n anla\u015f\u0131p alt\u0131na imza att\u0131klar\u0131 arabuluculuk anla\u015fma belgesi, Yarg\u0131tay s\u00fcrecini de tamamlam\u0131\u015f kesinle\u015fmis bir mahkeme h\u00fckm\u00fc yerine ge\u00e7iyor ilam\" \/>\n<meta name=\"robots\" content=\"index, follow, max-snippet:-1, max-image-preview:large, max-video-preview:-1\" \/>\n<link rel=\"canonical\" href=\"https:\/\/www.bicakhukuk.com\/fr\/arabuluculuk-hizmetleri\/\" \/>\n<meta property=\"og:locale\" content=\"fr_FR\" \/>\n<meta property=\"og:type\" content=\"article\" \/>\n<meta property=\"og:title\" content=\"LA M\u00c9DIATION JUDICIAIRE EN TURQUIE\" \/>\n<meta property=\"og:description\" content=\"Nos services en termes de m\u00e9diation &nbsp; Concernant la r\u00e9solution des litiges juridiques par la m\u00e9diation, c\u2019est en mettant en avant des m\u00e9thodes\" \/>\n<meta property=\"og:url\" content=\"https:\/\/www.bicakhukuk.com\/fr\/arabuluculuk-hizmetleri\/\" \/>\n<meta property=\"og:site_name\" content=\"B\u0131\u00e7ak Hukuk\" \/>\n<meta property=\"article:publisher\" content=\"https:\/\/www.facebook.com\/bicakhukuk\" \/>\n<meta property=\"article:modified_time\" content=\"2022-02-16T08:39:08+00:00\" \/>\n<meta property=\"og:image\" content=\"https:\/\/www.bicakhukuk.com\/wp-content\/uploads\/2020\/02\/Next-Level.jpg\" \/>\n\t<meta property=\"og:image:width\" content=\"960\" \/>\n\t<meta property=\"og:image:height\" content=\"540\" \/>\n\t<meta property=\"og:image:type\" content=\"image\/jpeg\" \/>\n<meta name=\"twitter:card\" content=\"summary_large_image\" \/>\n<meta name=\"twitter:site\" content=\"@BicakHukuk\" \/>\n<meta name=\"twitter:label1\" content=\"Dur\u00e9e de lecture estim\u00e9e\" \/>\n\t<meta name=\"twitter:data1\" content=\"6 minutes\" \/>\n<script type=\"application\/ld+json\" class=\"yoast-schema-graph\">{\"@context\":\"https:\\\/\\\/schema.org\",\"@graph\":[{\"@type\":\"WebPage\",\"@id\":\"https:\\\/\\\/www.bicakhukuk.com\\\/fr\\\/arabuluculuk-hizmetleri\\\/\",\"url\":\"https:\\\/\\\/www.bicakhukuk.com\\\/fr\\\/arabuluculuk-hizmetleri\\\/\",\"name\":\"LA M\u00c9DIATION JUDICIAIRE EN TURQUIE | B\u0131\u00e7ak Hukuk\",\"isPartOf\":{\"@id\":\"https:\\\/\\\/www.bicakhukuk.com\\\/fr\\\/#website\"},\"datePublished\":\"2014-08-30T05:33:53+00:00\",\"dateModified\":\"2022-02-16T08:39:08+00:00\",\"description\":\"Taraflar\u0131n anla\u015f\u0131p alt\u0131na imza att\u0131klar\u0131 arabuluculuk anla\u015fma belgesi, Yarg\u0131tay s\u00fcrecini de tamamlam\u0131\u015f kesinle\u015fmis bir mahkeme h\u00fckm\u00fc yerine ge\u00e7iyor ilam\",\"breadcrumb\":{\"@id\":\"https:\\\/\\\/www.bicakhukuk.com\\\/fr\\\/arabuluculuk-hizmetleri\\\/#breadcrumb\"},\"inLanguage\":\"fr-FR\",\"potentialAction\":[{\"@type\":\"ReadAction\",\"target\":[\"https:\\\/\\\/www.bicakhukuk.com\\\/fr\\\/arabuluculuk-hizmetleri\\\/\"]}]},{\"@type\":\"BreadcrumbList\",\"@id\":\"https:\\\/\\\/www.bicakhukuk.com\\\/fr\\\/arabuluculuk-hizmetleri\\\/#breadcrumb\",\"itemListElement\":[{\"@type\":\"ListItem\",\"position\":1,\"name\":\"Ana sayfa\",\"item\":\"https:\\\/\\\/www.bicakhukuk.com\\\/fr\\\/\"},{\"@type\":\"ListItem\",\"position\":2,\"name\":\"LA M\u00c9DIATION JUDICIAIRE EN TURQUIE\"}]},{\"@type\":\"WebSite\",\"@id\":\"https:\\\/\\\/www.bicakhukuk.com\\\/fr\\\/#website\",\"url\":\"https:\\\/\\\/www.bicakhukuk.com\\\/fr\\\/\",\"name\":\"B\u0131\u00e7ak Hukuk\",\"description\":\"T\u00fcrkiye Merkezli Global Hukuk B\u00fcrosu\",\"publisher\":{\"@id\":\"https:\\\/\\\/www.bicakhukuk.com\\\/fr\\\/#organization\"},\"alternateName\":\"B\u0131\u00e7ak Hukuk, Ankara Avukat, Ankara Hukuk B\u00fcrosu\",\"potentialAction\":[{\"@type\":\"SearchAction\",\"target\":{\"@type\":\"EntryPoint\",\"urlTemplate\":\"https:\\\/\\\/www.bicakhukuk.com\\\/fr\\\/?s={search_term_string}\"},\"query-input\":{\"@type\":\"PropertyValueSpecification\",\"valueRequired\":true,\"valueName\":\"search_term_string\"}}],\"inLanguage\":\"fr-FR\"},{\"@type\":[\"Organization\",\"Place\"],\"@id\":\"https:\\\/\\\/www.bicakhukuk.com\\\/fr\\\/#organization\",\"name\":\"B\u0131\u00e7ak Hukuk | T\u00fcrkiye Merkezli Global Hukuk Firmas\u0131\",\"alternateName\":\"B\u0131\u00e7ak Hukuk, Ankara Avukat, Ankara Hukuk B\u00fcrosu\",\"url\":\"https:\\\/\\\/www.bicakhukuk.com\\\/fr\\\/\",\"logo\":{\"@id\":\"https:\\\/\\\/www.bicakhukuk.com\\\/fr\\\/arabuluculuk-hizmetleri\\\/#local-main-organization-logo\"},\"image\":{\"@id\":\"https:\\\/\\\/www.bicakhukuk.com\\\/fr\\\/arabuluculuk-hizmetleri\\\/#local-main-organization-logo\"},\"sameAs\":[\"https:\\\/\\\/www.facebook.com\\\/bicakhukuk\",\"https:\\\/\\\/x.com\\\/BicakHukuk\",\"https:\\\/\\\/www.instagram.com\\\/bicakhukuk\\\/\",\"https:\\\/\\\/tr.linkedin.com\\\/company\\\/b-ak-law-firm\",\"https:\\\/\\\/www.youtube.com\\\/channel\\\/UCodktEWFyJmIp3i1BH9aM2A\\\/\"],\"description\":\"K\u00fcresel, b\u00f6lgesel ve ulusal \u015firketlere, kurulu\u015flara ve ki\u015filere uzmanl\u0131k alanlar\u0131m\u0131zda uyu\u015fmazl\u0131k \u00f6nleyici hukuk dan\u0131\u015fmanl\u0131\u011f\u0131, uyu\u015fmazl\u0131k \u00e7\u00f6z\u00fcm s\u00fcre\u00e7lerinde ise arabuluculuk, arabuluculukta taraf vekilli\u011fi, mahkemelerde taraf vekilli\u011fi ve avukatl\u0131k, tahkim hakemli\u011fi, tahkimde taraf vekilli\u011fi, hukuki konularda m\u00fctalaa ve hukuki konularda e\u011fitim hizmetleri vermekteyiz. Uluslararas\u0131, b\u00f6lgesel ve ulusal hukuka ili\u015fkin inceleme, ara\u015ft\u0131rma ve tecr\u00fcbeye dayal\u0131 hukuk hizmetlerimizi sunarken teknolojinin imkan sa\u011flad\u0131\u011f\u0131 g\u00f6rsel (video konferans) veya i\u015fitsel (sesli konferans) ileti\u015fim teknolojilerinin elverdi\u011fi t\u00fcm olanaklar\u0131 kullanmaktay\u0131z. Dan\u0131\u015fanlar\u0131m\u0131z veya m\u00fcvekkillerimiz, D\u00fcnyan\u0131n, b\u00f6lgemizin veya \u00fclkemizin neresinde olurlarsa olsunlar hizmetlerimizden uzaktan eri\u015fim yoluyla yararlanabilmektedir. Muhtemel ihtilaflar\u0131 \u00f6nlemek veya en aza indirmek gayesiyle m\u00fcvekkillerimize sundu\u011fumuz dinamik, etkili ve \u00f6nleyici dan\u0131\u015fmanl\u0131k hizmetlerimizin yan\u0131nda, uyu\u015fmazl\u0131k \u00e7\u00f6z\u00fcm s\u00fcre\u00e7lerinde arabuluculuk, tahkim veya mahkemelerde dava takibi hizmetleri de sunmaktay\u0131z. Ba\u015far\u0131n\u0131n s\u0131rr\u0131, do\u011fru bilgiye h\u0131zl\u0131 eri\u015fimdir. M\u00fcvekkil ihtiya\u00e7lar\u0131 tam ve eksiksiz tan\u0131mlayarak y\u00fcksek standartlarda, kaliteli, h\u0131zl\u0131 ve sonu\u00e7 odakl\u0131 esas\u0131na dayanan bir \u00e7al\u0131\u015fma anlay\u0131\u015f\u0131 benimsemi\u015f bulunuyoruz. G\u00fcvenilirlik, itibar, etik de\u011ferler ve kalite standartlar\u0131 gibi unsurlar, vazge\u00e7ilmezlerimiz olu\u015fturur.\",\"legalName\":\"B\u0131\u00e7ak Hukuk\",\"foundingDate\":\"2002-01-01\",\"numberOfEmployees\":{\"@type\":\"QuantitativeValue\",\"minValue\":\"1\",\"maxValue\":\"10\"},\"address\":{\"@id\":\"https:\\\/\\\/www.bicakhukuk.com\\\/fr\\\/arabuluculuk-hizmetleri\\\/#local-main-place-address\"},\"geo\":{\"@type\":\"GeoCoordinates\",\"latitude\":\"39.90985903589262\",\"longitude\":\"32.81218744448808\"},\"telephone\":[\"0 (312) 473 39 60\",\"0 (553) 223 32 90\"],\"openingHoursSpecification\":[{\"@type\":\"OpeningHoursSpecification\",\"dayOfWeek\":[\"Monday\",\"Tuesday\",\"Wednesday\",\"Thursday\",\"Friday\",\"Saturday\"],\"opens\":\"08:00\",\"closes\":\"18:00\"},{\"@type\":\"OpeningHoursSpecification\",\"dayOfWeek\":[\"Sunday\"],\"opens\":\"00:00\",\"closes\":\"00:00\"}],\"email\":\"iletisim@bicakhukuk.com\",\"faxNumber\":\"0 (312) 473 39 62\",\"areaServed\":\"Hukuk\"},{\"@type\":\"PostalAddress\",\"@id\":\"https:\\\/\\\/www.bicakhukuk.com\\\/fr\\\/arabuluculuk-hizmetleri\\\/#local-main-place-address\",\"streetAddress\":\"Next Level Loft Ofis, Kat 9-10, Daire 29, K\u0131z\u0131l\u0131rmak Mahallesi, Ufuk \u00dcniversitesi Caddesi S\u00f6\u011f\u00fct\u00f6z\u00fc \\\/ \u00c7ankaya\",\"addressLocality\":\"Ankara\",\"postalCode\":\"06530\",\"addressCountry\":\"TR\"},{\"@type\":\"ImageObject\",\"inLanguage\":\"fr-FR\",\"@id\":\"https:\\\/\\\/www.bicakhukuk.com\\\/fr\\\/arabuluculuk-hizmetleri\\\/#local-main-organization-logo\",\"url\":\"https:\\\/\\\/www.bicakhukuk.com\\\/wp-content\\\/uploads\\\/2023\\\/05\\\/bicak_hukuk_logo_kare.png\",\"contentUrl\":\"https:\\\/\\\/www.bicakhukuk.com\\\/wp-content\\\/uploads\\\/2023\\\/05\\\/bicak_hukuk_logo_kare.png\",\"width\":2000,\"height\":2000,\"caption\":\"B\u0131\u00e7ak Hukuk | T\u00fcrkiye Merkezli Global Hukuk Firmas\u0131\"}]}<\/script>\n<meta name=\"geo.placename\" content=\"Ankara\" \/>\n<meta name=\"geo.position\" content=\"39.90985903589262;32.81218744448808\" \/>\n<meta name=\"geo.region\" content=\"Turquie\" \/>\n<!-- \/ Yoast SEO Premium plugin. -->","yoast_head_json":{"title":"LA M\u00c9DIATION JUDICIAIRE EN TURQUIE | B\u0131\u00e7ak Hukuk","description":"Taraflar\u0131n anla\u015f\u0131p alt\u0131na imza att\u0131klar\u0131 arabuluculuk anla\u015fma belgesi, Yarg\u0131tay s\u00fcrecini de tamamlam\u0131\u015f kesinle\u015fmis bir mahkeme h\u00fckm\u00fc yerine ge\u00e7iyor ilam","robots":{"index":"index","follow":"follow","max-snippet":"max-snippet:-1","max-image-preview":"max-image-preview:large","max-video-preview":"max-video-preview:-1"},"canonical":"https:\/\/www.bicakhukuk.com\/fr\/arabuluculuk-hizmetleri\/","og_locale":"fr_FR","og_type":"article","og_title":"LA M\u00c9DIATION JUDICIAIRE EN TURQUIE","og_description":"Nos services en termes de m\u00e9diation &nbsp; Concernant la r\u00e9solution des litiges juridiques par la m\u00e9diation, c\u2019est en mettant en avant des m\u00e9thodes","og_url":"https:\/\/www.bicakhukuk.com\/fr\/arabuluculuk-hizmetleri\/","og_site_name":"B\u0131\u00e7ak Hukuk","article_publisher":"https:\/\/www.facebook.com\/bicakhukuk","article_modified_time":"2022-02-16T08:39:08+00:00","og_image":[{"width":960,"height":540,"url":"https:\/\/www.bicakhukuk.com\/wp-content\/uploads\/2020\/02\/Next-Level.jpg","type":"image\/jpeg"}],"twitter_card":"summary_large_image","twitter_site":"@BicakHukuk","twitter_misc":{"Dur\u00e9e de lecture estim\u00e9e":"6 minutes"},"schema":{"@context":"https:\/\/schema.org","@graph":[{"@type":"WebPage","@id":"https:\/\/www.bicakhukuk.com\/fr\/arabuluculuk-hizmetleri\/","url":"https:\/\/www.bicakhukuk.com\/fr\/arabuluculuk-hizmetleri\/","name":"LA M\u00c9DIATION JUDICIAIRE EN TURQUIE | B\u0131\u00e7ak Hukuk","isPartOf":{"@id":"https:\/\/www.bicakhukuk.com\/fr\/#website"},"datePublished":"2014-08-30T05:33:53+00:00","dateModified":"2022-02-16T08:39:08+00:00","description":"Taraflar\u0131n anla\u015f\u0131p alt\u0131na imza att\u0131klar\u0131 arabuluculuk anla\u015fma belgesi, Yarg\u0131tay s\u00fcrecini de tamamlam\u0131\u015f kesinle\u015fmis bir mahkeme h\u00fckm\u00fc yerine ge\u00e7iyor ilam","breadcrumb":{"@id":"https:\/\/www.bicakhukuk.com\/fr\/arabuluculuk-hizmetleri\/#breadcrumb"},"inLanguage":"fr-FR","potentialAction":[{"@type":"ReadAction","target":["https:\/\/www.bicakhukuk.com\/fr\/arabuluculuk-hizmetleri\/"]}]},{"@type":"BreadcrumbList","@id":"https:\/\/www.bicakhukuk.com\/fr\/arabuluculuk-hizmetleri\/#breadcrumb","itemListElement":[{"@type":"ListItem","position":1,"name":"Ana sayfa","item":"https:\/\/www.bicakhukuk.com\/fr\/"},{"@type":"ListItem","position":2,"name":"LA M\u00c9DIATION JUDICIAIRE EN TURQUIE"}]},{"@type":"WebSite","@id":"https:\/\/www.bicakhukuk.com\/fr\/#website","url":"https:\/\/www.bicakhukuk.com\/fr\/","name":"B\u0131\u00e7ak Hukuk","description":"T\u00fcrkiye Merkezli Global Hukuk B\u00fcrosu","publisher":{"@id":"https:\/\/www.bicakhukuk.com\/fr\/#organization"},"alternateName":"B\u0131\u00e7ak Hukuk, Ankara Avukat, Ankara Hukuk B\u00fcrosu","potentialAction":[{"@type":"SearchAction","target":{"@type":"EntryPoint","urlTemplate":"https:\/\/www.bicakhukuk.com\/fr\/?s={search_term_string}"},"query-input":{"@type":"PropertyValueSpecification","valueRequired":true,"valueName":"search_term_string"}}],"inLanguage":"fr-FR"},{"@type":["Organization","Place"],"@id":"https:\/\/www.bicakhukuk.com\/fr\/#organization","name":"B\u0131\u00e7ak Hukuk | T\u00fcrkiye Merkezli Global Hukuk Firmas\u0131","alternateName":"B\u0131\u00e7ak Hukuk, Ankara Avukat, Ankara Hukuk B\u00fcrosu","url":"https:\/\/www.bicakhukuk.com\/fr\/","logo":{"@id":"https:\/\/www.bicakhukuk.com\/fr\/arabuluculuk-hizmetleri\/#local-main-organization-logo"},"image":{"@id":"https:\/\/www.bicakhukuk.com\/fr\/arabuluculuk-hizmetleri\/#local-main-organization-logo"},"sameAs":["https:\/\/www.facebook.com\/bicakhukuk","https:\/\/x.com\/BicakHukuk","https:\/\/www.instagram.com\/bicakhukuk\/","https:\/\/tr.linkedin.com\/company\/b-ak-law-firm","https:\/\/www.youtube.com\/channel\/UCodktEWFyJmIp3i1BH9aM2A\/"],"description":"K\u00fcresel, b\u00f6lgesel ve ulusal \u015firketlere, kurulu\u015flara ve ki\u015filere uzmanl\u0131k alanlar\u0131m\u0131zda uyu\u015fmazl\u0131k \u00f6nleyici hukuk dan\u0131\u015fmanl\u0131\u011f\u0131, uyu\u015fmazl\u0131k \u00e7\u00f6z\u00fcm s\u00fcre\u00e7lerinde ise arabuluculuk, arabuluculukta taraf vekilli\u011fi, mahkemelerde taraf vekilli\u011fi ve avukatl\u0131k, tahkim hakemli\u011fi, tahkimde taraf vekilli\u011fi, hukuki konularda m\u00fctalaa ve hukuki konularda e\u011fitim hizmetleri vermekteyiz. Uluslararas\u0131, b\u00f6lgesel ve ulusal hukuka ili\u015fkin inceleme, ara\u015ft\u0131rma ve tecr\u00fcbeye dayal\u0131 hukuk hizmetlerimizi sunarken teknolojinin imkan sa\u011flad\u0131\u011f\u0131 g\u00f6rsel (video konferans) veya i\u015fitsel (sesli konferans) ileti\u015fim teknolojilerinin elverdi\u011fi t\u00fcm olanaklar\u0131 kullanmaktay\u0131z. Dan\u0131\u015fanlar\u0131m\u0131z veya m\u00fcvekkillerimiz, D\u00fcnyan\u0131n, b\u00f6lgemizin veya \u00fclkemizin neresinde olurlarsa olsunlar hizmetlerimizden uzaktan eri\u015fim yoluyla yararlanabilmektedir. Muhtemel ihtilaflar\u0131 \u00f6nlemek veya en aza indirmek gayesiyle m\u00fcvekkillerimize sundu\u011fumuz dinamik, etkili ve \u00f6nleyici dan\u0131\u015fmanl\u0131k hizmetlerimizin yan\u0131nda, uyu\u015fmazl\u0131k \u00e7\u00f6z\u00fcm s\u00fcre\u00e7lerinde arabuluculuk, tahkim veya mahkemelerde dava takibi hizmetleri de sunmaktay\u0131z. Ba\u015far\u0131n\u0131n s\u0131rr\u0131, do\u011fru bilgiye h\u0131zl\u0131 eri\u015fimdir. M\u00fcvekkil ihtiya\u00e7lar\u0131 tam ve eksiksiz tan\u0131mlayarak y\u00fcksek standartlarda, kaliteli, h\u0131zl\u0131 ve sonu\u00e7 odakl\u0131 esas\u0131na dayanan bir \u00e7al\u0131\u015fma anlay\u0131\u015f\u0131 benimsemi\u015f bulunuyoruz. G\u00fcvenilirlik, itibar, etik de\u011ferler ve kalite standartlar\u0131 gibi unsurlar, vazge\u00e7ilmezlerimiz olu\u015fturur.","legalName":"B\u0131\u00e7ak Hukuk","foundingDate":"2002-01-01","numberOfEmployees":{"@type":"QuantitativeValue","minValue":"1","maxValue":"10"},"address":{"@id":"https:\/\/www.bicakhukuk.com\/fr\/arabuluculuk-hizmetleri\/#local-main-place-address"},"geo":{"@type":"GeoCoordinates","latitude":"39.90985903589262","longitude":"32.81218744448808"},"telephone":["0 (312) 473 39 60","0 (553) 223 32 90"],"openingHoursSpecification":[{"@type":"OpeningHoursSpecification","dayOfWeek":["Monday","Tuesday","Wednesday","Thursday","Friday","Saturday"],"opens":"08:00","closes":"18:00"},{"@type":"OpeningHoursSpecification","dayOfWeek":["Sunday"],"opens":"00:00","closes":"00:00"}],"email":"iletisim@bicakhukuk.com","faxNumber":"0 (312) 473 39 62","areaServed":"Hukuk"},{"@type":"PostalAddress","@id":"https:\/\/www.bicakhukuk.com\/fr\/arabuluculuk-hizmetleri\/#local-main-place-address","streetAddress":"Next Level Loft Ofis, Kat 9-10, Daire 29, K\u0131z\u0131l\u0131rmak Mahallesi, Ufuk \u00dcniversitesi Caddesi S\u00f6\u011f\u00fct\u00f6z\u00fc \/ \u00c7ankaya","addressLocality":"Ankara","postalCode":"06530","addressCountry":"TR"},{"@type":"ImageObject","inLanguage":"fr-FR","@id":"https:\/\/www.bicakhukuk.com\/fr\/arabuluculuk-hizmetleri\/#local-main-organization-logo","url":"https:\/\/www.bicakhukuk.com\/wp-content\/uploads\/2023\/05\/bicak_hukuk_logo_kare.png","contentUrl":"https:\/\/www.bicakhukuk.com\/wp-content\/uploads\/2023\/05\/bicak_hukuk_logo_kare.png","width":2000,"height":2000,"caption":"B\u0131\u00e7ak Hukuk | T\u00fcrkiye Merkezli Global Hukuk Firmas\u0131"}]},"geo.placename":"Ankara","geo.position":{"lat":"39.90985903589262","long":"32.81218744448808"},"geo.region":"Turquie"},"_links":{"self":[{"href":"https:\/\/www.bicakhukuk.com\/fr\/wp-json\/wp\/v2\/pages\/3566","targetHints":{"allow":["GET"]}}],"collection":[{"href":"https:\/\/www.bicakhukuk.com\/fr\/wp-json\/wp\/v2\/pages"}],"about":[{"href":"https:\/\/www.bicakhukuk.com\/fr\/wp-json\/wp\/v2\/types\/page"}],"author":[{"embeddable":true,"href":"https:\/\/www.bicakhukuk.com\/fr\/wp-json\/wp\/v2\/users\/1"}],"replies":[{"embeddable":true,"href":"https:\/\/www.bicakhukuk.com\/fr\/wp-json\/wp\/v2\/comments?post=3566"}],"version-history":[{"count":0,"href":"https:\/\/www.bicakhukuk.com\/fr\/wp-json\/wp\/v2\/pages\/3566\/revisions"}],"wp:attachment":[{"href":"https:\/\/www.bicakhukuk.com\/fr\/wp-json\/wp\/v2\/media?parent=3566"}],"curies":[{"name":"wp","href":"https:\/\/api.w.org\/{rel}","templated":true}]}}