{"id":3511,"date":"2014-08-04T21:21:07","date_gmt":"2014-08-04T18:21:07","guid":{"rendered":"http:\/\/www.bicakhukuk.com\/bicak-hukuk\/yayinlar\/kitapta-bolumler\/"},"modified":"2020-03-10T18:20:29","modified_gmt":"2020-03-10T15:20:29","slug":"kitapta-bolumler","status":"publish","type":"page","link":"https:\/\/www.bicakhukuk.com\/fr\/yayinlar\/kitapta-bolumler\/","title":{"rendered":"Chapitres du livre"},"content":{"rendered":"<table class=\"MsoNormalTable\" style=\"border-collapse: collapse; margin-left: 3.5pt;\" border=\"1\" width=\"100%\" cellspacing=\"0\" cellpadding=\"0\">\n<tbody>\n<tr style=\"height: 16.0pt;\">\n<td style=\"width: 351.0pt; height: 16.0pt; border: 1.0pt solid windowtext; padding: 0cm 3.5pt 0cm 3.5pt;\" colspan=\"2\" width=\"304\">\n<p class=\"MsoNormal\">TRAVAUX<\/p>\n<\/td>\n<td style=\"width: 171.0pt; height: 16.0pt; border-left: medium none; border-right: 1.0pt solid windowtext; border-top: 1.0pt solid windowtext; border-bottom: 1.0pt solid windowtext; padding: 0cm 3.5pt 0cm 3.5pt;\" width=\"159\">\n<p class=\"MsoNormal\">JOURNAL ET LIVRE PUBLI\u00c9S<\/p>\n<\/td>\n<td style=\"width: 117.0pt; height: 16.0pt; border-left: medium none; border-right: 1.0pt solid windowtext; border-top: 1.0pt solid windowtext; border-bottom: 1.0pt solid windowtext; padding: 0cm 3.5pt 0cm 3.5pt;\" width=\"98\">\n<p class=\"MsoNormal\">DATE DE PUBLICATION<\/p>\n<\/td>\n<\/tr>\n<tr style=\"height: 18.65pt;\">\n<td style=\"width: 99.25pt; height: 18.65pt; border-left: 1.0pt solid windowtext; border-right: 1.0pt solid windowtext; border-top: medium none; border-bottom: 1.0pt solid windowtext; padding: 0cm 3.5pt 0cm 3.5pt;\" rowspan=\"4\" width=\"105\">\n<p class=\"MsoNormal\" style=\"text-align: center;\" align=\"center\"><b><br \/>\n<span style=\"font-size: 10.0pt;\">Chapitres du livre<\/span><\/b><\/p>\n<\/td>\n<td style=\"width: 251.75pt; height: 18.65pt; border-left: medium none; border-right: 1.0pt solid windowtext; border-top: medium none; border-bottom: 1.0pt solid windowtext; padding: 0cm 3.5pt 0cm 3.5pt;\" width=\"199\">\n<p class=\"MsoNormal\" style=\"text-align: justify;\">1- B\u0131\u00e7ak, V. Avrupa<br \/>\n\u0130nsan Haklar\u0131 Mahkemesi<\/p>\n<\/td>\n<td style=\"width: 171.0pt; height: 18.65pt; border-left: medium none; border-right: 1.0pt solid windowtext; border-top: medium none; border-bottom: 1.0pt solid windowtext; padding: 0cm 3.5pt 0cm 3.5pt;\" width=\"159\">\n<p class=\"MsoNormal\" style=\"text-align: justify;\">Uluslar aras\u0131 \u00d6rg\u00fctler<br \/>\nve T\u00fcrkiye, \u00c7izgi Kitabevi, Edit\u00f6rler: \u015eaban \u00c7al\u0131\u015f, Birol Akg\u00fcn, \u00d6nder<br \/>\nKutlu<\/p>\n<\/td>\n<td style=\"width: 117.0pt; height: 18.65pt; border-left: medium none; border-right: 1.0pt solid windowtext; border-top: medium none; border-bottom: 1.0pt solid windowtext; padding: 0cm 3.5pt 0cm 3.5pt;\" width=\"98\">\n<p class=\"MsoNormal\" style=\"text-align: justify;\">2006<\/p>\n<\/td>\n<\/tr>\n<tr style=\"height: 18.65pt;\">\n<td style=\"width: 251.75pt; height: 18.65pt; border-left: medium none; border-right: 1.0pt solid windowtext; border-top: medium none; border-bottom: 1.0pt solid windowtext; padding: 0cm 3.5pt 0cm 3.5pt;\" width=\"199\">\n<p class=\"MsoNormal\" style=\"text-align: justify;\">2- B\u0131\u00e7ak, V. \u2018Arama, Men<br \/>\nEtme ve Kapatma Yetkisi\u201d<\/p>\n<\/td>\n<td style=\"width: 171.0pt; height: 18.65pt; border-left: medium none; border-right: 1.0pt solid windowtext; border-top: medium none; border-bottom: 1.0pt solid windowtext; padding: 0cm 3.5pt 0cm 3.5pt;\" width=\"159\">\n<p class=\"MsoNormal\" style=\"text-align: justify;\">Polisin G\u00f6rev ve<br \/>\nYetkileri, Anadolu \u00dcniversitesi Yay\u0131nlar\u0131, Edit\u00f6rler: Ayd\u0131n Ziya \u00d6zg\u00fcr,<br \/>\nS\u00fcleyman S\u00f6zen, s. 89-107<\/p>\n<\/td>\n<td style=\"width: 117.0pt; height: 18.65pt; border-left: medium none; border-right: 1.0pt solid windowtext; border-top: medium none; border-bottom: 1.0pt solid windowtext; padding: 0cm 3.5pt 0cm 3.5pt;\" width=\"98\">\n<p class=\"MsoNormal\" style=\"text-align: justify;\">2003<\/p>\n<\/td>\n<\/tr>\n<tr style=\"height: 18.65pt;\">\n<td style=\"width: 251.75pt; height: 18.65pt; border-left: medium none; border-right: 1.0pt solid windowtext; border-top: medium none; border-bottom: 1.0pt solid windowtext; padding: 0cm 3.5pt 0cm 3.5pt;\" width=\"199\">\n<p class=\"MsoNormal\" style=\"text-align: justify;\">3- B\u0131\u00e7ak, V. \u201cOrganize<br \/>\nSu\u00e7 \u00d6rg\u00fctleriyle M\u00fccadelede Polisin Yetkileri\u201d<\/p>\n<\/td>\n<td style=\"width: 171.0pt; height: 18.65pt; border-left: medium none; border-right: 1.0pt solid windowtext; border-top: medium none; border-bottom: 1.0pt solid windowtext; padding: 0cm 3.5pt 0cm 3.5pt;\" width=\"159\">\n<p class=\"MsoNormal\" style=\"text-align: justify;\">Polisin G\u00f6rev ve<br \/>\nYetkileri, Anadolu \u00dcniversitesi Yay\u0131nlar\u0131, Edit\u00f6rler: Ayd\u0131n Ziya \u00d6zg\u00fcr,<br \/>\nS\u00fcleyman S\u00f6zen, s. 221-236<\/p>\n<\/td>\n<td style=\"width: 117.0pt; height: 18.65pt; border-left: medium none; border-right: 1.0pt solid windowtext; border-top: medium none; border-bottom: 1.0pt solid windowtext; padding: 0cm 3.5pt 0cm 3.5pt;\" width=\"98\">\n<p class=\"MsoNormal\" style=\"text-align: justify;\">2003<\/p>\n<\/td>\n<\/tr>\n<tr style=\"height: 18.65pt;\">\n<td style=\"width: 251.75pt; height: 18.65pt; border-left: medium none; border-right: 1.0pt solid windowtext; border-top: medium none; border-bottom: 1.0pt solid windowtext; padding: 0cm 3.5pt 0cm 3.5pt;\" width=\"199\">\n<p class=\"MsoNormal\" style=\"text-align: justify;\">4- B\u0131\u00e7ak, V. (1999)<br \/>\n\u201cConstitution and Legal System\u201d, Turkey, s.148-154,<\/p>\n<p class=\"MsoNormal\" style=\"margin-left: 35.4pt; text-align: justify; text-indent: 35.4pt;\">,<\/p>\n<p class=\"MsoNormal\" style=\"text-align: justify;\">\n<\/td>\n<td style=\"width: 171.0pt; height: 18.65pt; border-left: medium none; border-right: 1.0pt solid windowtext; border-top: medium none; border-bottom: 1.0pt solid windowtext; padding: 0cm 3.5pt 0cm 3.5pt;\" width=\"159\">\n<p class=\"MsoNormal\" style=\"text-align: justify;\">Turkey, Clio Press,<br \/>\nOxford,\u00a0 England, Edit\u00f6r:\u00a0\u00a0\u00a0\u00a0 \u00c7i\u011fdem Bal\u0131m-Harding<\/p>\n<\/td>\n<td style=\"width: 117.0pt; height: 18.65pt; border-left: medium none; border-right: 1.0pt solid windowtext; border-top: medium none; border-bottom: 1.0pt solid windowtext; padding: 0cm 3.5pt 0cm 3.5pt;\" width=\"98\">\n<p class=\"MsoNormal\" style=\"text-align: justify;\">1999<\/p>\n<\/td>\n<\/tr>\n<\/tbody>\n<\/table>\n<p>&nbsp;<\/p>\n","protected":false},"excerpt":{"rendered":"<p>TRAVAUX JOURNAL ET LIVRE PUBLI\u00c9S DATE DE PUBLICATION Chapitres du livre 1- B\u0131\u00e7ak, V. Avrupa \u0130nsan Haklar\u0131 Mahkemesi Uluslar aras\u0131 \u00d6rg\u00fctler ve T\u00fcrkiye, \u00c7izgi Kitabevi, Edit\u00f6rler: \u015eaban \u00c7al\u0131\u015f, Birol Akg\u00fcn, \u00d6nder Kutlu 2006 2- B\u0131\u00e7ak, V. \u2018Arama, Men Etme ve Kapatma Yetkisi\u201d Polisin G\u00f6rev ve Yetkileri, Anadolu \u00dcniversitesi Yay\u0131nlar\u0131, Edit\u00f6rler: Ayd\u0131n Ziya \u00d6zg\u00fcr, S\u00fcleyman S\u00f6zen, [&hellip;]<\/p>\n","protected":false},"author":1,"featured_media":0,"parent":3325,"menu_order":0,"comment_status":"open","ping_status":"open","template":"page-sidebar-right.php","meta":{"rs_blank_template":"","rs_page_bg_color":"#ffffff","slide_template_v7":"","footnotes":""},"class_list":["post-3511","page","type-page","status-publish","hentry"],"yoast_head":"<!-- This site is optimized with the Yoast SEO Premium plugin v27.1 (Yoast SEO v27.4) - https:\/\/yoast.com\/product\/yoast-seo-premium-wordpress\/ -->\n<title>Chapitres du livre | B\u0131\u00e7ak Hukuk<\/title>\n<meta name=\"robots\" content=\"index, follow, max-snippet:-1, max-image-preview:large, max-video-preview:-1\" \/>\n<link rel=\"canonical\" href=\"https:\/\/www.bicakhukuk.com\/fr\/yayinlar\/kitapta-bolumler\/\" \/>\n<meta property=\"og:locale\" content=\"fr_FR\" \/>\n<meta property=\"og:type\" content=\"article\" \/>\n<meta property=\"og:title\" content=\"Chapitres du livre\" \/>\n<meta property=\"og:description\" content=\"TRAVAUX JOURNAL ET LIVRE PUBLI\u00c9S DATE DE PUBLICATION Chapitres du livre 1- B\u0131\u00e7ak, V. Avrupa \u0130nsan Haklar\u0131 Mahkemesi Uluslar aras\u0131 \u00d6rg\u00fctler ve T\u00fcrkiye,\" \/>\n<meta property=\"og:url\" content=\"https:\/\/www.bicakhukuk.com\/fr\/yayinlar\/kitapta-bolumler\/\" \/>\n<meta property=\"og:site_name\" content=\"B\u0131\u00e7ak Hukuk\" \/>\n<meta property=\"article:publisher\" content=\"https:\/\/www.facebook.com\/bicakhukuk\" \/>\n<meta property=\"article:modified_time\" content=\"2020-03-10T15:20:29+00:00\" \/>\n<meta property=\"og:image\" content=\"https:\/\/www.bicakhukuk.com\/wp-content\/uploads\/2020\/02\/Next-Level.jpg\" \/>\n\t<meta property=\"og:image:width\" content=\"960\" \/>\n\t<meta property=\"og:image:height\" content=\"540\" \/>\n\t<meta property=\"og:image:type\" content=\"image\/jpeg\" \/>\n<meta name=\"twitter:card\" content=\"summary_large_image\" \/>\n<meta name=\"twitter:site\" content=\"@BicakHukuk\" \/>\n<meta name=\"twitter:label1\" content=\"Dur\u00e9e de lecture estim\u00e9e\" \/>\n\t<meta name=\"twitter:data1\" content=\"1 minute\" \/>\n<script type=\"application\/ld+json\" class=\"yoast-schema-graph\">{\"@context\":\"https:\\\/\\\/schema.org\",\"@graph\":[{\"@type\":\"WebPage\",\"@id\":\"https:\\\/\\\/www.bicakhukuk.com\\\/fr\\\/yayinlar\\\/kitapta-bolumler\\\/\",\"url\":\"https:\\\/\\\/www.bicakhukuk.com\\\/fr\\\/yayinlar\\\/kitapta-bolumler\\\/\",\"name\":\"Chapitres du livre | B\u0131\u00e7ak Hukuk\",\"isPartOf\":{\"@id\":\"https:\\\/\\\/www.bicakhukuk.com\\\/fr\\\/#website\"},\"datePublished\":\"2014-08-04T18:21:07+00:00\",\"dateModified\":\"2020-03-10T15:20:29+00:00\",\"breadcrumb\":{\"@id\":\"https:\\\/\\\/www.bicakhukuk.com\\\/fr\\\/yayinlar\\\/kitapta-bolumler\\\/#breadcrumb\"},\"inLanguage\":\"fr-FR\",\"potentialAction\":[{\"@type\":\"ReadAction\",\"target\":[\"https:\\\/\\\/www.bicakhukuk.com\\\/fr\\\/yayinlar\\\/kitapta-bolumler\\\/\"]}]},{\"@type\":\"BreadcrumbList\",\"@id\":\"https:\\\/\\\/www.bicakhukuk.com\\\/fr\\\/yayinlar\\\/kitapta-bolumler\\\/#breadcrumb\",\"itemListElement\":[{\"@type\":\"ListItem\",\"position\":1,\"name\":\"Ana sayfa\",\"item\":\"https:\\\/\\\/www.bicakhukuk.com\\\/fr\\\/\"},{\"@type\":\"ListItem\",\"position\":2,\"name\":\"Publications\",\"item\":\"https:\\\/\\\/www.bicakhukuk.com\\\/fr\\\/yayinlar\\\/\"},{\"@type\":\"ListItem\",\"position\":3,\"name\":\"Chapitres du livre\"}]},{\"@type\":\"WebSite\",\"@id\":\"https:\\\/\\\/www.bicakhukuk.com\\\/fr\\\/#website\",\"url\":\"https:\\\/\\\/www.bicakhukuk.com\\\/fr\\\/\",\"name\":\"B\u0131\u00e7ak Hukuk\",\"description\":\"T\u00fcrkiye Merkezli Global Hukuk B\u00fcrosu\",\"publisher\":{\"@id\":\"https:\\\/\\\/www.bicakhukuk.com\\\/fr\\\/#organization\"},\"alternateName\":\"B\u0131\u00e7ak Hukuk, Ankara Avukat, Ankara Hukuk B\u00fcrosu\",\"potentialAction\":[{\"@type\":\"SearchAction\",\"target\":{\"@type\":\"EntryPoint\",\"urlTemplate\":\"https:\\\/\\\/www.bicakhukuk.com\\\/fr\\\/?s={search_term_string}\"},\"query-input\":{\"@type\":\"PropertyValueSpecification\",\"valueRequired\":true,\"valueName\":\"search_term_string\"}}],\"inLanguage\":\"fr-FR\"},{\"@type\":[\"Organization\",\"Place\"],\"@id\":\"https:\\\/\\\/www.bicakhukuk.com\\\/fr\\\/#organization\",\"name\":\"B\u0131\u00e7ak Hukuk | T\u00fcrkiye Merkezli Global Hukuk Firmas\u0131\",\"alternateName\":\"B\u0131\u00e7ak Hukuk, Ankara Avukat, Ankara Hukuk B\u00fcrosu\",\"url\":\"https:\\\/\\\/www.bicakhukuk.com\\\/fr\\\/\",\"logo\":{\"@id\":\"https:\\\/\\\/www.bicakhukuk.com\\\/fr\\\/yayinlar\\\/kitapta-bolumler\\\/#local-main-organization-logo\"},\"image\":{\"@id\":\"https:\\\/\\\/www.bicakhukuk.com\\\/fr\\\/yayinlar\\\/kitapta-bolumler\\\/#local-main-organization-logo\"},\"sameAs\":[\"https:\\\/\\\/www.facebook.com\\\/bicakhukuk\",\"https:\\\/\\\/x.com\\\/BicakHukuk\",\"https:\\\/\\\/www.instagram.com\\\/bicakhukuk\\\/\",\"https:\\\/\\\/tr.linkedin.com\\\/company\\\/b-ak-law-firm\",\"https:\\\/\\\/www.youtube.com\\\/channel\\\/UCodktEWFyJmIp3i1BH9aM2A\\\/\"],\"description\":\"K\u00fcresel, b\u00f6lgesel ve ulusal \u015firketlere, kurulu\u015flara ve ki\u015filere uzmanl\u0131k alanlar\u0131m\u0131zda uyu\u015fmazl\u0131k \u00f6nleyici hukuk dan\u0131\u015fmanl\u0131\u011f\u0131, uyu\u015fmazl\u0131k \u00e7\u00f6z\u00fcm s\u00fcre\u00e7lerinde ise arabuluculuk, arabuluculukta taraf vekilli\u011fi, mahkemelerde taraf vekilli\u011fi ve avukatl\u0131k, tahkim hakemli\u011fi, tahkimde taraf vekilli\u011fi, hukuki konularda m\u00fctalaa ve hukuki konularda e\u011fitim hizmetleri vermekteyiz. Uluslararas\u0131, b\u00f6lgesel ve ulusal hukuka ili\u015fkin inceleme, ara\u015ft\u0131rma ve tecr\u00fcbeye dayal\u0131 hukuk hizmetlerimizi sunarken teknolojinin imkan sa\u011flad\u0131\u011f\u0131 g\u00f6rsel (video konferans) veya i\u015fitsel (sesli konferans) ileti\u015fim teknolojilerinin elverdi\u011fi t\u00fcm olanaklar\u0131 kullanmaktay\u0131z. Dan\u0131\u015fanlar\u0131m\u0131z veya m\u00fcvekkillerimiz, D\u00fcnyan\u0131n, b\u00f6lgemizin veya \u00fclkemizin neresinde olurlarsa olsunlar hizmetlerimizden uzaktan eri\u015fim yoluyla yararlanabilmektedir. Muhtemel ihtilaflar\u0131 \u00f6nlemek veya en aza indirmek gayesiyle m\u00fcvekkillerimize sundu\u011fumuz dinamik, etkili ve \u00f6nleyici dan\u0131\u015fmanl\u0131k hizmetlerimizin yan\u0131nda, uyu\u015fmazl\u0131k \u00e7\u00f6z\u00fcm s\u00fcre\u00e7lerinde arabuluculuk, tahkim veya mahkemelerde dava takibi hizmetleri de sunmaktay\u0131z. Ba\u015far\u0131n\u0131n s\u0131rr\u0131, do\u011fru bilgiye h\u0131zl\u0131 eri\u015fimdir. M\u00fcvekkil ihtiya\u00e7lar\u0131 tam ve eksiksiz tan\u0131mlayarak y\u00fcksek standartlarda, kaliteli, h\u0131zl\u0131 ve sonu\u00e7 odakl\u0131 esas\u0131na dayanan bir \u00e7al\u0131\u015fma anlay\u0131\u015f\u0131 benimsemi\u015f bulunuyoruz. G\u00fcvenilirlik, itibar, etik de\u011ferler ve kalite standartlar\u0131 gibi unsurlar, vazge\u00e7ilmezlerimiz olu\u015fturur.\",\"legalName\":\"B\u0131\u00e7ak Hukuk\",\"foundingDate\":\"2002-01-01\",\"numberOfEmployees\":{\"@type\":\"QuantitativeValue\",\"minValue\":\"1\",\"maxValue\":\"10\"},\"address\":{\"@id\":\"https:\\\/\\\/www.bicakhukuk.com\\\/fr\\\/yayinlar\\\/kitapta-bolumler\\\/#local-main-place-address\"},\"geo\":{\"@type\":\"GeoCoordinates\",\"latitude\":\"39.90985903589262\",\"longitude\":\"32.81218744448808\"},\"telephone\":[\"0 (312) 473 39 60\",\"0 (553) 223 32 90\"],\"openingHoursSpecification\":[{\"@type\":\"OpeningHoursSpecification\",\"dayOfWeek\":[\"Monday\",\"Tuesday\",\"Wednesday\",\"Thursday\",\"Friday\",\"Saturday\"],\"opens\":\"08:00\",\"closes\":\"18:00\"},{\"@type\":\"OpeningHoursSpecification\",\"dayOfWeek\":[\"Sunday\"],\"opens\":\"00:00\",\"closes\":\"00:00\"}],\"email\":\"iletisim@bicakhukuk.com\",\"faxNumber\":\"0 (312) 473 39 62\",\"areaServed\":\"Hukuk\"},{\"@type\":\"PostalAddress\",\"@id\":\"https:\\\/\\\/www.bicakhukuk.com\\\/fr\\\/yayinlar\\\/kitapta-bolumler\\\/#local-main-place-address\",\"streetAddress\":\"Next Level Loft Ofis, Kat 9-10, Daire 29, K\u0131z\u0131l\u0131rmak Mahallesi, Ufuk \u00dcniversitesi Caddesi S\u00f6\u011f\u00fct\u00f6z\u00fc \\\/ \u00c7ankaya\",\"addressLocality\":\"Ankara\",\"postalCode\":\"06530\",\"addressCountry\":\"TR\"},{\"@type\":\"ImageObject\",\"inLanguage\":\"fr-FR\",\"@id\":\"https:\\\/\\\/www.bicakhukuk.com\\\/fr\\\/yayinlar\\\/kitapta-bolumler\\\/#local-main-organization-logo\",\"url\":\"https:\\\/\\\/www.bicakhukuk.com\\\/wp-content\\\/uploads\\\/2023\\\/05\\\/bicak_hukuk_logo_kare.png\",\"contentUrl\":\"https:\\\/\\\/www.bicakhukuk.com\\\/wp-content\\\/uploads\\\/2023\\\/05\\\/bicak_hukuk_logo_kare.png\",\"width\":2000,\"height\":2000,\"caption\":\"B\u0131\u00e7ak Hukuk | T\u00fcrkiye Merkezli Global Hukuk Firmas\u0131\"}]}<\/script>\n<meta name=\"geo.placename\" content=\"Ankara\" \/>\n<meta name=\"geo.position\" content=\"39.90985903589262;32.81218744448808\" \/>\n<meta name=\"geo.region\" content=\"Turquie\" \/>\n<!-- \/ Yoast SEO Premium plugin. -->","yoast_head_json":{"title":"Chapitres du livre | B\u0131\u00e7ak Hukuk","robots":{"index":"index","follow":"follow","max-snippet":"max-snippet:-1","max-image-preview":"max-image-preview:large","max-video-preview":"max-video-preview:-1"},"canonical":"https:\/\/www.bicakhukuk.com\/fr\/yayinlar\/kitapta-bolumler\/","og_locale":"fr_FR","og_type":"article","og_title":"Chapitres du livre","og_description":"TRAVAUX JOURNAL ET LIVRE PUBLI\u00c9S DATE DE PUBLICATION Chapitres du livre 1- B\u0131\u00e7ak, V. Avrupa \u0130nsan Haklar\u0131 Mahkemesi Uluslar aras\u0131 \u00d6rg\u00fctler ve T\u00fcrkiye,","og_url":"https:\/\/www.bicakhukuk.com\/fr\/yayinlar\/kitapta-bolumler\/","og_site_name":"B\u0131\u00e7ak Hukuk","article_publisher":"https:\/\/www.facebook.com\/bicakhukuk","article_modified_time":"2020-03-10T15:20:29+00:00","og_image":[{"width":960,"height":540,"url":"https:\/\/www.bicakhukuk.com\/wp-content\/uploads\/2020\/02\/Next-Level.jpg","type":"image\/jpeg"}],"twitter_card":"summary_large_image","twitter_site":"@BicakHukuk","twitter_misc":{"Dur\u00e9e de lecture estim\u00e9e":"1 minute"},"schema":{"@context":"https:\/\/schema.org","@graph":[{"@type":"WebPage","@id":"https:\/\/www.bicakhukuk.com\/fr\/yayinlar\/kitapta-bolumler\/","url":"https:\/\/www.bicakhukuk.com\/fr\/yayinlar\/kitapta-bolumler\/","name":"Chapitres du livre | B\u0131\u00e7ak Hukuk","isPartOf":{"@id":"https:\/\/www.bicakhukuk.com\/fr\/#website"},"datePublished":"2014-08-04T18:21:07+00:00","dateModified":"2020-03-10T15:20:29+00:00","breadcrumb":{"@id":"https:\/\/www.bicakhukuk.com\/fr\/yayinlar\/kitapta-bolumler\/#breadcrumb"},"inLanguage":"fr-FR","potentialAction":[{"@type":"ReadAction","target":["https:\/\/www.bicakhukuk.com\/fr\/yayinlar\/kitapta-bolumler\/"]}]},{"@type":"BreadcrumbList","@id":"https:\/\/www.bicakhukuk.com\/fr\/yayinlar\/kitapta-bolumler\/#breadcrumb","itemListElement":[{"@type":"ListItem","position":1,"name":"Ana sayfa","item":"https:\/\/www.bicakhukuk.com\/fr\/"},{"@type":"ListItem","position":2,"name":"Publications","item":"https:\/\/www.bicakhukuk.com\/fr\/yayinlar\/"},{"@type":"ListItem","position":3,"name":"Chapitres du livre"}]},{"@type":"WebSite","@id":"https:\/\/www.bicakhukuk.com\/fr\/#website","url":"https:\/\/www.bicakhukuk.com\/fr\/","name":"B\u0131\u00e7ak Hukuk","description":"T\u00fcrkiye Merkezli Global Hukuk B\u00fcrosu","publisher":{"@id":"https:\/\/www.bicakhukuk.com\/fr\/#organization"},"alternateName":"B\u0131\u00e7ak Hukuk, Ankara Avukat, Ankara Hukuk B\u00fcrosu","potentialAction":[{"@type":"SearchAction","target":{"@type":"EntryPoint","urlTemplate":"https:\/\/www.bicakhukuk.com\/fr\/?s={search_term_string}"},"query-input":{"@type":"PropertyValueSpecification","valueRequired":true,"valueName":"search_term_string"}}],"inLanguage":"fr-FR"},{"@type":["Organization","Place"],"@id":"https:\/\/www.bicakhukuk.com\/fr\/#organization","name":"B\u0131\u00e7ak Hukuk | T\u00fcrkiye Merkezli Global Hukuk Firmas\u0131","alternateName":"B\u0131\u00e7ak Hukuk, Ankara Avukat, Ankara Hukuk B\u00fcrosu","url":"https:\/\/www.bicakhukuk.com\/fr\/","logo":{"@id":"https:\/\/www.bicakhukuk.com\/fr\/yayinlar\/kitapta-bolumler\/#local-main-organization-logo"},"image":{"@id":"https:\/\/www.bicakhukuk.com\/fr\/yayinlar\/kitapta-bolumler\/#local-main-organization-logo"},"sameAs":["https:\/\/www.facebook.com\/bicakhukuk","https:\/\/x.com\/BicakHukuk","https:\/\/www.instagram.com\/bicakhukuk\/","https:\/\/tr.linkedin.com\/company\/b-ak-law-firm","https:\/\/www.youtube.com\/channel\/UCodktEWFyJmIp3i1BH9aM2A\/"],"description":"K\u00fcresel, b\u00f6lgesel ve ulusal \u015firketlere, kurulu\u015flara ve ki\u015filere uzmanl\u0131k alanlar\u0131m\u0131zda uyu\u015fmazl\u0131k \u00f6nleyici hukuk dan\u0131\u015fmanl\u0131\u011f\u0131, uyu\u015fmazl\u0131k \u00e7\u00f6z\u00fcm s\u00fcre\u00e7lerinde ise arabuluculuk, arabuluculukta taraf vekilli\u011fi, mahkemelerde taraf vekilli\u011fi ve avukatl\u0131k, tahkim hakemli\u011fi, tahkimde taraf vekilli\u011fi, hukuki konularda m\u00fctalaa ve hukuki konularda e\u011fitim hizmetleri vermekteyiz. Uluslararas\u0131, b\u00f6lgesel ve ulusal hukuka ili\u015fkin inceleme, ara\u015ft\u0131rma ve tecr\u00fcbeye dayal\u0131 hukuk hizmetlerimizi sunarken teknolojinin imkan sa\u011flad\u0131\u011f\u0131 g\u00f6rsel (video konferans) veya i\u015fitsel (sesli konferans) ileti\u015fim teknolojilerinin elverdi\u011fi t\u00fcm olanaklar\u0131 kullanmaktay\u0131z. Dan\u0131\u015fanlar\u0131m\u0131z veya m\u00fcvekkillerimiz, D\u00fcnyan\u0131n, b\u00f6lgemizin veya \u00fclkemizin neresinde olurlarsa olsunlar hizmetlerimizden uzaktan eri\u015fim yoluyla yararlanabilmektedir. Muhtemel ihtilaflar\u0131 \u00f6nlemek veya en aza indirmek gayesiyle m\u00fcvekkillerimize sundu\u011fumuz dinamik, etkili ve \u00f6nleyici dan\u0131\u015fmanl\u0131k hizmetlerimizin yan\u0131nda, uyu\u015fmazl\u0131k \u00e7\u00f6z\u00fcm s\u00fcre\u00e7lerinde arabuluculuk, tahkim veya mahkemelerde dava takibi hizmetleri de sunmaktay\u0131z. Ba\u015far\u0131n\u0131n s\u0131rr\u0131, do\u011fru bilgiye h\u0131zl\u0131 eri\u015fimdir. M\u00fcvekkil ihtiya\u00e7lar\u0131 tam ve eksiksiz tan\u0131mlayarak y\u00fcksek standartlarda, kaliteli, h\u0131zl\u0131 ve sonu\u00e7 odakl\u0131 esas\u0131na dayanan bir \u00e7al\u0131\u015fma anlay\u0131\u015f\u0131 benimsemi\u015f bulunuyoruz. G\u00fcvenilirlik, itibar, etik de\u011ferler ve kalite standartlar\u0131 gibi unsurlar, vazge\u00e7ilmezlerimiz olu\u015fturur.","legalName":"B\u0131\u00e7ak Hukuk","foundingDate":"2002-01-01","numberOfEmployees":{"@type":"QuantitativeValue","minValue":"1","maxValue":"10"},"address":{"@id":"https:\/\/www.bicakhukuk.com\/fr\/yayinlar\/kitapta-bolumler\/#local-main-place-address"},"geo":{"@type":"GeoCoordinates","latitude":"39.90985903589262","longitude":"32.81218744448808"},"telephone":["0 (312) 473 39 60","0 (553) 223 32 90"],"openingHoursSpecification":[{"@type":"OpeningHoursSpecification","dayOfWeek":["Monday","Tuesday","Wednesday","Thursday","Friday","Saturday"],"opens":"08:00","closes":"18:00"},{"@type":"OpeningHoursSpecification","dayOfWeek":["Sunday"],"opens":"00:00","closes":"00:00"}],"email":"iletisim@bicakhukuk.com","faxNumber":"0 (312) 473 39 62","areaServed":"Hukuk"},{"@type":"PostalAddress","@id":"https:\/\/www.bicakhukuk.com\/fr\/yayinlar\/kitapta-bolumler\/#local-main-place-address","streetAddress":"Next Level Loft Ofis, Kat 9-10, Daire 29, K\u0131z\u0131l\u0131rmak Mahallesi, Ufuk \u00dcniversitesi Caddesi S\u00f6\u011f\u00fct\u00f6z\u00fc \/ \u00c7ankaya","addressLocality":"Ankara","postalCode":"06530","addressCountry":"TR"},{"@type":"ImageObject","inLanguage":"fr-FR","@id":"https:\/\/www.bicakhukuk.com\/fr\/yayinlar\/kitapta-bolumler\/#local-main-organization-logo","url":"https:\/\/www.bicakhukuk.com\/wp-content\/uploads\/2023\/05\/bicak_hukuk_logo_kare.png","contentUrl":"https:\/\/www.bicakhukuk.com\/wp-content\/uploads\/2023\/05\/bicak_hukuk_logo_kare.png","width":2000,"height":2000,"caption":"B\u0131\u00e7ak Hukuk | T\u00fcrkiye Merkezli Global Hukuk Firmas\u0131"}]},"geo.placename":"Ankara","geo.position":{"lat":"39.90985903589262","long":"32.81218744448808"},"geo.region":"Turquie"},"_links":{"self":[{"href":"https:\/\/www.bicakhukuk.com\/fr\/wp-json\/wp\/v2\/pages\/3511","targetHints":{"allow":["GET"]}}],"collection":[{"href":"https:\/\/www.bicakhukuk.com\/fr\/wp-json\/wp\/v2\/pages"}],"about":[{"href":"https:\/\/www.bicakhukuk.com\/fr\/wp-json\/wp\/v2\/types\/page"}],"author":[{"embeddable":true,"href":"https:\/\/www.bicakhukuk.com\/fr\/wp-json\/wp\/v2\/users\/1"}],"replies":[{"embeddable":true,"href":"https:\/\/www.bicakhukuk.com\/fr\/wp-json\/wp\/v2\/comments?post=3511"}],"version-history":[{"count":0,"href":"https:\/\/www.bicakhukuk.com\/fr\/wp-json\/wp\/v2\/pages\/3511\/revisions"}],"up":[{"embeddable":true,"href":"https:\/\/www.bicakhukuk.com\/fr\/wp-json\/wp\/v2\/pages\/3325"}],"wp:attachment":[{"href":"https:\/\/www.bicakhukuk.com\/fr\/wp-json\/wp\/v2\/media?parent=3511"}],"curies":[{"name":"wp","href":"https:\/\/api.w.org\/{rel}","templated":true}]}}