{"id":3124,"date":"2014-08-04T20:26:26","date_gmt":"2014-08-04T17:26:26","guid":{"rendered":"http:\/\/www.bicakhukuk.com\/bicak-hukuk\/faaliyet-alanlarimiz\/telekominikasyon-hukuku\/"},"modified":"2020-03-12T12:12:57","modified_gmt":"2020-03-12T09:12:57","slug":"kvk-hukuku","status":"publish","type":"page","link":"https:\/\/www.bicakhukuk.com\/fr\/faaliyet-alanlarimiz\/kvk-hukuku\/","title":{"rendered":"Loi sur la protection des donn\u00e9es personnelles"},"content":{"rendered":"<p>&#8211; En raison de la divulgation d&rsquo;entit\u00e9s juridiques qui ont viol\u00e9 les responsabilit\u00e9s impos\u00e9es par loi de la protection des donn\u00e9es personnelles et de l&rsquo;augmentation des amendes administratives en fonction des taux de r\u00e9\u00e9valuation, le plafond des amendes a entra\u00een\u00e9 un mouvement dans tous les secteurs.<\/p>\n<p>&#8211; La recherche par les entreprises de cabinets d&rsquo;avocats sp\u00e9cialis\u00e9s dans le domaine du droit de l&rsquo;informatique pour se conformer \u00e0 la protection des donn\u00e9es personnelles et remplir les obligations l\u00e9gales nous a conduit \u00e0 nouer des partenariats de projet avec les soci\u00e9t\u00e9s d&rsquo;informatique qui fournissent des conseils en mati\u00e8re de s\u00e9curit\u00e9 des donn\u00e9es.<\/p>\n<p>&#8211; Tous les processus, contrats, politiques et proc\u00e9dures des entreprises sont analys\u00e9s avec les projets de conformit\u00e9 en particulier sur loi de la protection des donn\u00e9es personnelles, les domaines et les lacunes incompatibles avec loi de la protection des donn\u00e9es personnelles sont d\u00e9termin\u00e9s et des am\u00e9liorations sont apport\u00e9es.<\/p>\n<p>&#8211; Le dernier jour de l&rsquo;obligation d&rsquo;enregistrement du \u00ab\u00a0Registre des agents de donn\u00e9es personnelles\u00a0\u00bb (VERB\u0130S) a \u00e9t\u00e9 prolong\u00e9 de six mois et a \u00e9t\u00e9 report\u00e9 du 31.12.2019 au 30.06.2020. Les personnes physiques et morales qui traitent les donn\u00e9es personnelles doivent s&rsquo;inscrire aupr\u00e8s du registre des contr\u00f4leurs de donn\u00e9es.<\/p>\n<p>&#8211; Le droit \u00e0 la protection des donn\u00e9es personnelles est une forme particuli\u00e8re du droit de prot\u00e9ger librement la dignit\u00e9 humaine et le d\u00e9veloppement de la personnalit\u00e9, et ce droit vise \u00e0 prot\u00e9ger les autres droits et libert\u00e9s de la personne lors du traitement des donn\u00e9es personnelles. Gr\u00e2ce aux progr\u00e8s des technologies de l&rsquo;information, un grand nombre de donn\u00e9es sont devenues disponibles, ce qui n&rsquo;est pas possible avec les m\u00e9thodes traditionnelles.<\/p>\n<p>&#8211; Les donn\u00e9es personnelles doivent \u00eatre trait\u00e9es \u00e9quitablement et l\u00e9galement, et tenues \u00e0 jour et exactes, conform\u00e9ment \u00e0 la loi et aux r\u00e8gles d&rsquo;honn\u00eatet\u00e9.<\/p>\n<p>&#8211; La d\u00e9cision de traiter les donn\u00e9es personnelles doit \u00eatre fond\u00e9e sur un objectif l\u00e9gitime; cet objectif devrait viser au moins la s\u00e9curit\u00e9 nationale, la s\u00e9curit\u00e9 publique, la sant\u00e9 g\u00e9n\u00e9rale et la protection morale g\u00e9n\u00e9rale, la protection des droits et libert\u00e9s de la victime et la pr\u00e9vention du crime dans une soci\u00e9t\u00e9 d\u00e9mocratique.<\/p>\n<p>&#8211; Les donn\u00e9es personnelles doivent \u00eatre trait\u00e9es proportionnellement, limit\u00e9es et mesur\u00e9es aux fins pr\u00e9vues.<\/p>\n<p>&#8211; Les autres mesures qui interf\u00e8rent moins avec les droits et libert\u00e9s de la personne dont les donn\u00e9es personnelles sont trait\u00e9es devraient \u00eatre insuffisantes.<\/p>\n<p>&#8211; Dans l&rsquo;article o\u00f9 des donn\u00e9es personnelles sont demand\u00e9es \u00e0 une personne physique ou morale; Sur la base de quelle autorit\u00e9 l\u00e9gale ces donn\u00e9es sont demand\u00e9es, \u00e0 quelle fin l\u00e9gitime les donn\u00e9es personnelles serviront, \u00e0 qui et dans quel but les donn\u00e9es trait\u00e9es peuvent \u00eatre transf\u00e9r\u00e9es, aux voies l\u00e9gales \u00e0 prendre contre la d\u00e9cision de traitement des donn\u00e9es personnelles, combien de temps les donn\u00e9es seront conserv\u00e9es et combien de temps elles seront d\u00e9truites. les principes doivent \u00eatre pr\u00e9cis\u00e9s.<\/p>\n<p>&#8211; Les donn\u00e9es personnelles doivent \u00eatre stock\u00e9es de mani\u00e8re \u00e0 permettre l&rsquo;identification des personnes concern\u00e9es.<\/p>\n<p>&#8211; Un niveau ad\u00e9quat d&rsquo;assurance et de s\u00e9curit\u00e9 devrait \u00eatre fourni pour que les donn\u00e9es personnelles stock\u00e9es soient efficacement prot\u00e9g\u00e9es contre tout acc\u00e8s ill\u00e9gal, abus et abus.<\/p>\n<p>&#8211; Les donn\u00e9es personnelles doivent \u00eatre conserv\u00e9es pendant la p\u00e9riode prescrite par la l\u00e9gislation applicable ou aux fins pour lesquelles elles sont trait\u00e9es. Les donn\u00e9es personnelles doivent \u00eatre supprim\u00e9es, d\u00e9truites ou anonymis\u00e9es si les raisons n\u00e9cessitant un traitement disparaissent.<\/p>\n","protected":false},"excerpt":{"rendered":"<p>&#8211; En raison de la divulgation d&rsquo;entit\u00e9s juridiques qui ont viol\u00e9 les responsabilit\u00e9s impos\u00e9es par loi de la protection des donn\u00e9es personnelles et de l&rsquo;augmentation des amendes administratives en fonction des taux de r\u00e9\u00e9valuation, le plafond des amendes a entra\u00een\u00e9 un mouvement dans tous les secteurs. &#8211; La recherche par les entreprises de cabinets d&rsquo;avocats [&hellip;]<\/p>\n","protected":false},"author":1,"featured_media":0,"parent":3008,"menu_order":0,"comment_status":"open","ping_status":"open","template":"page-fullwidth.php","meta":{"rs_blank_template":"","rs_page_bg_color":"#ffffff","slide_template_v7":"","footnotes":""},"class_list":["post-3124","page","type-page","status-publish","hentry"],"yoast_head":"<!-- This site is optimized with the Yoast SEO Premium plugin v27.1 (Yoast SEO v27.3) - https:\/\/yoast.com\/product\/yoast-seo-premium-wordpress\/ -->\n<title>Loi sur la protection des donn\u00e9es personnelles | B\u0131\u00e7ak Hukuk<\/title>\n<meta name=\"description\" content=\"Ki\u015fisel Verileri Koruma Kanunu&#039;nun ve KVK Kurulu&#039;nun \u00f6ng\u00f6rd\u00fc\u011f\u00fc y\u00fck\u00fcml\u00fcl\u00fcklere \u015firketlerin uyumu sa\u011flanmakta, ayn\u0131 zamanda gerekli egitimler de verilmekte!\" \/>\n<meta name=\"robots\" content=\"index, follow, max-snippet:-1, max-image-preview:large, max-video-preview:-1\" \/>\n<link rel=\"canonical\" href=\"https:\/\/www.bicakhukuk.com\/fr\/faaliyet-alanlarimiz\/kvk-hukuku\/\" \/>\n<meta property=\"og:locale\" content=\"fr_FR\" \/>\n<meta property=\"og:type\" content=\"article\" \/>\n<meta property=\"og:title\" content=\"Loi sur la protection des donn\u00e9es personnelles\" \/>\n<meta property=\"og:description\" content=\"- En raison de la divulgation d&#039;entit\u00e9s juridiques qui ont viol\u00e9 les responsabilit\u00e9s impos\u00e9es par loi de la protection des donn\u00e9es personnelles et de\" \/>\n<meta property=\"og:url\" content=\"https:\/\/www.bicakhukuk.com\/fr\/faaliyet-alanlarimiz\/kvk-hukuku\/\" \/>\n<meta property=\"og:site_name\" content=\"B\u0131\u00e7ak Hukuk\" \/>\n<meta property=\"article:publisher\" content=\"https:\/\/www.facebook.com\/bicakhukuk\" \/>\n<meta property=\"article:modified_time\" content=\"2020-03-12T09:12:57+00:00\" \/>\n<meta property=\"og:image\" content=\"https:\/\/www.bicakhukuk.com\/wp-content\/uploads\/2020\/02\/Next-Level.jpg\" \/>\n\t<meta property=\"og:image:width\" content=\"960\" \/>\n\t<meta property=\"og:image:height\" content=\"540\" \/>\n\t<meta property=\"og:image:type\" content=\"image\/jpeg\" \/>\n<meta name=\"twitter:card\" content=\"summary_large_image\" \/>\n<meta name=\"twitter:site\" content=\"@BicakHukuk\" \/>\n<meta name=\"twitter:label1\" content=\"Dur\u00e9e de lecture estim\u00e9e\" \/>\n\t<meta name=\"twitter:data1\" content=\"3 minutes\" \/>\n<script type=\"application\/ld+json\" class=\"yoast-schema-graph\">{\"@context\":\"https:\\\/\\\/schema.org\",\"@graph\":[{\"@type\":\"WebPage\",\"@id\":\"https:\\\/\\\/www.bicakhukuk.com\\\/fr\\\/faaliyet-alanlarimiz\\\/kvk-hukuku\\\/\",\"url\":\"https:\\\/\\\/www.bicakhukuk.com\\\/fr\\\/faaliyet-alanlarimiz\\\/kvk-hukuku\\\/\",\"name\":\"Loi sur la protection des donn\u00e9es personnelles | B\u0131\u00e7ak Hukuk\",\"isPartOf\":{\"@id\":\"https:\\\/\\\/www.bicakhukuk.com\\\/fr\\\/#website\"},\"datePublished\":\"2014-08-04T17:26:26+00:00\",\"dateModified\":\"2020-03-12T09:12:57+00:00\",\"description\":\"Ki\u015fisel Verileri Koruma Kanunu'nun ve KVK Kurulu'nun \u00f6ng\u00f6rd\u00fc\u011f\u00fc y\u00fck\u00fcml\u00fcl\u00fcklere \u015firketlerin uyumu sa\u011flanmakta, ayn\u0131 zamanda gerekli egitimler de verilmekte!\",\"breadcrumb\":{\"@id\":\"https:\\\/\\\/www.bicakhukuk.com\\\/fr\\\/faaliyet-alanlarimiz\\\/kvk-hukuku\\\/#breadcrumb\"},\"inLanguage\":\"fr-FR\",\"potentialAction\":[{\"@type\":\"ReadAction\",\"target\":[\"https:\\\/\\\/www.bicakhukuk.com\\\/fr\\\/faaliyet-alanlarimiz\\\/kvk-hukuku\\\/\"]}]},{\"@type\":\"BreadcrumbList\",\"@id\":\"https:\\\/\\\/www.bicakhukuk.com\\\/fr\\\/faaliyet-alanlarimiz\\\/kvk-hukuku\\\/#breadcrumb\",\"itemListElement\":[{\"@type\":\"ListItem\",\"position\":1,\"name\":\"Ana sayfa\",\"item\":\"https:\\\/\\\/www.bicakhukuk.com\\\/fr\\\/\"},{\"@type\":\"ListItem\",\"position\":2,\"name\":\"Secteurs\",\"item\":\"https:\\\/\\\/www.bicakhukuk.com\\\/fr\\\/faaliyet-alanlarimiz\\\/\"},{\"@type\":\"ListItem\",\"position\":3,\"name\":\"Loi sur la protection des donn\u00e9es personnelles\"}]},{\"@type\":\"WebSite\",\"@id\":\"https:\\\/\\\/www.bicakhukuk.com\\\/fr\\\/#website\",\"url\":\"https:\\\/\\\/www.bicakhukuk.com\\\/fr\\\/\",\"name\":\"B\u0131\u00e7ak Hukuk\",\"description\":\"T\u00fcrkiye Merkezli Global Hukuk B\u00fcrosu\",\"publisher\":{\"@id\":\"https:\\\/\\\/www.bicakhukuk.com\\\/fr\\\/#organization\"},\"alternateName\":\"B\u0131\u00e7ak Hukuk, Ankara Avukat, Ankara Hukuk B\u00fcrosu\",\"potentialAction\":[{\"@type\":\"SearchAction\",\"target\":{\"@type\":\"EntryPoint\",\"urlTemplate\":\"https:\\\/\\\/www.bicakhukuk.com\\\/fr\\\/?s={search_term_string}\"},\"query-input\":{\"@type\":\"PropertyValueSpecification\",\"valueRequired\":true,\"valueName\":\"search_term_string\"}}],\"inLanguage\":\"fr-FR\"},{\"@type\":[\"Organization\",\"Place\"],\"@id\":\"https:\\\/\\\/www.bicakhukuk.com\\\/fr\\\/#organization\",\"name\":\"B\u0131\u00e7ak Hukuk | T\u00fcrkiye Merkezli Global Hukuk Firmas\u0131\",\"alternateName\":\"B\u0131\u00e7ak Hukuk, Ankara Avukat, Ankara Hukuk B\u00fcrosu\",\"url\":\"https:\\\/\\\/www.bicakhukuk.com\\\/fr\\\/\",\"logo\":{\"@id\":\"https:\\\/\\\/www.bicakhukuk.com\\\/fr\\\/faaliyet-alanlarimiz\\\/kvk-hukuku\\\/#local-main-organization-logo\"},\"image\":{\"@id\":\"https:\\\/\\\/www.bicakhukuk.com\\\/fr\\\/faaliyet-alanlarimiz\\\/kvk-hukuku\\\/#local-main-organization-logo\"},\"sameAs\":[\"https:\\\/\\\/www.facebook.com\\\/bicakhukuk\",\"https:\\\/\\\/x.com\\\/BicakHukuk\",\"https:\\\/\\\/www.instagram.com\\\/bicakhukuk\\\/\",\"https:\\\/\\\/tr.linkedin.com\\\/company\\\/b-ak-law-firm\",\"https:\\\/\\\/www.youtube.com\\\/channel\\\/UCodktEWFyJmIp3i1BH9aM2A\\\/\"],\"description\":\"K\u00fcresel, b\u00f6lgesel ve ulusal \u015firketlere, kurulu\u015flara ve ki\u015filere uzmanl\u0131k alanlar\u0131m\u0131zda uyu\u015fmazl\u0131k \u00f6nleyici hukuk dan\u0131\u015fmanl\u0131\u011f\u0131, uyu\u015fmazl\u0131k \u00e7\u00f6z\u00fcm s\u00fcre\u00e7lerinde ise arabuluculuk, arabuluculukta taraf vekilli\u011fi, mahkemelerde taraf vekilli\u011fi ve avukatl\u0131k, tahkim hakemli\u011fi, tahkimde taraf vekilli\u011fi, hukuki konularda m\u00fctalaa ve hukuki konularda e\u011fitim hizmetleri vermekteyiz. Uluslararas\u0131, b\u00f6lgesel ve ulusal hukuka ili\u015fkin inceleme, ara\u015ft\u0131rma ve tecr\u00fcbeye dayal\u0131 hukuk hizmetlerimizi sunarken teknolojinin imkan sa\u011flad\u0131\u011f\u0131 g\u00f6rsel (video konferans) veya i\u015fitsel (sesli konferans) ileti\u015fim teknolojilerinin elverdi\u011fi t\u00fcm olanaklar\u0131 kullanmaktay\u0131z. Dan\u0131\u015fanlar\u0131m\u0131z veya m\u00fcvekkillerimiz, D\u00fcnyan\u0131n, b\u00f6lgemizin veya \u00fclkemizin neresinde olurlarsa olsunlar hizmetlerimizden uzaktan eri\u015fim yoluyla yararlanabilmektedir. Muhtemel ihtilaflar\u0131 \u00f6nlemek veya en aza indirmek gayesiyle m\u00fcvekkillerimize sundu\u011fumuz dinamik, etkili ve \u00f6nleyici dan\u0131\u015fmanl\u0131k hizmetlerimizin yan\u0131nda, uyu\u015fmazl\u0131k \u00e7\u00f6z\u00fcm s\u00fcre\u00e7lerinde arabuluculuk, tahkim veya mahkemelerde dava takibi hizmetleri de sunmaktay\u0131z. Ba\u015far\u0131n\u0131n s\u0131rr\u0131, do\u011fru bilgiye h\u0131zl\u0131 eri\u015fimdir. M\u00fcvekkil ihtiya\u00e7lar\u0131 tam ve eksiksiz tan\u0131mlayarak y\u00fcksek standartlarda, kaliteli, h\u0131zl\u0131 ve sonu\u00e7 odakl\u0131 esas\u0131na dayanan bir \u00e7al\u0131\u015fma anlay\u0131\u015f\u0131 benimsemi\u015f bulunuyoruz. G\u00fcvenilirlik, itibar, etik de\u011ferler ve kalite standartlar\u0131 gibi unsurlar, vazge\u00e7ilmezlerimiz olu\u015fturur.\",\"legalName\":\"B\u0131\u00e7ak Hukuk\",\"foundingDate\":\"2002-01-01\",\"numberOfEmployees\":{\"@type\":\"QuantitativeValue\",\"minValue\":\"1\",\"maxValue\":\"10\"},\"address\":{\"@id\":\"https:\\\/\\\/www.bicakhukuk.com\\\/fr\\\/faaliyet-alanlarimiz\\\/kvk-hukuku\\\/#local-main-place-address\"},\"geo\":{\"@type\":\"GeoCoordinates\",\"latitude\":\"39.90985903589262\",\"longitude\":\"32.81218744448808\"},\"telephone\":[\"0 (312) 473 39 60\",\"0 (553) 223 32 90\"],\"openingHoursSpecification\":[{\"@type\":\"OpeningHoursSpecification\",\"dayOfWeek\":[\"Monday\",\"Tuesday\",\"Wednesday\",\"Thursday\",\"Friday\",\"Saturday\"],\"opens\":\"08:00\",\"closes\":\"18:00\"},{\"@type\":\"OpeningHoursSpecification\",\"dayOfWeek\":[\"Sunday\"],\"opens\":\"00:00\",\"closes\":\"00:00\"}],\"email\":\"iletisim@bicakhukuk.com\",\"faxNumber\":\"0 (312) 473 39 62\",\"areaServed\":\"Hukuk\"},{\"@type\":\"PostalAddress\",\"@id\":\"https:\\\/\\\/www.bicakhukuk.com\\\/fr\\\/faaliyet-alanlarimiz\\\/kvk-hukuku\\\/#local-main-place-address\",\"streetAddress\":\"Next Level Loft Ofis, Kat 9-10, Daire 29, K\u0131z\u0131l\u0131rmak Mahallesi, Ufuk \u00dcniversitesi Caddesi S\u00f6\u011f\u00fct\u00f6z\u00fc \\\/ \u00c7ankaya\",\"addressLocality\":\"Ankara\",\"postalCode\":\"06530\",\"addressCountry\":\"TR\"},{\"@type\":\"ImageObject\",\"inLanguage\":\"fr-FR\",\"@id\":\"https:\\\/\\\/www.bicakhukuk.com\\\/fr\\\/faaliyet-alanlarimiz\\\/kvk-hukuku\\\/#local-main-organization-logo\",\"url\":\"https:\\\/\\\/www.bicakhukuk.com\\\/wp-content\\\/uploads\\\/2023\\\/05\\\/bicak_hukuk_logo_kare.png\",\"contentUrl\":\"https:\\\/\\\/www.bicakhukuk.com\\\/wp-content\\\/uploads\\\/2023\\\/05\\\/bicak_hukuk_logo_kare.png\",\"width\":2000,\"height\":2000,\"caption\":\"B\u0131\u00e7ak Hukuk | T\u00fcrkiye Merkezli Global Hukuk Firmas\u0131\"}]}<\/script>\n<meta name=\"geo.placename\" content=\"Ankara\" \/>\n<meta name=\"geo.position\" content=\"39.90985903589262;32.81218744448808\" \/>\n<meta name=\"geo.region\" content=\"Turquie\" \/>\n<!-- \/ Yoast SEO Premium plugin. -->","yoast_head_json":{"title":"Loi sur la protection des donn\u00e9es personnelles | B\u0131\u00e7ak Hukuk","description":"Ki\u015fisel Verileri Koruma Kanunu'nun ve KVK Kurulu'nun \u00f6ng\u00f6rd\u00fc\u011f\u00fc y\u00fck\u00fcml\u00fcl\u00fcklere \u015firketlerin uyumu sa\u011flanmakta, ayn\u0131 zamanda gerekli egitimler de verilmekte!","robots":{"index":"index","follow":"follow","max-snippet":"max-snippet:-1","max-image-preview":"max-image-preview:large","max-video-preview":"max-video-preview:-1"},"canonical":"https:\/\/www.bicakhukuk.com\/fr\/faaliyet-alanlarimiz\/kvk-hukuku\/","og_locale":"fr_FR","og_type":"article","og_title":"Loi sur la protection des donn\u00e9es personnelles","og_description":"- En raison de la divulgation d'entit\u00e9s juridiques qui ont viol\u00e9 les responsabilit\u00e9s impos\u00e9es par loi de la protection des donn\u00e9es personnelles et de","og_url":"https:\/\/www.bicakhukuk.com\/fr\/faaliyet-alanlarimiz\/kvk-hukuku\/","og_site_name":"B\u0131\u00e7ak Hukuk","article_publisher":"https:\/\/www.facebook.com\/bicakhukuk","article_modified_time":"2020-03-12T09:12:57+00:00","og_image":[{"width":960,"height":540,"url":"https:\/\/www.bicakhukuk.com\/wp-content\/uploads\/2020\/02\/Next-Level.jpg","type":"image\/jpeg"}],"twitter_card":"summary_large_image","twitter_site":"@BicakHukuk","twitter_misc":{"Dur\u00e9e de lecture estim\u00e9e":"3 minutes"},"schema":{"@context":"https:\/\/schema.org","@graph":[{"@type":"WebPage","@id":"https:\/\/www.bicakhukuk.com\/fr\/faaliyet-alanlarimiz\/kvk-hukuku\/","url":"https:\/\/www.bicakhukuk.com\/fr\/faaliyet-alanlarimiz\/kvk-hukuku\/","name":"Loi sur la protection des donn\u00e9es personnelles | B\u0131\u00e7ak Hukuk","isPartOf":{"@id":"https:\/\/www.bicakhukuk.com\/fr\/#website"},"datePublished":"2014-08-04T17:26:26+00:00","dateModified":"2020-03-12T09:12:57+00:00","description":"Ki\u015fisel Verileri Koruma Kanunu'nun ve KVK Kurulu'nun \u00f6ng\u00f6rd\u00fc\u011f\u00fc y\u00fck\u00fcml\u00fcl\u00fcklere \u015firketlerin uyumu sa\u011flanmakta, ayn\u0131 zamanda gerekli egitimler de verilmekte!","breadcrumb":{"@id":"https:\/\/www.bicakhukuk.com\/fr\/faaliyet-alanlarimiz\/kvk-hukuku\/#breadcrumb"},"inLanguage":"fr-FR","potentialAction":[{"@type":"ReadAction","target":["https:\/\/www.bicakhukuk.com\/fr\/faaliyet-alanlarimiz\/kvk-hukuku\/"]}]},{"@type":"BreadcrumbList","@id":"https:\/\/www.bicakhukuk.com\/fr\/faaliyet-alanlarimiz\/kvk-hukuku\/#breadcrumb","itemListElement":[{"@type":"ListItem","position":1,"name":"Ana sayfa","item":"https:\/\/www.bicakhukuk.com\/fr\/"},{"@type":"ListItem","position":2,"name":"Secteurs","item":"https:\/\/www.bicakhukuk.com\/fr\/faaliyet-alanlarimiz\/"},{"@type":"ListItem","position":3,"name":"Loi sur la protection des donn\u00e9es personnelles"}]},{"@type":"WebSite","@id":"https:\/\/www.bicakhukuk.com\/fr\/#website","url":"https:\/\/www.bicakhukuk.com\/fr\/","name":"B\u0131\u00e7ak Hukuk","description":"T\u00fcrkiye Merkezli Global Hukuk B\u00fcrosu","publisher":{"@id":"https:\/\/www.bicakhukuk.com\/fr\/#organization"},"alternateName":"B\u0131\u00e7ak Hukuk, Ankara Avukat, Ankara Hukuk B\u00fcrosu","potentialAction":[{"@type":"SearchAction","target":{"@type":"EntryPoint","urlTemplate":"https:\/\/www.bicakhukuk.com\/fr\/?s={search_term_string}"},"query-input":{"@type":"PropertyValueSpecification","valueRequired":true,"valueName":"search_term_string"}}],"inLanguage":"fr-FR"},{"@type":["Organization","Place"],"@id":"https:\/\/www.bicakhukuk.com\/fr\/#organization","name":"B\u0131\u00e7ak Hukuk | T\u00fcrkiye Merkezli Global Hukuk Firmas\u0131","alternateName":"B\u0131\u00e7ak Hukuk, Ankara Avukat, Ankara Hukuk B\u00fcrosu","url":"https:\/\/www.bicakhukuk.com\/fr\/","logo":{"@id":"https:\/\/www.bicakhukuk.com\/fr\/faaliyet-alanlarimiz\/kvk-hukuku\/#local-main-organization-logo"},"image":{"@id":"https:\/\/www.bicakhukuk.com\/fr\/faaliyet-alanlarimiz\/kvk-hukuku\/#local-main-organization-logo"},"sameAs":["https:\/\/www.facebook.com\/bicakhukuk","https:\/\/x.com\/BicakHukuk","https:\/\/www.instagram.com\/bicakhukuk\/","https:\/\/tr.linkedin.com\/company\/b-ak-law-firm","https:\/\/www.youtube.com\/channel\/UCodktEWFyJmIp3i1BH9aM2A\/"],"description":"K\u00fcresel, b\u00f6lgesel ve ulusal \u015firketlere, kurulu\u015flara ve ki\u015filere uzmanl\u0131k alanlar\u0131m\u0131zda uyu\u015fmazl\u0131k \u00f6nleyici hukuk dan\u0131\u015fmanl\u0131\u011f\u0131, uyu\u015fmazl\u0131k \u00e7\u00f6z\u00fcm s\u00fcre\u00e7lerinde ise arabuluculuk, arabuluculukta taraf vekilli\u011fi, mahkemelerde taraf vekilli\u011fi ve avukatl\u0131k, tahkim hakemli\u011fi, tahkimde taraf vekilli\u011fi, hukuki konularda m\u00fctalaa ve hukuki konularda e\u011fitim hizmetleri vermekteyiz. Uluslararas\u0131, b\u00f6lgesel ve ulusal hukuka ili\u015fkin inceleme, ara\u015ft\u0131rma ve tecr\u00fcbeye dayal\u0131 hukuk hizmetlerimizi sunarken teknolojinin imkan sa\u011flad\u0131\u011f\u0131 g\u00f6rsel (video konferans) veya i\u015fitsel (sesli konferans) ileti\u015fim teknolojilerinin elverdi\u011fi t\u00fcm olanaklar\u0131 kullanmaktay\u0131z. Dan\u0131\u015fanlar\u0131m\u0131z veya m\u00fcvekkillerimiz, D\u00fcnyan\u0131n, b\u00f6lgemizin veya \u00fclkemizin neresinde olurlarsa olsunlar hizmetlerimizden uzaktan eri\u015fim yoluyla yararlanabilmektedir. Muhtemel ihtilaflar\u0131 \u00f6nlemek veya en aza indirmek gayesiyle m\u00fcvekkillerimize sundu\u011fumuz dinamik, etkili ve \u00f6nleyici dan\u0131\u015fmanl\u0131k hizmetlerimizin yan\u0131nda, uyu\u015fmazl\u0131k \u00e7\u00f6z\u00fcm s\u00fcre\u00e7lerinde arabuluculuk, tahkim veya mahkemelerde dava takibi hizmetleri de sunmaktay\u0131z. Ba\u015far\u0131n\u0131n s\u0131rr\u0131, do\u011fru bilgiye h\u0131zl\u0131 eri\u015fimdir. M\u00fcvekkil ihtiya\u00e7lar\u0131 tam ve eksiksiz tan\u0131mlayarak y\u00fcksek standartlarda, kaliteli, h\u0131zl\u0131 ve sonu\u00e7 odakl\u0131 esas\u0131na dayanan bir \u00e7al\u0131\u015fma anlay\u0131\u015f\u0131 benimsemi\u015f bulunuyoruz. G\u00fcvenilirlik, itibar, etik de\u011ferler ve kalite standartlar\u0131 gibi unsurlar, vazge\u00e7ilmezlerimiz olu\u015fturur.","legalName":"B\u0131\u00e7ak Hukuk","foundingDate":"2002-01-01","numberOfEmployees":{"@type":"QuantitativeValue","minValue":"1","maxValue":"10"},"address":{"@id":"https:\/\/www.bicakhukuk.com\/fr\/faaliyet-alanlarimiz\/kvk-hukuku\/#local-main-place-address"},"geo":{"@type":"GeoCoordinates","latitude":"39.90985903589262","longitude":"32.81218744448808"},"telephone":["0 (312) 473 39 60","0 (553) 223 32 90"],"openingHoursSpecification":[{"@type":"OpeningHoursSpecification","dayOfWeek":["Monday","Tuesday","Wednesday","Thursday","Friday","Saturday"],"opens":"08:00","closes":"18:00"},{"@type":"OpeningHoursSpecification","dayOfWeek":["Sunday"],"opens":"00:00","closes":"00:00"}],"email":"iletisim@bicakhukuk.com","faxNumber":"0 (312) 473 39 62","areaServed":"Hukuk"},{"@type":"PostalAddress","@id":"https:\/\/www.bicakhukuk.com\/fr\/faaliyet-alanlarimiz\/kvk-hukuku\/#local-main-place-address","streetAddress":"Next Level Loft Ofis, Kat 9-10, Daire 29, K\u0131z\u0131l\u0131rmak Mahallesi, Ufuk \u00dcniversitesi Caddesi S\u00f6\u011f\u00fct\u00f6z\u00fc \/ \u00c7ankaya","addressLocality":"Ankara","postalCode":"06530","addressCountry":"TR"},{"@type":"ImageObject","inLanguage":"fr-FR","@id":"https:\/\/www.bicakhukuk.com\/fr\/faaliyet-alanlarimiz\/kvk-hukuku\/#local-main-organization-logo","url":"https:\/\/www.bicakhukuk.com\/wp-content\/uploads\/2023\/05\/bicak_hukuk_logo_kare.png","contentUrl":"https:\/\/www.bicakhukuk.com\/wp-content\/uploads\/2023\/05\/bicak_hukuk_logo_kare.png","width":2000,"height":2000,"caption":"B\u0131\u00e7ak Hukuk | T\u00fcrkiye Merkezli Global Hukuk Firmas\u0131"}]},"geo.placename":"Ankara","geo.position":{"lat":"39.90985903589262","long":"32.81218744448808"},"geo.region":"Turquie"},"_links":{"self":[{"href":"https:\/\/www.bicakhukuk.com\/fr\/wp-json\/wp\/v2\/pages\/3124","targetHints":{"allow":["GET"]}}],"collection":[{"href":"https:\/\/www.bicakhukuk.com\/fr\/wp-json\/wp\/v2\/pages"}],"about":[{"href":"https:\/\/www.bicakhukuk.com\/fr\/wp-json\/wp\/v2\/types\/page"}],"author":[{"embeddable":true,"href":"https:\/\/www.bicakhukuk.com\/fr\/wp-json\/wp\/v2\/users\/1"}],"replies":[{"embeddable":true,"href":"https:\/\/www.bicakhukuk.com\/fr\/wp-json\/wp\/v2\/comments?post=3124"}],"version-history":[{"count":0,"href":"https:\/\/www.bicakhukuk.com\/fr\/wp-json\/wp\/v2\/pages\/3124\/revisions"}],"up":[{"embeddable":true,"href":"https:\/\/www.bicakhukuk.com\/fr\/wp-json\/wp\/v2\/pages\/3008"}],"wp:attachment":[{"href":"https:\/\/www.bicakhukuk.com\/fr\/wp-json\/wp\/v2\/media?parent=3124"}],"curies":[{"name":"wp","href":"https:\/\/api.w.org\/{rel}","templated":true}]}}