{"id":3082,"date":"2014-08-04T20:29:06","date_gmt":"2014-08-04T17:29:06","guid":{"rendered":"http:\/\/www.bicakhukuk.com\/bicak-hukuk\/faaliyet-alanlarimiz\/icra-iflas-hukuku\/"},"modified":"2020-03-12T11:44:02","modified_gmt":"2020-03-12T08:44:02","slug":"bilisim-hukuku","status":"publish","type":"page","link":"https:\/\/www.bicakhukuk.com\/fr\/faaliyet-alanlarimiz\/bilisim-hukuku\/","title":{"rendered":"Droit de l&rsquo;informatique"},"content":{"rendered":"<ul>\n<li style=\"text-align: justify;\">Les d\u00e9veloppements d&rsquo;aujourd&rsquo;hui, qui se poursuivent rapidement dans le domaine de l&rsquo;information et des technologies de l&rsquo;information, offrent de grandes opportunit\u00e9s \u00e0 l&rsquo;humanit\u00e9. Il est in\u00e9vitable de b\u00e9n\u00e9ficier des avantages des technologies de l&rsquo;information pour que l&rsquo;individu et la soci\u00e9t\u00e9 atteignent l&rsquo;\u00e2ge et atteignent un niveau qui puisse rivaliser avec les civilisations avanc\u00e9es. En effet, les soci\u00e9t\u00e9s d\u00e9velopp\u00e9es profitent des opportunit\u00e9s offertes par la science de l&rsquo;information pour parvenir \u00e0 une structure plus d\u00e9mocratique et transparente. Cependant, la loi ne permet pas une utilisation illimit\u00e9e et incontr\u00f4l\u00e9e des opportunit\u00e9s offertes par les d\u00e9veloppements technologiques et scientifiques. Dans le cadre des droits et pouvoirs que le syst\u00e8me juridique accorde aux individus et aux institutions, il est possible d&rsquo;utiliser les opportunit\u00e9s offertes par la technologie et la science. Notre cabinet d&rsquo;avocats suit de pr\u00e8s les \u00e9volutions technologiques dans le domaine du droit informatique et \u00e9labore des solutions juridiques adapt\u00e9es aux nouveaux d\u00e9veloppements. Les domaines qui nous int\u00e9ressent;<\/li>\n<\/ul>\n<p>&nbsp;<\/p>\n<ul>\n<li style=\"text-align: justify;\">Intelligence artificielle: il s&rsquo;agit de machines capables de r\u00e9soudre les probl\u00e8mes que les gens r\u00e9solvent naturellement avec leur intelligence. R\u00e9cemment; Ce sont des applications qui comprennent les discours humains, rivalisent avec d&rsquo;autres joueurs dans les jeux virtuels et interpr\u00e8tent des donn\u00e9es complexes. Il est possible de voir des applications d&rsquo;intelligence artificielle dans les t\u00e9l\u00e9phones intelligents, les tablettes, les assistants vocaux utilis\u00e9s \u00e0 la maison, les syst\u00e8mes de maison intelligente, les v\u00e9hicules sans conducteur dans notre vie quotidienne. L&rsquo;intelligence artificielle transforme les services en m\u00eame temps que les produits. Il a \u00e9t\u00e9 utilis\u00e9 \u00e0 des fins diff\u00e9rentes, de la d\u00e9termination de l&rsquo;ad\u00e9quation des portefeuilles de pr\u00eats ou d&rsquo;investissement \u00e0 la priorisation du contenu que nous rencontrerons sur les r\u00e9seaux sociaux, et \u00e0 la formulation de recommandations personnalis\u00e9es. Les syst\u00e8mes d&rsquo;intelligence artificielle ont besoin de grands ensembles de donn\u00e9es en fonction de la complexit\u00e9 du mod\u00e8le et peuvent r\u00e9ussir dans ce processus car ils se nourrissent des donn\u00e9es. Les technologies d&rsquo;intelligence artificielle sont cr\u00e9\u00e9es en utilisant diff\u00e9rentes m\u00e9thodes au sens technique. La premi\u00e8re de ces m\u00e9thodes est une m\u00e9thode bas\u00e9e sur des r\u00e8gles. Le second est l&rsquo;apprentissage automatique supervis\u00e9 et sans surveillance et l&rsquo;apprentissage en profondeur. Le troisi\u00e8me est d&rsquo;apprendre avec moins de donn\u00e9es en utilisant la r\u00e9compense et la punition. Service de conseil pr\u00e9ventif (conformit\u00e9) pour le d\u00e9veloppement et l&rsquo;utilisation de technologies d&rsquo;intelligence artificielle qui peuvent avoir un impact sur les individus et la soci\u00e9t\u00e9 et en particulier sur les droits humains fondamentaux qui devraient \u00eatre respect\u00e9s dans les processus de prise de d\u00e9cision \/ analyse des donn\u00e9es et en particulier le droit de prot\u00e9ger les donn\u00e9es personnelles, la conception de processus et de logiciels dans une perspective de protection des donn\u00e9es. il est pr\u00e9sent\u00e9. L&rsquo;intelligence artificielle est une structure qui tente d&rsquo;atteindre une analyse correcte et de d\u00e9velopper des techniques d&rsquo;apprentissage en traitant un grand nombre de donn\u00e9es avec une vari\u00e9t\u00e9 de m\u00e9thodes. La surveillance et le traitement d&rsquo;un grand nombre de donn\u00e9es, le fait que cette activit\u00e9 peut \u00eatre r\u00e9alis\u00e9e par l&rsquo;intelligence artificielle en tr\u00e8s peu de temps, et le taux \u00e9lev\u00e9 de hits peuvent \u00eatre atteints augmente encore l&rsquo;importance du droit \u00e0 la protection des donn\u00e9es personnelles et des r\u00e8gles anti-discrimination.<\/li>\n<\/ul>\n<p>&nbsp;<\/p>\n<ul>\n<li style=\"text-align: justify;\">Syst\u00e8mes robotiques: les robots sont des appareils \u00e9lectrom\u00e9caniques qui peuvent effectuer des t\u00e2ches autonomes ou pr\u00e9programm\u00e9es. Les robots peuvent travailler sous la supervision d&rsquo;un op\u00e9rateur, ou ils peuvent travailler sous le contr\u00f4le d&rsquo;un logiciel informatique. Syst\u00e8mes robotiques; Ce sont des syst\u00e8mes de machines avec une structure plus \u00e9lectrom\u00e9canique qui sont utilis\u00e9s aujourd&rsquo;hui dans notre vie quotidienne ou dans la zone industrielle, pour les personnes qui ne peuvent pas facilement le faire, s&rsquo;ennuyer pendant le travail et mettre en danger leur s\u00e9curit\u00e9.<\/li>\n<\/ul>\n<p>&nbsp;<\/p>\n<p>&nbsp;<\/p>\n<ul>\n<li>Drone<\/li>\n<li>R\u00e9alit\u00e9 virtuelle<br \/>\nR\u00e9alit\u00e9 augment\u00e9e<br \/>\nCha\u00eene de blocs<br \/>\nInternet des objets<br \/>\nImprimantes tridimensionnelles<\/li>\n<\/ul>\n<p>&nbsp;<\/p>\n<ul>\n<li style=\"text-align: justify;\">L&rsquo;utilisation g\u00e9n\u00e9ralis\u00e9e des syst\u00e8mes d&rsquo;information entra\u00eene des risques sp\u00e9cifiques \u00e0 cette technologie. Dans le cas o\u00f9 des m\u00e9canismes de contr\u00f4le efficaces pour pr\u00e9venir les risques ne sont pas cr\u00e9\u00e9s, la confidentialit\u00e9, l&rsquo;int\u00e9grit\u00e9 et la facilit\u00e9 d&rsquo;utilisation des informations produites dans les syst\u00e8mes, et donc la s\u00e9curit\u00e9 et la fiabilit\u00e9 du traitement, de la d\u00e9tention et de la communication des informations des syst\u00e8mes peuvent \u00eatre endommag\u00e9es.<\/li>\n<\/ul>\n<p>&nbsp;<\/p>\n<ul>\n<li style=\"text-align: justify;\">L&rsquo;article intitul\u00e9 \u00abEntr\u00e9e dans le syst\u00e8me d&rsquo;information\u00bb du TCK est le suivant: \u00abArticle 243 &#8211; (1) Quiconque p\u00e9n\u00e8tre ou continue de s\u00e9journer ill\u00e9galement ou pendant un an dans tout ou partie d&rsquo;un syst\u00e8me d&rsquo;information est passible d&rsquo;une peine de prison pouvant aller jusqu&rsquo;\u00e0 un an. (2) Si les verbes d\u00e9finis dans le paragraphe ci-dessus sont trait\u00e9s sur les syst\u00e8mes qui peuvent \u00eatre utilis\u00e9s pour le prix, la p\u00e9nalit\u00e9 \u00e0 imposer est r\u00e9duite de moiti\u00e9. (3) Si les donn\u00e9es contenues dans le syst\u00e8me sont d\u00e9truites ou modifi\u00e9es, elles sont condamn\u00e9es \u00e0 une peine d&#8217;emprisonnement de six mois \u00e0 deux ans. (4) (Annexe: 24 \/ 3 \/ 2016-6698 \/ 30 art.) Quiconque suit les transferts de donn\u00e9es au sein d&rsquo;un syst\u00e8me d&rsquo;information lui-m\u00eame ou entre les syst\u00e8mes d&rsquo;information, par des moyens techniques sans entrer dans le syst\u00e8me, est puni d&rsquo;un emprisonnement d&rsquo;un an \u00e0 trois ans. \u00bb<\/li>\n<li style=\"text-align: justify;\">L&rsquo;article intitul\u00e9 \u00abEmp\u00eacher, perturber, d\u00e9truire ou modifier les donn\u00e9es\u00bb est le suivant: \u00abArticle 244 &#8211; (1) La personne qui emp\u00eache ou perturbe le fonctionnement d&rsquo;un syst\u00e8me d&rsquo;information est passible d&rsquo;une peine d&#8217;emprisonnement d&rsquo;un an \u00e0 cinq ans. (2) La corruption des donn\u00e9es dans un syst\u00e8me d&rsquo;information La personne qui d\u00e9truit, modifie ou rend inaccessible, place des donn\u00e9es sur le syst\u00e8me, envoie les donn\u00e9es existantes \u00e0 un autre endroit est passible d&rsquo;une peine d&#8217;emprisonnement de six mois \u00e0 trois ans. (3) Ces actes appartiennent \u00e0 une banque ou un \u00e9tablissement de cr\u00e9dit ou \u00e0 une institution ou organisation publique. En cas d&rsquo;\u00eatre commis sur le syst\u00e8me d&rsquo;information, la peine \u00e0 infliger est augment\u00e9e de moiti\u00e9. (4) Dans le cas o\u00f9 l&rsquo;acte d\u00e9fini aux paragraphes ci-dessus ne constitue pas un autre d\u00e9lit au profit de ses propres int\u00e9r\u00eats ou de ceux d&rsquo;autrui, une amende de deux \u00e0 six ans et jusqu&rsquo;\u00e0 cinq mille jours est condamn\u00e9e. \u00ab\u00a0.<\/li>\n<\/ul>\n","protected":false},"excerpt":{"rendered":"<p>Les d\u00e9veloppements d&rsquo;aujourd&rsquo;hui, qui se poursuivent rapidement dans le domaine de l&rsquo;information et des technologies de l&rsquo;information, offrent de grandes opportunit\u00e9s \u00e0 l&rsquo;humanit\u00e9. Il est in\u00e9vitable de b\u00e9n\u00e9ficier des avantages des technologies de l&rsquo;information pour que l&rsquo;individu et la soci\u00e9t\u00e9 atteignent l&rsquo;\u00e2ge et atteignent un niveau qui puisse rivaliser avec les civilisations avanc\u00e9es. En effet, [&hellip;]<\/p>\n","protected":false},"author":1,"featured_media":0,"parent":3008,"menu_order":0,"comment_status":"open","ping_status":"open","template":"page-sidebar-right.php","meta":{"rs_blank_template":"","rs_page_bg_color":"#ffffff","slide_template_v7":"","footnotes":""},"class_list":["post-3082","page","type-page","status-publish","hentry"],"yoast_head":"<!-- This site is optimized with the Yoast SEO Premium plugin v27.1 (Yoast SEO v27.3) - https:\/\/yoast.com\/product\/yoast-seo-premium-wordpress\/ -->\n<title>Droit de l&#039;informatique | B\u0131\u00e7ak Hukuk<\/title>\n<meta name=\"description\" content=\"\u015eirket uygulamalar\u0131n\u0131n bili\u015fim hukuku ilke, prensip ve standartlar\u0131na uyumunun sa\u011flanmas\u0131, mevcut durumun iyile\u015ftirmesine y\u00f6nelik \u00f6neriler geli\u015ftirilmesi\" \/>\n<meta name=\"robots\" content=\"index, follow, max-snippet:-1, max-image-preview:large, max-video-preview:-1\" \/>\n<link rel=\"canonical\" href=\"https:\/\/www.bicakhukuk.com\/fr\/faaliyet-alanlarimiz\/bilisim-hukuku\/\" \/>\n<meta property=\"og:locale\" content=\"fr_FR\" \/>\n<meta property=\"og:type\" content=\"article\" \/>\n<meta property=\"og:title\" content=\"Droit de l&#039;informatique\" \/>\n<meta property=\"og:description\" content=\"Les d\u00e9veloppements d&#039;aujourd&#039;hui, qui se poursuivent rapidement dans le domaine de l&#039;information et des technologies de l&#039;information, offrent de grandes\" \/>\n<meta property=\"og:url\" content=\"https:\/\/www.bicakhukuk.com\/fr\/faaliyet-alanlarimiz\/bilisim-hukuku\/\" \/>\n<meta property=\"og:site_name\" content=\"B\u0131\u00e7ak Hukuk\" \/>\n<meta property=\"article:publisher\" content=\"https:\/\/www.facebook.com\/bicakhukuk\" \/>\n<meta property=\"article:modified_time\" content=\"2020-03-12T08:44:02+00:00\" \/>\n<meta property=\"og:image\" content=\"https:\/\/www.bicakhukuk.com\/wp-content\/uploads\/2020\/02\/Next-Level.jpg\" \/>\n\t<meta property=\"og:image:width\" content=\"960\" \/>\n\t<meta property=\"og:image:height\" content=\"540\" \/>\n\t<meta property=\"og:image:type\" content=\"image\/jpeg\" \/>\n<meta name=\"twitter:card\" content=\"summary_large_image\" \/>\n<meta name=\"twitter:site\" content=\"@BicakHukuk\" \/>\n<meta name=\"twitter:label1\" content=\"Dur\u00e9e de lecture estim\u00e9e\" \/>\n\t<meta name=\"twitter:data1\" content=\"5 minutes\" \/>\n<script type=\"application\/ld+json\" class=\"yoast-schema-graph\">{\"@context\":\"https:\\\/\\\/schema.org\",\"@graph\":[{\"@type\":\"WebPage\",\"@id\":\"https:\\\/\\\/www.bicakhukuk.com\\\/fr\\\/faaliyet-alanlarimiz\\\/bilisim-hukuku\\\/\",\"url\":\"https:\\\/\\\/www.bicakhukuk.com\\\/fr\\\/faaliyet-alanlarimiz\\\/bilisim-hukuku\\\/\",\"name\":\"Droit de l'informatique | B\u0131\u00e7ak Hukuk\",\"isPartOf\":{\"@id\":\"https:\\\/\\\/www.bicakhukuk.com\\\/fr\\\/#website\"},\"datePublished\":\"2014-08-04T17:29:06+00:00\",\"dateModified\":\"2020-03-12T08:44:02+00:00\",\"description\":\"\u015eirket uygulamalar\u0131n\u0131n bili\u015fim hukuku ilke, prensip ve standartlar\u0131na uyumunun sa\u011flanmas\u0131, mevcut durumun iyile\u015ftirmesine y\u00f6nelik \u00f6neriler geli\u015ftirilmesi\",\"breadcrumb\":{\"@id\":\"https:\\\/\\\/www.bicakhukuk.com\\\/fr\\\/faaliyet-alanlarimiz\\\/bilisim-hukuku\\\/#breadcrumb\"},\"inLanguage\":\"fr-FR\",\"potentialAction\":[{\"@type\":\"ReadAction\",\"target\":[\"https:\\\/\\\/www.bicakhukuk.com\\\/fr\\\/faaliyet-alanlarimiz\\\/bilisim-hukuku\\\/\"]}]},{\"@type\":\"BreadcrumbList\",\"@id\":\"https:\\\/\\\/www.bicakhukuk.com\\\/fr\\\/faaliyet-alanlarimiz\\\/bilisim-hukuku\\\/#breadcrumb\",\"itemListElement\":[{\"@type\":\"ListItem\",\"position\":1,\"name\":\"Ana sayfa\",\"item\":\"https:\\\/\\\/www.bicakhukuk.com\\\/fr\\\/\"},{\"@type\":\"ListItem\",\"position\":2,\"name\":\"Secteurs\",\"item\":\"https:\\\/\\\/www.bicakhukuk.com\\\/fr\\\/faaliyet-alanlarimiz\\\/\"},{\"@type\":\"ListItem\",\"position\":3,\"name\":\"Droit de l&#8217;informatique\"}]},{\"@type\":\"WebSite\",\"@id\":\"https:\\\/\\\/www.bicakhukuk.com\\\/fr\\\/#website\",\"url\":\"https:\\\/\\\/www.bicakhukuk.com\\\/fr\\\/\",\"name\":\"B\u0131\u00e7ak Hukuk\",\"description\":\"T\u00fcrkiye Merkezli Global Hukuk B\u00fcrosu\",\"publisher\":{\"@id\":\"https:\\\/\\\/www.bicakhukuk.com\\\/fr\\\/#organization\"},\"alternateName\":\"B\u0131\u00e7ak Hukuk, Ankara Avukat, Ankara Hukuk B\u00fcrosu\",\"potentialAction\":[{\"@type\":\"SearchAction\",\"target\":{\"@type\":\"EntryPoint\",\"urlTemplate\":\"https:\\\/\\\/www.bicakhukuk.com\\\/fr\\\/?s={search_term_string}\"},\"query-input\":{\"@type\":\"PropertyValueSpecification\",\"valueRequired\":true,\"valueName\":\"search_term_string\"}}],\"inLanguage\":\"fr-FR\"},{\"@type\":[\"Organization\",\"Place\"],\"@id\":\"https:\\\/\\\/www.bicakhukuk.com\\\/fr\\\/#organization\",\"name\":\"B\u0131\u00e7ak Hukuk | T\u00fcrkiye Merkezli Global Hukuk Firmas\u0131\",\"alternateName\":\"B\u0131\u00e7ak Hukuk, Ankara Avukat, Ankara Hukuk B\u00fcrosu\",\"url\":\"https:\\\/\\\/www.bicakhukuk.com\\\/fr\\\/\",\"logo\":{\"@id\":\"https:\\\/\\\/www.bicakhukuk.com\\\/fr\\\/faaliyet-alanlarimiz\\\/bilisim-hukuku\\\/#local-main-organization-logo\"},\"image\":{\"@id\":\"https:\\\/\\\/www.bicakhukuk.com\\\/fr\\\/faaliyet-alanlarimiz\\\/bilisim-hukuku\\\/#local-main-organization-logo\"},\"sameAs\":[\"https:\\\/\\\/www.facebook.com\\\/bicakhukuk\",\"https:\\\/\\\/x.com\\\/BicakHukuk\",\"https:\\\/\\\/www.instagram.com\\\/bicakhukuk\\\/\",\"https:\\\/\\\/tr.linkedin.com\\\/company\\\/b-ak-law-firm\",\"https:\\\/\\\/www.youtube.com\\\/channel\\\/UCodktEWFyJmIp3i1BH9aM2A\\\/\"],\"description\":\"K\u00fcresel, b\u00f6lgesel ve ulusal \u015firketlere, kurulu\u015flara ve ki\u015filere uzmanl\u0131k alanlar\u0131m\u0131zda uyu\u015fmazl\u0131k \u00f6nleyici hukuk dan\u0131\u015fmanl\u0131\u011f\u0131, uyu\u015fmazl\u0131k \u00e7\u00f6z\u00fcm s\u00fcre\u00e7lerinde ise arabuluculuk, arabuluculukta taraf vekilli\u011fi, mahkemelerde taraf vekilli\u011fi ve avukatl\u0131k, tahkim hakemli\u011fi, tahkimde taraf vekilli\u011fi, hukuki konularda m\u00fctalaa ve hukuki konularda e\u011fitim hizmetleri vermekteyiz. Uluslararas\u0131, b\u00f6lgesel ve ulusal hukuka ili\u015fkin inceleme, ara\u015ft\u0131rma ve tecr\u00fcbeye dayal\u0131 hukuk hizmetlerimizi sunarken teknolojinin imkan sa\u011flad\u0131\u011f\u0131 g\u00f6rsel (video konferans) veya i\u015fitsel (sesli konferans) ileti\u015fim teknolojilerinin elverdi\u011fi t\u00fcm olanaklar\u0131 kullanmaktay\u0131z. Dan\u0131\u015fanlar\u0131m\u0131z veya m\u00fcvekkillerimiz, D\u00fcnyan\u0131n, b\u00f6lgemizin veya \u00fclkemizin neresinde olurlarsa olsunlar hizmetlerimizden uzaktan eri\u015fim yoluyla yararlanabilmektedir. Muhtemel ihtilaflar\u0131 \u00f6nlemek veya en aza indirmek gayesiyle m\u00fcvekkillerimize sundu\u011fumuz dinamik, etkili ve \u00f6nleyici dan\u0131\u015fmanl\u0131k hizmetlerimizin yan\u0131nda, uyu\u015fmazl\u0131k \u00e7\u00f6z\u00fcm s\u00fcre\u00e7lerinde arabuluculuk, tahkim veya mahkemelerde dava takibi hizmetleri de sunmaktay\u0131z. Ba\u015far\u0131n\u0131n s\u0131rr\u0131, do\u011fru bilgiye h\u0131zl\u0131 eri\u015fimdir. M\u00fcvekkil ihtiya\u00e7lar\u0131 tam ve eksiksiz tan\u0131mlayarak y\u00fcksek standartlarda, kaliteli, h\u0131zl\u0131 ve sonu\u00e7 odakl\u0131 esas\u0131na dayanan bir \u00e7al\u0131\u015fma anlay\u0131\u015f\u0131 benimsemi\u015f bulunuyoruz. G\u00fcvenilirlik, itibar, etik de\u011ferler ve kalite standartlar\u0131 gibi unsurlar, vazge\u00e7ilmezlerimiz olu\u015fturur.\",\"legalName\":\"B\u0131\u00e7ak Hukuk\",\"foundingDate\":\"2002-01-01\",\"numberOfEmployees\":{\"@type\":\"QuantitativeValue\",\"minValue\":\"1\",\"maxValue\":\"10\"},\"address\":{\"@id\":\"https:\\\/\\\/www.bicakhukuk.com\\\/fr\\\/faaliyet-alanlarimiz\\\/bilisim-hukuku\\\/#local-main-place-address\"},\"geo\":{\"@type\":\"GeoCoordinates\",\"latitude\":\"39.90985903589262\",\"longitude\":\"32.81218744448808\"},\"telephone\":[\"0 (312) 473 39 60\",\"0 (553) 223 32 90\"],\"openingHoursSpecification\":[{\"@type\":\"OpeningHoursSpecification\",\"dayOfWeek\":[\"Monday\",\"Tuesday\",\"Wednesday\",\"Thursday\",\"Friday\",\"Saturday\"],\"opens\":\"08:00\",\"closes\":\"18:00\"},{\"@type\":\"OpeningHoursSpecification\",\"dayOfWeek\":[\"Sunday\"],\"opens\":\"00:00\",\"closes\":\"00:00\"}],\"email\":\"iletisim@bicakhukuk.com\",\"faxNumber\":\"0 (312) 473 39 62\",\"areaServed\":\"Hukuk\"},{\"@type\":\"PostalAddress\",\"@id\":\"https:\\\/\\\/www.bicakhukuk.com\\\/fr\\\/faaliyet-alanlarimiz\\\/bilisim-hukuku\\\/#local-main-place-address\",\"streetAddress\":\"Next Level Loft Ofis, Kat 9-10, Daire 29, K\u0131z\u0131l\u0131rmak Mahallesi, Ufuk \u00dcniversitesi Caddesi S\u00f6\u011f\u00fct\u00f6z\u00fc \\\/ \u00c7ankaya\",\"addressLocality\":\"Ankara\",\"postalCode\":\"06530\",\"addressCountry\":\"TR\"},{\"@type\":\"ImageObject\",\"inLanguage\":\"fr-FR\",\"@id\":\"https:\\\/\\\/www.bicakhukuk.com\\\/fr\\\/faaliyet-alanlarimiz\\\/bilisim-hukuku\\\/#local-main-organization-logo\",\"url\":\"https:\\\/\\\/www.bicakhukuk.com\\\/wp-content\\\/uploads\\\/2023\\\/05\\\/bicak_hukuk_logo_kare.png\",\"contentUrl\":\"https:\\\/\\\/www.bicakhukuk.com\\\/wp-content\\\/uploads\\\/2023\\\/05\\\/bicak_hukuk_logo_kare.png\",\"width\":2000,\"height\":2000,\"caption\":\"B\u0131\u00e7ak Hukuk | T\u00fcrkiye Merkezli Global Hukuk Firmas\u0131\"}]}<\/script>\n<meta name=\"geo.placename\" content=\"Ankara\" \/>\n<meta name=\"geo.position\" content=\"39.90985903589262;32.81218744448808\" \/>\n<meta name=\"geo.region\" content=\"Turquie\" \/>\n<!-- \/ Yoast SEO Premium plugin. -->","yoast_head_json":{"title":"Droit de l'informatique | B\u0131\u00e7ak Hukuk","description":"\u015eirket uygulamalar\u0131n\u0131n bili\u015fim hukuku ilke, prensip ve standartlar\u0131na uyumunun sa\u011flanmas\u0131, mevcut durumun iyile\u015ftirmesine y\u00f6nelik \u00f6neriler geli\u015ftirilmesi","robots":{"index":"index","follow":"follow","max-snippet":"max-snippet:-1","max-image-preview":"max-image-preview:large","max-video-preview":"max-video-preview:-1"},"canonical":"https:\/\/www.bicakhukuk.com\/fr\/faaliyet-alanlarimiz\/bilisim-hukuku\/","og_locale":"fr_FR","og_type":"article","og_title":"Droit de l'informatique","og_description":"Les d\u00e9veloppements d'aujourd'hui, qui se poursuivent rapidement dans le domaine de l'information et des technologies de l'information, offrent de grandes","og_url":"https:\/\/www.bicakhukuk.com\/fr\/faaliyet-alanlarimiz\/bilisim-hukuku\/","og_site_name":"B\u0131\u00e7ak Hukuk","article_publisher":"https:\/\/www.facebook.com\/bicakhukuk","article_modified_time":"2020-03-12T08:44:02+00:00","og_image":[{"width":960,"height":540,"url":"https:\/\/www.bicakhukuk.com\/wp-content\/uploads\/2020\/02\/Next-Level.jpg","type":"image\/jpeg"}],"twitter_card":"summary_large_image","twitter_site":"@BicakHukuk","twitter_misc":{"Dur\u00e9e de lecture estim\u00e9e":"5 minutes"},"schema":{"@context":"https:\/\/schema.org","@graph":[{"@type":"WebPage","@id":"https:\/\/www.bicakhukuk.com\/fr\/faaliyet-alanlarimiz\/bilisim-hukuku\/","url":"https:\/\/www.bicakhukuk.com\/fr\/faaliyet-alanlarimiz\/bilisim-hukuku\/","name":"Droit de l'informatique | B\u0131\u00e7ak Hukuk","isPartOf":{"@id":"https:\/\/www.bicakhukuk.com\/fr\/#website"},"datePublished":"2014-08-04T17:29:06+00:00","dateModified":"2020-03-12T08:44:02+00:00","description":"\u015eirket uygulamalar\u0131n\u0131n bili\u015fim hukuku ilke, prensip ve standartlar\u0131na uyumunun sa\u011flanmas\u0131, mevcut durumun iyile\u015ftirmesine y\u00f6nelik \u00f6neriler geli\u015ftirilmesi","breadcrumb":{"@id":"https:\/\/www.bicakhukuk.com\/fr\/faaliyet-alanlarimiz\/bilisim-hukuku\/#breadcrumb"},"inLanguage":"fr-FR","potentialAction":[{"@type":"ReadAction","target":["https:\/\/www.bicakhukuk.com\/fr\/faaliyet-alanlarimiz\/bilisim-hukuku\/"]}]},{"@type":"BreadcrumbList","@id":"https:\/\/www.bicakhukuk.com\/fr\/faaliyet-alanlarimiz\/bilisim-hukuku\/#breadcrumb","itemListElement":[{"@type":"ListItem","position":1,"name":"Ana sayfa","item":"https:\/\/www.bicakhukuk.com\/fr\/"},{"@type":"ListItem","position":2,"name":"Secteurs","item":"https:\/\/www.bicakhukuk.com\/fr\/faaliyet-alanlarimiz\/"},{"@type":"ListItem","position":3,"name":"Droit de l&#8217;informatique"}]},{"@type":"WebSite","@id":"https:\/\/www.bicakhukuk.com\/fr\/#website","url":"https:\/\/www.bicakhukuk.com\/fr\/","name":"B\u0131\u00e7ak Hukuk","description":"T\u00fcrkiye Merkezli Global Hukuk B\u00fcrosu","publisher":{"@id":"https:\/\/www.bicakhukuk.com\/fr\/#organization"},"alternateName":"B\u0131\u00e7ak Hukuk, Ankara Avukat, Ankara Hukuk B\u00fcrosu","potentialAction":[{"@type":"SearchAction","target":{"@type":"EntryPoint","urlTemplate":"https:\/\/www.bicakhukuk.com\/fr\/?s={search_term_string}"},"query-input":{"@type":"PropertyValueSpecification","valueRequired":true,"valueName":"search_term_string"}}],"inLanguage":"fr-FR"},{"@type":["Organization","Place"],"@id":"https:\/\/www.bicakhukuk.com\/fr\/#organization","name":"B\u0131\u00e7ak Hukuk | T\u00fcrkiye Merkezli Global Hukuk Firmas\u0131","alternateName":"B\u0131\u00e7ak Hukuk, Ankara Avukat, Ankara Hukuk B\u00fcrosu","url":"https:\/\/www.bicakhukuk.com\/fr\/","logo":{"@id":"https:\/\/www.bicakhukuk.com\/fr\/faaliyet-alanlarimiz\/bilisim-hukuku\/#local-main-organization-logo"},"image":{"@id":"https:\/\/www.bicakhukuk.com\/fr\/faaliyet-alanlarimiz\/bilisim-hukuku\/#local-main-organization-logo"},"sameAs":["https:\/\/www.facebook.com\/bicakhukuk","https:\/\/x.com\/BicakHukuk","https:\/\/www.instagram.com\/bicakhukuk\/","https:\/\/tr.linkedin.com\/company\/b-ak-law-firm","https:\/\/www.youtube.com\/channel\/UCodktEWFyJmIp3i1BH9aM2A\/"],"description":"K\u00fcresel, b\u00f6lgesel ve ulusal \u015firketlere, kurulu\u015flara ve ki\u015filere uzmanl\u0131k alanlar\u0131m\u0131zda uyu\u015fmazl\u0131k \u00f6nleyici hukuk dan\u0131\u015fmanl\u0131\u011f\u0131, uyu\u015fmazl\u0131k \u00e7\u00f6z\u00fcm s\u00fcre\u00e7lerinde ise arabuluculuk, arabuluculukta taraf vekilli\u011fi, mahkemelerde taraf vekilli\u011fi ve avukatl\u0131k, tahkim hakemli\u011fi, tahkimde taraf vekilli\u011fi, hukuki konularda m\u00fctalaa ve hukuki konularda e\u011fitim hizmetleri vermekteyiz. Uluslararas\u0131, b\u00f6lgesel ve ulusal hukuka ili\u015fkin inceleme, ara\u015ft\u0131rma ve tecr\u00fcbeye dayal\u0131 hukuk hizmetlerimizi sunarken teknolojinin imkan sa\u011flad\u0131\u011f\u0131 g\u00f6rsel (video konferans) veya i\u015fitsel (sesli konferans) ileti\u015fim teknolojilerinin elverdi\u011fi t\u00fcm olanaklar\u0131 kullanmaktay\u0131z. Dan\u0131\u015fanlar\u0131m\u0131z veya m\u00fcvekkillerimiz, D\u00fcnyan\u0131n, b\u00f6lgemizin veya \u00fclkemizin neresinde olurlarsa olsunlar hizmetlerimizden uzaktan eri\u015fim yoluyla yararlanabilmektedir. Muhtemel ihtilaflar\u0131 \u00f6nlemek veya en aza indirmek gayesiyle m\u00fcvekkillerimize sundu\u011fumuz dinamik, etkili ve \u00f6nleyici dan\u0131\u015fmanl\u0131k hizmetlerimizin yan\u0131nda, uyu\u015fmazl\u0131k \u00e7\u00f6z\u00fcm s\u00fcre\u00e7lerinde arabuluculuk, tahkim veya mahkemelerde dava takibi hizmetleri de sunmaktay\u0131z. Ba\u015far\u0131n\u0131n s\u0131rr\u0131, do\u011fru bilgiye h\u0131zl\u0131 eri\u015fimdir. M\u00fcvekkil ihtiya\u00e7lar\u0131 tam ve eksiksiz tan\u0131mlayarak y\u00fcksek standartlarda, kaliteli, h\u0131zl\u0131 ve sonu\u00e7 odakl\u0131 esas\u0131na dayanan bir \u00e7al\u0131\u015fma anlay\u0131\u015f\u0131 benimsemi\u015f bulunuyoruz. G\u00fcvenilirlik, itibar, etik de\u011ferler ve kalite standartlar\u0131 gibi unsurlar, vazge\u00e7ilmezlerimiz olu\u015fturur.","legalName":"B\u0131\u00e7ak Hukuk","foundingDate":"2002-01-01","numberOfEmployees":{"@type":"QuantitativeValue","minValue":"1","maxValue":"10"},"address":{"@id":"https:\/\/www.bicakhukuk.com\/fr\/faaliyet-alanlarimiz\/bilisim-hukuku\/#local-main-place-address"},"geo":{"@type":"GeoCoordinates","latitude":"39.90985903589262","longitude":"32.81218744448808"},"telephone":["0 (312) 473 39 60","0 (553) 223 32 90"],"openingHoursSpecification":[{"@type":"OpeningHoursSpecification","dayOfWeek":["Monday","Tuesday","Wednesday","Thursday","Friday","Saturday"],"opens":"08:00","closes":"18:00"},{"@type":"OpeningHoursSpecification","dayOfWeek":["Sunday"],"opens":"00:00","closes":"00:00"}],"email":"iletisim@bicakhukuk.com","faxNumber":"0 (312) 473 39 62","areaServed":"Hukuk"},{"@type":"PostalAddress","@id":"https:\/\/www.bicakhukuk.com\/fr\/faaliyet-alanlarimiz\/bilisim-hukuku\/#local-main-place-address","streetAddress":"Next Level Loft Ofis, Kat 9-10, Daire 29, K\u0131z\u0131l\u0131rmak Mahallesi, Ufuk \u00dcniversitesi Caddesi S\u00f6\u011f\u00fct\u00f6z\u00fc \/ \u00c7ankaya","addressLocality":"Ankara","postalCode":"06530","addressCountry":"TR"},{"@type":"ImageObject","inLanguage":"fr-FR","@id":"https:\/\/www.bicakhukuk.com\/fr\/faaliyet-alanlarimiz\/bilisim-hukuku\/#local-main-organization-logo","url":"https:\/\/www.bicakhukuk.com\/wp-content\/uploads\/2023\/05\/bicak_hukuk_logo_kare.png","contentUrl":"https:\/\/www.bicakhukuk.com\/wp-content\/uploads\/2023\/05\/bicak_hukuk_logo_kare.png","width":2000,"height":2000,"caption":"B\u0131\u00e7ak Hukuk | T\u00fcrkiye Merkezli Global Hukuk Firmas\u0131"}]},"geo.placename":"Ankara","geo.position":{"lat":"39.90985903589262","long":"32.81218744448808"},"geo.region":"Turquie"},"_links":{"self":[{"href":"https:\/\/www.bicakhukuk.com\/fr\/wp-json\/wp\/v2\/pages\/3082","targetHints":{"allow":["GET"]}}],"collection":[{"href":"https:\/\/www.bicakhukuk.com\/fr\/wp-json\/wp\/v2\/pages"}],"about":[{"href":"https:\/\/www.bicakhukuk.com\/fr\/wp-json\/wp\/v2\/types\/page"}],"author":[{"embeddable":true,"href":"https:\/\/www.bicakhukuk.com\/fr\/wp-json\/wp\/v2\/users\/1"}],"replies":[{"embeddable":true,"href":"https:\/\/www.bicakhukuk.com\/fr\/wp-json\/wp\/v2\/comments?post=3082"}],"version-history":[{"count":0,"href":"https:\/\/www.bicakhukuk.com\/fr\/wp-json\/wp\/v2\/pages\/3082\/revisions"}],"up":[{"embeddable":true,"href":"https:\/\/www.bicakhukuk.com\/fr\/wp-json\/wp\/v2\/pages\/3008"}],"wp:attachment":[{"href":"https:\/\/www.bicakhukuk.com\/fr\/wp-json\/wp\/v2\/media?parent=3082"}],"curies":[{"name":"wp","href":"https:\/\/api.w.org\/{rel}","templated":true}]}}