{"id":3062,"date":"2014-08-04T20:24:13","date_gmt":"2014-08-04T17:24:13","guid":{"rendered":"http:\/\/www.bicakhukuk.com\/bicak-hukuk\/faaliyet-alanlarimiz\/ticari-ceza-hukuku\/"},"modified":"2020-03-12T11:38:51","modified_gmt":"2020-03-12T08:38:51","slug":"ticari-ceza-hukuku-2","status":"publish","type":"page","link":"https:\/\/www.bicakhukuk.com\/fr\/faaliyet-alanlarimiz\/ticari-ceza-hukuku-2\/","title":{"rendered":"Droit p\u00e9nal"},"content":{"rendered":"<p>Bien qu&rsquo;il ne soit pas souhaitable que des individus ou des entreprises soient confront\u00e9s \u00e0 des processus et processus d&rsquo;enqu\u00eate criminelle, il s&rsquo;agit d&rsquo;une situation ind\u00e9sirable \u00e0 laquelle ils sont confront\u00e9s de temps \u00e0 autre. Capture, d\u00e9tention, arrestation, contr\u00f4le m\u00e9dico-l\u00e9gal, d\u00e9tention, commissariat de police ou palais de justice, utilisation, fouille, saisie, t\u00e9moignage, interrogatoire, information, confrontation, diagnostic, examen corporel et \u00e9chantillonnage, \u00e9coute au t\u00e9l\u00e9phone, \u00e9coute de l&rsquo;environnement Des m\u00e9thodes telles que la surveillance technique, la surveillance \u00e9lectronique des donn\u00e9es, le recrutement d&rsquo;enqu\u00eateurs secrets peuvent \u00eatre utilis\u00e9es comme preuves dans les enqu\u00eates criminelles. Nous fournissons des conseils sur toutes ces enqu\u00eates, qui sont men\u00e9es par la police, la gendarmerie et le minist\u00e8re public, et des services de conseil et \/ ou de conseil en mati\u00e8re p\u00e9nale pendant, avant ou apr\u00e8s ces proc\u00e9dures.<\/p>\n<p>Dans les affaires du parquet et des tribunaux correctionnels, des tribunaux p\u00e9naux de premi\u00e8re instance, des hautes juridictions p\u00e9nales, de la Cour supr\u00eame, des tribunaux r\u00e9gionaux de justice, de la Cour supr\u00eame, de la Cour constitutionnelle et de la Cour europ\u00e9enne des droits de l&rsquo;homme; Nous fournissons des services de conseil et de plaidoyer pour toutes les questions requises par le processus judiciaire, telles que la d\u00e9fense individuelle au profit du suspect ou de l&rsquo;accus\u00e9, le litige avec obligation de r\u00e9clamation personnelle au profit de la victime ou du client, l&rsquo;examen et l&rsquo;\u00e9valuation des preuves dans les dossiers, la d\u00e9termination des preuves obtenues de la loi et les mesures n\u00e9cessaires \u00e0 prendre hors de l&rsquo;\u00e9valuation.<\/p>\n<p>Certains des crimes que nous suivons fr\u00e9quemment au cours de l&rsquo;enqu\u00eate, des poursuites et de la Cour de cassation turque sont les suivants;<\/p>\n<p>-m\u00e9fait \u00e0 l\u2019offre<br \/>\n&#8211; m\u00e9fait dans l&rsquo;ex\u00e9cution de l&rsquo;acte<br \/>\n&#8211; blanchiment des revenus du crime<br \/>\n&#8211; fraude<br \/>\n&#8211; d\u00e9lits bancaires<br \/>\n&#8211; crimes sur les march\u00e9s financiers<br \/>\n&#8211; infractions au droit des soci\u00e9t\u00e9s<br \/>\n&#8211; infractions fiscales<br \/>\n&#8211; d\u00e9lits de presse<br \/>\n&#8211; insulte<br \/>\n&#8211; handicap<br \/>\n&#8211; prime d&rsquo;incitation<br \/>\n&#8211; v\u00e9rifier les d\u00e9lits<br \/>\n&#8211; violer la vie priv\u00e9e<br \/>\n&#8211; trafic de migrants et traite des \u00eatres humains<br \/>\n&#8211; blessure, tuer des gens<br \/>\n&#8211; commerce d&rsquo;organes ou de tissus<br \/>\n&#8211; avortement et st\u00e9rilisation<br \/>\n&#8211; agression sexuelle, abus sexuel, harc\u00e8lement sexuel<br \/>\n&#8211; menace, chantage, alg\u00e8bre<br \/>\n&#8211; priver une personne de sa libert\u00e9<br \/>\n&#8211; Violation de l&rsquo;immunit\u00e9 au logement<br \/>\n&#8211; discrimination<br \/>\n&#8211; troubler la paix et la tranquillit\u00e9 des gens<br \/>\n&#8211; violer la confidentialit\u00e9 de la communication<br \/>\n&#8211; \u00c9coute et enregistrement de conversations entre personnes,<br \/>\n&#8211; vol, abus de confiance, fraude<br \/>\n&#8211; faillite frauduleuse<br \/>\n&#8211; mettre en danger la s\u00e9curit\u00e9 routi\u00e8re<br \/>\n&#8211; la fabrication et le commerce de m\u00e9dicaments ou de stimulants<br \/>\n&#8211; faux<br \/>\n&#8211; obsc\u00e9nit\u00e9, prostitution<br \/>\n&#8211; entrer dans le syst\u00e8me d&rsquo;information<br \/>\n&#8211; Crimes informatiques<br \/>\n&#8211; fraude sur Internet<br \/>\n&#8211; d\u00e9tournement de fonds, extorsion, corruption<br \/>\n&#8211; calomnie<br \/>\n&#8211; Crimes commis par la radio, la t\u00e9l\u00e9vision et Internet ou dans leur environnement<br \/>\n&#8211; blanchiment d&rsquo;actifs criminels<br \/>\n&#8211; Tentative d&rsquo;influencer un proc\u00e8s \u00e9quitable<br \/>\n&#8211; violer la constitution<br \/>\n&#8211; crime contre le gouvernement<br \/>\n&#8211; d\u00e9lits<\/p>\n<p><strong>Le d\u00e9lit de vol par l&rsquo;informatique<\/strong>: l&rsquo;entr\u00e9e ill\u00e9gale de l&rsquo;agresseur dans le syst\u00e8me d&rsquo;information, apr\u00e8s que le client a re\u00e7u son argent, apr\u00e8s que le mot de passe a \u00e9t\u00e9 entr\u00e9 dans le compte de salaire de la banque, il a transf\u00e9r\u00e9 son argent sur le compte du d\u00e9linquant lui-m\u00eame ou transf\u00e9r\u00e9 sur le compte de l&rsquo;accus\u00e9, transf\u00e9rant l&rsquo;argent du compte de la victime vers le compte de l&rsquo;accus\u00e9, en acc\u00e9dant au compte Internet , entrer dans le compte Internet et faire du shopping en utilisant les informations de d\u00e9bit, faire du shopping avec une carte de d\u00e9bit ou de cr\u00e9dit physique, entrer dans le compte de la carte de cr\u00e9dit et faire du shopping avec les informations de cette carte, publier un v\u00e9hicule \u00e0 vendre sur des sites Web, tromper la victime et dispara\u00eetre apr\u00e8s avoir obtenu de l&rsquo;argent, etc.<\/p>\n<div class=\"tlid-results-container results-container\">\n<div class=\"tlid-result result-dict-wrapper\">\n<div class=\"result tlid-copy-target\">\n<div class=\"text-wrap tlid-copy-target\">\n<div class=\"result-shield-container tlid-copy-target\" tabindex=\"0\"><span class=\"tlid-translation translation\" lang=\"fr\"><span class=\"\" title=\"\"><strong>D\u00e9lit de vol de t\u00e9l\u00e9phone portable:<\/strong> retirer le t\u00e9l\u00e9phone portable de la personne ou de la personne, prendre le t\u00e9l\u00e9phone portable du b\u00e2timent, regarder le t\u00e9l\u00e9phone portable, prendre un message ou le prendre sous pr\u00e9texte d&rsquo;appeler un endroit, le t\u00e9l\u00e9phone portable est \u00e0 l&rsquo;int\u00e9rieur de la voiture ou \u00e0 l&rsquo;int\u00e9rieur de la voiture, la porte du b\u00e2timent ou de la voiture<\/span> <span class=\"\" title=\"\">ouverture et r\u00e9alisation de l&rsquo;action, etc.<\/span><\/span><\/div>\n<\/div>\n<\/div>\n<\/div>\n<\/div>\n<p><strong>D\u00e9lit pour une utilisation non r\u00e9mun\u00e9r\u00e9e<\/strong>: utiliser des distributeurs automatiques, des services, des marchandises, de la digitale, de l&rsquo;\u00e9lectricit\u00e9, de l&rsquo;eau et du gaz naturel sans payer le prix, jeter des canettes au lieu d&rsquo;argent \u00e0 des machines automatiques, acheter des canettes ou des chocolats en jetant des bo\u00eetes plut\u00f4t que de l&rsquo;argent dans des automates dans le m\u00e9tro, monter dans les v\u00e9hicules de transport tels que le m\u00e9tro. Voyager \u00e0 travers la machine en utilisant une fausse carte, en utilisant cette carte avec le d\u00e9codeur \u00e0 l&rsquo;ext\u00e9rieur du domicile et du lieu de travail, en utilisant la carte, qui est utilis\u00e9e sur une base d&rsquo;abonnement, sans payer le co\u00fbt, etc.<\/p>\n","protected":false},"excerpt":{"rendered":"<p>Bien qu&rsquo;il ne soit pas souhaitable que des individus ou des entreprises soient confront\u00e9s \u00e0 des processus et processus d&rsquo;enqu\u00eate criminelle, il s&rsquo;agit d&rsquo;une situation ind\u00e9sirable \u00e0 laquelle ils sont confront\u00e9s de temps \u00e0 autre. Capture, d\u00e9tention, arrestation, contr\u00f4le m\u00e9dico-l\u00e9gal, d\u00e9tention, commissariat de police ou palais de justice, utilisation, fouille, saisie, t\u00e9moignage, interrogatoire, information, confrontation, [&hellip;]<\/p>\n","protected":false},"author":1,"featured_media":0,"parent":3008,"menu_order":0,"comment_status":"open","ping_status":"open","template":"page-sidebar-right.php","meta":{"rs_blank_template":"","rs_page_bg_color":"#ffffff","slide_template_v7":"","footnotes":""},"class_list":["post-3062","page","type-page","status-publish","hentry"],"yoast_head":"<!-- This site is optimized with the Yoast SEO Premium plugin v27.1 (Yoast SEO v27.4) - https:\/\/yoast.com\/product\/yoast-seo-premium-wordpress\/ -->\n<title>Droit p\u00e9nal | B\u0131\u00e7ak Hukuk<\/title>\n<meta name=\"description\" content=\"Savc\u0131l\u0131k soru\u015fturmalar\u0131nda ve A\u011f\u0131r Ceza Mahkemelerinde ceza avukatlar\u0131m\u0131zla hizmetinizdeyiz.\" \/>\n<meta name=\"robots\" content=\"index, follow, max-snippet:-1, max-image-preview:large, max-video-preview:-1\" \/>\n<link rel=\"canonical\" href=\"https:\/\/www.bicakhukuk.com\/fr\/faaliyet-alanlarimiz\/ticari-ceza-hukuku-2\/\" \/>\n<meta property=\"og:locale\" content=\"fr_FR\" \/>\n<meta property=\"og:type\" content=\"article\" \/>\n<meta property=\"og:title\" content=\"Droit p\u00e9nal\" \/>\n<meta property=\"og:description\" content=\"Bien qu&#039;il ne soit pas souhaitable que des individus ou des entreprises soient confront\u00e9s \u00e0 des processus et processus d&#039;enqu\u00eate criminelle, il s&#039;agit\" \/>\n<meta property=\"og:url\" content=\"https:\/\/www.bicakhukuk.com\/fr\/faaliyet-alanlarimiz\/ticari-ceza-hukuku-2\/\" \/>\n<meta property=\"og:site_name\" content=\"B\u0131\u00e7ak Hukuk\" \/>\n<meta property=\"article:publisher\" content=\"https:\/\/www.facebook.com\/bicakhukuk\" \/>\n<meta property=\"article:modified_time\" content=\"2020-03-12T08:38:51+00:00\" \/>\n<meta property=\"og:image\" content=\"https:\/\/www.bicakhukuk.com\/wp-content\/uploads\/2020\/02\/Next-Level.jpg\" \/>\n\t<meta property=\"og:image:width\" content=\"960\" \/>\n\t<meta property=\"og:image:height\" content=\"540\" \/>\n\t<meta property=\"og:image:type\" content=\"image\/jpeg\" \/>\n<meta name=\"twitter:card\" content=\"summary_large_image\" \/>\n<meta name=\"twitter:site\" content=\"@BicakHukuk\" \/>\n<meta name=\"twitter:label1\" content=\"Dur\u00e9e de lecture estim\u00e9e\" \/>\n\t<meta name=\"twitter:data1\" content=\"5 minutes\" \/>\n<script type=\"application\/ld+json\" class=\"yoast-schema-graph\">{\"@context\":\"https:\\\/\\\/schema.org\",\"@graph\":[{\"@type\":\"WebPage\",\"@id\":\"https:\\\/\\\/www.bicakhukuk.com\\\/fr\\\/faaliyet-alanlarimiz\\\/ticari-ceza-hukuku-2\\\/\",\"url\":\"https:\\\/\\\/www.bicakhukuk.com\\\/fr\\\/faaliyet-alanlarimiz\\\/ticari-ceza-hukuku-2\\\/\",\"name\":\"Droit p\u00e9nal | B\u0131\u00e7ak Hukuk\",\"isPartOf\":{\"@id\":\"https:\\\/\\\/www.bicakhukuk.com\\\/fr\\\/#website\"},\"datePublished\":\"2014-08-04T17:24:13+00:00\",\"dateModified\":\"2020-03-12T08:38:51+00:00\",\"description\":\"Savc\u0131l\u0131k soru\u015fturmalar\u0131nda ve A\u011f\u0131r Ceza Mahkemelerinde ceza avukatlar\u0131m\u0131zla hizmetinizdeyiz.\",\"breadcrumb\":{\"@id\":\"https:\\\/\\\/www.bicakhukuk.com\\\/fr\\\/faaliyet-alanlarimiz\\\/ticari-ceza-hukuku-2\\\/#breadcrumb\"},\"inLanguage\":\"fr-FR\",\"potentialAction\":[{\"@type\":\"ReadAction\",\"target\":[\"https:\\\/\\\/www.bicakhukuk.com\\\/fr\\\/faaliyet-alanlarimiz\\\/ticari-ceza-hukuku-2\\\/\"]}]},{\"@type\":\"BreadcrumbList\",\"@id\":\"https:\\\/\\\/www.bicakhukuk.com\\\/fr\\\/faaliyet-alanlarimiz\\\/ticari-ceza-hukuku-2\\\/#breadcrumb\",\"itemListElement\":[{\"@type\":\"ListItem\",\"position\":1,\"name\":\"Ana sayfa\",\"item\":\"https:\\\/\\\/www.bicakhukuk.com\\\/fr\\\/\"},{\"@type\":\"ListItem\",\"position\":2,\"name\":\"Secteurs\",\"item\":\"https:\\\/\\\/www.bicakhukuk.com\\\/fr\\\/faaliyet-alanlarimiz\\\/\"},{\"@type\":\"ListItem\",\"position\":3,\"name\":\"Droit p\u00e9nal\"}]},{\"@type\":\"WebSite\",\"@id\":\"https:\\\/\\\/www.bicakhukuk.com\\\/fr\\\/#website\",\"url\":\"https:\\\/\\\/www.bicakhukuk.com\\\/fr\\\/\",\"name\":\"B\u0131\u00e7ak Hukuk\",\"description\":\"T\u00fcrkiye Merkezli Global Hukuk B\u00fcrosu\",\"publisher\":{\"@id\":\"https:\\\/\\\/www.bicakhukuk.com\\\/fr\\\/#organization\"},\"alternateName\":\"B\u0131\u00e7ak Hukuk, Ankara Avukat, Ankara Hukuk B\u00fcrosu\",\"potentialAction\":[{\"@type\":\"SearchAction\",\"target\":{\"@type\":\"EntryPoint\",\"urlTemplate\":\"https:\\\/\\\/www.bicakhukuk.com\\\/fr\\\/?s={search_term_string}\"},\"query-input\":{\"@type\":\"PropertyValueSpecification\",\"valueRequired\":true,\"valueName\":\"search_term_string\"}}],\"inLanguage\":\"fr-FR\"},{\"@type\":[\"Organization\",\"Place\"],\"@id\":\"https:\\\/\\\/www.bicakhukuk.com\\\/fr\\\/#organization\",\"name\":\"B\u0131\u00e7ak Hukuk | T\u00fcrkiye Merkezli Global Hukuk Firmas\u0131\",\"alternateName\":\"B\u0131\u00e7ak Hukuk, Ankara Avukat, Ankara Hukuk B\u00fcrosu\",\"url\":\"https:\\\/\\\/www.bicakhukuk.com\\\/fr\\\/\",\"logo\":{\"@id\":\"https:\\\/\\\/www.bicakhukuk.com\\\/fr\\\/faaliyet-alanlarimiz\\\/ticari-ceza-hukuku-2\\\/#local-main-organization-logo\"},\"image\":{\"@id\":\"https:\\\/\\\/www.bicakhukuk.com\\\/fr\\\/faaliyet-alanlarimiz\\\/ticari-ceza-hukuku-2\\\/#local-main-organization-logo\"},\"sameAs\":[\"https:\\\/\\\/www.facebook.com\\\/bicakhukuk\",\"https:\\\/\\\/x.com\\\/BicakHukuk\",\"https:\\\/\\\/www.instagram.com\\\/bicakhukuk\\\/\",\"https:\\\/\\\/tr.linkedin.com\\\/company\\\/b-ak-law-firm\",\"https:\\\/\\\/www.youtube.com\\\/channel\\\/UCodktEWFyJmIp3i1BH9aM2A\\\/\"],\"description\":\"K\u00fcresel, b\u00f6lgesel ve ulusal \u015firketlere, kurulu\u015flara ve ki\u015filere uzmanl\u0131k alanlar\u0131m\u0131zda uyu\u015fmazl\u0131k \u00f6nleyici hukuk dan\u0131\u015fmanl\u0131\u011f\u0131, uyu\u015fmazl\u0131k \u00e7\u00f6z\u00fcm s\u00fcre\u00e7lerinde ise arabuluculuk, arabuluculukta taraf vekilli\u011fi, mahkemelerde taraf vekilli\u011fi ve avukatl\u0131k, tahkim hakemli\u011fi, tahkimde taraf vekilli\u011fi, hukuki konularda m\u00fctalaa ve hukuki konularda e\u011fitim hizmetleri vermekteyiz. Uluslararas\u0131, b\u00f6lgesel ve ulusal hukuka ili\u015fkin inceleme, ara\u015ft\u0131rma ve tecr\u00fcbeye dayal\u0131 hukuk hizmetlerimizi sunarken teknolojinin imkan sa\u011flad\u0131\u011f\u0131 g\u00f6rsel (video konferans) veya i\u015fitsel (sesli konferans) ileti\u015fim teknolojilerinin elverdi\u011fi t\u00fcm olanaklar\u0131 kullanmaktay\u0131z. Dan\u0131\u015fanlar\u0131m\u0131z veya m\u00fcvekkillerimiz, D\u00fcnyan\u0131n, b\u00f6lgemizin veya \u00fclkemizin neresinde olurlarsa olsunlar hizmetlerimizden uzaktan eri\u015fim yoluyla yararlanabilmektedir. Muhtemel ihtilaflar\u0131 \u00f6nlemek veya en aza indirmek gayesiyle m\u00fcvekkillerimize sundu\u011fumuz dinamik, etkili ve \u00f6nleyici dan\u0131\u015fmanl\u0131k hizmetlerimizin yan\u0131nda, uyu\u015fmazl\u0131k \u00e7\u00f6z\u00fcm s\u00fcre\u00e7lerinde arabuluculuk, tahkim veya mahkemelerde dava takibi hizmetleri de sunmaktay\u0131z. Ba\u015far\u0131n\u0131n s\u0131rr\u0131, do\u011fru bilgiye h\u0131zl\u0131 eri\u015fimdir. M\u00fcvekkil ihtiya\u00e7lar\u0131 tam ve eksiksiz tan\u0131mlayarak y\u00fcksek standartlarda, kaliteli, h\u0131zl\u0131 ve sonu\u00e7 odakl\u0131 esas\u0131na dayanan bir \u00e7al\u0131\u015fma anlay\u0131\u015f\u0131 benimsemi\u015f bulunuyoruz. G\u00fcvenilirlik, itibar, etik de\u011ferler ve kalite standartlar\u0131 gibi unsurlar, vazge\u00e7ilmezlerimiz olu\u015fturur.\",\"legalName\":\"B\u0131\u00e7ak Hukuk\",\"foundingDate\":\"2002-01-01\",\"numberOfEmployees\":{\"@type\":\"QuantitativeValue\",\"minValue\":\"1\",\"maxValue\":\"10\"},\"address\":{\"@id\":\"https:\\\/\\\/www.bicakhukuk.com\\\/fr\\\/faaliyet-alanlarimiz\\\/ticari-ceza-hukuku-2\\\/#local-main-place-address\"},\"geo\":{\"@type\":\"GeoCoordinates\",\"latitude\":\"39.90985903589262\",\"longitude\":\"32.81218744448808\"},\"telephone\":[\"0 (312) 473 39 60\",\"0 (553) 223 32 90\"],\"openingHoursSpecification\":[{\"@type\":\"OpeningHoursSpecification\",\"dayOfWeek\":[\"Monday\",\"Tuesday\",\"Wednesday\",\"Thursday\",\"Friday\",\"Saturday\"],\"opens\":\"08:00\",\"closes\":\"18:00\"},{\"@type\":\"OpeningHoursSpecification\",\"dayOfWeek\":[\"Sunday\"],\"opens\":\"00:00\",\"closes\":\"00:00\"}],\"email\":\"iletisim@bicakhukuk.com\",\"faxNumber\":\"0 (312) 473 39 62\",\"areaServed\":\"Hukuk\"},{\"@type\":\"PostalAddress\",\"@id\":\"https:\\\/\\\/www.bicakhukuk.com\\\/fr\\\/faaliyet-alanlarimiz\\\/ticari-ceza-hukuku-2\\\/#local-main-place-address\",\"streetAddress\":\"Next Level Loft Ofis, Kat 9-10, Daire 29, K\u0131z\u0131l\u0131rmak Mahallesi, Ufuk \u00dcniversitesi Caddesi S\u00f6\u011f\u00fct\u00f6z\u00fc \\\/ \u00c7ankaya\",\"addressLocality\":\"Ankara\",\"postalCode\":\"06530\",\"addressCountry\":\"TR\"},{\"@type\":\"ImageObject\",\"inLanguage\":\"fr-FR\",\"@id\":\"https:\\\/\\\/www.bicakhukuk.com\\\/fr\\\/faaliyet-alanlarimiz\\\/ticari-ceza-hukuku-2\\\/#local-main-organization-logo\",\"url\":\"https:\\\/\\\/www.bicakhukuk.com\\\/wp-content\\\/uploads\\\/2023\\\/05\\\/bicak_hukuk_logo_kare.png\",\"contentUrl\":\"https:\\\/\\\/www.bicakhukuk.com\\\/wp-content\\\/uploads\\\/2023\\\/05\\\/bicak_hukuk_logo_kare.png\",\"width\":2000,\"height\":2000,\"caption\":\"B\u0131\u00e7ak Hukuk | T\u00fcrkiye Merkezli Global Hukuk Firmas\u0131\"}]}<\/script>\n<meta name=\"geo.placename\" content=\"Ankara\" \/>\n<meta name=\"geo.position\" content=\"39.90985903589262;32.81218744448808\" \/>\n<meta name=\"geo.region\" content=\"Turquie\" \/>\n<!-- \/ Yoast SEO Premium plugin. -->","yoast_head_json":{"title":"Droit p\u00e9nal | B\u0131\u00e7ak Hukuk","description":"Savc\u0131l\u0131k soru\u015fturmalar\u0131nda ve A\u011f\u0131r Ceza Mahkemelerinde ceza avukatlar\u0131m\u0131zla hizmetinizdeyiz.","robots":{"index":"index","follow":"follow","max-snippet":"max-snippet:-1","max-image-preview":"max-image-preview:large","max-video-preview":"max-video-preview:-1"},"canonical":"https:\/\/www.bicakhukuk.com\/fr\/faaliyet-alanlarimiz\/ticari-ceza-hukuku-2\/","og_locale":"fr_FR","og_type":"article","og_title":"Droit p\u00e9nal","og_description":"Bien qu'il ne soit pas souhaitable que des individus ou des entreprises soient confront\u00e9s \u00e0 des processus et processus d'enqu\u00eate criminelle, il s'agit","og_url":"https:\/\/www.bicakhukuk.com\/fr\/faaliyet-alanlarimiz\/ticari-ceza-hukuku-2\/","og_site_name":"B\u0131\u00e7ak Hukuk","article_publisher":"https:\/\/www.facebook.com\/bicakhukuk","article_modified_time":"2020-03-12T08:38:51+00:00","og_image":[{"width":960,"height":540,"url":"https:\/\/www.bicakhukuk.com\/wp-content\/uploads\/2020\/02\/Next-Level.jpg","type":"image\/jpeg"}],"twitter_card":"summary_large_image","twitter_site":"@BicakHukuk","twitter_misc":{"Dur\u00e9e de lecture estim\u00e9e":"5 minutes"},"schema":{"@context":"https:\/\/schema.org","@graph":[{"@type":"WebPage","@id":"https:\/\/www.bicakhukuk.com\/fr\/faaliyet-alanlarimiz\/ticari-ceza-hukuku-2\/","url":"https:\/\/www.bicakhukuk.com\/fr\/faaliyet-alanlarimiz\/ticari-ceza-hukuku-2\/","name":"Droit p\u00e9nal | B\u0131\u00e7ak Hukuk","isPartOf":{"@id":"https:\/\/www.bicakhukuk.com\/fr\/#website"},"datePublished":"2014-08-04T17:24:13+00:00","dateModified":"2020-03-12T08:38:51+00:00","description":"Savc\u0131l\u0131k soru\u015fturmalar\u0131nda ve A\u011f\u0131r Ceza Mahkemelerinde ceza avukatlar\u0131m\u0131zla hizmetinizdeyiz.","breadcrumb":{"@id":"https:\/\/www.bicakhukuk.com\/fr\/faaliyet-alanlarimiz\/ticari-ceza-hukuku-2\/#breadcrumb"},"inLanguage":"fr-FR","potentialAction":[{"@type":"ReadAction","target":["https:\/\/www.bicakhukuk.com\/fr\/faaliyet-alanlarimiz\/ticari-ceza-hukuku-2\/"]}]},{"@type":"BreadcrumbList","@id":"https:\/\/www.bicakhukuk.com\/fr\/faaliyet-alanlarimiz\/ticari-ceza-hukuku-2\/#breadcrumb","itemListElement":[{"@type":"ListItem","position":1,"name":"Ana sayfa","item":"https:\/\/www.bicakhukuk.com\/fr\/"},{"@type":"ListItem","position":2,"name":"Secteurs","item":"https:\/\/www.bicakhukuk.com\/fr\/faaliyet-alanlarimiz\/"},{"@type":"ListItem","position":3,"name":"Droit p\u00e9nal"}]},{"@type":"WebSite","@id":"https:\/\/www.bicakhukuk.com\/fr\/#website","url":"https:\/\/www.bicakhukuk.com\/fr\/","name":"B\u0131\u00e7ak Hukuk","description":"T\u00fcrkiye Merkezli Global Hukuk B\u00fcrosu","publisher":{"@id":"https:\/\/www.bicakhukuk.com\/fr\/#organization"},"alternateName":"B\u0131\u00e7ak Hukuk, Ankara Avukat, Ankara Hukuk B\u00fcrosu","potentialAction":[{"@type":"SearchAction","target":{"@type":"EntryPoint","urlTemplate":"https:\/\/www.bicakhukuk.com\/fr\/?s={search_term_string}"},"query-input":{"@type":"PropertyValueSpecification","valueRequired":true,"valueName":"search_term_string"}}],"inLanguage":"fr-FR"},{"@type":["Organization","Place"],"@id":"https:\/\/www.bicakhukuk.com\/fr\/#organization","name":"B\u0131\u00e7ak Hukuk | T\u00fcrkiye Merkezli Global Hukuk Firmas\u0131","alternateName":"B\u0131\u00e7ak Hukuk, Ankara Avukat, Ankara Hukuk B\u00fcrosu","url":"https:\/\/www.bicakhukuk.com\/fr\/","logo":{"@id":"https:\/\/www.bicakhukuk.com\/fr\/faaliyet-alanlarimiz\/ticari-ceza-hukuku-2\/#local-main-organization-logo"},"image":{"@id":"https:\/\/www.bicakhukuk.com\/fr\/faaliyet-alanlarimiz\/ticari-ceza-hukuku-2\/#local-main-organization-logo"},"sameAs":["https:\/\/www.facebook.com\/bicakhukuk","https:\/\/x.com\/BicakHukuk","https:\/\/www.instagram.com\/bicakhukuk\/","https:\/\/tr.linkedin.com\/company\/b-ak-law-firm","https:\/\/www.youtube.com\/channel\/UCodktEWFyJmIp3i1BH9aM2A\/"],"description":"K\u00fcresel, b\u00f6lgesel ve ulusal \u015firketlere, kurulu\u015flara ve ki\u015filere uzmanl\u0131k alanlar\u0131m\u0131zda uyu\u015fmazl\u0131k \u00f6nleyici hukuk dan\u0131\u015fmanl\u0131\u011f\u0131, uyu\u015fmazl\u0131k \u00e7\u00f6z\u00fcm s\u00fcre\u00e7lerinde ise arabuluculuk, arabuluculukta taraf vekilli\u011fi, mahkemelerde taraf vekilli\u011fi ve avukatl\u0131k, tahkim hakemli\u011fi, tahkimde taraf vekilli\u011fi, hukuki konularda m\u00fctalaa ve hukuki konularda e\u011fitim hizmetleri vermekteyiz. Uluslararas\u0131, b\u00f6lgesel ve ulusal hukuka ili\u015fkin inceleme, ara\u015ft\u0131rma ve tecr\u00fcbeye dayal\u0131 hukuk hizmetlerimizi sunarken teknolojinin imkan sa\u011flad\u0131\u011f\u0131 g\u00f6rsel (video konferans) veya i\u015fitsel (sesli konferans) ileti\u015fim teknolojilerinin elverdi\u011fi t\u00fcm olanaklar\u0131 kullanmaktay\u0131z. Dan\u0131\u015fanlar\u0131m\u0131z veya m\u00fcvekkillerimiz, D\u00fcnyan\u0131n, b\u00f6lgemizin veya \u00fclkemizin neresinde olurlarsa olsunlar hizmetlerimizden uzaktan eri\u015fim yoluyla yararlanabilmektedir. Muhtemel ihtilaflar\u0131 \u00f6nlemek veya en aza indirmek gayesiyle m\u00fcvekkillerimize sundu\u011fumuz dinamik, etkili ve \u00f6nleyici dan\u0131\u015fmanl\u0131k hizmetlerimizin yan\u0131nda, uyu\u015fmazl\u0131k \u00e7\u00f6z\u00fcm s\u00fcre\u00e7lerinde arabuluculuk, tahkim veya mahkemelerde dava takibi hizmetleri de sunmaktay\u0131z. Ba\u015far\u0131n\u0131n s\u0131rr\u0131, do\u011fru bilgiye h\u0131zl\u0131 eri\u015fimdir. M\u00fcvekkil ihtiya\u00e7lar\u0131 tam ve eksiksiz tan\u0131mlayarak y\u00fcksek standartlarda, kaliteli, h\u0131zl\u0131 ve sonu\u00e7 odakl\u0131 esas\u0131na dayanan bir \u00e7al\u0131\u015fma anlay\u0131\u015f\u0131 benimsemi\u015f bulunuyoruz. G\u00fcvenilirlik, itibar, etik de\u011ferler ve kalite standartlar\u0131 gibi unsurlar, vazge\u00e7ilmezlerimiz olu\u015fturur.","legalName":"B\u0131\u00e7ak Hukuk","foundingDate":"2002-01-01","numberOfEmployees":{"@type":"QuantitativeValue","minValue":"1","maxValue":"10"},"address":{"@id":"https:\/\/www.bicakhukuk.com\/fr\/faaliyet-alanlarimiz\/ticari-ceza-hukuku-2\/#local-main-place-address"},"geo":{"@type":"GeoCoordinates","latitude":"39.90985903589262","longitude":"32.81218744448808"},"telephone":["0 (312) 473 39 60","0 (553) 223 32 90"],"openingHoursSpecification":[{"@type":"OpeningHoursSpecification","dayOfWeek":["Monday","Tuesday","Wednesday","Thursday","Friday","Saturday"],"opens":"08:00","closes":"18:00"},{"@type":"OpeningHoursSpecification","dayOfWeek":["Sunday"],"opens":"00:00","closes":"00:00"}],"email":"iletisim@bicakhukuk.com","faxNumber":"0 (312) 473 39 62","areaServed":"Hukuk"},{"@type":"PostalAddress","@id":"https:\/\/www.bicakhukuk.com\/fr\/faaliyet-alanlarimiz\/ticari-ceza-hukuku-2\/#local-main-place-address","streetAddress":"Next Level Loft Ofis, Kat 9-10, Daire 29, K\u0131z\u0131l\u0131rmak Mahallesi, Ufuk \u00dcniversitesi Caddesi S\u00f6\u011f\u00fct\u00f6z\u00fc \/ \u00c7ankaya","addressLocality":"Ankara","postalCode":"06530","addressCountry":"TR"},{"@type":"ImageObject","inLanguage":"fr-FR","@id":"https:\/\/www.bicakhukuk.com\/fr\/faaliyet-alanlarimiz\/ticari-ceza-hukuku-2\/#local-main-organization-logo","url":"https:\/\/www.bicakhukuk.com\/wp-content\/uploads\/2023\/05\/bicak_hukuk_logo_kare.png","contentUrl":"https:\/\/www.bicakhukuk.com\/wp-content\/uploads\/2023\/05\/bicak_hukuk_logo_kare.png","width":2000,"height":2000,"caption":"B\u0131\u00e7ak Hukuk | T\u00fcrkiye Merkezli Global Hukuk Firmas\u0131"}]},"geo.placename":"Ankara","geo.position":{"lat":"39.90985903589262","long":"32.81218744448808"},"geo.region":"Turquie"},"_links":{"self":[{"href":"https:\/\/www.bicakhukuk.com\/fr\/wp-json\/wp\/v2\/pages\/3062","targetHints":{"allow":["GET"]}}],"collection":[{"href":"https:\/\/www.bicakhukuk.com\/fr\/wp-json\/wp\/v2\/pages"}],"about":[{"href":"https:\/\/www.bicakhukuk.com\/fr\/wp-json\/wp\/v2\/types\/page"}],"author":[{"embeddable":true,"href":"https:\/\/www.bicakhukuk.com\/fr\/wp-json\/wp\/v2\/users\/1"}],"replies":[{"embeddable":true,"href":"https:\/\/www.bicakhukuk.com\/fr\/wp-json\/wp\/v2\/comments?post=3062"}],"version-history":[{"count":0,"href":"https:\/\/www.bicakhukuk.com\/fr\/wp-json\/wp\/v2\/pages\/3062\/revisions"}],"up":[{"embeddable":true,"href":"https:\/\/www.bicakhukuk.com\/fr\/wp-json\/wp\/v2\/pages\/3008"}],"wp:attachment":[{"href":"https:\/\/www.bicakhukuk.com\/fr\/wp-json\/wp\/v2\/media?parent=3062"}],"curies":[{"name":"wp","href":"https:\/\/api.w.org\/{rel}","templated":true}]}}