{"id":3061,"date":"2014-08-04T20:30:45","date_gmt":"2014-08-04T17:30:45","guid":{"rendered":"http:\/\/www.bicakhukuk.com\/bicak-hukuk\/faaliyet-alanlarimiz\/aile-hukuku\/"},"modified":"2020-03-12T15:00:15","modified_gmt":"2020-03-12T12:00:15","slug":"aile-hukuku","status":"publish","type":"page","link":"https:\/\/www.bicakhukuk.com\/fr\/faaliyet-alanlarimiz\/aile-hukuku\/","title":{"rendered":"Droit de la famille et du divorce"},"content":{"rendered":"<p>&#8211; protection contre les atteintes aux droits de la personnalit\u00e9<br \/>\n<span style=\"font-size: 12pt;\"> &#8211; protection du nom, changement de nom<\/span><br \/>\n<span style=\"font-size: 12pt;\"> &#8211;<\/span>changements dans le registre de la population<br \/>\n&#8211; divorce<br \/>\n&#8211; indemnisation et pension alimentaire en cas de divorce<br \/>\n&#8211; violence domestique<br \/>\n&#8211; mesure de d\u00e9m\u00e9nagement commun<br \/>\n&#8211; mesure de ne pas s&rsquo;approcher du domicile ou du lieu de travail<br \/>\n&#8211; mesure pour ne pas d\u00e9ranger par la communication<br \/>\n&#8211; r\u00e9gimes de propri\u00e9t\u00e9 entre \u00e9poux<br \/>\n&#8211; mise en place de la dalle<br \/>\n&#8211; costume de paternit\u00e9<br \/>\n&#8211; adoption<br \/>\n&#8211; gestion des produits pour enfants<br \/>\n&#8211; patrimoine<br \/>\n&#8211; g\u00e9rer le domaine<br \/>\n&#8211; partager le patrimoine<\/p>\n<p>Divorce; Il est r\u00e9glement\u00e9 entre les articles 161 et 166 de notre Code civil turc n \u00b0 4721. L&rsquo;affaire de divorce est ouverte pour mettre fin \u00e0 l&rsquo;union de mariage.<\/p>\n<p>Le divorce peut \u00eatre ouvert sur la base des causes de l&rsquo;adult\u00e8re, de la caste \u00e0 vie, des traitements d\u00e9gradants, de l&rsquo;abandon et du tremblement des fondements de l&rsquo;union matrimoniale (grave incompatibilit\u00e9).<\/p>\n<p>Cependant, dans les mariages qui durent au moins un an, les conjoints peuvent \u00e9galement demander le divorce.<\/p>\n<p>Le divorce est d\u00e9pos\u00e9 aupr\u00e8s des tribunaux de la famille, des tribunaux civils o\u00f9 les tribunaux de la famille ne sont pas \u00e9tablis.<\/p>\n<p>L&rsquo;affaire de divorce peut \u00eatre ouverte par le conjoint dont le d\u00e9faut n&rsquo;est pas grave pour les raisons de la fin de l&rsquo;union conjugale. Si le conjoint avec un d\u00e9faut plus \u00e9lev\u00e9 a d\u00e9pos\u00e9 cette poursuite, le conjoint le moins d\u00e9fectueux peut s&rsquo;opposer \u00e0 ce cas. Dans ce cas, l&rsquo;affaire est rejet\u00e9e.<\/p>\n<p>Dans le cas du divorce, le demandeur n&rsquo;a pas \u00e0 engager un avocat. En d&rsquo;autres termes, il n&rsquo;a pas n\u00e9cessairement besoin d&rsquo;\u00eatre ouvert par l&rsquo;interm\u00e9diaire d&rsquo;un avocat. En droit turc, les parties ne sont pas tenues d&rsquo;engager des avocats. Cependant, il est avantageux pour les parties de ne pas perdre leurs droits et de faire en sorte que les avocats suivent leurs travaux plus pr\u00e9cis\u00e9ment et plus rapidement.<\/p>\n<p>En cas de divorce, une pension alimentaire, une compensation mat\u00e9rielle et morale sont \u00e9galement demand\u00e9es ainsi que le divorce ou la s\u00e9paration. Cependant, si des enfants communs et non matures sont pr\u00e9sents, une aide \u00e0 la participation pour leur garde et leurs moyens de subsistance, l&rsquo;\u00e9ducation et d&rsquo;autres d\u00e9penses est \u00e9galement demand\u00e9e.<\/p>\n<p>Quelle que soit la raison pour laquelle les \u00e9poux souhaitent mettre fin \u00e0 l&rsquo;union matrimoniale, il est possible que la proc\u00e9dure de divorce soit conclue avec accord si la dur\u00e9e du mariage est sup\u00e9rieure \u00e0 un an.<\/p>\n<p>Dans les cas de divorce, si les parties ont des enfants communs, il convient \u00e9galement de d\u00e9cider dans quel parent elles resteront, comment s&rsquo;occuper d&rsquo;eux, le montant de la pension alimentaire, le montant de l&rsquo;indemnit\u00e9 que les \u00e9poux peuvent recevoir et le montant de l&rsquo;indemnit\u00e9 mat\u00e9rielle et morale.<\/p>\n<p>Dans le cas du divorce, aucune d\u00e9cision n&rsquo;est prise de partager les biens du conjoint. Afin de r\u00e9soudre le probl\u00e8me du partage des biens par les conjoints, ils doivent \u00e9galement ouvrir un dossier.<\/p>\n","protected":false},"excerpt":{"rendered":"<p>&#8211; protection contre les atteintes aux droits de la personnalit\u00e9 &#8211; protection du nom, changement de nom &#8211;changements dans le registre de la population &#8211; divorce &#8211; indemnisation et pension alimentaire en cas de divorce &#8211; violence domestique &#8211; mesure de d\u00e9m\u00e9nagement commun &#8211; mesure de ne pas s&rsquo;approcher du domicile ou du lieu de [&hellip;]<\/p>\n","protected":false},"author":1,"featured_media":0,"parent":3008,"menu_order":0,"comment_status":"open","ping_status":"open","template":"page-sidebar-right.php","meta":{"rs_blank_template":"","rs_page_bg_color":"#ffffff","slide_template_v7":"","footnotes":""},"class_list":["post-3061","page","type-page","status-publish","hentry"],"yoast_head":"<!-- This site is optimized with the Yoast SEO Premium plugin v27.1 (Yoast SEO v27.3) - https:\/\/yoast.com\/product\/yoast-seo-premium-wordpress\/ -->\n<title>Aile ve Bo\u015fanma Hukuku<\/title>\n<meta name=\"description\" content=\"anla\u015fmal\u0131 bo\u015fanma, tazminat ve nafaka, aile i\u00e7i \u015fiddet, koruma karar\u0131, mal payla\u015f\u0131m\u0131, babal\u0131k davas\u0131, evlat edinme, miras, miras\u0131n payla\u015f\u0131lmas\u0131, velayet\" \/>\n<meta name=\"robots\" content=\"index, follow, max-snippet:-1, max-image-preview:large, max-video-preview:-1\" \/>\n<link rel=\"canonical\" href=\"https:\/\/www.bicakhukuk.com\/fr\/faaliyet-alanlarimiz\/aile-hukuku\/\" \/>\n<meta property=\"og:locale\" content=\"fr_FR\" \/>\n<meta property=\"og:type\" content=\"article\" \/>\n<meta property=\"og:title\" content=\"Droit de la famille et du divorce\" \/>\n<meta property=\"og:description\" content=\"- protection contre les atteintes aux droits de la personnalit\u00e9 - protection du nom, changement de nom -changements dans le registre de la population -\" \/>\n<meta property=\"og:url\" content=\"https:\/\/www.bicakhukuk.com\/fr\/faaliyet-alanlarimiz\/aile-hukuku\/\" \/>\n<meta property=\"og:site_name\" content=\"B\u0131\u00e7ak Hukuk\" \/>\n<meta property=\"article:publisher\" content=\"https:\/\/www.facebook.com\/bicakhukuk\" \/>\n<meta property=\"article:modified_time\" content=\"2020-03-12T12:00:15+00:00\" \/>\n<meta property=\"og:image\" content=\"https:\/\/www.bicakhukuk.com\/wp-content\/uploads\/2020\/02\/Next-Level.jpg\" \/>\n\t<meta property=\"og:image:width\" content=\"960\" \/>\n\t<meta property=\"og:image:height\" content=\"540\" \/>\n\t<meta property=\"og:image:type\" content=\"image\/jpeg\" \/>\n<meta name=\"twitter:card\" content=\"summary_large_image\" \/>\n<meta name=\"twitter:site\" content=\"@BicakHukuk\" \/>\n<meta name=\"twitter:label1\" content=\"Dur\u00e9e de lecture estim\u00e9e\" \/>\n\t<meta name=\"twitter:data1\" content=\"3 minutes\" \/>\n<script type=\"application\/ld+json\" class=\"yoast-schema-graph\">{\"@context\":\"https:\\\/\\\/schema.org\",\"@graph\":[{\"@type\":\"WebPage\",\"@id\":\"https:\\\/\\\/www.bicakhukuk.com\\\/fr\\\/faaliyet-alanlarimiz\\\/aile-hukuku\\\/\",\"url\":\"https:\\\/\\\/www.bicakhukuk.com\\\/fr\\\/faaliyet-alanlarimiz\\\/aile-hukuku\\\/\",\"name\":\"Aile ve Bo\u015fanma Hukuku\",\"isPartOf\":{\"@id\":\"https:\\\/\\\/www.bicakhukuk.com\\\/fr\\\/#website\"},\"datePublished\":\"2014-08-04T17:30:45+00:00\",\"dateModified\":\"2020-03-12T12:00:15+00:00\",\"description\":\"anla\u015fmal\u0131 bo\u015fanma, tazminat ve nafaka, aile i\u00e7i \u015fiddet, koruma karar\u0131, mal payla\u015f\u0131m\u0131, babal\u0131k davas\u0131, evlat edinme, miras, miras\u0131n payla\u015f\u0131lmas\u0131, velayet\",\"breadcrumb\":{\"@id\":\"https:\\\/\\\/www.bicakhukuk.com\\\/fr\\\/faaliyet-alanlarimiz\\\/aile-hukuku\\\/#breadcrumb\"},\"inLanguage\":\"fr-FR\",\"potentialAction\":[{\"@type\":\"ReadAction\",\"target\":[\"https:\\\/\\\/www.bicakhukuk.com\\\/fr\\\/faaliyet-alanlarimiz\\\/aile-hukuku\\\/\"]}]},{\"@type\":\"BreadcrumbList\",\"@id\":\"https:\\\/\\\/www.bicakhukuk.com\\\/fr\\\/faaliyet-alanlarimiz\\\/aile-hukuku\\\/#breadcrumb\",\"itemListElement\":[{\"@type\":\"ListItem\",\"position\":1,\"name\":\"Ana sayfa\",\"item\":\"https:\\\/\\\/www.bicakhukuk.com\\\/fr\\\/\"},{\"@type\":\"ListItem\",\"position\":2,\"name\":\"Secteurs\",\"item\":\"https:\\\/\\\/www.bicakhukuk.com\\\/fr\\\/faaliyet-alanlarimiz\\\/\"},{\"@type\":\"ListItem\",\"position\":3,\"name\":\"Droit de la famille et du divorce\"}]},{\"@type\":\"WebSite\",\"@id\":\"https:\\\/\\\/www.bicakhukuk.com\\\/fr\\\/#website\",\"url\":\"https:\\\/\\\/www.bicakhukuk.com\\\/fr\\\/\",\"name\":\"B\u0131\u00e7ak Hukuk\",\"description\":\"T\u00fcrkiye Merkezli Global Hukuk B\u00fcrosu\",\"publisher\":{\"@id\":\"https:\\\/\\\/www.bicakhukuk.com\\\/fr\\\/#organization\"},\"alternateName\":\"B\u0131\u00e7ak Hukuk, Ankara Avukat, Ankara Hukuk B\u00fcrosu\",\"potentialAction\":[{\"@type\":\"SearchAction\",\"target\":{\"@type\":\"EntryPoint\",\"urlTemplate\":\"https:\\\/\\\/www.bicakhukuk.com\\\/fr\\\/?s={search_term_string}\"},\"query-input\":{\"@type\":\"PropertyValueSpecification\",\"valueRequired\":true,\"valueName\":\"search_term_string\"}}],\"inLanguage\":\"fr-FR\"},{\"@type\":[\"Organization\",\"Place\"],\"@id\":\"https:\\\/\\\/www.bicakhukuk.com\\\/fr\\\/#organization\",\"name\":\"B\u0131\u00e7ak Hukuk | T\u00fcrkiye Merkezli Global Hukuk Firmas\u0131\",\"alternateName\":\"B\u0131\u00e7ak Hukuk, Ankara Avukat, Ankara Hukuk B\u00fcrosu\",\"url\":\"https:\\\/\\\/www.bicakhukuk.com\\\/fr\\\/\",\"logo\":{\"@id\":\"https:\\\/\\\/www.bicakhukuk.com\\\/fr\\\/faaliyet-alanlarimiz\\\/aile-hukuku\\\/#local-main-organization-logo\"},\"image\":{\"@id\":\"https:\\\/\\\/www.bicakhukuk.com\\\/fr\\\/faaliyet-alanlarimiz\\\/aile-hukuku\\\/#local-main-organization-logo\"},\"sameAs\":[\"https:\\\/\\\/www.facebook.com\\\/bicakhukuk\",\"https:\\\/\\\/x.com\\\/BicakHukuk\",\"https:\\\/\\\/www.instagram.com\\\/bicakhukuk\\\/\",\"https:\\\/\\\/tr.linkedin.com\\\/company\\\/b-ak-law-firm\",\"https:\\\/\\\/www.youtube.com\\\/channel\\\/UCodktEWFyJmIp3i1BH9aM2A\\\/\"],\"description\":\"K\u00fcresel, b\u00f6lgesel ve ulusal \u015firketlere, kurulu\u015flara ve ki\u015filere uzmanl\u0131k alanlar\u0131m\u0131zda uyu\u015fmazl\u0131k \u00f6nleyici hukuk dan\u0131\u015fmanl\u0131\u011f\u0131, uyu\u015fmazl\u0131k \u00e7\u00f6z\u00fcm s\u00fcre\u00e7lerinde ise arabuluculuk, arabuluculukta taraf vekilli\u011fi, mahkemelerde taraf vekilli\u011fi ve avukatl\u0131k, tahkim hakemli\u011fi, tahkimde taraf vekilli\u011fi, hukuki konularda m\u00fctalaa ve hukuki konularda e\u011fitim hizmetleri vermekteyiz. Uluslararas\u0131, b\u00f6lgesel ve ulusal hukuka ili\u015fkin inceleme, ara\u015ft\u0131rma ve tecr\u00fcbeye dayal\u0131 hukuk hizmetlerimizi sunarken teknolojinin imkan sa\u011flad\u0131\u011f\u0131 g\u00f6rsel (video konferans) veya i\u015fitsel (sesli konferans) ileti\u015fim teknolojilerinin elverdi\u011fi t\u00fcm olanaklar\u0131 kullanmaktay\u0131z. Dan\u0131\u015fanlar\u0131m\u0131z veya m\u00fcvekkillerimiz, D\u00fcnyan\u0131n, b\u00f6lgemizin veya \u00fclkemizin neresinde olurlarsa olsunlar hizmetlerimizden uzaktan eri\u015fim yoluyla yararlanabilmektedir. Muhtemel ihtilaflar\u0131 \u00f6nlemek veya en aza indirmek gayesiyle m\u00fcvekkillerimize sundu\u011fumuz dinamik, etkili ve \u00f6nleyici dan\u0131\u015fmanl\u0131k hizmetlerimizin yan\u0131nda, uyu\u015fmazl\u0131k \u00e7\u00f6z\u00fcm s\u00fcre\u00e7lerinde arabuluculuk, tahkim veya mahkemelerde dava takibi hizmetleri de sunmaktay\u0131z. Ba\u015far\u0131n\u0131n s\u0131rr\u0131, do\u011fru bilgiye h\u0131zl\u0131 eri\u015fimdir. M\u00fcvekkil ihtiya\u00e7lar\u0131 tam ve eksiksiz tan\u0131mlayarak y\u00fcksek standartlarda, kaliteli, h\u0131zl\u0131 ve sonu\u00e7 odakl\u0131 esas\u0131na dayanan bir \u00e7al\u0131\u015fma anlay\u0131\u015f\u0131 benimsemi\u015f bulunuyoruz. G\u00fcvenilirlik, itibar, etik de\u011ferler ve kalite standartlar\u0131 gibi unsurlar, vazge\u00e7ilmezlerimiz olu\u015fturur.\",\"legalName\":\"B\u0131\u00e7ak Hukuk\",\"foundingDate\":\"2002-01-01\",\"numberOfEmployees\":{\"@type\":\"QuantitativeValue\",\"minValue\":\"1\",\"maxValue\":\"10\"},\"address\":{\"@id\":\"https:\\\/\\\/www.bicakhukuk.com\\\/fr\\\/faaliyet-alanlarimiz\\\/aile-hukuku\\\/#local-main-place-address\"},\"geo\":{\"@type\":\"GeoCoordinates\",\"latitude\":\"39.90985903589262\",\"longitude\":\"32.81218744448808\"},\"telephone\":[\"0 (312) 473 39 60\",\"0 (553) 223 32 90\"],\"openingHoursSpecification\":[{\"@type\":\"OpeningHoursSpecification\",\"dayOfWeek\":[\"Monday\",\"Tuesday\",\"Wednesday\",\"Thursday\",\"Friday\",\"Saturday\"],\"opens\":\"08:00\",\"closes\":\"18:00\"},{\"@type\":\"OpeningHoursSpecification\",\"dayOfWeek\":[\"Sunday\"],\"opens\":\"00:00\",\"closes\":\"00:00\"}],\"email\":\"iletisim@bicakhukuk.com\",\"faxNumber\":\"0 (312) 473 39 62\",\"areaServed\":\"Hukuk\"},{\"@type\":\"PostalAddress\",\"@id\":\"https:\\\/\\\/www.bicakhukuk.com\\\/fr\\\/faaliyet-alanlarimiz\\\/aile-hukuku\\\/#local-main-place-address\",\"streetAddress\":\"Next Level Loft Ofis, Kat 9-10, Daire 29, K\u0131z\u0131l\u0131rmak Mahallesi, Ufuk \u00dcniversitesi Caddesi S\u00f6\u011f\u00fct\u00f6z\u00fc \\\/ \u00c7ankaya\",\"addressLocality\":\"Ankara\",\"postalCode\":\"06530\",\"addressCountry\":\"TR\"},{\"@type\":\"ImageObject\",\"inLanguage\":\"fr-FR\",\"@id\":\"https:\\\/\\\/www.bicakhukuk.com\\\/fr\\\/faaliyet-alanlarimiz\\\/aile-hukuku\\\/#local-main-organization-logo\",\"url\":\"https:\\\/\\\/www.bicakhukuk.com\\\/wp-content\\\/uploads\\\/2023\\\/05\\\/bicak_hukuk_logo_kare.png\",\"contentUrl\":\"https:\\\/\\\/www.bicakhukuk.com\\\/wp-content\\\/uploads\\\/2023\\\/05\\\/bicak_hukuk_logo_kare.png\",\"width\":2000,\"height\":2000,\"caption\":\"B\u0131\u00e7ak Hukuk | T\u00fcrkiye Merkezli Global Hukuk Firmas\u0131\"}]}<\/script>\n<meta name=\"geo.placename\" content=\"Ankara\" \/>\n<meta name=\"geo.position\" content=\"39.90985903589262;32.81218744448808\" \/>\n<meta name=\"geo.region\" content=\"Turquie\" \/>\n<!-- \/ Yoast SEO Premium plugin. -->","yoast_head_json":{"title":"Aile ve Bo\u015fanma Hukuku","description":"anla\u015fmal\u0131 bo\u015fanma, tazminat ve nafaka, aile i\u00e7i \u015fiddet, koruma karar\u0131, mal payla\u015f\u0131m\u0131, babal\u0131k davas\u0131, evlat edinme, miras, miras\u0131n payla\u015f\u0131lmas\u0131, velayet","robots":{"index":"index","follow":"follow","max-snippet":"max-snippet:-1","max-image-preview":"max-image-preview:large","max-video-preview":"max-video-preview:-1"},"canonical":"https:\/\/www.bicakhukuk.com\/fr\/faaliyet-alanlarimiz\/aile-hukuku\/","og_locale":"fr_FR","og_type":"article","og_title":"Droit de la famille et du divorce","og_description":"- protection contre les atteintes aux droits de la personnalit\u00e9 - protection du nom, changement de nom -changements dans le registre de la population -","og_url":"https:\/\/www.bicakhukuk.com\/fr\/faaliyet-alanlarimiz\/aile-hukuku\/","og_site_name":"B\u0131\u00e7ak Hukuk","article_publisher":"https:\/\/www.facebook.com\/bicakhukuk","article_modified_time":"2020-03-12T12:00:15+00:00","og_image":[{"width":960,"height":540,"url":"https:\/\/www.bicakhukuk.com\/wp-content\/uploads\/2020\/02\/Next-Level.jpg","type":"image\/jpeg"}],"twitter_card":"summary_large_image","twitter_site":"@BicakHukuk","twitter_misc":{"Dur\u00e9e de lecture estim\u00e9e":"3 minutes"},"schema":{"@context":"https:\/\/schema.org","@graph":[{"@type":"WebPage","@id":"https:\/\/www.bicakhukuk.com\/fr\/faaliyet-alanlarimiz\/aile-hukuku\/","url":"https:\/\/www.bicakhukuk.com\/fr\/faaliyet-alanlarimiz\/aile-hukuku\/","name":"Aile ve Bo\u015fanma Hukuku","isPartOf":{"@id":"https:\/\/www.bicakhukuk.com\/fr\/#website"},"datePublished":"2014-08-04T17:30:45+00:00","dateModified":"2020-03-12T12:00:15+00:00","description":"anla\u015fmal\u0131 bo\u015fanma, tazminat ve nafaka, aile i\u00e7i \u015fiddet, koruma karar\u0131, mal payla\u015f\u0131m\u0131, babal\u0131k davas\u0131, evlat edinme, miras, miras\u0131n payla\u015f\u0131lmas\u0131, velayet","breadcrumb":{"@id":"https:\/\/www.bicakhukuk.com\/fr\/faaliyet-alanlarimiz\/aile-hukuku\/#breadcrumb"},"inLanguage":"fr-FR","potentialAction":[{"@type":"ReadAction","target":["https:\/\/www.bicakhukuk.com\/fr\/faaliyet-alanlarimiz\/aile-hukuku\/"]}]},{"@type":"BreadcrumbList","@id":"https:\/\/www.bicakhukuk.com\/fr\/faaliyet-alanlarimiz\/aile-hukuku\/#breadcrumb","itemListElement":[{"@type":"ListItem","position":1,"name":"Ana sayfa","item":"https:\/\/www.bicakhukuk.com\/fr\/"},{"@type":"ListItem","position":2,"name":"Secteurs","item":"https:\/\/www.bicakhukuk.com\/fr\/faaliyet-alanlarimiz\/"},{"@type":"ListItem","position":3,"name":"Droit de la famille et du divorce"}]},{"@type":"WebSite","@id":"https:\/\/www.bicakhukuk.com\/fr\/#website","url":"https:\/\/www.bicakhukuk.com\/fr\/","name":"B\u0131\u00e7ak Hukuk","description":"T\u00fcrkiye Merkezli Global Hukuk B\u00fcrosu","publisher":{"@id":"https:\/\/www.bicakhukuk.com\/fr\/#organization"},"alternateName":"B\u0131\u00e7ak Hukuk, Ankara Avukat, Ankara Hukuk B\u00fcrosu","potentialAction":[{"@type":"SearchAction","target":{"@type":"EntryPoint","urlTemplate":"https:\/\/www.bicakhukuk.com\/fr\/?s={search_term_string}"},"query-input":{"@type":"PropertyValueSpecification","valueRequired":true,"valueName":"search_term_string"}}],"inLanguage":"fr-FR"},{"@type":["Organization","Place"],"@id":"https:\/\/www.bicakhukuk.com\/fr\/#organization","name":"B\u0131\u00e7ak Hukuk | T\u00fcrkiye Merkezli Global Hukuk Firmas\u0131","alternateName":"B\u0131\u00e7ak Hukuk, Ankara Avukat, Ankara Hukuk B\u00fcrosu","url":"https:\/\/www.bicakhukuk.com\/fr\/","logo":{"@id":"https:\/\/www.bicakhukuk.com\/fr\/faaliyet-alanlarimiz\/aile-hukuku\/#local-main-organization-logo"},"image":{"@id":"https:\/\/www.bicakhukuk.com\/fr\/faaliyet-alanlarimiz\/aile-hukuku\/#local-main-organization-logo"},"sameAs":["https:\/\/www.facebook.com\/bicakhukuk","https:\/\/x.com\/BicakHukuk","https:\/\/www.instagram.com\/bicakhukuk\/","https:\/\/tr.linkedin.com\/company\/b-ak-law-firm","https:\/\/www.youtube.com\/channel\/UCodktEWFyJmIp3i1BH9aM2A\/"],"description":"K\u00fcresel, b\u00f6lgesel ve ulusal \u015firketlere, kurulu\u015flara ve ki\u015filere uzmanl\u0131k alanlar\u0131m\u0131zda uyu\u015fmazl\u0131k \u00f6nleyici hukuk dan\u0131\u015fmanl\u0131\u011f\u0131, uyu\u015fmazl\u0131k \u00e7\u00f6z\u00fcm s\u00fcre\u00e7lerinde ise arabuluculuk, arabuluculukta taraf vekilli\u011fi, mahkemelerde taraf vekilli\u011fi ve avukatl\u0131k, tahkim hakemli\u011fi, tahkimde taraf vekilli\u011fi, hukuki konularda m\u00fctalaa ve hukuki konularda e\u011fitim hizmetleri vermekteyiz. Uluslararas\u0131, b\u00f6lgesel ve ulusal hukuka ili\u015fkin inceleme, ara\u015ft\u0131rma ve tecr\u00fcbeye dayal\u0131 hukuk hizmetlerimizi sunarken teknolojinin imkan sa\u011flad\u0131\u011f\u0131 g\u00f6rsel (video konferans) veya i\u015fitsel (sesli konferans) ileti\u015fim teknolojilerinin elverdi\u011fi t\u00fcm olanaklar\u0131 kullanmaktay\u0131z. Dan\u0131\u015fanlar\u0131m\u0131z veya m\u00fcvekkillerimiz, D\u00fcnyan\u0131n, b\u00f6lgemizin veya \u00fclkemizin neresinde olurlarsa olsunlar hizmetlerimizden uzaktan eri\u015fim yoluyla yararlanabilmektedir. Muhtemel ihtilaflar\u0131 \u00f6nlemek veya en aza indirmek gayesiyle m\u00fcvekkillerimize sundu\u011fumuz dinamik, etkili ve \u00f6nleyici dan\u0131\u015fmanl\u0131k hizmetlerimizin yan\u0131nda, uyu\u015fmazl\u0131k \u00e7\u00f6z\u00fcm s\u00fcre\u00e7lerinde arabuluculuk, tahkim veya mahkemelerde dava takibi hizmetleri de sunmaktay\u0131z. Ba\u015far\u0131n\u0131n s\u0131rr\u0131, do\u011fru bilgiye h\u0131zl\u0131 eri\u015fimdir. M\u00fcvekkil ihtiya\u00e7lar\u0131 tam ve eksiksiz tan\u0131mlayarak y\u00fcksek standartlarda, kaliteli, h\u0131zl\u0131 ve sonu\u00e7 odakl\u0131 esas\u0131na dayanan bir \u00e7al\u0131\u015fma anlay\u0131\u015f\u0131 benimsemi\u015f bulunuyoruz. G\u00fcvenilirlik, itibar, etik de\u011ferler ve kalite standartlar\u0131 gibi unsurlar, vazge\u00e7ilmezlerimiz olu\u015fturur.","legalName":"B\u0131\u00e7ak Hukuk","foundingDate":"2002-01-01","numberOfEmployees":{"@type":"QuantitativeValue","minValue":"1","maxValue":"10"},"address":{"@id":"https:\/\/www.bicakhukuk.com\/fr\/faaliyet-alanlarimiz\/aile-hukuku\/#local-main-place-address"},"geo":{"@type":"GeoCoordinates","latitude":"39.90985903589262","longitude":"32.81218744448808"},"telephone":["0 (312) 473 39 60","0 (553) 223 32 90"],"openingHoursSpecification":[{"@type":"OpeningHoursSpecification","dayOfWeek":["Monday","Tuesday","Wednesday","Thursday","Friday","Saturday"],"opens":"08:00","closes":"18:00"},{"@type":"OpeningHoursSpecification","dayOfWeek":["Sunday"],"opens":"00:00","closes":"00:00"}],"email":"iletisim@bicakhukuk.com","faxNumber":"0 (312) 473 39 62","areaServed":"Hukuk"},{"@type":"PostalAddress","@id":"https:\/\/www.bicakhukuk.com\/fr\/faaliyet-alanlarimiz\/aile-hukuku\/#local-main-place-address","streetAddress":"Next Level Loft Ofis, Kat 9-10, Daire 29, K\u0131z\u0131l\u0131rmak Mahallesi, Ufuk \u00dcniversitesi Caddesi S\u00f6\u011f\u00fct\u00f6z\u00fc \/ \u00c7ankaya","addressLocality":"Ankara","postalCode":"06530","addressCountry":"TR"},{"@type":"ImageObject","inLanguage":"fr-FR","@id":"https:\/\/www.bicakhukuk.com\/fr\/faaliyet-alanlarimiz\/aile-hukuku\/#local-main-organization-logo","url":"https:\/\/www.bicakhukuk.com\/wp-content\/uploads\/2023\/05\/bicak_hukuk_logo_kare.png","contentUrl":"https:\/\/www.bicakhukuk.com\/wp-content\/uploads\/2023\/05\/bicak_hukuk_logo_kare.png","width":2000,"height":2000,"caption":"B\u0131\u00e7ak Hukuk | T\u00fcrkiye Merkezli Global Hukuk Firmas\u0131"}]},"geo.placename":"Ankara","geo.position":{"lat":"39.90985903589262","long":"32.81218744448808"},"geo.region":"Turquie"},"_links":{"self":[{"href":"https:\/\/www.bicakhukuk.com\/fr\/wp-json\/wp\/v2\/pages\/3061","targetHints":{"allow":["GET"]}}],"collection":[{"href":"https:\/\/www.bicakhukuk.com\/fr\/wp-json\/wp\/v2\/pages"}],"about":[{"href":"https:\/\/www.bicakhukuk.com\/fr\/wp-json\/wp\/v2\/types\/page"}],"author":[{"embeddable":true,"href":"https:\/\/www.bicakhukuk.com\/fr\/wp-json\/wp\/v2\/users\/1"}],"replies":[{"embeddable":true,"href":"https:\/\/www.bicakhukuk.com\/fr\/wp-json\/wp\/v2\/comments?post=3061"}],"version-history":[{"count":0,"href":"https:\/\/www.bicakhukuk.com\/fr\/wp-json\/wp\/v2\/pages\/3061\/revisions"}],"up":[{"embeddable":true,"href":"https:\/\/www.bicakhukuk.com\/fr\/wp-json\/wp\/v2\/pages\/3008"}],"wp:attachment":[{"href":"https:\/\/www.bicakhukuk.com\/fr\/wp-json\/wp\/v2\/media?parent=3061"}],"curies":[{"name":"wp","href":"https:\/\/api.w.org\/{rel}","templated":true}]}}