{"id":3048,"date":"2014-07-26T01:37:00","date_gmt":"2014-07-25T22:37:00","guid":{"rendered":"http:\/\/www.bicakhukuk.com\/bicak-hukuk\/hakkimizda\/tarihce\/"},"modified":"2020-03-11T14:18:54","modified_gmt":"2020-03-11T11:18:54","slug":"lhistoire","status":"publish","type":"page","link":"https:\/\/www.bicakhukuk.com\/fr\/a-propos-de\/lhistoire\/","title":{"rendered":"Notre Histoire"},"content":{"rendered":"<p style=\"text-align: justify;\">Notre Cabinet a \u00e9t\u00e9 fond\u00e9 \u00e0 Ankara le 15 juillet 2002 par le Professeur Vahit Bicak.\u00a0 Les activit\u00e9s de notre Cabinet se sont vite d\u00e9velopp\u00e9es de sorte, qu\u2019en 2006, un deuxi\u00e8me bureau a \u00e9t\u00e9 ouvert \u00e0 S\u00f6\u011f\u00fct\u00f6z\u00fc, en parall\u00e8le avec notre premier bureau sur le boulevard \u00c7etin Eme\u00e7.<\/p>\n<p style=\"text-align: justify;\">Le Cabinet s\u2019est d\u2019abord sp\u00e9cialis\u00e9 dans le domaine de la construction et a compt\u00e9 parmi ses premiers clients de grandes entreprises britanniques. Par la suite, nous nous sommes sp\u00e9cialis\u00e9s dans le secteur de l&rsquo;\u00e9nergie. Nous avons notamment accompagn\u00e9 une entreprise am\u00e9ricaine dans ses proc\u00e9dures d\u2019obtention\u00a0 de permis d&rsquo;exploration et d&rsquo;extraction du p\u00e9trole aupr\u00e8s des autorit\u00e9s turques, mais \u00e9galement au Kazakhstan. Dans le domaine de l\u2019\u00e9nergie, notre exp\u00e9rience s\u2019est \u00e9largie aux op\u00e9rations de production et de distribution de gaz naturel et d\u2019\u00e9lectricit\u00e9. Nous avons ainsi conseill\u00e9 la plus grande entreprise d\u2019\u00e9nergie d&rsquo;Allemagne dans ses investissements dans le domaine de la production et la distribution d&rsquo;\u00e9nergie.<\/p>\n<p style=\"text-align: justify;\">En 2010, de nombreuses Ambassades ont recommand\u00e9 \u00e0 leurs citoyens notre Cabinet, c\u2019est le cas notamment de l\u2019Ambassade de France, de celui des \u00c9tats-Unis et de l\u2019Ambassade d&rsquo;Allemagne. Nous avons \u00e9galement commenc\u00e9 \u00e0 avoir certaines ambassades parmi nos clients r\u00e9guliers.<\/p>\n<p style=\"text-align: justify;\">Depuis 2011, notre Cabinet a consid\u00e9rablement \u00e9tendu son domaine d\u2019activit\u00e9 qui va d\u00e9sormais du secteur des technologies Internet, \u00e0 celui des transports (aviation civile, transport maritime et terrestre), des t\u00e9l\u00e9communications\/m\u00e9dias, en passant par le tourisme, l\u2019h\u00f4tellerie\/restauration et la finance\/banque.<\/p>\n<p style=\"text-align: justify;\">Notre cabinet est sp\u00e9cialis\u00e9 dans le domaine des droits de l\u2019homme, du droit de la famille et des personnes, du droit p\u00e9nal, du droit des soci\u00e9t\u00e9s et du droit p\u00e9nal des soci\u00e9t\u00e9s (banqueroute, corruption, fraude, blanchiment, etc.). En cons\u00e9quence, le Cabinet conseille et d\u00e9fend aussi bien des personnes physiques que des personnes morales de droit public ou de droit priv\u00e9.<\/p>\n<p style=\"color: #000000; text-align: justify;\">Par ailleurs, nous offrons des services juridiques sur mesure aussi bien aux investisseurs sur le march\u00e9 turc qu\u2019aux investisseurs sur les march\u00e9s mondiaux gr\u00e2ce \u00e0 une solide coop\u00e9ration avec des cabinets d\u2019avocats partout dans le monde tel qu\u2019en Ukraine,\u00a0 aux \u00c9tats-Unis, au Royaume-Uni et dans des pays tels que la Tunisie ou l\u2019Arabie saoudite. Ces services comprennent notamment le conseil juridique en g\u00e9n\u00e9ral, la pr\u00e9paration et le suivi des contrats et le r\u00e8glement des litiges devant les juridictions nationales et internationales, ainsi que dans le cadre d&rsquo;une m\u00e9diation ou d&rsquo;une proc\u00e9dure d&rsquo;arbitrage.<\/p>\n","protected":false},"excerpt":{"rendered":"<p>Notre Cabinet a \u00e9t\u00e9 fond\u00e9 \u00e0 Ankara le 15 juillet 2002 par le Professeur Vahit Bicak.\u00a0 Les activit\u00e9s de notre Cabinet se sont vite d\u00e9velopp\u00e9es de sorte, qu\u2019en 2006, un deuxi\u00e8me bureau a \u00e9t\u00e9 ouvert \u00e0 S\u00f6\u011f\u00fct\u00f6z\u00fc, en parall\u00e8le avec notre premier bureau sur le boulevard \u00c7etin Eme\u00e7. Le Cabinet s\u2019est d\u2019abord sp\u00e9cialis\u00e9 dans le [&hellip;]<\/p>\n","protected":false},"author":1,"featured_media":0,"parent":3004,"menu_order":0,"comment_status":"closed","ping_status":"closed","template":"page-fullwidth.php","meta":{"rs_blank_template":"","rs_page_bg_color":"#ffffff","slide_template_v7":"","footnotes":""},"class_list":["post-3048","page","type-page","status-publish","hentry"],"yoast_head":"<!-- This site is optimized with the Yoast SEO Premium plugin v27.1 (Yoast SEO v27.5) - https:\/\/yoast.com\/product\/yoast-seo-premium-wordpress\/ -->\n<title>Notre Histoire | B\u0131\u00e7ak Hukuk<\/title>\n<meta name=\"description\" content=\"Notre Cabinet a \u00e9t\u00e9 fond\u00e9 \u00e0 Ankara le 15 juillet 2002 par le Professeur Vahit Bicak. Les activit\u00e9s de notre Cabinet se sont vite d\u00e9velopp\u00e9es de sorte, qu\u2019en 2006, un deuxi\u00e8me bureau a \u00e9t\u00e9 ouvert \u00e0 S\u00f6\u011f\u00fct\u00f6z\u00fc, en parall\u00e8le avec notre premier bureau sur le boulevard \u00c7etin Eme\u00e7.\" \/>\n<meta name=\"robots\" content=\"index, follow, max-snippet:-1, max-image-preview:large, max-video-preview:-1\" \/>\n<link rel=\"canonical\" href=\"https:\/\/www.bicakhukuk.com\/fr\/a-propos-de\/lhistoire\/\" \/>\n<meta property=\"og:locale\" content=\"fr_FR\" \/>\n<meta property=\"og:type\" content=\"article\" \/>\n<meta property=\"og:title\" content=\"Notre Histoire\" \/>\n<meta property=\"og:description\" content=\"Notre Cabinet a \u00e9t\u00e9 fond\u00e9 \u00e0 Ankara le 15 juillet 2002 par le Professeur Vahit Bicak.\u00a0 Les activit\u00e9s de notre Cabinet se sont vite d\u00e9velopp\u00e9es de sorte,\" \/>\n<meta property=\"og:url\" content=\"https:\/\/www.bicakhukuk.com\/fr\/a-propos-de\/lhistoire\/\" \/>\n<meta property=\"og:site_name\" content=\"B\u0131\u00e7ak Hukuk\" \/>\n<meta property=\"article:publisher\" content=\"https:\/\/www.facebook.com\/bicakhukuk\" \/>\n<meta property=\"article:modified_time\" content=\"2020-03-11T11:18:54+00:00\" \/>\n<meta property=\"og:image\" content=\"https:\/\/www.bicakhukuk.com\/wp-content\/uploads\/2020\/02\/Next-Level.jpg\" \/>\n\t<meta property=\"og:image:width\" content=\"960\" \/>\n\t<meta property=\"og:image:height\" content=\"540\" \/>\n\t<meta property=\"og:image:type\" content=\"image\/jpeg\" \/>\n<meta name=\"twitter:card\" content=\"summary_large_image\" \/>\n<meta name=\"twitter:site\" content=\"@BicakHukuk\" \/>\n<meta name=\"twitter:label1\" content=\"Dur\u00e9e de lecture estim\u00e9e\" \/>\n\t<meta name=\"twitter:data1\" content=\"2 minutes\" \/>\n<script type=\"application\/ld+json\" class=\"yoast-schema-graph\">{\"@context\":\"https:\\\/\\\/schema.org\",\"@graph\":[{\"@type\":\"WebPage\",\"@id\":\"https:\\\/\\\/www.bicakhukuk.com\\\/fr\\\/a-propos-de\\\/lhistoire\\\/\",\"url\":\"https:\\\/\\\/www.bicakhukuk.com\\\/fr\\\/a-propos-de\\\/lhistoire\\\/\",\"name\":\"Notre Histoire | B\u0131\u00e7ak Hukuk\",\"isPartOf\":{\"@id\":\"https:\\\/\\\/www.bicakhukuk.com\\\/fr\\\/#website\"},\"datePublished\":\"2014-07-25T22:37:00+00:00\",\"dateModified\":\"2020-03-11T11:18:54+00:00\",\"description\":\"Notre Cabinet a \u00e9t\u00e9 fond\u00e9 \u00e0 Ankara le 15 juillet 2002 par le Professeur Vahit Bicak. Les activit\u00e9s de notre Cabinet se sont vite d\u00e9velopp\u00e9es de sorte, qu\u2019en 2006, un deuxi\u00e8me bureau a \u00e9t\u00e9 ouvert \u00e0 S\u00f6\u011f\u00fct\u00f6z\u00fc, en parall\u00e8le avec notre premier bureau sur le boulevard \u00c7etin Eme\u00e7.\",\"breadcrumb\":{\"@id\":\"https:\\\/\\\/www.bicakhukuk.com\\\/fr\\\/a-propos-de\\\/lhistoire\\\/#breadcrumb\"},\"inLanguage\":\"fr-FR\",\"potentialAction\":[{\"@type\":\"ReadAction\",\"target\":[\"https:\\\/\\\/www.bicakhukuk.com\\\/fr\\\/a-propos-de\\\/lhistoire\\\/\"]}]},{\"@type\":\"BreadcrumbList\",\"@id\":\"https:\\\/\\\/www.bicakhukuk.com\\\/fr\\\/a-propos-de\\\/lhistoire\\\/#breadcrumb\",\"itemListElement\":[{\"@type\":\"ListItem\",\"position\":1,\"name\":\"Ana sayfa\",\"item\":\"https:\\\/\\\/www.bicakhukuk.com\\\/fr\\\/\"},{\"@type\":\"ListItem\",\"position\":2,\"name\":\"A propos de nous\",\"item\":\"https:\\\/\\\/www.bicakhukuk.com\\\/fr\\\/a-propos-de\\\/\"},{\"@type\":\"ListItem\",\"position\":3,\"name\":\"Notre Histoire\"}]},{\"@type\":\"WebSite\",\"@id\":\"https:\\\/\\\/www.bicakhukuk.com\\\/fr\\\/#website\",\"url\":\"https:\\\/\\\/www.bicakhukuk.com\\\/fr\\\/\",\"name\":\"B\u0131\u00e7ak Hukuk\",\"description\":\"T\u00fcrkiye Merkezli Global Hukuk B\u00fcrosu\",\"publisher\":{\"@id\":\"https:\\\/\\\/www.bicakhukuk.com\\\/fr\\\/#organization\"},\"alternateName\":\"B\u0131\u00e7ak Hukuk, Ankara Avukat, Ankara Hukuk B\u00fcrosu\",\"potentialAction\":[{\"@type\":\"SearchAction\",\"target\":{\"@type\":\"EntryPoint\",\"urlTemplate\":\"https:\\\/\\\/www.bicakhukuk.com\\\/fr\\\/?s={search_term_string}\"},\"query-input\":{\"@type\":\"PropertyValueSpecification\",\"valueRequired\":true,\"valueName\":\"search_term_string\"}}],\"inLanguage\":\"fr-FR\"},{\"@type\":[\"Organization\",\"Place\"],\"@id\":\"https:\\\/\\\/www.bicakhukuk.com\\\/fr\\\/#organization\",\"name\":\"B\u0131\u00e7ak Hukuk | T\u00fcrkiye Merkezli Global Hukuk Firmas\u0131\",\"alternateName\":\"B\u0131\u00e7ak Hukuk, Ankara Avukat, Ankara Hukuk B\u00fcrosu\",\"url\":\"https:\\\/\\\/www.bicakhukuk.com\\\/fr\\\/\",\"logo\":{\"@id\":\"https:\\\/\\\/www.bicakhukuk.com\\\/fr\\\/a-propos-de\\\/lhistoire\\\/#local-main-organization-logo\"},\"image\":{\"@id\":\"https:\\\/\\\/www.bicakhukuk.com\\\/fr\\\/a-propos-de\\\/lhistoire\\\/#local-main-organization-logo\"},\"sameAs\":[\"https:\\\/\\\/www.facebook.com\\\/bicakhukuk\",\"https:\\\/\\\/x.com\\\/BicakHukuk\",\"https:\\\/\\\/www.instagram.com\\\/bicakhukuk\\\/\",\"https:\\\/\\\/tr.linkedin.com\\\/company\\\/b-ak-law-firm\",\"https:\\\/\\\/www.youtube.com\\\/channel\\\/UCodktEWFyJmIp3i1BH9aM2A\\\/\"],\"description\":\"K\u00fcresel, b\u00f6lgesel ve ulusal \u015firketlere, kurulu\u015flara ve ki\u015filere uzmanl\u0131k alanlar\u0131m\u0131zda uyu\u015fmazl\u0131k \u00f6nleyici hukuk dan\u0131\u015fmanl\u0131\u011f\u0131, uyu\u015fmazl\u0131k \u00e7\u00f6z\u00fcm s\u00fcre\u00e7lerinde ise arabuluculuk, arabuluculukta taraf vekilli\u011fi, mahkemelerde taraf vekilli\u011fi ve avukatl\u0131k, tahkim hakemli\u011fi, tahkimde taraf vekilli\u011fi, hukuki konularda m\u00fctalaa ve hukuki konularda e\u011fitim hizmetleri vermekteyiz. Uluslararas\u0131, b\u00f6lgesel ve ulusal hukuka ili\u015fkin inceleme, ara\u015ft\u0131rma ve tecr\u00fcbeye dayal\u0131 hukuk hizmetlerimizi sunarken teknolojinin imkan sa\u011flad\u0131\u011f\u0131 g\u00f6rsel (video konferans) veya i\u015fitsel (sesli konferans) ileti\u015fim teknolojilerinin elverdi\u011fi t\u00fcm olanaklar\u0131 kullanmaktay\u0131z. Dan\u0131\u015fanlar\u0131m\u0131z veya m\u00fcvekkillerimiz, D\u00fcnyan\u0131n, b\u00f6lgemizin veya \u00fclkemizin neresinde olurlarsa olsunlar hizmetlerimizden uzaktan eri\u015fim yoluyla yararlanabilmektedir. Muhtemel ihtilaflar\u0131 \u00f6nlemek veya en aza indirmek gayesiyle m\u00fcvekkillerimize sundu\u011fumuz dinamik, etkili ve \u00f6nleyici dan\u0131\u015fmanl\u0131k hizmetlerimizin yan\u0131nda, uyu\u015fmazl\u0131k \u00e7\u00f6z\u00fcm s\u00fcre\u00e7lerinde arabuluculuk, tahkim veya mahkemelerde dava takibi hizmetleri de sunmaktay\u0131z. Ba\u015far\u0131n\u0131n s\u0131rr\u0131, do\u011fru bilgiye h\u0131zl\u0131 eri\u015fimdir. M\u00fcvekkil ihtiya\u00e7lar\u0131 tam ve eksiksiz tan\u0131mlayarak y\u00fcksek standartlarda, kaliteli, h\u0131zl\u0131 ve sonu\u00e7 odakl\u0131 esas\u0131na dayanan bir \u00e7al\u0131\u015fma anlay\u0131\u015f\u0131 benimsemi\u015f bulunuyoruz. G\u00fcvenilirlik, itibar, etik de\u011ferler ve kalite standartlar\u0131 gibi unsurlar, vazge\u00e7ilmezlerimiz olu\u015fturur.\",\"legalName\":\"B\u0131\u00e7ak Hukuk\",\"foundingDate\":\"2002-01-01\",\"numberOfEmployees\":{\"@type\":\"QuantitativeValue\",\"minValue\":\"1\",\"maxValue\":\"10\"},\"address\":{\"@id\":\"https:\\\/\\\/www.bicakhukuk.com\\\/fr\\\/a-propos-de\\\/lhistoire\\\/#local-main-place-address\"},\"geo\":{\"@type\":\"GeoCoordinates\",\"latitude\":\"39.90985903589262\",\"longitude\":\"32.81218744448808\"},\"telephone\":[\"0 (312) 473 39 60\",\"0 (553) 223 32 90\"],\"openingHoursSpecification\":[{\"@type\":\"OpeningHoursSpecification\",\"dayOfWeek\":[\"Monday\",\"Tuesday\",\"Wednesday\",\"Thursday\",\"Friday\",\"Saturday\"],\"opens\":\"08:00\",\"closes\":\"18:00\"},{\"@type\":\"OpeningHoursSpecification\",\"dayOfWeek\":[\"Sunday\"],\"opens\":\"00:00\",\"closes\":\"00:00\"}],\"email\":\"iletisim@bicakhukuk.com\",\"faxNumber\":\"0 (312) 473 39 62\",\"areaServed\":\"Hukuk\"},{\"@type\":\"PostalAddress\",\"@id\":\"https:\\\/\\\/www.bicakhukuk.com\\\/fr\\\/a-propos-de\\\/lhistoire\\\/#local-main-place-address\",\"streetAddress\":\"Next Level Loft Ofis, Kat 9-10, Daire 29, K\u0131z\u0131l\u0131rmak Mahallesi, Ufuk \u00dcniversitesi Caddesi S\u00f6\u011f\u00fct\u00f6z\u00fc \\\/ \u00c7ankaya\",\"addressLocality\":\"Ankara\",\"postalCode\":\"06530\",\"addressCountry\":\"TR\"},{\"@type\":\"ImageObject\",\"inLanguage\":\"fr-FR\",\"@id\":\"https:\\\/\\\/www.bicakhukuk.com\\\/fr\\\/a-propos-de\\\/lhistoire\\\/#local-main-organization-logo\",\"url\":\"https:\\\/\\\/www.bicakhukuk.com\\\/wp-content\\\/uploads\\\/2023\\\/05\\\/bicak_hukuk_logo_kare.png\",\"contentUrl\":\"https:\\\/\\\/www.bicakhukuk.com\\\/wp-content\\\/uploads\\\/2023\\\/05\\\/bicak_hukuk_logo_kare.png\",\"width\":2000,\"height\":2000,\"caption\":\"B\u0131\u00e7ak Hukuk | T\u00fcrkiye Merkezli Global Hukuk Firmas\u0131\"}]}<\/script>\n<meta name=\"geo.placename\" content=\"Ankara\" \/>\n<meta name=\"geo.position\" content=\"39.90985903589262;32.81218744448808\" \/>\n<meta name=\"geo.region\" content=\"Turquie\" \/>\n<!-- \/ Yoast SEO Premium plugin. -->","yoast_head_json":{"title":"Notre Histoire | B\u0131\u00e7ak Hukuk","description":"Notre Cabinet a \u00e9t\u00e9 fond\u00e9 \u00e0 Ankara le 15 juillet 2002 par le Professeur Vahit Bicak. Les activit\u00e9s de notre Cabinet se sont vite d\u00e9velopp\u00e9es de sorte, qu\u2019en 2006, un deuxi\u00e8me bureau a \u00e9t\u00e9 ouvert \u00e0 S\u00f6\u011f\u00fct\u00f6z\u00fc, en parall\u00e8le avec notre premier bureau sur le boulevard \u00c7etin Eme\u00e7.","robots":{"index":"index","follow":"follow","max-snippet":"max-snippet:-1","max-image-preview":"max-image-preview:large","max-video-preview":"max-video-preview:-1"},"canonical":"https:\/\/www.bicakhukuk.com\/fr\/a-propos-de\/lhistoire\/","og_locale":"fr_FR","og_type":"article","og_title":"Notre Histoire","og_description":"Notre Cabinet a \u00e9t\u00e9 fond\u00e9 \u00e0 Ankara le 15 juillet 2002 par le Professeur Vahit Bicak.\u00a0 Les activit\u00e9s de notre Cabinet se sont vite d\u00e9velopp\u00e9es de sorte,","og_url":"https:\/\/www.bicakhukuk.com\/fr\/a-propos-de\/lhistoire\/","og_site_name":"B\u0131\u00e7ak Hukuk","article_publisher":"https:\/\/www.facebook.com\/bicakhukuk","article_modified_time":"2020-03-11T11:18:54+00:00","og_image":[{"width":960,"height":540,"url":"https:\/\/www.bicakhukuk.com\/wp-content\/uploads\/2020\/02\/Next-Level.jpg","type":"image\/jpeg"}],"twitter_card":"summary_large_image","twitter_site":"@BicakHukuk","twitter_misc":{"Dur\u00e9e de lecture estim\u00e9e":"2 minutes"},"schema":{"@context":"https:\/\/schema.org","@graph":[{"@type":"WebPage","@id":"https:\/\/www.bicakhukuk.com\/fr\/a-propos-de\/lhistoire\/","url":"https:\/\/www.bicakhukuk.com\/fr\/a-propos-de\/lhistoire\/","name":"Notre Histoire | B\u0131\u00e7ak Hukuk","isPartOf":{"@id":"https:\/\/www.bicakhukuk.com\/fr\/#website"},"datePublished":"2014-07-25T22:37:00+00:00","dateModified":"2020-03-11T11:18:54+00:00","description":"Notre Cabinet a \u00e9t\u00e9 fond\u00e9 \u00e0 Ankara le 15 juillet 2002 par le Professeur Vahit Bicak. Les activit\u00e9s de notre Cabinet se sont vite d\u00e9velopp\u00e9es de sorte, qu\u2019en 2006, un deuxi\u00e8me bureau a \u00e9t\u00e9 ouvert \u00e0 S\u00f6\u011f\u00fct\u00f6z\u00fc, en parall\u00e8le avec notre premier bureau sur le boulevard \u00c7etin Eme\u00e7.","breadcrumb":{"@id":"https:\/\/www.bicakhukuk.com\/fr\/a-propos-de\/lhistoire\/#breadcrumb"},"inLanguage":"fr-FR","potentialAction":[{"@type":"ReadAction","target":["https:\/\/www.bicakhukuk.com\/fr\/a-propos-de\/lhistoire\/"]}]},{"@type":"BreadcrumbList","@id":"https:\/\/www.bicakhukuk.com\/fr\/a-propos-de\/lhistoire\/#breadcrumb","itemListElement":[{"@type":"ListItem","position":1,"name":"Ana sayfa","item":"https:\/\/www.bicakhukuk.com\/fr\/"},{"@type":"ListItem","position":2,"name":"A propos de nous","item":"https:\/\/www.bicakhukuk.com\/fr\/a-propos-de\/"},{"@type":"ListItem","position":3,"name":"Notre Histoire"}]},{"@type":"WebSite","@id":"https:\/\/www.bicakhukuk.com\/fr\/#website","url":"https:\/\/www.bicakhukuk.com\/fr\/","name":"B\u0131\u00e7ak Hukuk","description":"T\u00fcrkiye Merkezli Global Hukuk B\u00fcrosu","publisher":{"@id":"https:\/\/www.bicakhukuk.com\/fr\/#organization"},"alternateName":"B\u0131\u00e7ak Hukuk, Ankara Avukat, Ankara Hukuk B\u00fcrosu","potentialAction":[{"@type":"SearchAction","target":{"@type":"EntryPoint","urlTemplate":"https:\/\/www.bicakhukuk.com\/fr\/?s={search_term_string}"},"query-input":{"@type":"PropertyValueSpecification","valueRequired":true,"valueName":"search_term_string"}}],"inLanguage":"fr-FR"},{"@type":["Organization","Place"],"@id":"https:\/\/www.bicakhukuk.com\/fr\/#organization","name":"B\u0131\u00e7ak Hukuk | T\u00fcrkiye Merkezli Global Hukuk Firmas\u0131","alternateName":"B\u0131\u00e7ak Hukuk, Ankara Avukat, Ankara Hukuk B\u00fcrosu","url":"https:\/\/www.bicakhukuk.com\/fr\/","logo":{"@id":"https:\/\/www.bicakhukuk.com\/fr\/a-propos-de\/lhistoire\/#local-main-organization-logo"},"image":{"@id":"https:\/\/www.bicakhukuk.com\/fr\/a-propos-de\/lhistoire\/#local-main-organization-logo"},"sameAs":["https:\/\/www.facebook.com\/bicakhukuk","https:\/\/x.com\/BicakHukuk","https:\/\/www.instagram.com\/bicakhukuk\/","https:\/\/tr.linkedin.com\/company\/b-ak-law-firm","https:\/\/www.youtube.com\/channel\/UCodktEWFyJmIp3i1BH9aM2A\/"],"description":"K\u00fcresel, b\u00f6lgesel ve ulusal \u015firketlere, kurulu\u015flara ve ki\u015filere uzmanl\u0131k alanlar\u0131m\u0131zda uyu\u015fmazl\u0131k \u00f6nleyici hukuk dan\u0131\u015fmanl\u0131\u011f\u0131, uyu\u015fmazl\u0131k \u00e7\u00f6z\u00fcm s\u00fcre\u00e7lerinde ise arabuluculuk, arabuluculukta taraf vekilli\u011fi, mahkemelerde taraf vekilli\u011fi ve avukatl\u0131k, tahkim hakemli\u011fi, tahkimde taraf vekilli\u011fi, hukuki konularda m\u00fctalaa ve hukuki konularda e\u011fitim hizmetleri vermekteyiz. Uluslararas\u0131, b\u00f6lgesel ve ulusal hukuka ili\u015fkin inceleme, ara\u015ft\u0131rma ve tecr\u00fcbeye dayal\u0131 hukuk hizmetlerimizi sunarken teknolojinin imkan sa\u011flad\u0131\u011f\u0131 g\u00f6rsel (video konferans) veya i\u015fitsel (sesli konferans) ileti\u015fim teknolojilerinin elverdi\u011fi t\u00fcm olanaklar\u0131 kullanmaktay\u0131z. Dan\u0131\u015fanlar\u0131m\u0131z veya m\u00fcvekkillerimiz, D\u00fcnyan\u0131n, b\u00f6lgemizin veya \u00fclkemizin neresinde olurlarsa olsunlar hizmetlerimizden uzaktan eri\u015fim yoluyla yararlanabilmektedir. Muhtemel ihtilaflar\u0131 \u00f6nlemek veya en aza indirmek gayesiyle m\u00fcvekkillerimize sundu\u011fumuz dinamik, etkili ve \u00f6nleyici dan\u0131\u015fmanl\u0131k hizmetlerimizin yan\u0131nda, uyu\u015fmazl\u0131k \u00e7\u00f6z\u00fcm s\u00fcre\u00e7lerinde arabuluculuk, tahkim veya mahkemelerde dava takibi hizmetleri de sunmaktay\u0131z. Ba\u015far\u0131n\u0131n s\u0131rr\u0131, do\u011fru bilgiye h\u0131zl\u0131 eri\u015fimdir. M\u00fcvekkil ihtiya\u00e7lar\u0131 tam ve eksiksiz tan\u0131mlayarak y\u00fcksek standartlarda, kaliteli, h\u0131zl\u0131 ve sonu\u00e7 odakl\u0131 esas\u0131na dayanan bir \u00e7al\u0131\u015fma anlay\u0131\u015f\u0131 benimsemi\u015f bulunuyoruz. G\u00fcvenilirlik, itibar, etik de\u011ferler ve kalite standartlar\u0131 gibi unsurlar, vazge\u00e7ilmezlerimiz olu\u015fturur.","legalName":"B\u0131\u00e7ak Hukuk","foundingDate":"2002-01-01","numberOfEmployees":{"@type":"QuantitativeValue","minValue":"1","maxValue":"10"},"address":{"@id":"https:\/\/www.bicakhukuk.com\/fr\/a-propos-de\/lhistoire\/#local-main-place-address"},"geo":{"@type":"GeoCoordinates","latitude":"39.90985903589262","longitude":"32.81218744448808"},"telephone":["0 (312) 473 39 60","0 (553) 223 32 90"],"openingHoursSpecification":[{"@type":"OpeningHoursSpecification","dayOfWeek":["Monday","Tuesday","Wednesday","Thursday","Friday","Saturday"],"opens":"08:00","closes":"18:00"},{"@type":"OpeningHoursSpecification","dayOfWeek":["Sunday"],"opens":"00:00","closes":"00:00"}],"email":"iletisim@bicakhukuk.com","faxNumber":"0 (312) 473 39 62","areaServed":"Hukuk"},{"@type":"PostalAddress","@id":"https:\/\/www.bicakhukuk.com\/fr\/a-propos-de\/lhistoire\/#local-main-place-address","streetAddress":"Next Level Loft Ofis, Kat 9-10, Daire 29, K\u0131z\u0131l\u0131rmak Mahallesi, Ufuk \u00dcniversitesi Caddesi S\u00f6\u011f\u00fct\u00f6z\u00fc \/ \u00c7ankaya","addressLocality":"Ankara","postalCode":"06530","addressCountry":"TR"},{"@type":"ImageObject","inLanguage":"fr-FR","@id":"https:\/\/www.bicakhukuk.com\/fr\/a-propos-de\/lhistoire\/#local-main-organization-logo","url":"https:\/\/www.bicakhukuk.com\/wp-content\/uploads\/2023\/05\/bicak_hukuk_logo_kare.png","contentUrl":"https:\/\/www.bicakhukuk.com\/wp-content\/uploads\/2023\/05\/bicak_hukuk_logo_kare.png","width":2000,"height":2000,"caption":"B\u0131\u00e7ak Hukuk | T\u00fcrkiye Merkezli Global Hukuk Firmas\u0131"}]},"geo.placename":"Ankara","geo.position":{"lat":"39.90985903589262","long":"32.81218744448808"},"geo.region":"Turquie"},"_links":{"self":[{"href":"https:\/\/www.bicakhukuk.com\/fr\/wp-json\/wp\/v2\/pages\/3048","targetHints":{"allow":["GET"]}}],"collection":[{"href":"https:\/\/www.bicakhukuk.com\/fr\/wp-json\/wp\/v2\/pages"}],"about":[{"href":"https:\/\/www.bicakhukuk.com\/fr\/wp-json\/wp\/v2\/types\/page"}],"author":[{"embeddable":true,"href":"https:\/\/www.bicakhukuk.com\/fr\/wp-json\/wp\/v2\/users\/1"}],"replies":[{"embeddable":true,"href":"https:\/\/www.bicakhukuk.com\/fr\/wp-json\/wp\/v2\/comments?post=3048"}],"version-history":[{"count":0,"href":"https:\/\/www.bicakhukuk.com\/fr\/wp-json\/wp\/v2\/pages\/3048\/revisions"}],"up":[{"embeddable":true,"href":"https:\/\/www.bicakhukuk.com\/fr\/wp-json\/wp\/v2\/pages\/3004"}],"wp:attachment":[{"href":"https:\/\/www.bicakhukuk.com\/fr\/wp-json\/wp\/v2\/media?parent=3048"}],"curies":[{"name":"wp","href":"https:\/\/api.w.org\/{rel}","templated":true}]}}