{"id":3004,"date":"2014-07-28T17:40:46","date_gmt":"2014-07-28T14:40:46","guid":{"rendered":"http:\/\/www.bicakhukuk.com\/bicak-hukuk\/hakkimizda\/"},"modified":"2020-03-11T14:11:46","modified_gmt":"2020-03-11T11:11:46","slug":"a-propos-de","status":"publish","type":"page","link":"https:\/\/www.bicakhukuk.com\/fr\/a-propos-de\/","title":{"rendered":"A propos de nous"},"content":{"rendered":"<p style=\"text-align: justify;\">Depuis 2002, le Cabinet Bi\u00e7ak Law Firm, fond\u00e9 par le Professeur et Avocat Dr. Vahit B\u0131\u00e7ak, offre des services juridiques de qualit\u00e9 aux entreprises, aux organisations nationales et internationales, ainsi qu\u2019aux particuliers.<\/p>\n<p style=\"text-align: justify;\">Notre Cabinet fournit des conseils et services juridiques aussi bien sur des probl\u00e9matiques relevant du droit national turc et du droit international. Nous servons nos clients avec dynamisme et efficacit\u00e9, et ce, dans le respect le plus total de la confidentialit\u00e9 des informations.<\/p>\n<p style=\"text-align: justify;\">Notre Cabinet offre des \u00e9tudes compl\u00e8tes et approfondies. Nous utilisons les derni\u00e8res technologies de communication audio et visuelle afin de permettre \u00e0 nos clients de b\u00e9n\u00e9ficier d\u2019un service rapide, adapt\u00e9 et de qualit\u00e9 partout dans le monde ou dans notre pays.<\/p>\n<p style=\"text-align: justify;\">Nous sommes sp\u00e9cialis\u00e9s dans le conseil juridique des entreprises internationales dans le cadre de leurs implantations et op\u00e9rations en Turquie, mais nous offrons \u00e9galement des services juridiques tourn\u00e9s vers des march\u00e9s des pays \u00e9trangers tels que les pays de l&rsquo;Union europ\u00e9enne, les \u00c9tats-Unis, le Canada, la Russie, l&rsquo;Ukraine, la Chine, le Japon et l&rsquo;Iran.<\/p>\n<p style=\"text-align: justify;\">Notre Cabinet coop\u00e8re \u00e9troitement avec des cabinets d&rsquo;avocats dans de nombreux pays, en particulier dans les pays du Golfe. Notre exp\u00e9rience internationale nous permet de fournir un service multilingue.<\/p>\n<p style=\"text-align: justify;\">Nous sommes ainsi en mesure de correspondre en turc, en anglais, en allemand et en fran\u00e7ais<\/p>\n","protected":false},"excerpt":{"rendered":"<p>Depuis 2002, le Cabinet Bi\u00e7ak Law Firm, fond\u00e9 par le Professeur et Avocat Dr. Vahit B\u0131\u00e7ak, offre des services juridiques de qualit\u00e9 aux entreprises, aux organisations nationales et internationales, ainsi qu\u2019aux particuliers. Notre Cabinet fournit des conseils et services juridiques aussi bien sur des probl\u00e9matiques relevant du droit national turc et du droit international. Nous [&hellip;]<\/p>\n","protected":false},"author":1,"featured_media":0,"parent":0,"menu_order":0,"comment_status":"open","ping_status":"closed","template":"page-fullwidth.php","meta":{"rs_blank_template":"","rs_page_bg_color":"#ffffff","slide_template_v7":"","footnotes":""},"class_list":["post-3004","page","type-page","status-publish","hentry"],"yoast_head":"<!-- This site is optimized with the Yoast SEO Premium plugin v27.1 (Yoast SEO v27.2) - https:\/\/yoast.com\/product\/yoast-seo-premium-wordpress\/ -->\n<title>A propos de nous - B\u0131\u00e7ak Law Firm<\/title>\n<meta name=\"description\" content=\"Depuis 2002, le Cabinet Bi\u00e7ak Law Firm, fond\u00e9 par le Professeur et Avocat Dr. Vahit B\u0131\u00e7ak, offre des services juridiques de qualit\u00e9 aux entreprises, aux organisations nationales et internationales, ainsi qu\u2019aux particuliers.\" \/>\n<meta name=\"robots\" content=\"index, follow, max-snippet:-1, max-image-preview:large, max-video-preview:-1\" \/>\n<link rel=\"canonical\" href=\"https:\/\/www.bicakhukuk.com\/fr\/a-propos-de\/\" \/>\n<meta property=\"og:locale\" content=\"fr_FR\" \/>\n<meta property=\"og:type\" content=\"article\" \/>\n<meta property=\"og:title\" content=\"A propos de nous\" \/>\n<meta property=\"og:description\" content=\"Depuis 2002, le Cabinet Bi\u00e7ak Law Firm, fond\u00e9 par le Professeur et Avocat Dr. Vahit B\u0131\u00e7ak, offre des services juridiques de qualit\u00e9 aux entreprises, aux\" \/>\n<meta property=\"og:url\" content=\"https:\/\/www.bicakhukuk.com\/fr\/a-propos-de\/\" \/>\n<meta property=\"og:site_name\" content=\"B\u0131\u00e7ak Hukuk\" \/>\n<meta property=\"article:publisher\" content=\"https:\/\/www.facebook.com\/bicakhukuk\" \/>\n<meta property=\"article:modified_time\" content=\"2020-03-11T11:11:46+00:00\" \/>\n<meta property=\"og:image\" content=\"https:\/\/www.bicakhukuk.com\/wp-content\/uploads\/2020\/02\/Next-Level.jpg\" \/>\n\t<meta property=\"og:image:width\" content=\"960\" \/>\n\t<meta property=\"og:image:height\" content=\"540\" \/>\n\t<meta property=\"og:image:type\" content=\"image\/jpeg\" \/>\n<meta name=\"twitter:card\" content=\"summary_large_image\" \/>\n<meta name=\"twitter:site\" content=\"@BicakHukuk\" \/>\n<meta name=\"twitter:label1\" content=\"Dur\u00e9e de lecture estim\u00e9e\" \/>\n\t<meta name=\"twitter:data1\" content=\"1 minute\" \/>\n<script type=\"application\/ld+json\" class=\"yoast-schema-graph\">{\"@context\":\"https:\/\/schema.org\",\"@graph\":[{\"@type\":\"WebPage\",\"@id\":\"https:\/\/www.bicakhukuk.com\/fr\/a-propos-de\/\",\"url\":\"https:\/\/www.bicakhukuk.com\/fr\/a-propos-de\/\",\"name\":\"A propos de nous - B\u0131\u00e7ak Law Firm\",\"isPartOf\":{\"@id\":\"https:\/\/www.bicakhukuk.com\/fr\/#website\"},\"datePublished\":\"2014-07-28T14:40:46+00:00\",\"dateModified\":\"2020-03-11T11:11:46+00:00\",\"description\":\"Depuis 2002, le Cabinet Bi\u00e7ak Law Firm, fond\u00e9 par le Professeur et Avocat Dr. Vahit B\u0131\u00e7ak, offre des services juridiques de qualit\u00e9 aux entreprises, aux organisations nationales et internationales, ainsi qu\u2019aux particuliers.\",\"breadcrumb\":{\"@id\":\"https:\/\/www.bicakhukuk.com\/fr\/a-propos-de\/#breadcrumb\"},\"inLanguage\":\"fr-FR\",\"potentialAction\":[{\"@type\":\"ReadAction\",\"target\":[\"https:\/\/www.bicakhukuk.com\/fr\/a-propos-de\/\"]}]},{\"@type\":\"BreadcrumbList\",\"@id\":\"https:\/\/www.bicakhukuk.com\/fr\/a-propos-de\/#breadcrumb\",\"itemListElement\":[{\"@type\":\"ListItem\",\"position\":1,\"name\":\"Homepage\",\"item\":\"https:\/\/www.bicakhukuk.com\/fr\/\"},{\"@type\":\"ListItem\",\"position\":2,\"name\":\"A propos de nous\"}]},{\"@type\":\"WebSite\",\"@id\":\"https:\/\/www.bicakhukuk.com\/fr\/#website\",\"url\":\"https:\/\/www.bicakhukuk.com\/fr\/\",\"name\":\"B\u0131\u00e7ak Hukuk\",\"description\":\"T\u00fcrkiye Merkezli Global Hukuk B\u00fcrosu\",\"publisher\":{\"@id\":\"https:\/\/www.bicakhukuk.com\/fr\/#organization\"},\"alternateName\":\"B\u0131\u00e7ak Hukuk, Ankara Avukat, Ankara Hukuk B\u00fcrosu\",\"potentialAction\":[{\"@type\":\"SearchAction\",\"target\":{\"@type\":\"EntryPoint\",\"urlTemplate\":\"https:\/\/www.bicakhukuk.com\/fr\/?s={search_term_string}\"},\"query-input\":{\"@type\":\"PropertyValueSpecification\",\"valueRequired\":true,\"valueName\":\"search_term_string\"}}],\"inLanguage\":\"fr-FR\"},{\"@type\":[\"Organization\",\"Place\"],\"@id\":\"https:\/\/www.bicakhukuk.com\/fr\/#organization\",\"name\":\"B\u0131\u00e7ak Hukuk | T\u00fcrkiye Merkezli Global Hukuk Firmas\u0131\",\"alternateName\":\"B\u0131\u00e7ak Hukuk, Ankara Avukat, Ankara Hukuk B\u00fcrosu\",\"url\":\"https:\/\/www.bicakhukuk.com\/fr\/\",\"logo\":{\"@id\":\"https:\/\/www.bicakhukuk.com\/fr\/a-propos-de\/#local-main-organization-logo\"},\"image\":{\"@id\":\"https:\/\/www.bicakhukuk.com\/fr\/a-propos-de\/#local-main-organization-logo\"},\"sameAs\":[\"https:\/\/www.facebook.com\/bicakhukuk\",\"https:\/\/x.com\/BicakHukuk\",\"https:\/\/www.instagram.com\/bicakhukuk\/\",\"https:\/\/tr.linkedin.com\/company\/b-ak-law-firm\",\"https:\/\/www.youtube.com\/channel\/UCodktEWFyJmIp3i1BH9aM2A\/\"],\"description\":\"K\u00fcresel, b\u00f6lgesel ve ulusal \u015firketlere, kurulu\u015flara ve ki\u015filere uzmanl\u0131k alanlar\u0131m\u0131zda uyu\u015fmazl\u0131k \u00f6nleyici hukuk dan\u0131\u015fmanl\u0131\u011f\u0131, uyu\u015fmazl\u0131k \u00e7\u00f6z\u00fcm s\u00fcre\u00e7lerinde ise arabuluculuk, arabuluculukta taraf vekilli\u011fi, mahkemelerde taraf vekilli\u011fi ve avukatl\u0131k, tahkim hakemli\u011fi, tahkimde taraf vekilli\u011fi, hukuki konularda m\u00fctalaa ve hukuki konularda e\u011fitim hizmetleri vermekteyiz. Uluslararas\u0131, b\u00f6lgesel ve ulusal hukuka ili\u015fkin inceleme, ara\u015ft\u0131rma ve tecr\u00fcbeye dayal\u0131 hukuk hizmetlerimizi sunarken teknolojinin imkan sa\u011flad\u0131\u011f\u0131 g\u00f6rsel (video konferans) veya i\u015fitsel (sesli konferans) ileti\u015fim teknolojilerinin elverdi\u011fi t\u00fcm olanaklar\u0131 kullanmaktay\u0131z. Dan\u0131\u015fanlar\u0131m\u0131z veya m\u00fcvekkillerimiz, D\u00fcnyan\u0131n, b\u00f6lgemizin veya \u00fclkemizin neresinde olurlarsa olsunlar hizmetlerimizden uzaktan eri\u015fim yoluyla yararlanabilmektedir. Muhtemel ihtilaflar\u0131 \u00f6nlemek veya en aza indirmek gayesiyle m\u00fcvekkillerimize sundu\u011fumuz dinamik, etkili ve \u00f6nleyici dan\u0131\u015fmanl\u0131k hizmetlerimizin yan\u0131nda, uyu\u015fmazl\u0131k \u00e7\u00f6z\u00fcm s\u00fcre\u00e7lerinde arabuluculuk, tahkim veya mahkemelerde dava takibi hizmetleri de sunmaktay\u0131z. Ba\u015far\u0131n\u0131n s\u0131rr\u0131, do\u011fru bilgiye h\u0131zl\u0131 eri\u015fimdir. M\u00fcvekkil ihtiya\u00e7lar\u0131 tam ve eksiksiz tan\u0131mlayarak y\u00fcksek standartlarda, kaliteli, h\u0131zl\u0131 ve sonu\u00e7 odakl\u0131 esas\u0131na dayanan bir \u00e7al\u0131\u015fma anlay\u0131\u015f\u0131 benimsemi\u015f bulunuyoruz. G\u00fcvenilirlik, itibar, etik de\u011ferler ve kalite standartlar\u0131 gibi unsurlar, vazge\u00e7ilmezlerimiz olu\u015fturur.\",\"legalName\":\"B\u0131\u00e7ak Hukuk\",\"foundingDate\":\"2002-01-01\",\"numberOfEmployees\":{\"@type\":\"QuantitativeValue\",\"minValue\":\"1\",\"maxValue\":\"10\"},\"address\":{\"@id\":\"https:\/\/www.bicakhukuk.com\/fr\/a-propos-de\/#local-main-place-address\"},\"geo\":{\"@type\":\"GeoCoordinates\",\"latitude\":\"39.90985903589262\",\"longitude\":\"32.81218744448808\"},\"telephone\":[\"0 (312) 473 39 60\",\"0 (553) 223 32 90\"],\"openingHoursSpecification\":[{\"@type\":\"OpeningHoursSpecification\",\"dayOfWeek\":[\"Monday\",\"Tuesday\",\"Wednesday\",\"Thursday\",\"Friday\",\"Saturday\"],\"opens\":\"08:00\",\"closes\":\"18:00\"},{\"@type\":\"OpeningHoursSpecification\",\"dayOfWeek\":[\"Sunday\"],\"opens\":\"00:00\",\"closes\":\"00:00\"}],\"email\":\"iletisim@bicakhukuk.com\",\"faxNumber\":\"0 (312) 473 39 62\",\"areaServed\":\"Hukuk\"},{\"@type\":\"PostalAddress\",\"@id\":\"https:\/\/www.bicakhukuk.com\/fr\/a-propos-de\/#local-main-place-address\",\"streetAddress\":\"Next Level Loft Ofis, Kat 9-10, Daire 29, K\u0131z\u0131l\u0131rmak Mahallesi, Ufuk \u00dcniversitesi Caddesi S\u00f6\u011f\u00fct\u00f6z\u00fc \/ \u00c7ankaya\",\"addressLocality\":\"Ankara\",\"postalCode\":\"06530\",\"addressCountry\":\"TR\"},{\"@type\":\"ImageObject\",\"inLanguage\":\"fr-FR\",\"@id\":\"https:\/\/www.bicakhukuk.com\/fr\/a-propos-de\/#local-main-organization-logo\",\"url\":\"https:\/\/www.bicakhukuk.com\/wp-content\/uploads\/2023\/05\/bicak_hukuk_logo_kare.png\",\"contentUrl\":\"https:\/\/www.bicakhukuk.com\/wp-content\/uploads\/2023\/05\/bicak_hukuk_logo_kare.png\",\"width\":2000,\"height\":2000,\"caption\":\"B\u0131\u00e7ak Hukuk | T\u00fcrkiye Merkezli Global Hukuk Firmas\u0131\"}]}<\/script>\n<meta name=\"geo.placename\" content=\"Ankara\" \/>\n<meta name=\"geo.position\" content=\"39.90985903589262;32.81218744448808\" \/>\n<meta name=\"geo.region\" content=\"Turquie\" \/>\n<!-- \/ Yoast SEO Premium plugin. -->","yoast_head_json":{"title":"A propos de nous - B\u0131\u00e7ak Law Firm","description":"Depuis 2002, le Cabinet Bi\u00e7ak Law Firm, fond\u00e9 par le Professeur et Avocat Dr. Vahit B\u0131\u00e7ak, offre des services juridiques de qualit\u00e9 aux entreprises, aux organisations nationales et internationales, ainsi qu\u2019aux particuliers.","robots":{"index":"index","follow":"follow","max-snippet":"max-snippet:-1","max-image-preview":"max-image-preview:large","max-video-preview":"max-video-preview:-1"},"canonical":"https:\/\/www.bicakhukuk.com\/fr\/a-propos-de\/","og_locale":"fr_FR","og_type":"article","og_title":"A propos de nous","og_description":"Depuis 2002, le Cabinet Bi\u00e7ak Law Firm, fond\u00e9 par le Professeur et Avocat Dr. Vahit B\u0131\u00e7ak, offre des services juridiques de qualit\u00e9 aux entreprises, aux","og_url":"https:\/\/www.bicakhukuk.com\/fr\/a-propos-de\/","og_site_name":"B\u0131\u00e7ak Hukuk","article_publisher":"https:\/\/www.facebook.com\/bicakhukuk","article_modified_time":"2020-03-11T11:11:46+00:00","og_image":[{"width":960,"height":540,"url":"https:\/\/www.bicakhukuk.com\/wp-content\/uploads\/2020\/02\/Next-Level.jpg","type":"image\/jpeg"}],"twitter_card":"summary_large_image","twitter_site":"@BicakHukuk","twitter_misc":{"Dur\u00e9e de lecture estim\u00e9e":"1 minute"},"schema":{"@context":"https:\/\/schema.org","@graph":[{"@type":"WebPage","@id":"https:\/\/www.bicakhukuk.com\/fr\/a-propos-de\/","url":"https:\/\/www.bicakhukuk.com\/fr\/a-propos-de\/","name":"A propos de nous - B\u0131\u00e7ak Law Firm","isPartOf":{"@id":"https:\/\/www.bicakhukuk.com\/fr\/#website"},"datePublished":"2014-07-28T14:40:46+00:00","dateModified":"2020-03-11T11:11:46+00:00","description":"Depuis 2002, le Cabinet Bi\u00e7ak Law Firm, fond\u00e9 par le Professeur et Avocat Dr. Vahit B\u0131\u00e7ak, offre des services juridiques de qualit\u00e9 aux entreprises, aux organisations nationales et internationales, ainsi qu\u2019aux particuliers.","breadcrumb":{"@id":"https:\/\/www.bicakhukuk.com\/fr\/a-propos-de\/#breadcrumb"},"inLanguage":"fr-FR","potentialAction":[{"@type":"ReadAction","target":["https:\/\/www.bicakhukuk.com\/fr\/a-propos-de\/"]}]},{"@type":"BreadcrumbList","@id":"https:\/\/www.bicakhukuk.com\/fr\/a-propos-de\/#breadcrumb","itemListElement":[{"@type":"ListItem","position":1,"name":"Homepage","item":"https:\/\/www.bicakhukuk.com\/fr\/"},{"@type":"ListItem","position":2,"name":"A propos de nous"}]},{"@type":"WebSite","@id":"https:\/\/www.bicakhukuk.com\/fr\/#website","url":"https:\/\/www.bicakhukuk.com\/fr\/","name":"B\u0131\u00e7ak Hukuk","description":"T\u00fcrkiye Merkezli Global Hukuk B\u00fcrosu","publisher":{"@id":"https:\/\/www.bicakhukuk.com\/fr\/#organization"},"alternateName":"B\u0131\u00e7ak Hukuk, Ankara Avukat, Ankara Hukuk B\u00fcrosu","potentialAction":[{"@type":"SearchAction","target":{"@type":"EntryPoint","urlTemplate":"https:\/\/www.bicakhukuk.com\/fr\/?s={search_term_string}"},"query-input":{"@type":"PropertyValueSpecification","valueRequired":true,"valueName":"search_term_string"}}],"inLanguage":"fr-FR"},{"@type":["Organization","Place"],"@id":"https:\/\/www.bicakhukuk.com\/fr\/#organization","name":"B\u0131\u00e7ak Hukuk | T\u00fcrkiye Merkezli Global Hukuk Firmas\u0131","alternateName":"B\u0131\u00e7ak Hukuk, Ankara Avukat, Ankara Hukuk B\u00fcrosu","url":"https:\/\/www.bicakhukuk.com\/fr\/","logo":{"@id":"https:\/\/www.bicakhukuk.com\/fr\/a-propos-de\/#local-main-organization-logo"},"image":{"@id":"https:\/\/www.bicakhukuk.com\/fr\/a-propos-de\/#local-main-organization-logo"},"sameAs":["https:\/\/www.facebook.com\/bicakhukuk","https:\/\/x.com\/BicakHukuk","https:\/\/www.instagram.com\/bicakhukuk\/","https:\/\/tr.linkedin.com\/company\/b-ak-law-firm","https:\/\/www.youtube.com\/channel\/UCodktEWFyJmIp3i1BH9aM2A\/"],"description":"K\u00fcresel, b\u00f6lgesel ve ulusal \u015firketlere, kurulu\u015flara ve ki\u015filere uzmanl\u0131k alanlar\u0131m\u0131zda uyu\u015fmazl\u0131k \u00f6nleyici hukuk dan\u0131\u015fmanl\u0131\u011f\u0131, uyu\u015fmazl\u0131k \u00e7\u00f6z\u00fcm s\u00fcre\u00e7lerinde ise arabuluculuk, arabuluculukta taraf vekilli\u011fi, mahkemelerde taraf vekilli\u011fi ve avukatl\u0131k, tahkim hakemli\u011fi, tahkimde taraf vekilli\u011fi, hukuki konularda m\u00fctalaa ve hukuki konularda e\u011fitim hizmetleri vermekteyiz. Uluslararas\u0131, b\u00f6lgesel ve ulusal hukuka ili\u015fkin inceleme, ara\u015ft\u0131rma ve tecr\u00fcbeye dayal\u0131 hukuk hizmetlerimizi sunarken teknolojinin imkan sa\u011flad\u0131\u011f\u0131 g\u00f6rsel (video konferans) veya i\u015fitsel (sesli konferans) ileti\u015fim teknolojilerinin elverdi\u011fi t\u00fcm olanaklar\u0131 kullanmaktay\u0131z. Dan\u0131\u015fanlar\u0131m\u0131z veya m\u00fcvekkillerimiz, D\u00fcnyan\u0131n, b\u00f6lgemizin veya \u00fclkemizin neresinde olurlarsa olsunlar hizmetlerimizden uzaktan eri\u015fim yoluyla yararlanabilmektedir. Muhtemel ihtilaflar\u0131 \u00f6nlemek veya en aza indirmek gayesiyle m\u00fcvekkillerimize sundu\u011fumuz dinamik, etkili ve \u00f6nleyici dan\u0131\u015fmanl\u0131k hizmetlerimizin yan\u0131nda, uyu\u015fmazl\u0131k \u00e7\u00f6z\u00fcm s\u00fcre\u00e7lerinde arabuluculuk, tahkim veya mahkemelerde dava takibi hizmetleri de sunmaktay\u0131z. Ba\u015far\u0131n\u0131n s\u0131rr\u0131, do\u011fru bilgiye h\u0131zl\u0131 eri\u015fimdir. M\u00fcvekkil ihtiya\u00e7lar\u0131 tam ve eksiksiz tan\u0131mlayarak y\u00fcksek standartlarda, kaliteli, h\u0131zl\u0131 ve sonu\u00e7 odakl\u0131 esas\u0131na dayanan bir \u00e7al\u0131\u015fma anlay\u0131\u015f\u0131 benimsemi\u015f bulunuyoruz. G\u00fcvenilirlik, itibar, etik de\u011ferler ve kalite standartlar\u0131 gibi unsurlar, vazge\u00e7ilmezlerimiz olu\u015fturur.","legalName":"B\u0131\u00e7ak Hukuk","foundingDate":"2002-01-01","numberOfEmployees":{"@type":"QuantitativeValue","minValue":"1","maxValue":"10"},"address":{"@id":"https:\/\/www.bicakhukuk.com\/fr\/a-propos-de\/#local-main-place-address"},"geo":{"@type":"GeoCoordinates","latitude":"39.90985903589262","longitude":"32.81218744448808"},"telephone":["0 (312) 473 39 60","0 (553) 223 32 90"],"openingHoursSpecification":[{"@type":"OpeningHoursSpecification","dayOfWeek":["Monday","Tuesday","Wednesday","Thursday","Friday","Saturday"],"opens":"08:00","closes":"18:00"},{"@type":"OpeningHoursSpecification","dayOfWeek":["Sunday"],"opens":"00:00","closes":"00:00"}],"email":"iletisim@bicakhukuk.com","faxNumber":"0 (312) 473 39 62","areaServed":"Hukuk"},{"@type":"PostalAddress","@id":"https:\/\/www.bicakhukuk.com\/fr\/a-propos-de\/#local-main-place-address","streetAddress":"Next Level Loft Ofis, Kat 9-10, Daire 29, K\u0131z\u0131l\u0131rmak Mahallesi, Ufuk \u00dcniversitesi Caddesi S\u00f6\u011f\u00fct\u00f6z\u00fc \/ \u00c7ankaya","addressLocality":"Ankara","postalCode":"06530","addressCountry":"TR"},{"@type":"ImageObject","inLanguage":"fr-FR","@id":"https:\/\/www.bicakhukuk.com\/fr\/a-propos-de\/#local-main-organization-logo","url":"https:\/\/www.bicakhukuk.com\/wp-content\/uploads\/2023\/05\/bicak_hukuk_logo_kare.png","contentUrl":"https:\/\/www.bicakhukuk.com\/wp-content\/uploads\/2023\/05\/bicak_hukuk_logo_kare.png","width":2000,"height":2000,"caption":"B\u0131\u00e7ak Hukuk | T\u00fcrkiye Merkezli Global Hukuk Firmas\u0131"}]},"geo.placename":"Ankara","geo.position":{"lat":"39.90985903589262","long":"32.81218744448808"},"geo.region":"Turquie"},"_links":{"self":[{"href":"https:\/\/www.bicakhukuk.com\/fr\/wp-json\/wp\/v2\/pages\/3004","targetHints":{"allow":["GET"]}}],"collection":[{"href":"https:\/\/www.bicakhukuk.com\/fr\/wp-json\/wp\/v2\/pages"}],"about":[{"href":"https:\/\/www.bicakhukuk.com\/fr\/wp-json\/wp\/v2\/types\/page"}],"author":[{"embeddable":true,"href":"https:\/\/www.bicakhukuk.com\/fr\/wp-json\/wp\/v2\/users\/1"}],"replies":[{"embeddable":true,"href":"https:\/\/www.bicakhukuk.com\/fr\/wp-json\/wp\/v2\/comments?post=3004"}],"version-history":[{"count":0,"href":"https:\/\/www.bicakhukuk.com\/fr\/wp-json\/wp\/v2\/pages\/3004\/revisions"}],"wp:attachment":[{"href":"https:\/\/www.bicakhukuk.com\/fr\/wp-json\/wp\/v2\/media?parent=3004"}],"curies":[{"name":"wp","href":"https:\/\/api.w.org\/{rel}","templated":true}]}}