{"id":2450,"date":"2014-08-30T08:59:25","date_gmt":"2014-08-30T05:59:25","guid":{"rendered":"http:\/\/www.bicakhukuk.com\/mediation-services\/sikca-sorulan-sorular\/"},"modified":"2025-03-10T21:42:51","modified_gmt":"2025-03-10T18:42:51","slug":"sikca-sorulan-sorular","status":"publish","type":"page","link":"https:\/\/www.bicakhukuk.com\/en\/mediation-services\/sikca-sorulan-sorular\/","title":{"rendered":"S\u0131k\u00e7a Sorulan Sorular"},"content":{"rendered":"<div  class=\"ui--toggle ui--animation clearfix ui--toggle-state-closed\" data-group=\"toggle-arabuluculuk\"><div class=\"ui--toggle-title\"><a href=\"javascript:;\"><span class=\"ui--toggle-icon\"><i class=\"ui--icon show-when-closed fontawesome-plus\"><\/i><i class=\"ui--icon show-when-opened fontawesome-minus\"><\/i><\/span><span class=\"ui--toggle-title-text heading\">Ne Zaman Arabulucuya Gidebilirim?<\/span><\/a><\/div><div class=\"ui--toggle-content\"><div class=\"auto-format ui--animation\"><p>Kar\u015f\u0131 tarafla aran\u0131zda uyu\u015fmazl\u0131k \u00e7\u0131kt\u0131ktan ve fakat mahkeme veya tahkime ba\u015fvurmadan \u00f6nce arabulucuya gidebilece\u011finiz gibi mahkemeye dava a\u00e7t\u0131ktan sonra da arabulucuya gidebilirsiniz.<\/p>\n<\/div><\/div><\/div><div  class=\"ui--toggle ui--animation clearfix ui--toggle-state-closed\" data-group=\"toggle-arabuluculuk\"><div class=\"ui--toggle-title\"><a href=\"javascript:;\"><span class=\"ui--toggle-icon\"><i class=\"ui--icon show-when-closed fontawesome-plus\"><\/i><i class=\"ui--icon show-when-opened fontawesome-minus\"><\/i><\/span><span class=\"ui--toggle-title-text heading\">Arabulucuya ba\u015fvurmakla dava a\u00e7maktan vazge\u00e7mi\u015f mi olurum?<\/span><\/a><\/div><div class=\"ui--toggle-content\"><div class=\"auto-format ui--animation\"><p>Hay\u0131r. Taraflar arabulucuya ba\u015fvurmak, s\u00fcreci devam ettirmek, sonu\u00e7land\u0131rmak ve bu s\u00fcre\u00e7ten vazge\u00e7mek konusunda tamamen serbesttir. Kendi iste\u011finiz ile ba\u015flatt\u0131\u011f\u0131n\u0131z bu s\u00fcreci yine kendi iste\u011finizle sona erdirip mahkemeye ba\u015fvurabilirsiniz.<\/p>\n<\/div><\/div><\/div><div  class=\"ui--toggle ui--animation clearfix ui--toggle-state-closed\" data-group=\"toggle-arabuluculuk\"><div class=\"ui--toggle-title\"><a href=\"javascript:;\"><span class=\"ui--toggle-icon\"><i class=\"ui--icon show-when-closed fontawesome-plus\"><\/i><i class=\"ui--icon show-when-opened fontawesome-minus\"><\/i><\/span><span class=\"ui--toggle-title-text heading\">Arabuluculuk pahal\u0131 bir y\u00f6ntem midir?<\/span><\/a><\/div><div class=\"ui--toggle-content\"><div class=\"auto-format ui--animation\"><p>S\u00fcre\u00e7 sonu\u00e7lan\u0131ncaya kadar arabuluculuk s\u00fcrecinde taraflar, davadan farkl\u0131 olarak herhangi bir har\u00e7 yat\u0131rmak zorunda olmay\u0131p, tebligat, bilirki\u015fi, tan\u0131k ve ke\u015fif gibi giderler de \u00f6demezler. Sadece, faaliyet s\u00fcresine g\u00f6re arabulucuya, Arabuluculuk Asgari \u00dccret Tarifesine uyar\u0131nca \u00fccret \u00f6denir. Ayr\u0131ca, \u00f6zel bir toplant\u0131 yeri vs. gerekiyorsa, bu masraflar\u0131n \u00f6denmesi gerekir. Taraflar e\u011fer avukatlar\u0131 ile bu s\u00fcrece kat\u0131lacaklarsa avukatlar\u0131na da \u00fccret \u00f6deyeceklerdir.<\/p>\n<\/div><\/div><\/div><div  class=\"ui--toggle ui--animation clearfix ui--toggle-state-closed\" data-group=\"toggle-arabuluculuk\"><div class=\"ui--toggle-title\"><a href=\"javascript:;\"><span class=\"ui--toggle-icon\"><i class=\"ui--icon show-when-closed fontawesome-plus\"><\/i><i class=\"ui--icon show-when-opened fontawesome-minus\"><\/i><\/span><span class=\"ui--toggle-title-text heading\">Arabuluculuk s\u00fcrecindeki \u00fccret ve masraflar\u0131 kim kar\u015f\u0131layacak?<\/span><\/a><\/div><div class=\"ui--toggle-content\"><div class=\"auto-format ui--animation\"><p>Taraflar aksini kararla\u015ft\u0131rmad\u0131k\u00e7a, arabuluculuk s\u00fcrecindeki t\u00fcm masraflar\u0131 e\u015fit olarak kar\u015f\u0131layacaklard\u0131r.<\/p>\n<\/div><\/div><\/div>","protected":false},"excerpt":{"rendered":"<p>Ne Zaman Arabulucuya Gidebilirim?Kar\u015f\u0131 tarafla aran\u0131zda uyu\u015fmazl\u0131k \u00e7\u0131kt\u0131ktan ve fakat mahkeme veya tahkime ba\u015fvurmadan \u00f6nce arabulucuya gidebilece\u011finiz gibi mahkemeye dava a\u00e7t\u0131ktan sonra da arabulucuya gidebilirsiniz. Arabulucuya ba\u015fvurmakla dava a\u00e7maktan vazge\u00e7mi\u015f mi olurum?Hay\u0131r. Taraflar arabulucuya ba\u015fvurmak, s\u00fcreci devam ettirmek, sonu\u00e7land\u0131rmak ve bu s\u00fcre\u00e7ten vazge\u00e7mek konusunda tamamen serbesttir. Kendi iste\u011finiz ile ba\u015flatt\u0131\u011f\u0131n\u0131z bu s\u00fcreci yine kendi iste\u011finizle [&hellip;]<\/p>\n","protected":false},"author":1,"featured_media":28389,"parent":2434,"menu_order":0,"comment_status":"closed","ping_status":"open","template":"page-fullwidth.php","meta":{"rs_blank_template":"","rs_page_bg_color":"","slide_template_v7":"","footnotes":""},"class_list":["post-2450","page","type-page","status-publish","has-post-thumbnail","hentry"],"yoast_head":"<!-- This site is optimized with the Yoast SEO Premium plugin v27.1 (Yoast SEO v27.3) - https:\/\/yoast.com\/product\/yoast-seo-premium-wordpress\/ -->\n<title>S\u0131k\u00e7a Sorulan Sorular | B\u0131\u00e7ak Hukuk<\/title>\n<meta name=\"description\" content=\"Arabuluculuk s\u00fcreci hizmetleri s\u0131k\u00e7a sorulan sorular ba\u015fvuru i\u015f ticaret t\u00fcketici anla\u015fma g\u00f6r\u00fc\u015fme uyu\u015fmazl\u0131k \u00e7\u00f6z\u00fcm\u00fc merkezi avukat arabulucu\" \/>\n<meta name=\"robots\" content=\"index, follow, max-snippet:-1, max-image-preview:large, max-video-preview:-1\" \/>\n<link rel=\"canonical\" href=\"https:\/\/www.bicakhukuk.com\/en\/mediation-services\/sikca-sorulan-sorular\/\" \/>\n<meta property=\"og:locale\" content=\"en_US\" \/>\n<meta property=\"og:type\" content=\"article\" \/>\n<meta property=\"og:title\" content=\"S\u0131k\u00e7a Sorulan Sorular\" \/>\n<meta property=\"og:url\" content=\"https:\/\/www.bicakhukuk.com\/en\/mediation-services\/sikca-sorulan-sorular\/\" \/>\n<meta property=\"og:site_name\" content=\"B\u0131\u00e7ak Hukuk\" \/>\n<meta property=\"article:publisher\" content=\"https:\/\/www.facebook.com\/bicakhukuk\" \/>\n<meta property=\"article:modified_time\" content=\"2025-03-10T18:42:51+00:00\" \/>\n<meta property=\"og:image\" content=\"https:\/\/www.bicakhukuk.com\/wp-content\/uploads\/2025\/03\/sikca-sorulan-sorular-Bicak-Hukuk.png\" \/>\n\t<meta property=\"og:image:width\" content=\"1050\" \/>\n\t<meta property=\"og:image:height\" content=\"560\" \/>\n\t<meta property=\"og:image:type\" content=\"image\/png\" \/>\n<meta name=\"twitter:card\" content=\"summary_large_image\" \/>\n<meta name=\"twitter:site\" content=\"@BicakHukuk\" \/>\n<script type=\"application\/ld+json\" class=\"yoast-schema-graph\">{\"@context\":\"https:\\\/\\\/schema.org\",\"@graph\":[{\"@type\":\"WebPage\",\"@id\":\"https:\\\/\\\/www.bicakhukuk.com\\\/en\\\/mediation-services\\\/sikca-sorulan-sorular\\\/\",\"url\":\"https:\\\/\\\/www.bicakhukuk.com\\\/en\\\/mediation-services\\\/sikca-sorulan-sorular\\\/\",\"name\":\"S\u0131k\u00e7a Sorulan Sorular | B\u0131\u00e7ak Hukuk\",\"isPartOf\":{\"@id\":\"https:\\\/\\\/www.bicakhukuk.com\\\/en\\\/#website\"},\"primaryImageOfPage\":{\"@id\":\"https:\\\/\\\/www.bicakhukuk.com\\\/en\\\/mediation-services\\\/sikca-sorulan-sorular\\\/#primaryimage\"},\"image\":{\"@id\":\"https:\\\/\\\/www.bicakhukuk.com\\\/en\\\/mediation-services\\\/sikca-sorulan-sorular\\\/#primaryimage\"},\"thumbnailUrl\":\"https:\\\/\\\/www.bicakhukuk.com\\\/wp-content\\\/uploads\\\/2025\\\/03\\\/sikca-sorulan-sorular-Bicak-Hukuk.png\",\"datePublished\":\"2014-08-30T05:59:25+00:00\",\"dateModified\":\"2025-03-10T18:42:51+00:00\",\"description\":\"Arabuluculuk s\u00fcreci hizmetleri s\u0131k\u00e7a sorulan sorular ba\u015fvuru i\u015f ticaret t\u00fcketici anla\u015fma g\u00f6r\u00fc\u015fme uyu\u015fmazl\u0131k \u00e7\u00f6z\u00fcm\u00fc merkezi avukat arabulucu\",\"breadcrumb\":{\"@id\":\"https:\\\/\\\/www.bicakhukuk.com\\\/en\\\/mediation-services\\\/sikca-sorulan-sorular\\\/#breadcrumb\"},\"inLanguage\":\"en-US\",\"potentialAction\":[{\"@type\":\"ReadAction\",\"target\":[\"https:\\\/\\\/www.bicakhukuk.com\\\/en\\\/mediation-services\\\/sikca-sorulan-sorular\\\/\"]}]},{\"@type\":\"ImageObject\",\"inLanguage\":\"en-US\",\"@id\":\"https:\\\/\\\/www.bicakhukuk.com\\\/en\\\/mediation-services\\\/sikca-sorulan-sorular\\\/#primaryimage\",\"url\":\"https:\\\/\\\/www.bicakhukuk.com\\\/wp-content\\\/uploads\\\/2025\\\/03\\\/sikca-sorulan-sorular-Bicak-Hukuk.png\",\"contentUrl\":\"https:\\\/\\\/www.bicakhukuk.com\\\/wp-content\\\/uploads\\\/2025\\\/03\\\/sikca-sorulan-sorular-Bicak-Hukuk.png\",\"width\":1050,\"height\":560,\"caption\":\"Arabuluculuk s\u00fcreci hizmetleri s\u0131k\u00e7a sorulan sorular ba\u015fvuru i\u015f ticaret t\u00fcketici anla\u015fma g\u00f6r\u00fc\u015fme uyu\u015fmazl\u0131k \u00e7\u00f6z\u00fcm\u00fc merkezi avukat arabulucu\"},{\"@type\":\"BreadcrumbList\",\"@id\":\"https:\\\/\\\/www.bicakhukuk.com\\\/en\\\/mediation-services\\\/sikca-sorulan-sorular\\\/#breadcrumb\",\"itemListElement\":[{\"@type\":\"ListItem\",\"position\":1,\"name\":\"Ana sayfa\",\"item\":\"https:\\\/\\\/www.bicakhukuk.com\\\/en\\\/\"},{\"@type\":\"ListItem\",\"position\":2,\"name\":\"Mediation Services\",\"item\":\"https:\\\/\\\/www.bicakhukuk.com\\\/en\\\/mediation-services\\\/\"},{\"@type\":\"ListItem\",\"position\":3,\"name\":\"S\u0131k\u00e7a Sorulan Sorular\"}]},{\"@type\":\"WebSite\",\"@id\":\"https:\\\/\\\/www.bicakhukuk.com\\\/en\\\/#website\",\"url\":\"https:\\\/\\\/www.bicakhukuk.com\\\/en\\\/\",\"name\":\"B\u0131\u00e7ak Hukuk\",\"description\":\"T\u00fcrkiye Merkezli Global Hukuk B\u00fcrosu\",\"publisher\":{\"@id\":\"https:\\\/\\\/www.bicakhukuk.com\\\/en\\\/#organization\"},\"alternateName\":\"B\u0131\u00e7ak Hukuk, Ankara Avukat, Ankara Hukuk B\u00fcrosu\",\"potentialAction\":[{\"@type\":\"SearchAction\",\"target\":{\"@type\":\"EntryPoint\",\"urlTemplate\":\"https:\\\/\\\/www.bicakhukuk.com\\\/en\\\/?s={search_term_string}\"},\"query-input\":{\"@type\":\"PropertyValueSpecification\",\"valueRequired\":true,\"valueName\":\"search_term_string\"}}],\"inLanguage\":\"en-US\"},{\"@type\":[\"Organization\",\"Place\"],\"@id\":\"https:\\\/\\\/www.bicakhukuk.com\\\/en\\\/#organization\",\"name\":\"B\u0131\u00e7ak Hukuk | T\u00fcrkiye Merkezli Global Hukuk Firmas\u0131\",\"alternateName\":\"B\u0131\u00e7ak Hukuk, Ankara Avukat, Ankara Hukuk B\u00fcrosu\",\"url\":\"https:\\\/\\\/www.bicakhukuk.com\\\/en\\\/\",\"logo\":{\"@id\":\"https:\\\/\\\/www.bicakhukuk.com\\\/en\\\/mediation-services\\\/sikca-sorulan-sorular\\\/#local-main-organization-logo\"},\"image\":{\"@id\":\"https:\\\/\\\/www.bicakhukuk.com\\\/en\\\/mediation-services\\\/sikca-sorulan-sorular\\\/#local-main-organization-logo\"},\"sameAs\":[\"https:\\\/\\\/www.facebook.com\\\/bicakhukuk\",\"https:\\\/\\\/x.com\\\/BicakHukuk\",\"https:\\\/\\\/www.instagram.com\\\/bicakhukuk\\\/\",\"https:\\\/\\\/tr.linkedin.com\\\/company\\\/b-ak-law-firm\",\"https:\\\/\\\/www.youtube.com\\\/channel\\\/UCodktEWFyJmIp3i1BH9aM2A\\\/\"],\"description\":\"K\u00fcresel, b\u00f6lgesel ve ulusal \u015firketlere, kurulu\u015flara ve ki\u015filere uzmanl\u0131k alanlar\u0131m\u0131zda uyu\u015fmazl\u0131k \u00f6nleyici hukuk dan\u0131\u015fmanl\u0131\u011f\u0131, uyu\u015fmazl\u0131k \u00e7\u00f6z\u00fcm s\u00fcre\u00e7lerinde ise arabuluculuk, arabuluculukta taraf vekilli\u011fi, mahkemelerde taraf vekilli\u011fi ve avukatl\u0131k, tahkim hakemli\u011fi, tahkimde taraf vekilli\u011fi, hukuki konularda m\u00fctalaa ve hukuki konularda e\u011fitim hizmetleri vermekteyiz. Uluslararas\u0131, b\u00f6lgesel ve ulusal hukuka ili\u015fkin inceleme, ara\u015ft\u0131rma ve tecr\u00fcbeye dayal\u0131 hukuk hizmetlerimizi sunarken teknolojinin imkan sa\u011flad\u0131\u011f\u0131 g\u00f6rsel (video konferans) veya i\u015fitsel (sesli konferans) ileti\u015fim teknolojilerinin elverdi\u011fi t\u00fcm olanaklar\u0131 kullanmaktay\u0131z. Dan\u0131\u015fanlar\u0131m\u0131z veya m\u00fcvekkillerimiz, D\u00fcnyan\u0131n, b\u00f6lgemizin veya \u00fclkemizin neresinde olurlarsa olsunlar hizmetlerimizden uzaktan eri\u015fim yoluyla yararlanabilmektedir. Muhtemel ihtilaflar\u0131 \u00f6nlemek veya en aza indirmek gayesiyle m\u00fcvekkillerimize sundu\u011fumuz dinamik, etkili ve \u00f6nleyici dan\u0131\u015fmanl\u0131k hizmetlerimizin yan\u0131nda, uyu\u015fmazl\u0131k \u00e7\u00f6z\u00fcm s\u00fcre\u00e7lerinde arabuluculuk, tahkim veya mahkemelerde dava takibi hizmetleri de sunmaktay\u0131z. Ba\u015far\u0131n\u0131n s\u0131rr\u0131, do\u011fru bilgiye h\u0131zl\u0131 eri\u015fimdir. M\u00fcvekkil ihtiya\u00e7lar\u0131 tam ve eksiksiz tan\u0131mlayarak y\u00fcksek standartlarda, kaliteli, h\u0131zl\u0131 ve sonu\u00e7 odakl\u0131 esas\u0131na dayanan bir \u00e7al\u0131\u015fma anlay\u0131\u015f\u0131 benimsemi\u015f bulunuyoruz. G\u00fcvenilirlik, itibar, etik de\u011ferler ve kalite standartlar\u0131 gibi unsurlar, vazge\u00e7ilmezlerimiz olu\u015fturur.\",\"legalName\":\"B\u0131\u00e7ak Hukuk\",\"foundingDate\":\"2002-01-01\",\"numberOfEmployees\":{\"@type\":\"QuantitativeValue\",\"minValue\":\"1\",\"maxValue\":\"10\"},\"address\":{\"@id\":\"https:\\\/\\\/www.bicakhukuk.com\\\/en\\\/mediation-services\\\/sikca-sorulan-sorular\\\/#local-main-place-address\"},\"geo\":{\"@type\":\"GeoCoordinates\",\"latitude\":\"39.90985903589262\",\"longitude\":\"32.81218744448808\"},\"telephone\":[\"0 (312) 473 39 60\",\"0 (553) 223 32 90\"],\"openingHoursSpecification\":[{\"@type\":\"OpeningHoursSpecification\",\"dayOfWeek\":[\"Monday\",\"Tuesday\",\"Wednesday\",\"Thursday\",\"Friday\",\"Saturday\"],\"opens\":\"08:00\",\"closes\":\"18:00\"},{\"@type\":\"OpeningHoursSpecification\",\"dayOfWeek\":[\"Sunday\"],\"opens\":\"00:00\",\"closes\":\"00:00\"}],\"email\":\"iletisim@bicakhukuk.com\",\"faxNumber\":\"0 (312) 473 39 62\",\"areaServed\":\"Hukuk\"},{\"@type\":\"PostalAddress\",\"@id\":\"https:\\\/\\\/www.bicakhukuk.com\\\/en\\\/mediation-services\\\/sikca-sorulan-sorular\\\/#local-main-place-address\",\"streetAddress\":\"Next Level Loft Ofis, Kat 9-10, Daire 29, K\u0131z\u0131l\u0131rmak Mahallesi, Ufuk \u00dcniversitesi Caddesi S\u00f6\u011f\u00fct\u00f6z\u00fc \\\/ \u00c7ankaya\",\"addressLocality\":\"Ankara\",\"postalCode\":\"06530\",\"addressCountry\":\"TR\"},{\"@type\":\"ImageObject\",\"inLanguage\":\"en-US\",\"@id\":\"https:\\\/\\\/www.bicakhukuk.com\\\/en\\\/mediation-services\\\/sikca-sorulan-sorular\\\/#local-main-organization-logo\",\"url\":\"https:\\\/\\\/www.bicakhukuk.com\\\/wp-content\\\/uploads\\\/2023\\\/05\\\/bicak_hukuk_logo_kare.png\",\"contentUrl\":\"https:\\\/\\\/www.bicakhukuk.com\\\/wp-content\\\/uploads\\\/2023\\\/05\\\/bicak_hukuk_logo_kare.png\",\"width\":2000,\"height\":2000,\"caption\":\"B\u0131\u00e7ak Hukuk | T\u00fcrkiye Merkezli Global Hukuk Firmas\u0131\"}]}<\/script>\n<meta name=\"geo.placename\" content=\"Ankara\" \/>\n<meta name=\"geo.position\" content=\"39.90985903589262;32.81218744448808\" \/>\n<meta name=\"geo.region\" content=\"Turkey\" \/>\n<!-- \/ Yoast SEO Premium plugin. -->","yoast_head_json":{"title":"S\u0131k\u00e7a Sorulan Sorular | B\u0131\u00e7ak Hukuk","description":"Arabuluculuk s\u00fcreci hizmetleri s\u0131k\u00e7a sorulan sorular ba\u015fvuru i\u015f ticaret t\u00fcketici anla\u015fma g\u00f6r\u00fc\u015fme uyu\u015fmazl\u0131k \u00e7\u00f6z\u00fcm\u00fc merkezi avukat arabulucu","robots":{"index":"index","follow":"follow","max-snippet":"max-snippet:-1","max-image-preview":"max-image-preview:large","max-video-preview":"max-video-preview:-1"},"canonical":"https:\/\/www.bicakhukuk.com\/en\/mediation-services\/sikca-sorulan-sorular\/","og_locale":"en_US","og_type":"article","og_title":"S\u0131k\u00e7a Sorulan Sorular","og_url":"https:\/\/www.bicakhukuk.com\/en\/mediation-services\/sikca-sorulan-sorular\/","og_site_name":"B\u0131\u00e7ak Hukuk","article_publisher":"https:\/\/www.facebook.com\/bicakhukuk","article_modified_time":"2025-03-10T18:42:51+00:00","og_image":[{"width":1050,"height":560,"url":"https:\/\/www.bicakhukuk.com\/wp-content\/uploads\/2025\/03\/sikca-sorulan-sorular-Bicak-Hukuk.png","type":"image\/png"}],"twitter_card":"summary_large_image","twitter_site":"@BicakHukuk","schema":{"@context":"https:\/\/schema.org","@graph":[{"@type":"WebPage","@id":"https:\/\/www.bicakhukuk.com\/en\/mediation-services\/sikca-sorulan-sorular\/","url":"https:\/\/www.bicakhukuk.com\/en\/mediation-services\/sikca-sorulan-sorular\/","name":"S\u0131k\u00e7a Sorulan Sorular | B\u0131\u00e7ak Hukuk","isPartOf":{"@id":"https:\/\/www.bicakhukuk.com\/en\/#website"},"primaryImageOfPage":{"@id":"https:\/\/www.bicakhukuk.com\/en\/mediation-services\/sikca-sorulan-sorular\/#primaryimage"},"image":{"@id":"https:\/\/www.bicakhukuk.com\/en\/mediation-services\/sikca-sorulan-sorular\/#primaryimage"},"thumbnailUrl":"https:\/\/www.bicakhukuk.com\/wp-content\/uploads\/2025\/03\/sikca-sorulan-sorular-Bicak-Hukuk.png","datePublished":"2014-08-30T05:59:25+00:00","dateModified":"2025-03-10T18:42:51+00:00","description":"Arabuluculuk s\u00fcreci hizmetleri s\u0131k\u00e7a sorulan sorular ba\u015fvuru i\u015f ticaret t\u00fcketici anla\u015fma g\u00f6r\u00fc\u015fme uyu\u015fmazl\u0131k \u00e7\u00f6z\u00fcm\u00fc merkezi avukat arabulucu","breadcrumb":{"@id":"https:\/\/www.bicakhukuk.com\/en\/mediation-services\/sikca-sorulan-sorular\/#breadcrumb"},"inLanguage":"en-US","potentialAction":[{"@type":"ReadAction","target":["https:\/\/www.bicakhukuk.com\/en\/mediation-services\/sikca-sorulan-sorular\/"]}]},{"@type":"ImageObject","inLanguage":"en-US","@id":"https:\/\/www.bicakhukuk.com\/en\/mediation-services\/sikca-sorulan-sorular\/#primaryimage","url":"https:\/\/www.bicakhukuk.com\/wp-content\/uploads\/2025\/03\/sikca-sorulan-sorular-Bicak-Hukuk.png","contentUrl":"https:\/\/www.bicakhukuk.com\/wp-content\/uploads\/2025\/03\/sikca-sorulan-sorular-Bicak-Hukuk.png","width":1050,"height":560,"caption":"Arabuluculuk s\u00fcreci hizmetleri s\u0131k\u00e7a sorulan sorular ba\u015fvuru i\u015f ticaret t\u00fcketici anla\u015fma g\u00f6r\u00fc\u015fme uyu\u015fmazl\u0131k \u00e7\u00f6z\u00fcm\u00fc merkezi avukat arabulucu"},{"@type":"BreadcrumbList","@id":"https:\/\/www.bicakhukuk.com\/en\/mediation-services\/sikca-sorulan-sorular\/#breadcrumb","itemListElement":[{"@type":"ListItem","position":1,"name":"Ana sayfa","item":"https:\/\/www.bicakhukuk.com\/en\/"},{"@type":"ListItem","position":2,"name":"Mediation Services","item":"https:\/\/www.bicakhukuk.com\/en\/mediation-services\/"},{"@type":"ListItem","position":3,"name":"S\u0131k\u00e7a Sorulan Sorular"}]},{"@type":"WebSite","@id":"https:\/\/www.bicakhukuk.com\/en\/#website","url":"https:\/\/www.bicakhukuk.com\/en\/","name":"B\u0131\u00e7ak Hukuk","description":"T\u00fcrkiye Merkezli Global Hukuk B\u00fcrosu","publisher":{"@id":"https:\/\/www.bicakhukuk.com\/en\/#organization"},"alternateName":"B\u0131\u00e7ak Hukuk, Ankara Avukat, Ankara Hukuk B\u00fcrosu","potentialAction":[{"@type":"SearchAction","target":{"@type":"EntryPoint","urlTemplate":"https:\/\/www.bicakhukuk.com\/en\/?s={search_term_string}"},"query-input":{"@type":"PropertyValueSpecification","valueRequired":true,"valueName":"search_term_string"}}],"inLanguage":"en-US"},{"@type":["Organization","Place"],"@id":"https:\/\/www.bicakhukuk.com\/en\/#organization","name":"B\u0131\u00e7ak Hukuk | T\u00fcrkiye Merkezli Global Hukuk Firmas\u0131","alternateName":"B\u0131\u00e7ak Hukuk, Ankara Avukat, Ankara Hukuk B\u00fcrosu","url":"https:\/\/www.bicakhukuk.com\/en\/","logo":{"@id":"https:\/\/www.bicakhukuk.com\/en\/mediation-services\/sikca-sorulan-sorular\/#local-main-organization-logo"},"image":{"@id":"https:\/\/www.bicakhukuk.com\/en\/mediation-services\/sikca-sorulan-sorular\/#local-main-organization-logo"},"sameAs":["https:\/\/www.facebook.com\/bicakhukuk","https:\/\/x.com\/BicakHukuk","https:\/\/www.instagram.com\/bicakhukuk\/","https:\/\/tr.linkedin.com\/company\/b-ak-law-firm","https:\/\/www.youtube.com\/channel\/UCodktEWFyJmIp3i1BH9aM2A\/"],"description":"K\u00fcresel, b\u00f6lgesel ve ulusal \u015firketlere, kurulu\u015flara ve ki\u015filere uzmanl\u0131k alanlar\u0131m\u0131zda uyu\u015fmazl\u0131k \u00f6nleyici hukuk dan\u0131\u015fmanl\u0131\u011f\u0131, uyu\u015fmazl\u0131k \u00e7\u00f6z\u00fcm s\u00fcre\u00e7lerinde ise arabuluculuk, arabuluculukta taraf vekilli\u011fi, mahkemelerde taraf vekilli\u011fi ve avukatl\u0131k, tahkim hakemli\u011fi, tahkimde taraf vekilli\u011fi, hukuki konularda m\u00fctalaa ve hukuki konularda e\u011fitim hizmetleri vermekteyiz. Uluslararas\u0131, b\u00f6lgesel ve ulusal hukuka ili\u015fkin inceleme, ara\u015ft\u0131rma ve tecr\u00fcbeye dayal\u0131 hukuk hizmetlerimizi sunarken teknolojinin imkan sa\u011flad\u0131\u011f\u0131 g\u00f6rsel (video konferans) veya i\u015fitsel (sesli konferans) ileti\u015fim teknolojilerinin elverdi\u011fi t\u00fcm olanaklar\u0131 kullanmaktay\u0131z. Dan\u0131\u015fanlar\u0131m\u0131z veya m\u00fcvekkillerimiz, D\u00fcnyan\u0131n, b\u00f6lgemizin veya \u00fclkemizin neresinde olurlarsa olsunlar hizmetlerimizden uzaktan eri\u015fim yoluyla yararlanabilmektedir. Muhtemel ihtilaflar\u0131 \u00f6nlemek veya en aza indirmek gayesiyle m\u00fcvekkillerimize sundu\u011fumuz dinamik, etkili ve \u00f6nleyici dan\u0131\u015fmanl\u0131k hizmetlerimizin yan\u0131nda, uyu\u015fmazl\u0131k \u00e7\u00f6z\u00fcm s\u00fcre\u00e7lerinde arabuluculuk, tahkim veya mahkemelerde dava takibi hizmetleri de sunmaktay\u0131z. Ba\u015far\u0131n\u0131n s\u0131rr\u0131, do\u011fru bilgiye h\u0131zl\u0131 eri\u015fimdir. M\u00fcvekkil ihtiya\u00e7lar\u0131 tam ve eksiksiz tan\u0131mlayarak y\u00fcksek standartlarda, kaliteli, h\u0131zl\u0131 ve sonu\u00e7 odakl\u0131 esas\u0131na dayanan bir \u00e7al\u0131\u015fma anlay\u0131\u015f\u0131 benimsemi\u015f bulunuyoruz. G\u00fcvenilirlik, itibar, etik de\u011ferler ve kalite standartlar\u0131 gibi unsurlar, vazge\u00e7ilmezlerimiz olu\u015fturur.","legalName":"B\u0131\u00e7ak Hukuk","foundingDate":"2002-01-01","numberOfEmployees":{"@type":"QuantitativeValue","minValue":"1","maxValue":"10"},"address":{"@id":"https:\/\/www.bicakhukuk.com\/en\/mediation-services\/sikca-sorulan-sorular\/#local-main-place-address"},"geo":{"@type":"GeoCoordinates","latitude":"39.90985903589262","longitude":"32.81218744448808"},"telephone":["0 (312) 473 39 60","0 (553) 223 32 90"],"openingHoursSpecification":[{"@type":"OpeningHoursSpecification","dayOfWeek":["Monday","Tuesday","Wednesday","Thursday","Friday","Saturday"],"opens":"08:00","closes":"18:00"},{"@type":"OpeningHoursSpecification","dayOfWeek":["Sunday"],"opens":"00:00","closes":"00:00"}],"email":"iletisim@bicakhukuk.com","faxNumber":"0 (312) 473 39 62","areaServed":"Hukuk"},{"@type":"PostalAddress","@id":"https:\/\/www.bicakhukuk.com\/en\/mediation-services\/sikca-sorulan-sorular\/#local-main-place-address","streetAddress":"Next Level Loft Ofis, Kat 9-10, Daire 29, K\u0131z\u0131l\u0131rmak Mahallesi, Ufuk \u00dcniversitesi Caddesi S\u00f6\u011f\u00fct\u00f6z\u00fc \/ \u00c7ankaya","addressLocality":"Ankara","postalCode":"06530","addressCountry":"TR"},{"@type":"ImageObject","inLanguage":"en-US","@id":"https:\/\/www.bicakhukuk.com\/en\/mediation-services\/sikca-sorulan-sorular\/#local-main-organization-logo","url":"https:\/\/www.bicakhukuk.com\/wp-content\/uploads\/2023\/05\/bicak_hukuk_logo_kare.png","contentUrl":"https:\/\/www.bicakhukuk.com\/wp-content\/uploads\/2023\/05\/bicak_hukuk_logo_kare.png","width":2000,"height":2000,"caption":"B\u0131\u00e7ak Hukuk | T\u00fcrkiye Merkezli Global Hukuk Firmas\u0131"}]},"geo.placename":"Ankara","geo.position":{"lat":"39.90985903589262","long":"32.81218744448808"},"geo.region":"Turkey"},"_links":{"self":[{"href":"https:\/\/www.bicakhukuk.com\/en\/wp-json\/wp\/v2\/pages\/2450","targetHints":{"allow":["GET"]}}],"collection":[{"href":"https:\/\/www.bicakhukuk.com\/en\/wp-json\/wp\/v2\/pages"}],"about":[{"href":"https:\/\/www.bicakhukuk.com\/en\/wp-json\/wp\/v2\/types\/page"}],"author":[{"embeddable":true,"href":"https:\/\/www.bicakhukuk.com\/en\/wp-json\/wp\/v2\/users\/1"}],"replies":[{"embeddable":true,"href":"https:\/\/www.bicakhukuk.com\/en\/wp-json\/wp\/v2\/comments?post=2450"}],"version-history":[{"count":0,"href":"https:\/\/www.bicakhukuk.com\/en\/wp-json\/wp\/v2\/pages\/2450\/revisions"}],"up":[{"embeddable":true,"href":"https:\/\/www.bicakhukuk.com\/en\/wp-json\/wp\/v2\/pages\/2434"}],"wp:featuredmedia":[{"embeddable":true,"href":"https:\/\/www.bicakhukuk.com\/en\/wp-json\/wp\/v2\/media\/28389"}],"wp:attachment":[{"href":"https:\/\/www.bicakhukuk.com\/en\/wp-json\/wp\/v2\/media?parent=2450"}],"curies":[{"name":"wp","href":"https:\/\/api.w.org\/{rel}","templated":true}]}}