{"id":2438,"date":"2014-08-04T21:15:17","date_gmt":"2014-08-04T18:15:17","guid":{"rendered":"http:\/\/www.bicakhukuk.com\/bicak-law\/virtual-office\/e-dava\/"},"modified":"2022-12-24T23:43:25","modified_gmt":"2022-12-24T20:43:25","slug":"e-case","status":"publish","type":"page","link":"https:\/\/www.bicakhukuk.com\/en\/remote-working\/e-case\/","title":{"rendered":"E-Case"},"content":{"rendered":"<p><span style=\"font-family: 'times new roman', times, serif; font-size: 14pt;\">We are aware of the fact that we have to live up to the expectations of a new lawyer: tech-savvy, mobile, and with a new expectation for how information is available, delivered and managed.\u00a0<\/span><span style=\"font-size: 14pt; color: #262626; background: white; font-family: 'times new roman', times, serif;\">We use the\u00a0<span style=\"color: #262626; text-decoration: none; text-underline: none;\">Digital Case System<\/span>\u00a0to access, prepare and present information on a case. We are able to share information with court staff, the judge and the prosecution or defence, and collaborate on documents and the bundle.<\/span><\/p>\n<h3><span style=\"font-size: 14pt; color: #262626; background: white; font-family: 'times new roman', times, serif;\">Higher qualitiy technologies<\/span><\/h3>\n<p style=\"background: white; margin: 0cm 0cm 7.5pt; text-align: justify;\"><span style=\"font-size: 14pt; color: #262626; background: white; font-family: 'times new roman', times, serif;\">Our lawyers can litigate an online claim or dispute to courts and review their cases by electronics means. They can also submit his petition online. We use the higher qualitiy of up to date information technologies.<\/span><\/p>\n<p style=\"background: white; margin: 0cm 0cm 7.5pt; text-align: justify;\"><span style=\"font-size: 14pt; color: #262626; background: white; font-family: 'times new roman', times, serif;\">The <span style=\"color: #262626; text-decoration: none; text-underline: none;\">Digital Case System in Turkey <\/span>is an e-justice system as a part of the e-government, which has been developed in order to ensure fast, reliable, soundly operated and accurate judicial system. As a central network project, it includes all of the civil and criminal courts, public prosecutors services, prisons, other judicial institutions and other government departments in Turkey. <\/span><\/p>\n<p style=\"background: white; margin: 0cm 0cm 7.5pt; text-align: justify;\"><span style=\"font-size: 14pt; color: #262626; background: white; font-family: 'times new roman', times, serif;\">All judicial units were fully are equiped with computers, case and document management software and other updated hardware. Each judicial unit connected to others by a secure network and given access to legal sources such as legislation, case law, bulletins and circulars.<\/span><\/p>\n<h3><span style=\"font-size: 14pt; color: #262626; background: white; font-family: 'times new roman', times, serif;\">Functioning and efficiency of the judiciary<\/span><\/h3>\n<p style=\"background: white; margin: 0cm 0cm 7.5pt; text-align: justify;\"><span style=\"font-size: 14pt; color: #262626; background: white; font-family: 'times new roman', times, serif;\">The <span style=\"color: #262626; text-decoration: none; text-underline: none;\">Digital Case System in Turkey<\/span> has been designed in order to improve the functioning and efficiency of the judiciary and to create an effective and less bureaucratic judicial system for the concerned institutions and individuals. All of the judicial units and agencies currently make use of DCS in their daily lives as all processes and transactions were transmitted into electronic environment.<\/span><\/p>\n<p style=\"background: white; margin: 0cm 0cm 7.5pt; text-align: justify;\"><span style=\"font-size: 14pt; color: #262626; background: white; font-family: 'times new roman', times, serif;\">The Digital Case System (commonly shortened to \u201cUYAP\u201d) is a web-based platform that allows users to view and print off case documents that have been uploaded to it. Each Court case has its own digital file. Users of the system must be registered to gain access to it. Each case file has sections for up-loaded documents: including indictments, witness statements, exhibits, applications, etc. <\/span><\/p>\n<p style=\"background: white; margin: 0cm 0cm 7.5pt; text-align: justify;\"><span style=\"font-size: 14pt; color: #262626; background: white; font-family: 'times new roman', times, serif;\">Once a user has access to the system he or she can upload new documents to the relevant sections. Each document is dated by the system, so that it can be seen at a glance when it was uploaded. The legal representatives of all parties required are to upload their relevant documents to the system by way of filing, service or lodging of those documents.<\/span><\/p>\n","protected":false},"excerpt":{"rendered":"<p>We are aware of the fact that we have to live up to the expectations of a new lawyer: tech-savvy, mobile, and with a new expectation for how information is available, delivered and managed.\u00a0We use the\u00a0Digital Case System\u00a0to access, prepare and present information on a case. We are able to share information with court staff, [&hellip;]<\/p>\n","protected":false},"author":1,"featured_media":0,"parent":2429,"menu_order":0,"comment_status":"open","ping_status":"open","template":"page-fullwidth.php","meta":{"rs_blank_template":"","rs_page_bg_color":"","slide_template_v7":"","footnotes":""},"class_list":["post-2438","page","type-page","status-publish","hentry"],"yoast_head":"<!-- This site is optimized with the Yoast SEO Premium plugin v27.1 (Yoast SEO v27.4) - https:\/\/yoast.com\/product\/yoast-seo-premium-wordpress\/ -->\n<title>E-Case | B\u0131\u00e7ak Law Firm + Attorneys at Law + Attorneys<\/title>\n<meta name=\"description\" content=\"Submitting online petition and litigating an online claim or dispute to courts and review the cases by electronics means.\" \/>\n<meta name=\"robots\" content=\"index, follow, max-snippet:-1, max-image-preview:large, max-video-preview:-1\" \/>\n<link rel=\"canonical\" href=\"https:\/\/www.bicakhukuk.com\/en\/remote-working\/e-case\/\" \/>\n<meta property=\"og:locale\" content=\"en_US\" \/>\n<meta property=\"og:type\" content=\"article\" \/>\n<meta property=\"og:title\" content=\"E-Case\" \/>\n<meta property=\"og:description\" content=\"We are aware of the fact that we have to live up to the expectations of a new lawyer: tech-savvy, mobile, and with a new expectation for how information\" \/>\n<meta property=\"og:url\" content=\"https:\/\/www.bicakhukuk.com\/en\/remote-working\/e-case\/\" \/>\n<meta property=\"og:site_name\" content=\"B\u0131\u00e7ak Hukuk\" \/>\n<meta property=\"article:publisher\" content=\"https:\/\/www.facebook.com\/bicakhukuk\" \/>\n<meta property=\"article:modified_time\" content=\"2022-12-24T20:43:25+00:00\" \/>\n<meta property=\"og:image\" content=\"https:\/\/www.bicakhukuk.com\/wp-content\/uploads\/2020\/02\/Next-Level.jpg\" \/>\n\t<meta property=\"og:image:width\" content=\"960\" \/>\n\t<meta property=\"og:image:height\" content=\"540\" \/>\n\t<meta property=\"og:image:type\" content=\"image\/jpeg\" \/>\n<meta name=\"twitter:card\" content=\"summary_large_image\" \/>\n<meta name=\"twitter:site\" content=\"@BicakHukuk\" \/>\n<meta name=\"twitter:label1\" content=\"Est. reading time\" \/>\n\t<meta name=\"twitter:data1\" content=\"3 minutes\" \/>\n<script type=\"application\/ld+json\" class=\"yoast-schema-graph\">{\"@context\":\"https:\\\/\\\/schema.org\",\"@graph\":[{\"@type\":\"WebPage\",\"@id\":\"https:\\\/\\\/www.bicakhukuk.com\\\/en\\\/remote-working\\\/e-case\\\/\",\"url\":\"https:\\\/\\\/www.bicakhukuk.com\\\/en\\\/remote-working\\\/e-case\\\/\",\"name\":\"E-Case | B\u0131\u00e7ak Law Firm + Attorneys at Law + Attorneys\",\"isPartOf\":{\"@id\":\"https:\\\/\\\/www.bicakhukuk.com\\\/en\\\/#website\"},\"datePublished\":\"2014-08-04T18:15:17+00:00\",\"dateModified\":\"2022-12-24T20:43:25+00:00\",\"description\":\"Submitting online petition and litigating an online claim or dispute to courts and review the cases by electronics means.\",\"breadcrumb\":{\"@id\":\"https:\\\/\\\/www.bicakhukuk.com\\\/en\\\/remote-working\\\/e-case\\\/#breadcrumb\"},\"inLanguage\":\"en-US\",\"potentialAction\":[{\"@type\":\"ReadAction\",\"target\":[\"https:\\\/\\\/www.bicakhukuk.com\\\/en\\\/remote-working\\\/e-case\\\/\"]}]},{\"@type\":\"BreadcrumbList\",\"@id\":\"https:\\\/\\\/www.bicakhukuk.com\\\/en\\\/remote-working\\\/e-case\\\/#breadcrumb\",\"itemListElement\":[{\"@type\":\"ListItem\",\"position\":1,\"name\":\"Ana sayfa\",\"item\":\"https:\\\/\\\/www.bicakhukuk.com\\\/en\\\/\"},{\"@type\":\"ListItem\",\"position\":2,\"name\":\"Remote Services\",\"item\":\"https:\\\/\\\/www.bicakhukuk.com\\\/en\\\/remote-working\\\/\"},{\"@type\":\"ListItem\",\"position\":3,\"name\":\"E-Case\"}]},{\"@type\":\"WebSite\",\"@id\":\"https:\\\/\\\/www.bicakhukuk.com\\\/en\\\/#website\",\"url\":\"https:\\\/\\\/www.bicakhukuk.com\\\/en\\\/\",\"name\":\"B\u0131\u00e7ak Hukuk\",\"description\":\"T\u00fcrkiye Merkezli Global Hukuk B\u00fcrosu\",\"publisher\":{\"@id\":\"https:\\\/\\\/www.bicakhukuk.com\\\/en\\\/#organization\"},\"alternateName\":\"B\u0131\u00e7ak Hukuk, Ankara Avukat, Ankara Hukuk B\u00fcrosu\",\"potentialAction\":[{\"@type\":\"SearchAction\",\"target\":{\"@type\":\"EntryPoint\",\"urlTemplate\":\"https:\\\/\\\/www.bicakhukuk.com\\\/en\\\/?s={search_term_string}\"},\"query-input\":{\"@type\":\"PropertyValueSpecification\",\"valueRequired\":true,\"valueName\":\"search_term_string\"}}],\"inLanguage\":\"en-US\"},{\"@type\":[\"Organization\",\"Place\"],\"@id\":\"https:\\\/\\\/www.bicakhukuk.com\\\/en\\\/#organization\",\"name\":\"B\u0131\u00e7ak Hukuk | T\u00fcrkiye Merkezli Global Hukuk Firmas\u0131\",\"alternateName\":\"B\u0131\u00e7ak Hukuk, Ankara Avukat, Ankara Hukuk B\u00fcrosu\",\"url\":\"https:\\\/\\\/www.bicakhukuk.com\\\/en\\\/\",\"logo\":{\"@id\":\"https:\\\/\\\/www.bicakhukuk.com\\\/en\\\/remote-working\\\/e-case\\\/#local-main-organization-logo\"},\"image\":{\"@id\":\"https:\\\/\\\/www.bicakhukuk.com\\\/en\\\/remote-working\\\/e-case\\\/#local-main-organization-logo\"},\"sameAs\":[\"https:\\\/\\\/www.facebook.com\\\/bicakhukuk\",\"https:\\\/\\\/x.com\\\/BicakHukuk\",\"https:\\\/\\\/www.instagram.com\\\/bicakhukuk\\\/\",\"https:\\\/\\\/tr.linkedin.com\\\/company\\\/b-ak-law-firm\",\"https:\\\/\\\/www.youtube.com\\\/channel\\\/UCodktEWFyJmIp3i1BH9aM2A\\\/\"],\"description\":\"K\u00fcresel, b\u00f6lgesel ve ulusal \u015firketlere, kurulu\u015flara ve ki\u015filere uzmanl\u0131k alanlar\u0131m\u0131zda uyu\u015fmazl\u0131k \u00f6nleyici hukuk dan\u0131\u015fmanl\u0131\u011f\u0131, uyu\u015fmazl\u0131k \u00e7\u00f6z\u00fcm s\u00fcre\u00e7lerinde ise arabuluculuk, arabuluculukta taraf vekilli\u011fi, mahkemelerde taraf vekilli\u011fi ve avukatl\u0131k, tahkim hakemli\u011fi, tahkimde taraf vekilli\u011fi, hukuki konularda m\u00fctalaa ve hukuki konularda e\u011fitim hizmetleri vermekteyiz. Uluslararas\u0131, b\u00f6lgesel ve ulusal hukuka ili\u015fkin inceleme, ara\u015ft\u0131rma ve tecr\u00fcbeye dayal\u0131 hukuk hizmetlerimizi sunarken teknolojinin imkan sa\u011flad\u0131\u011f\u0131 g\u00f6rsel (video konferans) veya i\u015fitsel (sesli konferans) ileti\u015fim teknolojilerinin elverdi\u011fi t\u00fcm olanaklar\u0131 kullanmaktay\u0131z. Dan\u0131\u015fanlar\u0131m\u0131z veya m\u00fcvekkillerimiz, D\u00fcnyan\u0131n, b\u00f6lgemizin veya \u00fclkemizin neresinde olurlarsa olsunlar hizmetlerimizden uzaktan eri\u015fim yoluyla yararlanabilmektedir. Muhtemel ihtilaflar\u0131 \u00f6nlemek veya en aza indirmek gayesiyle m\u00fcvekkillerimize sundu\u011fumuz dinamik, etkili ve \u00f6nleyici dan\u0131\u015fmanl\u0131k hizmetlerimizin yan\u0131nda, uyu\u015fmazl\u0131k \u00e7\u00f6z\u00fcm s\u00fcre\u00e7lerinde arabuluculuk, tahkim veya mahkemelerde dava takibi hizmetleri de sunmaktay\u0131z. Ba\u015far\u0131n\u0131n s\u0131rr\u0131, do\u011fru bilgiye h\u0131zl\u0131 eri\u015fimdir. M\u00fcvekkil ihtiya\u00e7lar\u0131 tam ve eksiksiz tan\u0131mlayarak y\u00fcksek standartlarda, kaliteli, h\u0131zl\u0131 ve sonu\u00e7 odakl\u0131 esas\u0131na dayanan bir \u00e7al\u0131\u015fma anlay\u0131\u015f\u0131 benimsemi\u015f bulunuyoruz. G\u00fcvenilirlik, itibar, etik de\u011ferler ve kalite standartlar\u0131 gibi unsurlar, vazge\u00e7ilmezlerimiz olu\u015fturur.\",\"legalName\":\"B\u0131\u00e7ak Hukuk\",\"foundingDate\":\"2002-01-01\",\"numberOfEmployees\":{\"@type\":\"QuantitativeValue\",\"minValue\":\"1\",\"maxValue\":\"10\"},\"address\":{\"@id\":\"https:\\\/\\\/www.bicakhukuk.com\\\/en\\\/remote-working\\\/e-case\\\/#local-main-place-address\"},\"geo\":{\"@type\":\"GeoCoordinates\",\"latitude\":\"39.90985903589262\",\"longitude\":\"32.81218744448808\"},\"telephone\":[\"0 (312) 473 39 60\",\"0 (553) 223 32 90\"],\"openingHoursSpecification\":[{\"@type\":\"OpeningHoursSpecification\",\"dayOfWeek\":[\"Monday\",\"Tuesday\",\"Wednesday\",\"Thursday\",\"Friday\",\"Saturday\"],\"opens\":\"08:00\",\"closes\":\"18:00\"},{\"@type\":\"OpeningHoursSpecification\",\"dayOfWeek\":[\"Sunday\"],\"opens\":\"00:00\",\"closes\":\"00:00\"}],\"email\":\"iletisim@bicakhukuk.com\",\"faxNumber\":\"0 (312) 473 39 62\",\"areaServed\":\"Hukuk\"},{\"@type\":\"PostalAddress\",\"@id\":\"https:\\\/\\\/www.bicakhukuk.com\\\/en\\\/remote-working\\\/e-case\\\/#local-main-place-address\",\"streetAddress\":\"Next Level Loft Ofis, Kat 9-10, Daire 29, K\u0131z\u0131l\u0131rmak Mahallesi, Ufuk \u00dcniversitesi Caddesi S\u00f6\u011f\u00fct\u00f6z\u00fc \\\/ \u00c7ankaya\",\"addressLocality\":\"Ankara\",\"postalCode\":\"06530\",\"addressCountry\":\"TR\"},{\"@type\":\"ImageObject\",\"inLanguage\":\"en-US\",\"@id\":\"https:\\\/\\\/www.bicakhukuk.com\\\/en\\\/remote-working\\\/e-case\\\/#local-main-organization-logo\",\"url\":\"https:\\\/\\\/www.bicakhukuk.com\\\/wp-content\\\/uploads\\\/2023\\\/05\\\/bicak_hukuk_logo_kare.png\",\"contentUrl\":\"https:\\\/\\\/www.bicakhukuk.com\\\/wp-content\\\/uploads\\\/2023\\\/05\\\/bicak_hukuk_logo_kare.png\",\"width\":2000,\"height\":2000,\"caption\":\"B\u0131\u00e7ak Hukuk | T\u00fcrkiye Merkezli Global Hukuk Firmas\u0131\"}]}<\/script>\n<meta name=\"geo.placename\" content=\"Ankara\" \/>\n<meta name=\"geo.position\" content=\"39.90985903589262;32.81218744448808\" \/>\n<meta name=\"geo.region\" content=\"Turkey\" \/>\n<!-- \/ Yoast SEO Premium plugin. -->","yoast_head_json":{"title":"E-Case | B\u0131\u00e7ak Law Firm + Attorneys at Law + Attorneys","description":"Submitting online petition and litigating an online claim or dispute to courts and review the cases by electronics means.","robots":{"index":"index","follow":"follow","max-snippet":"max-snippet:-1","max-image-preview":"max-image-preview:large","max-video-preview":"max-video-preview:-1"},"canonical":"https:\/\/www.bicakhukuk.com\/en\/remote-working\/e-case\/","og_locale":"en_US","og_type":"article","og_title":"E-Case","og_description":"We are aware of the fact that we have to live up to the expectations of a new lawyer: tech-savvy, mobile, and with a new expectation for how information","og_url":"https:\/\/www.bicakhukuk.com\/en\/remote-working\/e-case\/","og_site_name":"B\u0131\u00e7ak Hukuk","article_publisher":"https:\/\/www.facebook.com\/bicakhukuk","article_modified_time":"2022-12-24T20:43:25+00:00","og_image":[{"width":960,"height":540,"url":"https:\/\/www.bicakhukuk.com\/wp-content\/uploads\/2020\/02\/Next-Level.jpg","type":"image\/jpeg"}],"twitter_card":"summary_large_image","twitter_site":"@BicakHukuk","twitter_misc":{"Est. reading time":"3 minutes"},"schema":{"@context":"https:\/\/schema.org","@graph":[{"@type":"WebPage","@id":"https:\/\/www.bicakhukuk.com\/en\/remote-working\/e-case\/","url":"https:\/\/www.bicakhukuk.com\/en\/remote-working\/e-case\/","name":"E-Case | B\u0131\u00e7ak Law Firm + Attorneys at Law + Attorneys","isPartOf":{"@id":"https:\/\/www.bicakhukuk.com\/en\/#website"},"datePublished":"2014-08-04T18:15:17+00:00","dateModified":"2022-12-24T20:43:25+00:00","description":"Submitting online petition and litigating an online claim or dispute to courts and review the cases by electronics means.","breadcrumb":{"@id":"https:\/\/www.bicakhukuk.com\/en\/remote-working\/e-case\/#breadcrumb"},"inLanguage":"en-US","potentialAction":[{"@type":"ReadAction","target":["https:\/\/www.bicakhukuk.com\/en\/remote-working\/e-case\/"]}]},{"@type":"BreadcrumbList","@id":"https:\/\/www.bicakhukuk.com\/en\/remote-working\/e-case\/#breadcrumb","itemListElement":[{"@type":"ListItem","position":1,"name":"Ana sayfa","item":"https:\/\/www.bicakhukuk.com\/en\/"},{"@type":"ListItem","position":2,"name":"Remote Services","item":"https:\/\/www.bicakhukuk.com\/en\/remote-working\/"},{"@type":"ListItem","position":3,"name":"E-Case"}]},{"@type":"WebSite","@id":"https:\/\/www.bicakhukuk.com\/en\/#website","url":"https:\/\/www.bicakhukuk.com\/en\/","name":"B\u0131\u00e7ak Hukuk","description":"T\u00fcrkiye Merkezli Global Hukuk B\u00fcrosu","publisher":{"@id":"https:\/\/www.bicakhukuk.com\/en\/#organization"},"alternateName":"B\u0131\u00e7ak Hukuk, Ankara Avukat, Ankara Hukuk B\u00fcrosu","potentialAction":[{"@type":"SearchAction","target":{"@type":"EntryPoint","urlTemplate":"https:\/\/www.bicakhukuk.com\/en\/?s={search_term_string}"},"query-input":{"@type":"PropertyValueSpecification","valueRequired":true,"valueName":"search_term_string"}}],"inLanguage":"en-US"},{"@type":["Organization","Place"],"@id":"https:\/\/www.bicakhukuk.com\/en\/#organization","name":"B\u0131\u00e7ak Hukuk | T\u00fcrkiye Merkezli Global Hukuk Firmas\u0131","alternateName":"B\u0131\u00e7ak Hukuk, Ankara Avukat, Ankara Hukuk B\u00fcrosu","url":"https:\/\/www.bicakhukuk.com\/en\/","logo":{"@id":"https:\/\/www.bicakhukuk.com\/en\/remote-working\/e-case\/#local-main-organization-logo"},"image":{"@id":"https:\/\/www.bicakhukuk.com\/en\/remote-working\/e-case\/#local-main-organization-logo"},"sameAs":["https:\/\/www.facebook.com\/bicakhukuk","https:\/\/x.com\/BicakHukuk","https:\/\/www.instagram.com\/bicakhukuk\/","https:\/\/tr.linkedin.com\/company\/b-ak-law-firm","https:\/\/www.youtube.com\/channel\/UCodktEWFyJmIp3i1BH9aM2A\/"],"description":"K\u00fcresel, b\u00f6lgesel ve ulusal \u015firketlere, kurulu\u015flara ve ki\u015filere uzmanl\u0131k alanlar\u0131m\u0131zda uyu\u015fmazl\u0131k \u00f6nleyici hukuk dan\u0131\u015fmanl\u0131\u011f\u0131, uyu\u015fmazl\u0131k \u00e7\u00f6z\u00fcm s\u00fcre\u00e7lerinde ise arabuluculuk, arabuluculukta taraf vekilli\u011fi, mahkemelerde taraf vekilli\u011fi ve avukatl\u0131k, tahkim hakemli\u011fi, tahkimde taraf vekilli\u011fi, hukuki konularda m\u00fctalaa ve hukuki konularda e\u011fitim hizmetleri vermekteyiz. Uluslararas\u0131, b\u00f6lgesel ve ulusal hukuka ili\u015fkin inceleme, ara\u015ft\u0131rma ve tecr\u00fcbeye dayal\u0131 hukuk hizmetlerimizi sunarken teknolojinin imkan sa\u011flad\u0131\u011f\u0131 g\u00f6rsel (video konferans) veya i\u015fitsel (sesli konferans) ileti\u015fim teknolojilerinin elverdi\u011fi t\u00fcm olanaklar\u0131 kullanmaktay\u0131z. Dan\u0131\u015fanlar\u0131m\u0131z veya m\u00fcvekkillerimiz, D\u00fcnyan\u0131n, b\u00f6lgemizin veya \u00fclkemizin neresinde olurlarsa olsunlar hizmetlerimizden uzaktan eri\u015fim yoluyla yararlanabilmektedir. Muhtemel ihtilaflar\u0131 \u00f6nlemek veya en aza indirmek gayesiyle m\u00fcvekkillerimize sundu\u011fumuz dinamik, etkili ve \u00f6nleyici dan\u0131\u015fmanl\u0131k hizmetlerimizin yan\u0131nda, uyu\u015fmazl\u0131k \u00e7\u00f6z\u00fcm s\u00fcre\u00e7lerinde arabuluculuk, tahkim veya mahkemelerde dava takibi hizmetleri de sunmaktay\u0131z. Ba\u015far\u0131n\u0131n s\u0131rr\u0131, do\u011fru bilgiye h\u0131zl\u0131 eri\u015fimdir. M\u00fcvekkil ihtiya\u00e7lar\u0131 tam ve eksiksiz tan\u0131mlayarak y\u00fcksek standartlarda, kaliteli, h\u0131zl\u0131 ve sonu\u00e7 odakl\u0131 esas\u0131na dayanan bir \u00e7al\u0131\u015fma anlay\u0131\u015f\u0131 benimsemi\u015f bulunuyoruz. G\u00fcvenilirlik, itibar, etik de\u011ferler ve kalite standartlar\u0131 gibi unsurlar, vazge\u00e7ilmezlerimiz olu\u015fturur.","legalName":"B\u0131\u00e7ak Hukuk","foundingDate":"2002-01-01","numberOfEmployees":{"@type":"QuantitativeValue","minValue":"1","maxValue":"10"},"address":{"@id":"https:\/\/www.bicakhukuk.com\/en\/remote-working\/e-case\/#local-main-place-address"},"geo":{"@type":"GeoCoordinates","latitude":"39.90985903589262","longitude":"32.81218744448808"},"telephone":["0 (312) 473 39 60","0 (553) 223 32 90"],"openingHoursSpecification":[{"@type":"OpeningHoursSpecification","dayOfWeek":["Monday","Tuesday","Wednesday","Thursday","Friday","Saturday"],"opens":"08:00","closes":"18:00"},{"@type":"OpeningHoursSpecification","dayOfWeek":["Sunday"],"opens":"00:00","closes":"00:00"}],"email":"iletisim@bicakhukuk.com","faxNumber":"0 (312) 473 39 62","areaServed":"Hukuk"},{"@type":"PostalAddress","@id":"https:\/\/www.bicakhukuk.com\/en\/remote-working\/e-case\/#local-main-place-address","streetAddress":"Next Level Loft Ofis, Kat 9-10, Daire 29, K\u0131z\u0131l\u0131rmak Mahallesi, Ufuk \u00dcniversitesi Caddesi S\u00f6\u011f\u00fct\u00f6z\u00fc \/ \u00c7ankaya","addressLocality":"Ankara","postalCode":"06530","addressCountry":"TR"},{"@type":"ImageObject","inLanguage":"en-US","@id":"https:\/\/www.bicakhukuk.com\/en\/remote-working\/e-case\/#local-main-organization-logo","url":"https:\/\/www.bicakhukuk.com\/wp-content\/uploads\/2023\/05\/bicak_hukuk_logo_kare.png","contentUrl":"https:\/\/www.bicakhukuk.com\/wp-content\/uploads\/2023\/05\/bicak_hukuk_logo_kare.png","width":2000,"height":2000,"caption":"B\u0131\u00e7ak Hukuk | T\u00fcrkiye Merkezli Global Hukuk Firmas\u0131"}]},"geo.placename":"Ankara","geo.position":{"lat":"39.90985903589262","long":"32.81218744448808"},"geo.region":"Turkey"},"_links":{"self":[{"href":"https:\/\/www.bicakhukuk.com\/en\/wp-json\/wp\/v2\/pages\/2438","targetHints":{"allow":["GET"]}}],"collection":[{"href":"https:\/\/www.bicakhukuk.com\/en\/wp-json\/wp\/v2\/pages"}],"about":[{"href":"https:\/\/www.bicakhukuk.com\/en\/wp-json\/wp\/v2\/types\/page"}],"author":[{"embeddable":true,"href":"https:\/\/www.bicakhukuk.com\/en\/wp-json\/wp\/v2\/users\/1"}],"replies":[{"embeddable":true,"href":"https:\/\/www.bicakhukuk.com\/en\/wp-json\/wp\/v2\/comments?post=2438"}],"version-history":[{"count":0,"href":"https:\/\/www.bicakhukuk.com\/en\/wp-json\/wp\/v2\/pages\/2438\/revisions"}],"up":[{"embeddable":true,"href":"https:\/\/www.bicakhukuk.com\/en\/wp-json\/wp\/v2\/pages\/2429"}],"wp:attachment":[{"href":"https:\/\/www.bicakhukuk.com\/en\/wp-json\/wp\/v2\/media?parent=2438"}],"curies":[{"name":"wp","href":"https:\/\/api.w.org\/{rel}","templated":true}]}}