{"id":2373,"date":"2014-08-04T21:21:07","date_gmt":"2014-08-04T18:21:07","guid":{"rendered":"http:\/\/www.bicakhukuk.com\/bicak-hukuk\/yayinlar\/kitapta-bolumler\/"},"modified":"2023-11-05T17:03:43","modified_gmt":"2023-11-05T14:03:43","slug":"chapters","status":"publish","type":"page","link":"https:\/\/www.bicakhukuk.com\/en\/publications\/chapters\/","title":{"rendered":"Chapters"},"content":{"rendered":"<ul>\n<li style=\"text-align: justify;\"><span style=\"font-family: 'times new roman', times, serif; font-size: 14pt;\">B\u0131\u00e7ak Vahit (2023) &#8220;<a href=\"https:\/\/www.bicakhukuk.com\/en\/the-2022-international-review-of-constitutional-reform\/\" target=\"_blank\" rel=\"noopener\"><em>The 2022 Review of Constitutional Reform in Turkey<\/em><\/a>&#8220;, pp. 311-314, in Barroso, Luis Roberto and Albert, Richard, The 2022 International Review of Constitutional Reform (November 5, 2023). Published by the Constitutional Studies Program at the University of Texas at Austin in collaboration with the International Forum on the Future of Constitutionalism 2023 (ISBN: 978-1-7374527-4-4), Available at SSRN:\u00a0<a href=\"https:\/\/papers.ssrn.com\/sol3\/papers.cfm?abstract_id=4623844\" target=\"_blank\" rel=\"noopener\">https:\/\/ssrn.com\/abstract=<\/a><\/span><\/li>\n<\/ul>\n<ul style=\"text-align: justify;\">\n<li><span style=\"font-family: 'times new roman', times, serif; font-size: 14pt;\">Bicak, Vahit &amp; Arslan, Z\u00fcht\u00fc (2019), &#8220;<a href=\"https:\/\/kluwerlawonline.com\/EncyclopediaChapter\/IEL+Constitutional+Law\/CONS20190050\" target=\"_blank\" rel=\"noopener\"><em>Constitutinal Law: Turkey<\/em><\/a>&#8220;, pp.1- 235 in Andr\u00e9 Alen and David Haljan (eds), IEL Constitutional Law, (Kluwer Law International BV, Netherlands), https:\/\/kluwerlawonline.com\/EncyclopediaChapter\/IEL+Constitutional+Law\/CONS20190050<\/span><\/li>\n<\/ul>\n<ul>\n<li style=\"text-align: justify;\"><span style=\"font-family: 'times new roman', times, serif; font-size: 14pt;\">B\u0131\u00e7ak, Vahit (2006) &#8220;Avrupa \u0130nsan Haklar\u0131 Mahkemesi&#8221; Uluslar aras\u0131 \u00d6rg\u00fctler ve T\u00fcrkiye, \u00c7izgi Kitabevi, Edit\u00f6rler: \u015eaban \u00c7al\u0131\u015f, Birol Akg\u00fcn, \u00d6nder Kutlu.<\/span><\/li>\n<\/ul>\n<ul>\n<li style=\"text-align: justify;\"><span style=\"font-family: 'times new roman', times, serif; font-size: 14pt;\"> B\u0131\u00e7ak, Vahit (2006) &#8220;Bilirki\u015filik&#8221;, 13. Adli T\u0131p G\u00fcnleri Sempozyumu Kitab\u0131, Adalet Bakanl\u0131\u011f\u0131, Adli T\u0131p Kurumu, s. 13-24<\/span><\/li>\n<\/ul>\n<ul style=\"text-align: justify;\">\n<li><span style=\"font-family: 'times new roman', times, serif; font-size: 14pt;\">B\u0131\u00e7ak, Vahit (2003) &#8220;\u2018Arama, Men Etme ve Kapatma Yetkisi\u201d Polisin G\u00f6rev ve Yetkileri&#8221;, Anadolu \u00dcniversitesi Yay\u0131nlar\u0131, Edit\u00f6rler: Ayd\u0131n Ziya \u00d6zg\u00fcr, S\u00fcleyman S\u00f6zen, s. 89-107.<\/span><\/li>\n<\/ul>\n<ul style=\"text-align: justify;\">\n<li><span style=\"font-family: 'times new roman', times, serif; font-size: 14pt;\">B\u0131\u00e7ak, Vahit (2003) \u201cOrganize Su\u00e7 \u00d6rg\u00fctleriyle M\u00fccadelede Polisin Yetkileri\u201d Polisin G\u00f6rev ve Yetkileri, Anadolu \u00dcniversitesi Yay\u0131nlar\u0131, Edit\u00f6rler: Ayd\u0131n Ziya \u00d6zg\u00fcr, S\u00fcleyman S\u00f6zen, s. 221-236.<\/span><\/li>\n<\/ul>\n<ul style=\"text-align: justify;\">\n<li><span style=\"font-family: 'times new roman', times, serif; font-size: 14pt;\">B\u0131\u00e7ak, Vahit (2001) &#8220;Demokrasi ve \u0130nsan Haklar\u0131&#8221;, Liberalizmin \u0130ncelenmesi: Friedrich Naumann Vakf\u0131&#8217;n\u0131n T\u00fcrkiye&#8217;de On Y\u0131ll\u0131k Siyasi \u00c7al\u0131\u015fmas\u0131 Sempozyumu Kitab\u0131, Edit\u00f6r: Vahit B\u0131\u00e7ak, FNV\u00a0 &amp; LDT, Ankara<\/span><\/li>\n<\/ul>\n<ul style=\"text-align: justify;\">\n<li><span style=\"font-family: 'times new roman', times, serif; font-size: 14pt;\">B\u0131\u00e7ak, Vahit (2001) &#8220;<a href=\"http:\/\/www.oocities.org\/vbicak\/infaz.htm\">H\u00fcrriyeti Ba\u011flay\u0131c\u0131 Cezalar\u0131 \u0130nfaz Sistemi: Kamu Sekt\u00f6r\u00fc- \u00d6zel Sekt\u00f6r \u0130li\u015fkisi<\/a>&#8221; 21. Y\u00fczy\u0131la Girerken Cezalar\u0131n \u0130nfaz\u0131 Sempozyumu Kitab\u0131, Adalet Bakanl\u0131\u011f\u0131, Ankara, s. 199-209<\/span><\/li>\n<\/ul>\n<ul style=\"text-align: justify;\">\n<li><span style=\"font-family: 'times new roman', times, serif; font-size: 14pt;\">B\u0131\u00e7ak, Vahit (2001) &#8220;<a href=\"http:\/\/www.geocities.ws\/vbicak\/piskinsut.htm\">Ceza Soru\u015fturmas\u0131 Konusunda Polisin E\u011fitimi: T.B.M.M. \u0130nsan Haklar\u0131n\u0131 \u0130nceleme Komisyonu Raporlar\u0131 I\u015f\u0131\u011f\u0131nda Bir De\u011ferlendirme<\/a>&#8221; Emniyet Genel M\u00fcd\u00fcrl\u00fc\u011f\u00fc E\u011fitim Daire Ba\u015fkanl\u0131\u011f\u0131, 21. Y\u00fczy\u0131lda Polisin E\u011fitimi Sempozyumu Bildirileri Kitab\u0131, E\u011fitim Serisi:22, Ankara, s.229-241.)<\/span><\/li>\n<\/ul>\n<ul style=\"text-align: justify;\">\n<li><span style=\"font-family: 'times new roman', times, serif; font-size: 14pt;\">B\u0131\u00e7ak, Vahit (2000) &#8220;<a href=\"http:\/\/yunus.hacettepe.edu.tr\/~vahit\/ar7.htm\">Uluslararas\u0131 \u0130nsan Haklar\u0131 Normlar\u0131n\u0131 Yorum Organ\u0131 Olarak Avrupa \u0130nsan Haklar\u0131 Mahkemesi ve Kararlar\u0131n\u0131n T\u00fcrk Hukukunun Geli\u015fimine Katk\u0131s\u0131<\/a>&#8220;, 17 Anayasa Yarg\u0131s\u0131 Sempozyumu Kitab\u0131, s.87-115.<\/span><\/li>\n<\/ul>\n<ul style=\"text-align: justify;\">\n<li><span style=\"font-family: 'times new roman', times, serif; font-size: 14pt;\">B\u0131\u00e7ak, Vahit (1999) &#8220;Ceza Adaleti Y\u00f6netiminde Kalite ve Etkinlik&#8221; Kamu Y\u00f6netiminde Kalite Sempozyumu Kitab\u0131,\u00a0 TODAI, p.164-176.<\/span><\/li>\n<\/ul>\n<ul style=\"text-align: justify;\">\n<li style=\"text-align: justify;\"><span style=\"font-family: 'times new roman', times, serif; font-size: 14pt;\">B\u0131\u00e7ak, Vahit (1999)&#8221;Constitution and Legal System\u201d, Turkey, s.148-154, <a href=\"https:\/\/books.google.com.tr\/books?id=xc0UAQAAIAAJ&amp;q=inauthor:%22%C3%87i%C4%9Fdem+Bal%C4%B1m-Harding%22&amp;dq=inauthor:%22%C3%87i%C4%9Fdem+Bal%C4%B1m-Harding%22&amp;hl=tr&amp;sa=X&amp;ved=0ahUKEwidkdb75vTpAhVSw8QBHbPGCZsQ6wEILDAA\">Turkey<\/a>, Clio Press, Oxford,\u00a0 England, Edit\u00f6r:\u00a0 \u00c7i\u011fdem Bal\u0131m-Harding.<\/span><\/li>\n<\/ul>\n<ul style=\"text-align: justify;\">\n<li><span style=\"font-family: 'times new roman', times, serif; font-size: 14pt;\">B\u0131\u00e7ak Vahit (1997) \u201cCezaevi Y\u00f6netiminde Alternatif Bir Model: \u00d6zelle\u015ftirme\u201d, 21. Y.Y. da Nas\u0131l Bir Kamu Y\u00f6netimi Sempozyumu Kitab\u0131, 7-9 May\u0131s, Ankara, TODAI<\/span><\/li>\n<\/ul>\n<ul style=\"text-align: justify;\">\n<li><span style=\"font-family: 'times new roman', times, serif; font-size: 14pt;\">B\u0131\u00e7ak, Vahit (1997) &#8220;Kad\u0131n\u0131n Cinsel \u0130radesinin E\u015fine Kar\u015f\u0131 Korunmas\u0131&#8221;, 20 Y\u00fczy\u0131l\u0131n Sonunda Kad\u0131nlar ve Gelecek Konferans\u0131, 19-21 Kas\u0131m 1997, Ankara, TODAI<\/span><\/li>\n<\/ul>\n","protected":false},"excerpt":{"rendered":"<p>B\u0131\u00e7ak Vahit (2023) &#8220;The 2022 Review of Constitutional Reform in Turkey&#8220;, pp. 311-314, in Barroso, Luis Roberto and Albert, Richard, The 2022 International Review of Constitutional Reform (November 5, 2023). Published by the Constitutional Studies Program at the University of Texas at Austin in collaboration with the International Forum on the Future of Constitutionalism 2023 [&hellip;]<\/p>\n","protected":false},"author":1,"featured_media":0,"parent":2361,"menu_order":0,"comment_status":"open","ping_status":"open","template":"page-sidebar-right.php","meta":{"rs_blank_template":"","rs_page_bg_color":"","slide_template_v7":"","footnotes":""},"class_list":["post-2373","page","type-page","status-publish","hentry"],"yoast_head":"<!-- This site is optimized with the Yoast SEO Premium plugin v27.1 (Yoast SEO v27.3) - https:\/\/yoast.com\/product\/yoast-seo-premium-wordpress\/ -->\n<title>Chapters | B\u0131\u00e7ak law Firm<\/title>\n<meta name=\"description\" content=\"Brilliant enlightening well written powerful chapters of books legal practitioner Turkish legal system. easy read clear concise facilitating decision-making\" \/>\n<meta name=\"robots\" content=\"index, follow, max-snippet:-1, max-image-preview:large, max-video-preview:-1\" \/>\n<link rel=\"canonical\" href=\"https:\/\/www.bicakhukuk.com\/en\/publications\/chapters\/\" \/>\n<meta property=\"og:locale\" content=\"en_US\" \/>\n<meta property=\"og:type\" content=\"article\" \/>\n<meta property=\"og:title\" content=\"Chapters\" \/>\n<meta property=\"og:description\" content=\"B\u0131\u00e7ak Vahit (2023) &quot;The 2022 Review of Constitutional Reform in Turkey&quot;, pp. 311-314, in Barroso, Luis Roberto and Albert, Richard, The 2022 International\" \/>\n<meta property=\"og:url\" content=\"https:\/\/www.bicakhukuk.com\/en\/publications\/chapters\/\" \/>\n<meta property=\"og:site_name\" content=\"B\u0131\u00e7ak Hukuk\" \/>\n<meta property=\"article:publisher\" content=\"https:\/\/www.facebook.com\/bicakhukuk\" \/>\n<meta property=\"article:modified_time\" content=\"2023-11-05T14:03:43+00:00\" \/>\n<meta property=\"og:image\" content=\"https:\/\/www.bicakhukuk.com\/wp-content\/uploads\/2020\/02\/Next-Level.jpg\" \/>\n\t<meta property=\"og:image:width\" content=\"960\" \/>\n\t<meta property=\"og:image:height\" content=\"540\" \/>\n\t<meta property=\"og:image:type\" content=\"image\/jpeg\" \/>\n<meta name=\"twitter:card\" content=\"summary_large_image\" \/>\n<meta name=\"twitter:site\" content=\"@BicakHukuk\" \/>\n<meta name=\"twitter:label1\" content=\"Est. reading time\" \/>\n\t<meta name=\"twitter:data1\" content=\"3 minutes\" \/>\n<script type=\"application\/ld+json\" class=\"yoast-schema-graph\">{\"@context\":\"https:\\\/\\\/schema.org\",\"@graph\":[{\"@type\":\"WebPage\",\"@id\":\"https:\\\/\\\/www.bicakhukuk.com\\\/en\\\/publications\\\/chapters\\\/\",\"url\":\"https:\\\/\\\/www.bicakhukuk.com\\\/en\\\/publications\\\/chapters\\\/\",\"name\":\"Chapters | B\u0131\u00e7ak law Firm\",\"isPartOf\":{\"@id\":\"https:\\\/\\\/www.bicakhukuk.com\\\/en\\\/#website\"},\"datePublished\":\"2014-08-04T18:21:07+00:00\",\"dateModified\":\"2023-11-05T14:03:43+00:00\",\"description\":\"Brilliant enlightening well written powerful chapters of books legal practitioner Turkish legal system. easy read clear concise facilitating decision-making\",\"breadcrumb\":{\"@id\":\"https:\\\/\\\/www.bicakhukuk.com\\\/en\\\/publications\\\/chapters\\\/#breadcrumb\"},\"inLanguage\":\"en-US\",\"potentialAction\":[{\"@type\":\"ReadAction\",\"target\":[\"https:\\\/\\\/www.bicakhukuk.com\\\/en\\\/publications\\\/chapters\\\/\"]}]},{\"@type\":\"BreadcrumbList\",\"@id\":\"https:\\\/\\\/www.bicakhukuk.com\\\/en\\\/publications\\\/chapters\\\/#breadcrumb\",\"itemListElement\":[{\"@type\":\"ListItem\",\"position\":1,\"name\":\"Ana sayfa\",\"item\":\"https:\\\/\\\/www.bicakhukuk.com\\\/en\\\/\"},{\"@type\":\"ListItem\",\"position\":2,\"name\":\"Publications\",\"item\":\"https:\\\/\\\/www.bicakhukuk.com\\\/en\\\/publications\\\/\"},{\"@type\":\"ListItem\",\"position\":3,\"name\":\"Chapters\"}]},{\"@type\":\"WebSite\",\"@id\":\"https:\\\/\\\/www.bicakhukuk.com\\\/en\\\/#website\",\"url\":\"https:\\\/\\\/www.bicakhukuk.com\\\/en\\\/\",\"name\":\"B\u0131\u00e7ak Hukuk\",\"description\":\"T\u00fcrkiye Merkezli Global Hukuk B\u00fcrosu\",\"publisher\":{\"@id\":\"https:\\\/\\\/www.bicakhukuk.com\\\/en\\\/#organization\"},\"alternateName\":\"B\u0131\u00e7ak Hukuk, Ankara Avukat, Ankara Hukuk B\u00fcrosu\",\"potentialAction\":[{\"@type\":\"SearchAction\",\"target\":{\"@type\":\"EntryPoint\",\"urlTemplate\":\"https:\\\/\\\/www.bicakhukuk.com\\\/en\\\/?s={search_term_string}\"},\"query-input\":{\"@type\":\"PropertyValueSpecification\",\"valueRequired\":true,\"valueName\":\"search_term_string\"}}],\"inLanguage\":\"en-US\"},{\"@type\":[\"Organization\",\"Place\"],\"@id\":\"https:\\\/\\\/www.bicakhukuk.com\\\/en\\\/#organization\",\"name\":\"B\u0131\u00e7ak Hukuk | T\u00fcrkiye Merkezli Global Hukuk Firmas\u0131\",\"alternateName\":\"B\u0131\u00e7ak Hukuk, Ankara Avukat, Ankara Hukuk B\u00fcrosu\",\"url\":\"https:\\\/\\\/www.bicakhukuk.com\\\/en\\\/\",\"logo\":{\"@id\":\"https:\\\/\\\/www.bicakhukuk.com\\\/en\\\/publications\\\/chapters\\\/#local-main-organization-logo\"},\"image\":{\"@id\":\"https:\\\/\\\/www.bicakhukuk.com\\\/en\\\/publications\\\/chapters\\\/#local-main-organization-logo\"},\"sameAs\":[\"https:\\\/\\\/www.facebook.com\\\/bicakhukuk\",\"https:\\\/\\\/x.com\\\/BicakHukuk\",\"https:\\\/\\\/www.instagram.com\\\/bicakhukuk\\\/\",\"https:\\\/\\\/tr.linkedin.com\\\/company\\\/b-ak-law-firm\",\"https:\\\/\\\/www.youtube.com\\\/channel\\\/UCodktEWFyJmIp3i1BH9aM2A\\\/\"],\"description\":\"K\u00fcresel, b\u00f6lgesel ve ulusal \u015firketlere, kurulu\u015flara ve ki\u015filere uzmanl\u0131k alanlar\u0131m\u0131zda uyu\u015fmazl\u0131k \u00f6nleyici hukuk dan\u0131\u015fmanl\u0131\u011f\u0131, uyu\u015fmazl\u0131k \u00e7\u00f6z\u00fcm s\u00fcre\u00e7lerinde ise arabuluculuk, arabuluculukta taraf vekilli\u011fi, mahkemelerde taraf vekilli\u011fi ve avukatl\u0131k, tahkim hakemli\u011fi, tahkimde taraf vekilli\u011fi, hukuki konularda m\u00fctalaa ve hukuki konularda e\u011fitim hizmetleri vermekteyiz. Uluslararas\u0131, b\u00f6lgesel ve ulusal hukuka ili\u015fkin inceleme, ara\u015ft\u0131rma ve tecr\u00fcbeye dayal\u0131 hukuk hizmetlerimizi sunarken teknolojinin imkan sa\u011flad\u0131\u011f\u0131 g\u00f6rsel (video konferans) veya i\u015fitsel (sesli konferans) ileti\u015fim teknolojilerinin elverdi\u011fi t\u00fcm olanaklar\u0131 kullanmaktay\u0131z. Dan\u0131\u015fanlar\u0131m\u0131z veya m\u00fcvekkillerimiz, D\u00fcnyan\u0131n, b\u00f6lgemizin veya \u00fclkemizin neresinde olurlarsa olsunlar hizmetlerimizden uzaktan eri\u015fim yoluyla yararlanabilmektedir. Muhtemel ihtilaflar\u0131 \u00f6nlemek veya en aza indirmek gayesiyle m\u00fcvekkillerimize sundu\u011fumuz dinamik, etkili ve \u00f6nleyici dan\u0131\u015fmanl\u0131k hizmetlerimizin yan\u0131nda, uyu\u015fmazl\u0131k \u00e7\u00f6z\u00fcm s\u00fcre\u00e7lerinde arabuluculuk, tahkim veya mahkemelerde dava takibi hizmetleri de sunmaktay\u0131z. Ba\u015far\u0131n\u0131n s\u0131rr\u0131, do\u011fru bilgiye h\u0131zl\u0131 eri\u015fimdir. M\u00fcvekkil ihtiya\u00e7lar\u0131 tam ve eksiksiz tan\u0131mlayarak y\u00fcksek standartlarda, kaliteli, h\u0131zl\u0131 ve sonu\u00e7 odakl\u0131 esas\u0131na dayanan bir \u00e7al\u0131\u015fma anlay\u0131\u015f\u0131 benimsemi\u015f bulunuyoruz. G\u00fcvenilirlik, itibar, etik de\u011ferler ve kalite standartlar\u0131 gibi unsurlar, vazge\u00e7ilmezlerimiz olu\u015fturur.\",\"legalName\":\"B\u0131\u00e7ak Hukuk\",\"foundingDate\":\"2002-01-01\",\"numberOfEmployees\":{\"@type\":\"QuantitativeValue\",\"minValue\":\"1\",\"maxValue\":\"10\"},\"address\":{\"@id\":\"https:\\\/\\\/www.bicakhukuk.com\\\/en\\\/publications\\\/chapters\\\/#local-main-place-address\"},\"geo\":{\"@type\":\"GeoCoordinates\",\"latitude\":\"39.90985903589262\",\"longitude\":\"32.81218744448808\"},\"telephone\":[\"0 (312) 473 39 60\",\"0 (553) 223 32 90\"],\"openingHoursSpecification\":[{\"@type\":\"OpeningHoursSpecification\",\"dayOfWeek\":[\"Monday\",\"Tuesday\",\"Wednesday\",\"Thursday\",\"Friday\",\"Saturday\"],\"opens\":\"08:00\",\"closes\":\"18:00\"},{\"@type\":\"OpeningHoursSpecification\",\"dayOfWeek\":[\"Sunday\"],\"opens\":\"00:00\",\"closes\":\"00:00\"}],\"email\":\"iletisim@bicakhukuk.com\",\"faxNumber\":\"0 (312) 473 39 62\",\"areaServed\":\"Hukuk\"},{\"@type\":\"PostalAddress\",\"@id\":\"https:\\\/\\\/www.bicakhukuk.com\\\/en\\\/publications\\\/chapters\\\/#local-main-place-address\",\"streetAddress\":\"Next Level Loft Ofis, Kat 9-10, Daire 29, K\u0131z\u0131l\u0131rmak Mahallesi, Ufuk \u00dcniversitesi Caddesi S\u00f6\u011f\u00fct\u00f6z\u00fc \\\/ \u00c7ankaya\",\"addressLocality\":\"Ankara\",\"postalCode\":\"06530\",\"addressCountry\":\"TR\"},{\"@type\":\"ImageObject\",\"inLanguage\":\"en-US\",\"@id\":\"https:\\\/\\\/www.bicakhukuk.com\\\/en\\\/publications\\\/chapters\\\/#local-main-organization-logo\",\"url\":\"https:\\\/\\\/www.bicakhukuk.com\\\/wp-content\\\/uploads\\\/2023\\\/05\\\/bicak_hukuk_logo_kare.png\",\"contentUrl\":\"https:\\\/\\\/www.bicakhukuk.com\\\/wp-content\\\/uploads\\\/2023\\\/05\\\/bicak_hukuk_logo_kare.png\",\"width\":2000,\"height\":2000,\"caption\":\"B\u0131\u00e7ak Hukuk | T\u00fcrkiye Merkezli Global Hukuk Firmas\u0131\"}]}<\/script>\n<meta name=\"geo.placename\" content=\"Ankara\" \/>\n<meta name=\"geo.position\" content=\"39.90985903589262;32.81218744448808\" \/>\n<meta name=\"geo.region\" content=\"Turkey\" \/>\n<!-- \/ Yoast SEO Premium plugin. -->","yoast_head_json":{"title":"Chapters | B\u0131\u00e7ak law Firm","description":"Brilliant enlightening well written powerful chapters of books legal practitioner Turkish legal system. easy read clear concise facilitating decision-making","robots":{"index":"index","follow":"follow","max-snippet":"max-snippet:-1","max-image-preview":"max-image-preview:large","max-video-preview":"max-video-preview:-1"},"canonical":"https:\/\/www.bicakhukuk.com\/en\/publications\/chapters\/","og_locale":"en_US","og_type":"article","og_title":"Chapters","og_description":"B\u0131\u00e7ak Vahit (2023) \"The 2022 Review of Constitutional Reform in Turkey\", pp. 311-314, in Barroso, Luis Roberto and Albert, Richard, The 2022 International","og_url":"https:\/\/www.bicakhukuk.com\/en\/publications\/chapters\/","og_site_name":"B\u0131\u00e7ak Hukuk","article_publisher":"https:\/\/www.facebook.com\/bicakhukuk","article_modified_time":"2023-11-05T14:03:43+00:00","og_image":[{"width":960,"height":540,"url":"https:\/\/www.bicakhukuk.com\/wp-content\/uploads\/2020\/02\/Next-Level.jpg","type":"image\/jpeg"}],"twitter_card":"summary_large_image","twitter_site":"@BicakHukuk","twitter_misc":{"Est. reading time":"3 minutes"},"schema":{"@context":"https:\/\/schema.org","@graph":[{"@type":"WebPage","@id":"https:\/\/www.bicakhukuk.com\/en\/publications\/chapters\/","url":"https:\/\/www.bicakhukuk.com\/en\/publications\/chapters\/","name":"Chapters | B\u0131\u00e7ak law Firm","isPartOf":{"@id":"https:\/\/www.bicakhukuk.com\/en\/#website"},"datePublished":"2014-08-04T18:21:07+00:00","dateModified":"2023-11-05T14:03:43+00:00","description":"Brilliant enlightening well written powerful chapters of books legal practitioner Turkish legal system. easy read clear concise facilitating decision-making","breadcrumb":{"@id":"https:\/\/www.bicakhukuk.com\/en\/publications\/chapters\/#breadcrumb"},"inLanguage":"en-US","potentialAction":[{"@type":"ReadAction","target":["https:\/\/www.bicakhukuk.com\/en\/publications\/chapters\/"]}]},{"@type":"BreadcrumbList","@id":"https:\/\/www.bicakhukuk.com\/en\/publications\/chapters\/#breadcrumb","itemListElement":[{"@type":"ListItem","position":1,"name":"Ana sayfa","item":"https:\/\/www.bicakhukuk.com\/en\/"},{"@type":"ListItem","position":2,"name":"Publications","item":"https:\/\/www.bicakhukuk.com\/en\/publications\/"},{"@type":"ListItem","position":3,"name":"Chapters"}]},{"@type":"WebSite","@id":"https:\/\/www.bicakhukuk.com\/en\/#website","url":"https:\/\/www.bicakhukuk.com\/en\/","name":"B\u0131\u00e7ak Hukuk","description":"T\u00fcrkiye Merkezli Global Hukuk B\u00fcrosu","publisher":{"@id":"https:\/\/www.bicakhukuk.com\/en\/#organization"},"alternateName":"B\u0131\u00e7ak Hukuk, Ankara Avukat, Ankara Hukuk B\u00fcrosu","potentialAction":[{"@type":"SearchAction","target":{"@type":"EntryPoint","urlTemplate":"https:\/\/www.bicakhukuk.com\/en\/?s={search_term_string}"},"query-input":{"@type":"PropertyValueSpecification","valueRequired":true,"valueName":"search_term_string"}}],"inLanguage":"en-US"},{"@type":["Organization","Place"],"@id":"https:\/\/www.bicakhukuk.com\/en\/#organization","name":"B\u0131\u00e7ak Hukuk | T\u00fcrkiye Merkezli Global Hukuk Firmas\u0131","alternateName":"B\u0131\u00e7ak Hukuk, Ankara Avukat, Ankara Hukuk B\u00fcrosu","url":"https:\/\/www.bicakhukuk.com\/en\/","logo":{"@id":"https:\/\/www.bicakhukuk.com\/en\/publications\/chapters\/#local-main-organization-logo"},"image":{"@id":"https:\/\/www.bicakhukuk.com\/en\/publications\/chapters\/#local-main-organization-logo"},"sameAs":["https:\/\/www.facebook.com\/bicakhukuk","https:\/\/x.com\/BicakHukuk","https:\/\/www.instagram.com\/bicakhukuk\/","https:\/\/tr.linkedin.com\/company\/b-ak-law-firm","https:\/\/www.youtube.com\/channel\/UCodktEWFyJmIp3i1BH9aM2A\/"],"description":"K\u00fcresel, b\u00f6lgesel ve ulusal \u015firketlere, kurulu\u015flara ve ki\u015filere uzmanl\u0131k alanlar\u0131m\u0131zda uyu\u015fmazl\u0131k \u00f6nleyici hukuk dan\u0131\u015fmanl\u0131\u011f\u0131, uyu\u015fmazl\u0131k \u00e7\u00f6z\u00fcm s\u00fcre\u00e7lerinde ise arabuluculuk, arabuluculukta taraf vekilli\u011fi, mahkemelerde taraf vekilli\u011fi ve avukatl\u0131k, tahkim hakemli\u011fi, tahkimde taraf vekilli\u011fi, hukuki konularda m\u00fctalaa ve hukuki konularda e\u011fitim hizmetleri vermekteyiz. Uluslararas\u0131, b\u00f6lgesel ve ulusal hukuka ili\u015fkin inceleme, ara\u015ft\u0131rma ve tecr\u00fcbeye dayal\u0131 hukuk hizmetlerimizi sunarken teknolojinin imkan sa\u011flad\u0131\u011f\u0131 g\u00f6rsel (video konferans) veya i\u015fitsel (sesli konferans) ileti\u015fim teknolojilerinin elverdi\u011fi t\u00fcm olanaklar\u0131 kullanmaktay\u0131z. Dan\u0131\u015fanlar\u0131m\u0131z veya m\u00fcvekkillerimiz, D\u00fcnyan\u0131n, b\u00f6lgemizin veya \u00fclkemizin neresinde olurlarsa olsunlar hizmetlerimizden uzaktan eri\u015fim yoluyla yararlanabilmektedir. Muhtemel ihtilaflar\u0131 \u00f6nlemek veya en aza indirmek gayesiyle m\u00fcvekkillerimize sundu\u011fumuz dinamik, etkili ve \u00f6nleyici dan\u0131\u015fmanl\u0131k hizmetlerimizin yan\u0131nda, uyu\u015fmazl\u0131k \u00e7\u00f6z\u00fcm s\u00fcre\u00e7lerinde arabuluculuk, tahkim veya mahkemelerde dava takibi hizmetleri de sunmaktay\u0131z. Ba\u015far\u0131n\u0131n s\u0131rr\u0131, do\u011fru bilgiye h\u0131zl\u0131 eri\u015fimdir. M\u00fcvekkil ihtiya\u00e7lar\u0131 tam ve eksiksiz tan\u0131mlayarak y\u00fcksek standartlarda, kaliteli, h\u0131zl\u0131 ve sonu\u00e7 odakl\u0131 esas\u0131na dayanan bir \u00e7al\u0131\u015fma anlay\u0131\u015f\u0131 benimsemi\u015f bulunuyoruz. G\u00fcvenilirlik, itibar, etik de\u011ferler ve kalite standartlar\u0131 gibi unsurlar, vazge\u00e7ilmezlerimiz olu\u015fturur.","legalName":"B\u0131\u00e7ak Hukuk","foundingDate":"2002-01-01","numberOfEmployees":{"@type":"QuantitativeValue","minValue":"1","maxValue":"10"},"address":{"@id":"https:\/\/www.bicakhukuk.com\/en\/publications\/chapters\/#local-main-place-address"},"geo":{"@type":"GeoCoordinates","latitude":"39.90985903589262","longitude":"32.81218744448808"},"telephone":["0 (312) 473 39 60","0 (553) 223 32 90"],"openingHoursSpecification":[{"@type":"OpeningHoursSpecification","dayOfWeek":["Monday","Tuesday","Wednesday","Thursday","Friday","Saturday"],"opens":"08:00","closes":"18:00"},{"@type":"OpeningHoursSpecification","dayOfWeek":["Sunday"],"opens":"00:00","closes":"00:00"}],"email":"iletisim@bicakhukuk.com","faxNumber":"0 (312) 473 39 62","areaServed":"Hukuk"},{"@type":"PostalAddress","@id":"https:\/\/www.bicakhukuk.com\/en\/publications\/chapters\/#local-main-place-address","streetAddress":"Next Level Loft Ofis, Kat 9-10, Daire 29, K\u0131z\u0131l\u0131rmak Mahallesi, Ufuk \u00dcniversitesi Caddesi S\u00f6\u011f\u00fct\u00f6z\u00fc \/ \u00c7ankaya","addressLocality":"Ankara","postalCode":"06530","addressCountry":"TR"},{"@type":"ImageObject","inLanguage":"en-US","@id":"https:\/\/www.bicakhukuk.com\/en\/publications\/chapters\/#local-main-organization-logo","url":"https:\/\/www.bicakhukuk.com\/wp-content\/uploads\/2023\/05\/bicak_hukuk_logo_kare.png","contentUrl":"https:\/\/www.bicakhukuk.com\/wp-content\/uploads\/2023\/05\/bicak_hukuk_logo_kare.png","width":2000,"height":2000,"caption":"B\u0131\u00e7ak Hukuk | T\u00fcrkiye Merkezli Global Hukuk Firmas\u0131"}]},"geo.placename":"Ankara","geo.position":{"lat":"39.90985903589262","long":"32.81218744448808"},"geo.region":"Turkey"},"_links":{"self":[{"href":"https:\/\/www.bicakhukuk.com\/en\/wp-json\/wp\/v2\/pages\/2373","targetHints":{"allow":["GET"]}}],"collection":[{"href":"https:\/\/www.bicakhukuk.com\/en\/wp-json\/wp\/v2\/pages"}],"about":[{"href":"https:\/\/www.bicakhukuk.com\/en\/wp-json\/wp\/v2\/types\/page"}],"author":[{"embeddable":true,"href":"https:\/\/www.bicakhukuk.com\/en\/wp-json\/wp\/v2\/users\/1"}],"replies":[{"embeddable":true,"href":"https:\/\/www.bicakhukuk.com\/en\/wp-json\/wp\/v2\/comments?post=2373"}],"version-history":[{"count":0,"href":"https:\/\/www.bicakhukuk.com\/en\/wp-json\/wp\/v2\/pages\/2373\/revisions"}],"up":[{"embeddable":true,"href":"https:\/\/www.bicakhukuk.com\/en\/wp-json\/wp\/v2\/pages\/2361"}],"wp:attachment":[{"href":"https:\/\/www.bicakhukuk.com\/en\/wp-json\/wp\/v2\/media?parent=2373"}],"curies":[{"name":"wp","href":"https:\/\/api.w.org\/{rel}","templated":true}]}}