{"id":2372,"date":"2014-08-04T21:21:31","date_gmt":"2014-08-04T18:21:31","guid":{"rendered":"http:\/\/www.bicakhukuk.com\/bicak-hukuk\/yayinlar\/makaleler\/"},"modified":"2020-06-15T23:26:09","modified_gmt":"2020-06-15T20:26:09","slug":"articles","status":"publish","type":"page","link":"https:\/\/www.bicakhukuk.com\/en\/publications\/articles\/","title":{"rendered":"Articles"},"content":{"rendered":"<p><strong><span style=\"font-family: 'times new roman', times, serif; font-size: 14pt;\">Articles Written in English<\/span><\/strong><\/p>\n<ul>\n<li><span style=\"font-family: 'times new roman', times, serif; font-size: 14pt;\">B\u0131\u00e7ak, Vahit (2001) &#8220;<a href=\"https:\/\/journals.sagepub.com\/doi\/abs\/10.1177\/002201830106500108?journalCode=clja\">Police and Criminal Evidence Act 1984, S. 76(2): Re-Emergence of the Involuntariness Test<\/a>&#8220;, The Journal of Criminal Law, Volume: 65 issue: 1, page(s): 85-99<\/span><\/li>\n<\/ul>\n<ul>\n<li><span style=\"font-family: 'times new roman', times, serif; font-size: 14pt;\">B\u0131\u00e7ak, Vahit (1997-98) &#8220;A Mechanism for the Prevention of Torture: Article 135\/A of CMUK&#8221;, 18-19 Turkish Yearbook of Human Rights, s. 54-71.<\/span><\/li>\n<\/ul>\n<ul>\n<li><span style=\"font-family: 'times new roman', times, serif; font-size: 14pt;\">B\u0131\u00e7ak, Vahit (1996). &#8220;<a href=\"https:\/\/www.cambridge.org\/core\/journals\/new-perspectives-on-turkey\/article\/admissibility-of-improperly-obtained-evidence-the-turkish-approach-in-comparative-perspective\/41FD57625F626B4B53B1202DE4685A1F\">Admissibility of Improperly Obtained Evidence: Turkish Approach in Comparative Perspective<\/a>&#8220;, New Perspectives on Turkey, s. 75-96.<\/span><\/li>\n<\/ul>\n<ul>\n<li><span style=\"font-family: 'times new roman', times, serif; font-size: 14pt;\">B\u0131\u00e7ak, Vahit (1995-1996) \u201cInfringement of Procedural Rights\u201d 17-18 Turkish\u00a0 Yearbook of Human Rights 89-102.<\/span><\/li>\n<\/ul>\n<ul>\n<li><span style=\"font-family: 'times new roman', times, serif; font-size: 14pt;\">B\u0131\u00e7ak,\u00a0 Vahit (1994) &#8220;The\u00a0 Decline of the Right to Silence: Recent Developments in England&#8221;, 16 Turkish Yearbook of Human Rights, s. 61-71.<\/span><\/li>\n<\/ul>\n<p><strong><span style=\"font-family: 'times new roman', times, serif; font-size: 14pt;\">Articles Written in Turkish<\/span><\/strong><\/p>\n<ul>\n<li style=\"text-align: justify;\"><span style=\"font-family: 'times new roman', times, serif; font-size: 14pt;\">B\u0131\u00e7ak, Vahit (2003)\u201c<a style=\"color: #0563c1; text-decoration: underline; text-underline: single;\" href=\"http:\/\/webftp.gazi.edu.tr\/hukuk\/dergi\/3_10.pdf\"><span style=\"color: windowtext; text-decoration: none;\">Avrupa \u0130nsan Haklar\u0131 Mahkemesi Kararlar\u0131nda Ter\u00f6rizm<\/span><\/a>\u201d 3 Gazi \u00dcniversitesi Hukuk Fak\u00fcltesi Dergisi, s. 226-245.<\/span><\/li>\n<\/ul>\n<ul>\n<li style=\"text-align: justify;\"><span style=\"font-family: 'times new roman', times, serif; font-size: 14pt;\">B\u0131\u00e7ak, Vahit (2002) ,\u00a0\u2018<a style=\"color: #0563c1; text-decoration: underline; text-underline: single;\" href=\"http:\/\/www.libertedownload.com\/LD\/arsiv\/24\/06-vahit-bicak-aihm-kararlari-isiginda-ifade-ozgurlugu.pdf\"><span style=\"color: windowtext; text-decoration: none;\">Avrupa \u0130nsan Haklar\u0131 Mahkemesi Kararlar\u0131 I\u015f\u0131\u011f\u0131nda \u0130fade \u00d6zg\u00fcrl\u00fc\u011f\u00fc<\/span><\/a>&#8221; \u0130zmir Barosu Dergisi, <\/span><span style=\"font-family: 'times new roman', times, serif; font-size: 14pt;\">y\u0131l:67, say\u0131:1.<\/span><\/li>\n<\/ul>\n<ul>\n<li style=\"text-align: justify;\"><span style=\"font-family: 'times new roman', times, serif; font-size: 14pt;\">B\u0131\u00e7ak V. (2000) &#8220;<a href=\"http:\/\/www.libertedownload.com\/LD\/arsiv\/17\/05-vahit-bicak-yeni-yapisiyla-aihm.pdf\">Yeni <\/a><a href=\"http:\/\/www.libertedownload.com\/LD\/arsiv\/17\/05-vahit-bicak-yeni-yapisiyla-aihm.pdf\">Yap\u0131s\u0131yla Avrupa \u0130nsan Haklar\u0131 Mahkemesi<\/a>\u201d 16 Liberal D\u00fc\u015f\u00fcnce Dergisi , p.10-21.<\/span><\/li>\n<\/ul>\n<ul>\n<li style=\"text-align: justify;\"><span style=\"font-family: 'times new roman', times, serif; font-size: 14pt;\">B\u0131\u00e7ak,\u00a0 Vahit (1999) &#8220;<span style=\"color: windowtext; text-decoration: none;\"><a style=\"color: #0563c1; text-decoration: underline; text-underline: single;\" href=\"http:\/\/www.libertedownload.com\/LD\/arsiv\/15\/02-vahit-bicak-insan-haklari-ihlallerinde-yonelimler-baskidan-hileye.pdf\">\u0130nsan <\/a><\/span><a style=\"color: #0563c1; text-decoration: underline; text-underline: single;\" href=\"http:\/\/www.libertedownload.com\/LD\/arsiv\/15\/02-vahit-bicak-insan-haklari-ihlallerinde-yonelimler-baskidan-hileye.pdf\"><span style=\"color: windowtext; text-decoration: none;\">Haklar\u0131 \u0130hlallerinde Y\u00f6nelimler: Bask\u0131dan Hileye<\/span><\/a>&#8221; 14 Liberal D\u00fc\u015f\u00fcnce Dergisi, s.3-18.<\/span><\/li>\n<\/ul>\n<ul>\n<li style=\"text-align: justify;\"><span style=\"font-family: 'times new roman', times, serif; font-size: 14pt;\">B\u0131\u00e7ak, Vahit (1998) &#8220;<a style=\"color: #0563c1; text-decoration: underline; text-underline: single;\" href=\"http:\/\/www.libertedownload.com\/LD\/arsiv\/09\/07-vahit-bicak-kadinin-cinsel-iradesinin-esine-karsi-korunmasi-irza-gecme-sucu.pdf\"><span style=\"color: windowtext; text-decoration: none;\">Kad\u0131n\u0131n Cinsel \u0130radesinin E\u015fine Kar\u015f\u0131 Korunmas\u0131: Irza Ge\u00e7me Su\u00e7u<\/span><\/a>&#8221; 10 Liberal D\u00fc\u015f\u00fcnce Dergisi, s. 59-71.<\/span><\/li>\n<\/ul>\n<ul>\n<li style=\"text-align: justify;\"><span style=\"font-family: 'times new roman', times, serif; font-size: 14pt;\">B\u0131\u00e7ak, Vahit (1998) &#8220;<a style=\"color: #0563c1; text-decoration: underline; text-underline: single;\" href=\"http:\/\/www.libertedownload.com\/LD\/arsiv\/12\/06-vahit-bicak-cezaevleri-de-ozellestirilmeli.pdf\"><span style=\"color: windowtext; text-decoration: none;\">Cezaevleri de \u00d6zelle\u015ftirilmeli<\/span><\/a>&#8220;, 12 Liberal D\u00fc\u015f\u00fcnce Dergisi, s. 47-53.<\/span><\/li>\n<\/ul>\n<ul>\n<li style=\"text-align: justify;\"><span style=\"font-family: 'times new roman', times, serif; font-size: 14pt;\">B\u0131\u00e7ak, Vahit (1997) &#8220;<a style=\"color: #0563c1; text-decoration: underline; text-underline: single;\" href=\"http:\/\/webftp.gazi.edu.tr\/hukuk\/dergi\/1_1_13.pdf\"><span style=\"color: windowtext; text-decoration: none;\">Avrupa Birli\u011fi ile \u0130li\u015fkilerin Haz\u0131rl\u0131k Soru\u015fturmas\u0131na Etkisi<\/span><\/a>&#8221; Gazi \u00dcniversitesi Hukuk Fak\u00fcltesi Dergisi, s.242-253.<\/span><\/li>\n<\/ul>\n<ul>\n<li style=\"text-align: justify;\"><span style=\"font-family: 'times new roman', times, serif; font-size: 14pt;\">B\u0131\u00e7ak,\u00a0 Vahit (1996) \u201c\u0130ngiliz Hukukunda Arama\u201d, 2\/7 Polis Dergisi, s.12-21.<\/span><\/li>\n<\/ul>\n<ul>\n<li style=\"text-align: justify;\"><span style=\"font-family: 'times new roman', times, serif; font-size: 14pt;\">B\u0131\u00e7ak, Vahit (1995-1996) &#8220;<a style=\"color: #0563c1; text-decoration: underline; text-underline: single;\" href=\"http:\/\/www.todaie.edu.tr\/resimler\/ekler\/fe47225d2744940_ek.pdf?dergi=Insan%20Haklari%20Yilligi\"><span style=\"color: windowtext; text-decoration: none;\">Usulsuz Ula\u015f\u0131lan Delillerin Ak\u0131beti: Kat\u0131 ve Esnek Yakla\u015f\u0131mlar\u0131n Degerlendirilmesi<\/span><\/a>&#8220;17-18 \u0130nsan Haklar\u0131 Y\u0131ll\u0131\u011f\u0131, s. 247-259<\/span><\/li>\n<\/ul>\n","protected":false},"excerpt":{"rendered":"<p>Articles Written in English B\u0131\u00e7ak, Vahit (2001) &#8220;Police and Criminal Evidence Act 1984, S. 76(2): Re-Emergence of the Involuntariness Test&#8220;, The Journal of Criminal Law, Volume: 65 issue: 1, page(s): 85-99 B\u0131\u00e7ak, Vahit (1997-98) &#8220;A Mechanism for the Prevention of Torture: Article 135\/A of CMUK&#8221;, 18-19 Turkish Yearbook of Human Rights, s. 54-71. B\u0131\u00e7ak, Vahit [&hellip;]<\/p>\n","protected":false},"author":1,"featured_media":0,"parent":2361,"menu_order":0,"comment_status":"open","ping_status":"open","template":"page-fullwidth.php","meta":{"rs_blank_template":"","rs_page_bg_color":"#ffffff","slide_template_v7":"","footnotes":""},"class_list":["post-2372","page","type-page","status-publish","hentry"],"yoast_head":"<!-- This site is optimized with the Yoast SEO Premium plugin v27.1 (Yoast SEO v27.3) - https:\/\/yoast.com\/product\/yoast-seo-premium-wordpress\/ -->\n<title>Articles | B\u0131\u00e7ak Hukuk<\/title>\n<meta name=\"description\" content=\"Legal articles beneficial for law students and lawyers alike simple sentences very easy to read quality of information and insights bullet points Turkey law\" \/>\n<meta name=\"robots\" content=\"index, follow, max-snippet:-1, max-image-preview:large, max-video-preview:-1\" \/>\n<link rel=\"canonical\" href=\"https:\/\/www.bicakhukuk.com\/en\/publications\/articles\/\" \/>\n<meta property=\"og:locale\" content=\"en_US\" \/>\n<meta property=\"og:type\" content=\"article\" \/>\n<meta property=\"og:title\" content=\"Articles\" \/>\n<meta property=\"og:description\" content=\"Articles Written in English B\u0131\u00e7ak, Vahit (2001) &quot;Police and Criminal Evidence Act 1984, S. 76(2): Re-Emergence of the Involuntariness Test&quot;, The Journal\" \/>\n<meta property=\"og:url\" content=\"https:\/\/www.bicakhukuk.com\/en\/publications\/articles\/\" \/>\n<meta property=\"og:site_name\" content=\"B\u0131\u00e7ak Hukuk\" \/>\n<meta property=\"article:publisher\" content=\"https:\/\/www.facebook.com\/bicakhukuk\" \/>\n<meta property=\"article:modified_time\" content=\"2020-06-15T20:26:09+00:00\" \/>\n<meta property=\"og:image\" content=\"https:\/\/www.bicakhukuk.com\/wp-content\/uploads\/2020\/02\/Next-Level.jpg\" \/>\n\t<meta property=\"og:image:width\" content=\"960\" \/>\n\t<meta property=\"og:image:height\" content=\"540\" \/>\n\t<meta property=\"og:image:type\" content=\"image\/jpeg\" \/>\n<meta name=\"twitter:card\" content=\"summary_large_image\" \/>\n<meta name=\"twitter:site\" content=\"@BicakHukuk\" \/>\n<meta name=\"twitter:label1\" content=\"Est. reading time\" \/>\n\t<meta name=\"twitter:data1\" content=\"1 minute\" \/>\n<script type=\"application\/ld+json\" class=\"yoast-schema-graph\">{\"@context\":\"https:\\\/\\\/schema.org\",\"@graph\":[{\"@type\":\"WebPage\",\"@id\":\"https:\\\/\\\/www.bicakhukuk.com\\\/en\\\/publications\\\/articles\\\/\",\"url\":\"https:\\\/\\\/www.bicakhukuk.com\\\/en\\\/publications\\\/articles\\\/\",\"name\":\"Articles | B\u0131\u00e7ak Hukuk\",\"isPartOf\":{\"@id\":\"https:\\\/\\\/www.bicakhukuk.com\\\/en\\\/#website\"},\"datePublished\":\"2014-08-04T18:21:31+00:00\",\"dateModified\":\"2020-06-15T20:26:09+00:00\",\"description\":\"Legal articles beneficial for law students and lawyers alike simple sentences very easy to read quality of information and insights bullet points Turkey law\",\"breadcrumb\":{\"@id\":\"https:\\\/\\\/www.bicakhukuk.com\\\/en\\\/publications\\\/articles\\\/#breadcrumb\"},\"inLanguage\":\"en-US\",\"potentialAction\":[{\"@type\":\"ReadAction\",\"target\":[\"https:\\\/\\\/www.bicakhukuk.com\\\/en\\\/publications\\\/articles\\\/\"]}]},{\"@type\":\"BreadcrumbList\",\"@id\":\"https:\\\/\\\/www.bicakhukuk.com\\\/en\\\/publications\\\/articles\\\/#breadcrumb\",\"itemListElement\":[{\"@type\":\"ListItem\",\"position\":1,\"name\":\"Ana sayfa\",\"item\":\"https:\\\/\\\/www.bicakhukuk.com\\\/en\\\/\"},{\"@type\":\"ListItem\",\"position\":2,\"name\":\"Publications\",\"item\":\"https:\\\/\\\/www.bicakhukuk.com\\\/en\\\/publications\\\/\"},{\"@type\":\"ListItem\",\"position\":3,\"name\":\"Articles\"}]},{\"@type\":\"WebSite\",\"@id\":\"https:\\\/\\\/www.bicakhukuk.com\\\/en\\\/#website\",\"url\":\"https:\\\/\\\/www.bicakhukuk.com\\\/en\\\/\",\"name\":\"B\u0131\u00e7ak Hukuk\",\"description\":\"T\u00fcrkiye Merkezli Global Hukuk B\u00fcrosu\",\"publisher\":{\"@id\":\"https:\\\/\\\/www.bicakhukuk.com\\\/en\\\/#organization\"},\"alternateName\":\"B\u0131\u00e7ak Hukuk, Ankara Avukat, Ankara Hukuk B\u00fcrosu\",\"potentialAction\":[{\"@type\":\"SearchAction\",\"target\":{\"@type\":\"EntryPoint\",\"urlTemplate\":\"https:\\\/\\\/www.bicakhukuk.com\\\/en\\\/?s={search_term_string}\"},\"query-input\":{\"@type\":\"PropertyValueSpecification\",\"valueRequired\":true,\"valueName\":\"search_term_string\"}}],\"inLanguage\":\"en-US\"},{\"@type\":[\"Organization\",\"Place\"],\"@id\":\"https:\\\/\\\/www.bicakhukuk.com\\\/en\\\/#organization\",\"name\":\"B\u0131\u00e7ak Hukuk | T\u00fcrkiye Merkezli Global Hukuk Firmas\u0131\",\"alternateName\":\"B\u0131\u00e7ak Hukuk, Ankara Avukat, Ankara Hukuk B\u00fcrosu\",\"url\":\"https:\\\/\\\/www.bicakhukuk.com\\\/en\\\/\",\"logo\":{\"@id\":\"https:\\\/\\\/www.bicakhukuk.com\\\/en\\\/publications\\\/articles\\\/#local-main-organization-logo\"},\"image\":{\"@id\":\"https:\\\/\\\/www.bicakhukuk.com\\\/en\\\/publications\\\/articles\\\/#local-main-organization-logo\"},\"sameAs\":[\"https:\\\/\\\/www.facebook.com\\\/bicakhukuk\",\"https:\\\/\\\/x.com\\\/BicakHukuk\",\"https:\\\/\\\/www.instagram.com\\\/bicakhukuk\\\/\",\"https:\\\/\\\/tr.linkedin.com\\\/company\\\/b-ak-law-firm\",\"https:\\\/\\\/www.youtube.com\\\/channel\\\/UCodktEWFyJmIp3i1BH9aM2A\\\/\"],\"description\":\"K\u00fcresel, b\u00f6lgesel ve ulusal \u015firketlere, kurulu\u015flara ve ki\u015filere uzmanl\u0131k alanlar\u0131m\u0131zda uyu\u015fmazl\u0131k \u00f6nleyici hukuk dan\u0131\u015fmanl\u0131\u011f\u0131, uyu\u015fmazl\u0131k \u00e7\u00f6z\u00fcm s\u00fcre\u00e7lerinde ise arabuluculuk, arabuluculukta taraf vekilli\u011fi, mahkemelerde taraf vekilli\u011fi ve avukatl\u0131k, tahkim hakemli\u011fi, tahkimde taraf vekilli\u011fi, hukuki konularda m\u00fctalaa ve hukuki konularda e\u011fitim hizmetleri vermekteyiz. Uluslararas\u0131, b\u00f6lgesel ve ulusal hukuka ili\u015fkin inceleme, ara\u015ft\u0131rma ve tecr\u00fcbeye dayal\u0131 hukuk hizmetlerimizi sunarken teknolojinin imkan sa\u011flad\u0131\u011f\u0131 g\u00f6rsel (video konferans) veya i\u015fitsel (sesli konferans) ileti\u015fim teknolojilerinin elverdi\u011fi t\u00fcm olanaklar\u0131 kullanmaktay\u0131z. Dan\u0131\u015fanlar\u0131m\u0131z veya m\u00fcvekkillerimiz, D\u00fcnyan\u0131n, b\u00f6lgemizin veya \u00fclkemizin neresinde olurlarsa olsunlar hizmetlerimizden uzaktan eri\u015fim yoluyla yararlanabilmektedir. Muhtemel ihtilaflar\u0131 \u00f6nlemek veya en aza indirmek gayesiyle m\u00fcvekkillerimize sundu\u011fumuz dinamik, etkili ve \u00f6nleyici dan\u0131\u015fmanl\u0131k hizmetlerimizin yan\u0131nda, uyu\u015fmazl\u0131k \u00e7\u00f6z\u00fcm s\u00fcre\u00e7lerinde arabuluculuk, tahkim veya mahkemelerde dava takibi hizmetleri de sunmaktay\u0131z. Ba\u015far\u0131n\u0131n s\u0131rr\u0131, do\u011fru bilgiye h\u0131zl\u0131 eri\u015fimdir. M\u00fcvekkil ihtiya\u00e7lar\u0131 tam ve eksiksiz tan\u0131mlayarak y\u00fcksek standartlarda, kaliteli, h\u0131zl\u0131 ve sonu\u00e7 odakl\u0131 esas\u0131na dayanan bir \u00e7al\u0131\u015fma anlay\u0131\u015f\u0131 benimsemi\u015f bulunuyoruz. G\u00fcvenilirlik, itibar, etik de\u011ferler ve kalite standartlar\u0131 gibi unsurlar, vazge\u00e7ilmezlerimiz olu\u015fturur.\",\"legalName\":\"B\u0131\u00e7ak Hukuk\",\"foundingDate\":\"2002-01-01\",\"numberOfEmployees\":{\"@type\":\"QuantitativeValue\",\"minValue\":\"1\",\"maxValue\":\"10\"},\"address\":{\"@id\":\"https:\\\/\\\/www.bicakhukuk.com\\\/en\\\/publications\\\/articles\\\/#local-main-place-address\"},\"geo\":{\"@type\":\"GeoCoordinates\",\"latitude\":\"39.90985903589262\",\"longitude\":\"32.81218744448808\"},\"telephone\":[\"0 (312) 473 39 60\",\"0 (553) 223 32 90\"],\"openingHoursSpecification\":[{\"@type\":\"OpeningHoursSpecification\",\"dayOfWeek\":[\"Monday\",\"Tuesday\",\"Wednesday\",\"Thursday\",\"Friday\",\"Saturday\"],\"opens\":\"08:00\",\"closes\":\"18:00\"},{\"@type\":\"OpeningHoursSpecification\",\"dayOfWeek\":[\"Sunday\"],\"opens\":\"00:00\",\"closes\":\"00:00\"}],\"email\":\"iletisim@bicakhukuk.com\",\"faxNumber\":\"0 (312) 473 39 62\",\"areaServed\":\"Hukuk\"},{\"@type\":\"PostalAddress\",\"@id\":\"https:\\\/\\\/www.bicakhukuk.com\\\/en\\\/publications\\\/articles\\\/#local-main-place-address\",\"streetAddress\":\"Next Level Loft Ofis, Kat 9-10, Daire 29, K\u0131z\u0131l\u0131rmak Mahallesi, Ufuk \u00dcniversitesi Caddesi S\u00f6\u011f\u00fct\u00f6z\u00fc \\\/ \u00c7ankaya\",\"addressLocality\":\"Ankara\",\"postalCode\":\"06530\",\"addressCountry\":\"TR\"},{\"@type\":\"ImageObject\",\"inLanguage\":\"en-US\",\"@id\":\"https:\\\/\\\/www.bicakhukuk.com\\\/en\\\/publications\\\/articles\\\/#local-main-organization-logo\",\"url\":\"https:\\\/\\\/www.bicakhukuk.com\\\/wp-content\\\/uploads\\\/2023\\\/05\\\/bicak_hukuk_logo_kare.png\",\"contentUrl\":\"https:\\\/\\\/www.bicakhukuk.com\\\/wp-content\\\/uploads\\\/2023\\\/05\\\/bicak_hukuk_logo_kare.png\",\"width\":2000,\"height\":2000,\"caption\":\"B\u0131\u00e7ak Hukuk | T\u00fcrkiye Merkezli Global Hukuk Firmas\u0131\"}]}<\/script>\n<meta name=\"geo.placename\" content=\"Ankara\" \/>\n<meta name=\"geo.position\" content=\"39.90985903589262;32.81218744448808\" \/>\n<meta name=\"geo.region\" content=\"Turkey\" \/>\n<!-- \/ Yoast SEO Premium plugin. -->","yoast_head_json":{"title":"Articles | B\u0131\u00e7ak Hukuk","description":"Legal articles beneficial for law students and lawyers alike simple sentences very easy to read quality of information and insights bullet points Turkey law","robots":{"index":"index","follow":"follow","max-snippet":"max-snippet:-1","max-image-preview":"max-image-preview:large","max-video-preview":"max-video-preview:-1"},"canonical":"https:\/\/www.bicakhukuk.com\/en\/publications\/articles\/","og_locale":"en_US","og_type":"article","og_title":"Articles","og_description":"Articles Written in English B\u0131\u00e7ak, Vahit (2001) \"Police and Criminal Evidence Act 1984, S. 76(2): Re-Emergence of the Involuntariness Test\", The Journal","og_url":"https:\/\/www.bicakhukuk.com\/en\/publications\/articles\/","og_site_name":"B\u0131\u00e7ak Hukuk","article_publisher":"https:\/\/www.facebook.com\/bicakhukuk","article_modified_time":"2020-06-15T20:26:09+00:00","og_image":[{"width":960,"height":540,"url":"https:\/\/www.bicakhukuk.com\/wp-content\/uploads\/2020\/02\/Next-Level.jpg","type":"image\/jpeg"}],"twitter_card":"summary_large_image","twitter_site":"@BicakHukuk","twitter_misc":{"Est. reading time":"1 minute"},"schema":{"@context":"https:\/\/schema.org","@graph":[{"@type":"WebPage","@id":"https:\/\/www.bicakhukuk.com\/en\/publications\/articles\/","url":"https:\/\/www.bicakhukuk.com\/en\/publications\/articles\/","name":"Articles | B\u0131\u00e7ak Hukuk","isPartOf":{"@id":"https:\/\/www.bicakhukuk.com\/en\/#website"},"datePublished":"2014-08-04T18:21:31+00:00","dateModified":"2020-06-15T20:26:09+00:00","description":"Legal articles beneficial for law students and lawyers alike simple sentences very easy to read quality of information and insights bullet points Turkey law","breadcrumb":{"@id":"https:\/\/www.bicakhukuk.com\/en\/publications\/articles\/#breadcrumb"},"inLanguage":"en-US","potentialAction":[{"@type":"ReadAction","target":["https:\/\/www.bicakhukuk.com\/en\/publications\/articles\/"]}]},{"@type":"BreadcrumbList","@id":"https:\/\/www.bicakhukuk.com\/en\/publications\/articles\/#breadcrumb","itemListElement":[{"@type":"ListItem","position":1,"name":"Ana sayfa","item":"https:\/\/www.bicakhukuk.com\/en\/"},{"@type":"ListItem","position":2,"name":"Publications","item":"https:\/\/www.bicakhukuk.com\/en\/publications\/"},{"@type":"ListItem","position":3,"name":"Articles"}]},{"@type":"WebSite","@id":"https:\/\/www.bicakhukuk.com\/en\/#website","url":"https:\/\/www.bicakhukuk.com\/en\/","name":"B\u0131\u00e7ak Hukuk","description":"T\u00fcrkiye Merkezli Global Hukuk B\u00fcrosu","publisher":{"@id":"https:\/\/www.bicakhukuk.com\/en\/#organization"},"alternateName":"B\u0131\u00e7ak Hukuk, Ankara Avukat, Ankara Hukuk B\u00fcrosu","potentialAction":[{"@type":"SearchAction","target":{"@type":"EntryPoint","urlTemplate":"https:\/\/www.bicakhukuk.com\/en\/?s={search_term_string}"},"query-input":{"@type":"PropertyValueSpecification","valueRequired":true,"valueName":"search_term_string"}}],"inLanguage":"en-US"},{"@type":["Organization","Place"],"@id":"https:\/\/www.bicakhukuk.com\/en\/#organization","name":"B\u0131\u00e7ak Hukuk | T\u00fcrkiye Merkezli Global Hukuk Firmas\u0131","alternateName":"B\u0131\u00e7ak Hukuk, Ankara Avukat, Ankara Hukuk B\u00fcrosu","url":"https:\/\/www.bicakhukuk.com\/en\/","logo":{"@id":"https:\/\/www.bicakhukuk.com\/en\/publications\/articles\/#local-main-organization-logo"},"image":{"@id":"https:\/\/www.bicakhukuk.com\/en\/publications\/articles\/#local-main-organization-logo"},"sameAs":["https:\/\/www.facebook.com\/bicakhukuk","https:\/\/x.com\/BicakHukuk","https:\/\/www.instagram.com\/bicakhukuk\/","https:\/\/tr.linkedin.com\/company\/b-ak-law-firm","https:\/\/www.youtube.com\/channel\/UCodktEWFyJmIp3i1BH9aM2A\/"],"description":"K\u00fcresel, b\u00f6lgesel ve ulusal \u015firketlere, kurulu\u015flara ve ki\u015filere uzmanl\u0131k alanlar\u0131m\u0131zda uyu\u015fmazl\u0131k \u00f6nleyici hukuk dan\u0131\u015fmanl\u0131\u011f\u0131, uyu\u015fmazl\u0131k \u00e7\u00f6z\u00fcm s\u00fcre\u00e7lerinde ise arabuluculuk, arabuluculukta taraf vekilli\u011fi, mahkemelerde taraf vekilli\u011fi ve avukatl\u0131k, tahkim hakemli\u011fi, tahkimde taraf vekilli\u011fi, hukuki konularda m\u00fctalaa ve hukuki konularda e\u011fitim hizmetleri vermekteyiz. Uluslararas\u0131, b\u00f6lgesel ve ulusal hukuka ili\u015fkin inceleme, ara\u015ft\u0131rma ve tecr\u00fcbeye dayal\u0131 hukuk hizmetlerimizi sunarken teknolojinin imkan sa\u011flad\u0131\u011f\u0131 g\u00f6rsel (video konferans) veya i\u015fitsel (sesli konferans) ileti\u015fim teknolojilerinin elverdi\u011fi t\u00fcm olanaklar\u0131 kullanmaktay\u0131z. Dan\u0131\u015fanlar\u0131m\u0131z veya m\u00fcvekkillerimiz, D\u00fcnyan\u0131n, b\u00f6lgemizin veya \u00fclkemizin neresinde olurlarsa olsunlar hizmetlerimizden uzaktan eri\u015fim yoluyla yararlanabilmektedir. Muhtemel ihtilaflar\u0131 \u00f6nlemek veya en aza indirmek gayesiyle m\u00fcvekkillerimize sundu\u011fumuz dinamik, etkili ve \u00f6nleyici dan\u0131\u015fmanl\u0131k hizmetlerimizin yan\u0131nda, uyu\u015fmazl\u0131k \u00e7\u00f6z\u00fcm s\u00fcre\u00e7lerinde arabuluculuk, tahkim veya mahkemelerde dava takibi hizmetleri de sunmaktay\u0131z. Ba\u015far\u0131n\u0131n s\u0131rr\u0131, do\u011fru bilgiye h\u0131zl\u0131 eri\u015fimdir. M\u00fcvekkil ihtiya\u00e7lar\u0131 tam ve eksiksiz tan\u0131mlayarak y\u00fcksek standartlarda, kaliteli, h\u0131zl\u0131 ve sonu\u00e7 odakl\u0131 esas\u0131na dayanan bir \u00e7al\u0131\u015fma anlay\u0131\u015f\u0131 benimsemi\u015f bulunuyoruz. G\u00fcvenilirlik, itibar, etik de\u011ferler ve kalite standartlar\u0131 gibi unsurlar, vazge\u00e7ilmezlerimiz olu\u015fturur.","legalName":"B\u0131\u00e7ak Hukuk","foundingDate":"2002-01-01","numberOfEmployees":{"@type":"QuantitativeValue","minValue":"1","maxValue":"10"},"address":{"@id":"https:\/\/www.bicakhukuk.com\/en\/publications\/articles\/#local-main-place-address"},"geo":{"@type":"GeoCoordinates","latitude":"39.90985903589262","longitude":"32.81218744448808"},"telephone":["0 (312) 473 39 60","0 (553) 223 32 90"],"openingHoursSpecification":[{"@type":"OpeningHoursSpecification","dayOfWeek":["Monday","Tuesday","Wednesday","Thursday","Friday","Saturday"],"opens":"08:00","closes":"18:00"},{"@type":"OpeningHoursSpecification","dayOfWeek":["Sunday"],"opens":"00:00","closes":"00:00"}],"email":"iletisim@bicakhukuk.com","faxNumber":"0 (312) 473 39 62","areaServed":"Hukuk"},{"@type":"PostalAddress","@id":"https:\/\/www.bicakhukuk.com\/en\/publications\/articles\/#local-main-place-address","streetAddress":"Next Level Loft Ofis, Kat 9-10, Daire 29, K\u0131z\u0131l\u0131rmak Mahallesi, Ufuk \u00dcniversitesi Caddesi S\u00f6\u011f\u00fct\u00f6z\u00fc \/ \u00c7ankaya","addressLocality":"Ankara","postalCode":"06530","addressCountry":"TR"},{"@type":"ImageObject","inLanguage":"en-US","@id":"https:\/\/www.bicakhukuk.com\/en\/publications\/articles\/#local-main-organization-logo","url":"https:\/\/www.bicakhukuk.com\/wp-content\/uploads\/2023\/05\/bicak_hukuk_logo_kare.png","contentUrl":"https:\/\/www.bicakhukuk.com\/wp-content\/uploads\/2023\/05\/bicak_hukuk_logo_kare.png","width":2000,"height":2000,"caption":"B\u0131\u00e7ak Hukuk | T\u00fcrkiye Merkezli Global Hukuk Firmas\u0131"}]},"geo.placename":"Ankara","geo.position":{"lat":"39.90985903589262","long":"32.81218744448808"},"geo.region":"Turkey"},"_links":{"self":[{"href":"https:\/\/www.bicakhukuk.com\/en\/wp-json\/wp\/v2\/pages\/2372","targetHints":{"allow":["GET"]}}],"collection":[{"href":"https:\/\/www.bicakhukuk.com\/en\/wp-json\/wp\/v2\/pages"}],"about":[{"href":"https:\/\/www.bicakhukuk.com\/en\/wp-json\/wp\/v2\/types\/page"}],"author":[{"embeddable":true,"href":"https:\/\/www.bicakhukuk.com\/en\/wp-json\/wp\/v2\/users\/1"}],"replies":[{"embeddable":true,"href":"https:\/\/www.bicakhukuk.com\/en\/wp-json\/wp\/v2\/comments?post=2372"}],"version-history":[{"count":0,"href":"https:\/\/www.bicakhukuk.com\/en\/wp-json\/wp\/v2\/pages\/2372\/revisions"}],"up":[{"embeddable":true,"href":"https:\/\/www.bicakhukuk.com\/en\/wp-json\/wp\/v2\/pages\/2361"}],"wp:attachment":[{"href":"https:\/\/www.bicakhukuk.com\/en\/wp-json\/wp\/v2\/media?parent=2372"}],"curies":[{"name":"wp","href":"https:\/\/api.w.org\/{rel}","templated":true}]}}