{"id":16591,"date":"2020-02-10T21:41:34","date_gmt":"2020-02-10T18:41:34","guid":{"rendered":"https:\/\/www.bicakhukuk.com\/?page_id=16591"},"modified":"2020-10-05T07:29:40","modified_gmt":"2020-10-05T04:29:40","slug":"regional-solution-partners","status":"publish","type":"page","link":"https:\/\/www.bicakhukuk.com\/en\/team\/regional-solution-partners\/","title":{"rendered":"Regional Solution Partners"},"content":{"rendered":"<p style=\"text-align: justify;\"><span style=\"font-family: 'times new roman', times, serif; font-size: 14pt;\">Being a member of regional networks has given our firm a real competitive advantage. Networking benefits members in numerous ways, both tangible and intangible. Our clients will benefit from responsive, consistently high-quality legal representation anywhere in the region. Regional Solution Partners cover a full range of practice areas and provide great depth and breadth of legal excellence. Our attorneys have access to a limited amount of free legal consultation from other Regional Solution Partners. This allows our attorneys to not only tap into domestic and cross-border legal knowledge that is useful in clients\u2019 business and legal challenges, but to do so without additional cost to the client.<\/span><\/p>\n<p style=\"text-align: justify;\"><span style=\"font-family: 'times new roman', times, serif; font-size: 14pt;\">The regional network model gives us access to the best regional local firms in any jurisdiction. Regional local firms that are members of our network are established, with strong reputations in their respective markets, and have a deep understanding of local business customs and culture.<\/span><\/p>\n<p style=\"text-align: justify;\"><span style=\"font-family: 'times new roman', times, serif; font-size: 14pt;\">In 2015 we launched our \u2018International Exchange Program\u2019 in which clusters of member firms exchange younger lawyers for three weeks. This involves a customised professional development programme on local law, business development and client service, meetings with local partners\/practice groups, and much more. This provides participants with a great introduction to other member firms. Since the programme launched in 2015 we have had 39 interns participate.<\/span><\/p>\n","protected":false},"excerpt":{"rendered":"<p>Being a member of regional networks has given our firm a real competitive advantage. Networking benefits members in numerous ways, both tangible and intangible. Our clients will benefit from responsive, consistently high-quality legal representation anywhere in the region. Regional Solution Partners cover a full range of practice areas and provide great depth and breadth of [&hellip;]<\/p>\n","protected":false},"author":1,"featured_media":0,"parent":2330,"menu_order":0,"comment_status":"closed","ping_status":"closed","template":"page-fullwidth.php","meta":{"rs_blank_template":"","rs_page_bg_color":"#ffffff","slide_template_v7":"","footnotes":""},"class_list":["post-16591","page","type-page","status-publish","hentry"],"yoast_head":"<!-- This site is optimized with the Yoast SEO Premium plugin v27.1 (Yoast SEO v27.2) - https:\/\/yoast.com\/product\/yoast-seo-premium-wordpress\/ -->\n<title>Regional Solution Partners | B\u0131\u00e7ak Attorneys at Law<\/title>\n<meta name=\"description\" content=\"developments in technology, cross-border training and cultural awareness regional law firm network model referral network consistency of quality and service\" \/>\n<meta name=\"robots\" content=\"index, follow, max-snippet:-1, max-image-preview:large, max-video-preview:-1\" \/>\n<link rel=\"canonical\" href=\"https:\/\/www.bicakhukuk.com\/en\/team\/regional-solution-partners\/\" \/>\n<meta property=\"og:locale\" content=\"en_US\" \/>\n<meta property=\"og:type\" content=\"article\" \/>\n<meta property=\"og:title\" content=\"Regional Solution Partners\" \/>\n<meta property=\"og:description\" content=\"Being a member of regional networks has given our firm a real competitive advantage. Networking benefits members in numerous ways, both tangible and\" \/>\n<meta property=\"og:url\" content=\"https:\/\/www.bicakhukuk.com\/en\/team\/regional-solution-partners\/\" \/>\n<meta property=\"og:site_name\" content=\"B\u0131\u00e7ak Hukuk\" \/>\n<meta property=\"article:publisher\" content=\"https:\/\/www.facebook.com\/bicakhukuk\" \/>\n<meta property=\"article:modified_time\" content=\"2020-10-05T04:29:40+00:00\" \/>\n<meta property=\"og:image\" content=\"https:\/\/www.bicakhukuk.com\/wp-content\/uploads\/2020\/02\/Next-Level.jpg\" \/>\n\t<meta property=\"og:image:width\" content=\"960\" \/>\n\t<meta property=\"og:image:height\" content=\"540\" \/>\n\t<meta property=\"og:image:type\" content=\"image\/jpeg\" \/>\n<meta name=\"twitter:card\" content=\"summary_large_image\" \/>\n<meta name=\"twitter:site\" content=\"@BicakHukuk\" \/>\n<meta name=\"twitter:label1\" content=\"Est. reading time\" \/>\n\t<meta name=\"twitter:data1\" content=\"1 minute\" \/>\n<script type=\"application\/ld+json\" class=\"yoast-schema-graph\">{\"@context\":\"https:\/\/schema.org\",\"@graph\":[{\"@type\":\"WebPage\",\"@id\":\"https:\/\/www.bicakhukuk.com\/en\/team\/regional-solution-partners\/\",\"url\":\"https:\/\/www.bicakhukuk.com\/en\/team\/regional-solution-partners\/\",\"name\":\"Regional Solution Partners | B\u0131\u00e7ak Attorneys at Law\",\"isPartOf\":{\"@id\":\"https:\/\/www.bicakhukuk.com\/en\/#website\"},\"datePublished\":\"2020-02-10T18:41:34+00:00\",\"dateModified\":\"2020-10-05T04:29:40+00:00\",\"description\":\"developments in technology, cross-border training and cultural awareness regional law firm network model referral network consistency of quality and service\",\"breadcrumb\":{\"@id\":\"https:\/\/www.bicakhukuk.com\/en\/team\/regional-solution-partners\/#breadcrumb\"},\"inLanguage\":\"en-US\",\"potentialAction\":[{\"@type\":\"ReadAction\",\"target\":[\"https:\/\/www.bicakhukuk.com\/en\/team\/regional-solution-partners\/\"]}]},{\"@type\":\"BreadcrumbList\",\"@id\":\"https:\/\/www.bicakhukuk.com\/en\/team\/regional-solution-partners\/#breadcrumb\",\"itemListElement\":[{\"@type\":\"ListItem\",\"position\":1,\"name\":\"Homepage\",\"item\":\"https:\/\/www.bicakhukuk.com\/en\/\"},{\"@type\":\"ListItem\",\"position\":2,\"name\":\"Our Team\",\"item\":\"https:\/\/www.bicakhukuk.com\/en\/team\/\"},{\"@type\":\"ListItem\",\"position\":3,\"name\":\"Regional Solution Partners\"}]},{\"@type\":\"WebSite\",\"@id\":\"https:\/\/www.bicakhukuk.com\/en\/#website\",\"url\":\"https:\/\/www.bicakhukuk.com\/en\/\",\"name\":\"B\u0131\u00e7ak Hukuk\",\"description\":\"T\u00fcrkiye Merkezli Global Hukuk B\u00fcrosu\",\"publisher\":{\"@id\":\"https:\/\/www.bicakhukuk.com\/en\/#organization\"},\"alternateName\":\"B\u0131\u00e7ak Hukuk, Ankara Avukat, Ankara Hukuk B\u00fcrosu\",\"potentialAction\":[{\"@type\":\"SearchAction\",\"target\":{\"@type\":\"EntryPoint\",\"urlTemplate\":\"https:\/\/www.bicakhukuk.com\/en\/?s={search_term_string}\"},\"query-input\":{\"@type\":\"PropertyValueSpecification\",\"valueRequired\":true,\"valueName\":\"search_term_string\"}}],\"inLanguage\":\"en-US\"},{\"@type\":[\"Organization\",\"Place\"],\"@id\":\"https:\/\/www.bicakhukuk.com\/en\/#organization\",\"name\":\"B\u0131\u00e7ak Hukuk | T\u00fcrkiye Merkezli Global Hukuk Firmas\u0131\",\"alternateName\":\"B\u0131\u00e7ak Hukuk, Ankara Avukat, Ankara Hukuk B\u00fcrosu\",\"url\":\"https:\/\/www.bicakhukuk.com\/en\/\",\"logo\":{\"@id\":\"https:\/\/www.bicakhukuk.com\/en\/team\/regional-solution-partners\/#local-main-organization-logo\"},\"image\":{\"@id\":\"https:\/\/www.bicakhukuk.com\/en\/team\/regional-solution-partners\/#local-main-organization-logo\"},\"sameAs\":[\"https:\/\/www.facebook.com\/bicakhukuk\",\"https:\/\/x.com\/BicakHukuk\",\"https:\/\/www.instagram.com\/bicakhukuk\/\",\"https:\/\/tr.linkedin.com\/company\/b-ak-law-firm\",\"https:\/\/www.youtube.com\/channel\/UCodktEWFyJmIp3i1BH9aM2A\/\"],\"description\":\"K\u00fcresel, b\u00f6lgesel ve ulusal \u015firketlere, kurulu\u015flara ve ki\u015filere uzmanl\u0131k alanlar\u0131m\u0131zda uyu\u015fmazl\u0131k \u00f6nleyici hukuk dan\u0131\u015fmanl\u0131\u011f\u0131, uyu\u015fmazl\u0131k \u00e7\u00f6z\u00fcm s\u00fcre\u00e7lerinde ise arabuluculuk, arabuluculukta taraf vekilli\u011fi, mahkemelerde taraf vekilli\u011fi ve avukatl\u0131k, tahkim hakemli\u011fi, tahkimde taraf vekilli\u011fi, hukuki konularda m\u00fctalaa ve hukuki konularda e\u011fitim hizmetleri vermekteyiz. Uluslararas\u0131, b\u00f6lgesel ve ulusal hukuka ili\u015fkin inceleme, ara\u015ft\u0131rma ve tecr\u00fcbeye dayal\u0131 hukuk hizmetlerimizi sunarken teknolojinin imkan sa\u011flad\u0131\u011f\u0131 g\u00f6rsel (video konferans) veya i\u015fitsel (sesli konferans) ileti\u015fim teknolojilerinin elverdi\u011fi t\u00fcm olanaklar\u0131 kullanmaktay\u0131z. Dan\u0131\u015fanlar\u0131m\u0131z veya m\u00fcvekkillerimiz, D\u00fcnyan\u0131n, b\u00f6lgemizin veya \u00fclkemizin neresinde olurlarsa olsunlar hizmetlerimizden uzaktan eri\u015fim yoluyla yararlanabilmektedir. Muhtemel ihtilaflar\u0131 \u00f6nlemek veya en aza indirmek gayesiyle m\u00fcvekkillerimize sundu\u011fumuz dinamik, etkili ve \u00f6nleyici dan\u0131\u015fmanl\u0131k hizmetlerimizin yan\u0131nda, uyu\u015fmazl\u0131k \u00e7\u00f6z\u00fcm s\u00fcre\u00e7lerinde arabuluculuk, tahkim veya mahkemelerde dava takibi hizmetleri de sunmaktay\u0131z. Ba\u015far\u0131n\u0131n s\u0131rr\u0131, do\u011fru bilgiye h\u0131zl\u0131 eri\u015fimdir. M\u00fcvekkil ihtiya\u00e7lar\u0131 tam ve eksiksiz tan\u0131mlayarak y\u00fcksek standartlarda, kaliteli, h\u0131zl\u0131 ve sonu\u00e7 odakl\u0131 esas\u0131na dayanan bir \u00e7al\u0131\u015fma anlay\u0131\u015f\u0131 benimsemi\u015f bulunuyoruz. G\u00fcvenilirlik, itibar, etik de\u011ferler ve kalite standartlar\u0131 gibi unsurlar, vazge\u00e7ilmezlerimiz olu\u015fturur.\",\"legalName\":\"B\u0131\u00e7ak Hukuk\",\"foundingDate\":\"2002-01-01\",\"numberOfEmployees\":{\"@type\":\"QuantitativeValue\",\"minValue\":\"1\",\"maxValue\":\"10\"},\"address\":{\"@id\":\"https:\/\/www.bicakhukuk.com\/en\/team\/regional-solution-partners\/#local-main-place-address\"},\"geo\":{\"@type\":\"GeoCoordinates\",\"latitude\":\"39.90985903589262\",\"longitude\":\"32.81218744448808\"},\"telephone\":[\"0 (312) 473 39 60\",\"0 (553) 223 32 90\"],\"openingHoursSpecification\":[{\"@type\":\"OpeningHoursSpecification\",\"dayOfWeek\":[\"Monday\",\"Tuesday\",\"Wednesday\",\"Thursday\",\"Friday\",\"Saturday\"],\"opens\":\"08:00\",\"closes\":\"18:00\"},{\"@type\":\"OpeningHoursSpecification\",\"dayOfWeek\":[\"Sunday\"],\"opens\":\"00:00\",\"closes\":\"00:00\"}],\"email\":\"iletisim@bicakhukuk.com\",\"faxNumber\":\"0 (312) 473 39 62\",\"areaServed\":\"Hukuk\"},{\"@type\":\"PostalAddress\",\"@id\":\"https:\/\/www.bicakhukuk.com\/en\/team\/regional-solution-partners\/#local-main-place-address\",\"streetAddress\":\"Next Level Loft Ofis, Kat 9-10, Daire 29, K\u0131z\u0131l\u0131rmak Mahallesi, Ufuk \u00dcniversitesi Caddesi S\u00f6\u011f\u00fct\u00f6z\u00fc \/ \u00c7ankaya\",\"addressLocality\":\"Ankara\",\"postalCode\":\"06530\",\"addressCountry\":\"TR\"},{\"@type\":\"ImageObject\",\"inLanguage\":\"en-US\",\"@id\":\"https:\/\/www.bicakhukuk.com\/en\/team\/regional-solution-partners\/#local-main-organization-logo\",\"url\":\"https:\/\/www.bicakhukuk.com\/wp-content\/uploads\/2023\/05\/bicak_hukuk_logo_kare.png\",\"contentUrl\":\"https:\/\/www.bicakhukuk.com\/wp-content\/uploads\/2023\/05\/bicak_hukuk_logo_kare.png\",\"width\":2000,\"height\":2000,\"caption\":\"B\u0131\u00e7ak Hukuk | T\u00fcrkiye Merkezli Global Hukuk Firmas\u0131\"}]}<\/script>\n<meta name=\"geo.placename\" content=\"Ankara\" \/>\n<meta name=\"geo.position\" content=\"39.90985903589262;32.81218744448808\" \/>\n<meta name=\"geo.region\" content=\"Turkey\" \/>\n<!-- \/ Yoast SEO Premium plugin. -->","yoast_head_json":{"title":"Regional Solution Partners | B\u0131\u00e7ak Attorneys at Law","description":"developments in technology, cross-border training and cultural awareness regional law firm network model referral network consistency of quality and service","robots":{"index":"index","follow":"follow","max-snippet":"max-snippet:-1","max-image-preview":"max-image-preview:large","max-video-preview":"max-video-preview:-1"},"canonical":"https:\/\/www.bicakhukuk.com\/en\/team\/regional-solution-partners\/","og_locale":"en_US","og_type":"article","og_title":"Regional Solution Partners","og_description":"Being a member of regional networks has given our firm a real competitive advantage. Networking benefits members in numerous ways, both tangible and","og_url":"https:\/\/www.bicakhukuk.com\/en\/team\/regional-solution-partners\/","og_site_name":"B\u0131\u00e7ak Hukuk","article_publisher":"https:\/\/www.facebook.com\/bicakhukuk","article_modified_time":"2020-10-05T04:29:40+00:00","og_image":[{"width":960,"height":540,"url":"https:\/\/www.bicakhukuk.com\/wp-content\/uploads\/2020\/02\/Next-Level.jpg","type":"image\/jpeg"}],"twitter_card":"summary_large_image","twitter_site":"@BicakHukuk","twitter_misc":{"Est. reading time":"1 minute"},"schema":{"@context":"https:\/\/schema.org","@graph":[{"@type":"WebPage","@id":"https:\/\/www.bicakhukuk.com\/en\/team\/regional-solution-partners\/","url":"https:\/\/www.bicakhukuk.com\/en\/team\/regional-solution-partners\/","name":"Regional Solution Partners | B\u0131\u00e7ak Attorneys at Law","isPartOf":{"@id":"https:\/\/www.bicakhukuk.com\/en\/#website"},"datePublished":"2020-02-10T18:41:34+00:00","dateModified":"2020-10-05T04:29:40+00:00","description":"developments in technology, cross-border training and cultural awareness regional law firm network model referral network consistency of quality and service","breadcrumb":{"@id":"https:\/\/www.bicakhukuk.com\/en\/team\/regional-solution-partners\/#breadcrumb"},"inLanguage":"en-US","potentialAction":[{"@type":"ReadAction","target":["https:\/\/www.bicakhukuk.com\/en\/team\/regional-solution-partners\/"]}]},{"@type":"BreadcrumbList","@id":"https:\/\/www.bicakhukuk.com\/en\/team\/regional-solution-partners\/#breadcrumb","itemListElement":[{"@type":"ListItem","position":1,"name":"Homepage","item":"https:\/\/www.bicakhukuk.com\/en\/"},{"@type":"ListItem","position":2,"name":"Our Team","item":"https:\/\/www.bicakhukuk.com\/en\/team\/"},{"@type":"ListItem","position":3,"name":"Regional Solution Partners"}]},{"@type":"WebSite","@id":"https:\/\/www.bicakhukuk.com\/en\/#website","url":"https:\/\/www.bicakhukuk.com\/en\/","name":"B\u0131\u00e7ak Hukuk","description":"T\u00fcrkiye Merkezli Global Hukuk B\u00fcrosu","publisher":{"@id":"https:\/\/www.bicakhukuk.com\/en\/#organization"},"alternateName":"B\u0131\u00e7ak Hukuk, Ankara Avukat, Ankara Hukuk B\u00fcrosu","potentialAction":[{"@type":"SearchAction","target":{"@type":"EntryPoint","urlTemplate":"https:\/\/www.bicakhukuk.com\/en\/?s={search_term_string}"},"query-input":{"@type":"PropertyValueSpecification","valueRequired":true,"valueName":"search_term_string"}}],"inLanguage":"en-US"},{"@type":["Organization","Place"],"@id":"https:\/\/www.bicakhukuk.com\/en\/#organization","name":"B\u0131\u00e7ak Hukuk | T\u00fcrkiye Merkezli Global Hukuk Firmas\u0131","alternateName":"B\u0131\u00e7ak Hukuk, Ankara Avukat, Ankara Hukuk B\u00fcrosu","url":"https:\/\/www.bicakhukuk.com\/en\/","logo":{"@id":"https:\/\/www.bicakhukuk.com\/en\/team\/regional-solution-partners\/#local-main-organization-logo"},"image":{"@id":"https:\/\/www.bicakhukuk.com\/en\/team\/regional-solution-partners\/#local-main-organization-logo"},"sameAs":["https:\/\/www.facebook.com\/bicakhukuk","https:\/\/x.com\/BicakHukuk","https:\/\/www.instagram.com\/bicakhukuk\/","https:\/\/tr.linkedin.com\/company\/b-ak-law-firm","https:\/\/www.youtube.com\/channel\/UCodktEWFyJmIp3i1BH9aM2A\/"],"description":"K\u00fcresel, b\u00f6lgesel ve ulusal \u015firketlere, kurulu\u015flara ve ki\u015filere uzmanl\u0131k alanlar\u0131m\u0131zda uyu\u015fmazl\u0131k \u00f6nleyici hukuk dan\u0131\u015fmanl\u0131\u011f\u0131, uyu\u015fmazl\u0131k \u00e7\u00f6z\u00fcm s\u00fcre\u00e7lerinde ise arabuluculuk, arabuluculukta taraf vekilli\u011fi, mahkemelerde taraf vekilli\u011fi ve avukatl\u0131k, tahkim hakemli\u011fi, tahkimde taraf vekilli\u011fi, hukuki konularda m\u00fctalaa ve hukuki konularda e\u011fitim hizmetleri vermekteyiz. Uluslararas\u0131, b\u00f6lgesel ve ulusal hukuka ili\u015fkin inceleme, ara\u015ft\u0131rma ve tecr\u00fcbeye dayal\u0131 hukuk hizmetlerimizi sunarken teknolojinin imkan sa\u011flad\u0131\u011f\u0131 g\u00f6rsel (video konferans) veya i\u015fitsel (sesli konferans) ileti\u015fim teknolojilerinin elverdi\u011fi t\u00fcm olanaklar\u0131 kullanmaktay\u0131z. Dan\u0131\u015fanlar\u0131m\u0131z veya m\u00fcvekkillerimiz, D\u00fcnyan\u0131n, b\u00f6lgemizin veya \u00fclkemizin neresinde olurlarsa olsunlar hizmetlerimizden uzaktan eri\u015fim yoluyla yararlanabilmektedir. Muhtemel ihtilaflar\u0131 \u00f6nlemek veya en aza indirmek gayesiyle m\u00fcvekkillerimize sundu\u011fumuz dinamik, etkili ve \u00f6nleyici dan\u0131\u015fmanl\u0131k hizmetlerimizin yan\u0131nda, uyu\u015fmazl\u0131k \u00e7\u00f6z\u00fcm s\u00fcre\u00e7lerinde arabuluculuk, tahkim veya mahkemelerde dava takibi hizmetleri de sunmaktay\u0131z. Ba\u015far\u0131n\u0131n s\u0131rr\u0131, do\u011fru bilgiye h\u0131zl\u0131 eri\u015fimdir. M\u00fcvekkil ihtiya\u00e7lar\u0131 tam ve eksiksiz tan\u0131mlayarak y\u00fcksek standartlarda, kaliteli, h\u0131zl\u0131 ve sonu\u00e7 odakl\u0131 esas\u0131na dayanan bir \u00e7al\u0131\u015fma anlay\u0131\u015f\u0131 benimsemi\u015f bulunuyoruz. G\u00fcvenilirlik, itibar, etik de\u011ferler ve kalite standartlar\u0131 gibi unsurlar, vazge\u00e7ilmezlerimiz olu\u015fturur.","legalName":"B\u0131\u00e7ak Hukuk","foundingDate":"2002-01-01","numberOfEmployees":{"@type":"QuantitativeValue","minValue":"1","maxValue":"10"},"address":{"@id":"https:\/\/www.bicakhukuk.com\/en\/team\/regional-solution-partners\/#local-main-place-address"},"geo":{"@type":"GeoCoordinates","latitude":"39.90985903589262","longitude":"32.81218744448808"},"telephone":["0 (312) 473 39 60","0 (553) 223 32 90"],"openingHoursSpecification":[{"@type":"OpeningHoursSpecification","dayOfWeek":["Monday","Tuesday","Wednesday","Thursday","Friday","Saturday"],"opens":"08:00","closes":"18:00"},{"@type":"OpeningHoursSpecification","dayOfWeek":["Sunday"],"opens":"00:00","closes":"00:00"}],"email":"iletisim@bicakhukuk.com","faxNumber":"0 (312) 473 39 62","areaServed":"Hukuk"},{"@type":"PostalAddress","@id":"https:\/\/www.bicakhukuk.com\/en\/team\/regional-solution-partners\/#local-main-place-address","streetAddress":"Next Level Loft Ofis, Kat 9-10, Daire 29, K\u0131z\u0131l\u0131rmak Mahallesi, Ufuk \u00dcniversitesi Caddesi S\u00f6\u011f\u00fct\u00f6z\u00fc \/ \u00c7ankaya","addressLocality":"Ankara","postalCode":"06530","addressCountry":"TR"},{"@type":"ImageObject","inLanguage":"en-US","@id":"https:\/\/www.bicakhukuk.com\/en\/team\/regional-solution-partners\/#local-main-organization-logo","url":"https:\/\/www.bicakhukuk.com\/wp-content\/uploads\/2023\/05\/bicak_hukuk_logo_kare.png","contentUrl":"https:\/\/www.bicakhukuk.com\/wp-content\/uploads\/2023\/05\/bicak_hukuk_logo_kare.png","width":2000,"height":2000,"caption":"B\u0131\u00e7ak Hukuk | T\u00fcrkiye Merkezli Global Hukuk Firmas\u0131"}]},"geo.placename":"Ankara","geo.position":{"lat":"39.90985903589262","long":"32.81218744448808"},"geo.region":"Turkey"},"_links":{"self":[{"href":"https:\/\/www.bicakhukuk.com\/en\/wp-json\/wp\/v2\/pages\/16591","targetHints":{"allow":["GET"]}}],"collection":[{"href":"https:\/\/www.bicakhukuk.com\/en\/wp-json\/wp\/v2\/pages"}],"about":[{"href":"https:\/\/www.bicakhukuk.com\/en\/wp-json\/wp\/v2\/types\/page"}],"author":[{"embeddable":true,"href":"https:\/\/www.bicakhukuk.com\/en\/wp-json\/wp\/v2\/users\/1"}],"replies":[{"embeddable":true,"href":"https:\/\/www.bicakhukuk.com\/en\/wp-json\/wp\/v2\/comments?post=16591"}],"version-history":[{"count":0,"href":"https:\/\/www.bicakhukuk.com\/en\/wp-json\/wp\/v2\/pages\/16591\/revisions"}],"up":[{"embeddable":true,"href":"https:\/\/www.bicakhukuk.com\/en\/wp-json\/wp\/v2\/pages\/2330"}],"wp:attachment":[{"href":"https:\/\/www.bicakhukuk.com\/en\/wp-json\/wp\/v2\/media?parent=16591"}],"curies":[{"name":"wp","href":"https:\/\/api.w.org\/{rel}","templated":true}]}}