{"id":5773,"date":"2016-05-12T14:19:40","date_gmt":"2016-05-12T11:19:40","guid":{"rendered":"http:\/\/www.bicakhukuk.com\/de\/bicak-hukuk\/faaliyet-alanlarimiz\/yabancilar-goec-hukuku\/"},"modified":"2018-08-08T10:45:58","modified_gmt":"2018-08-08T07:45:58","slug":"yabancilar-hukuku","status":"publish","type":"page","link":"https:\/\/www.bicakhukuk.com\/de\/faaliyet-alanlarimiz\/yabancilar-hukuku\/","title":{"rendered":"Ausl\u00e4nder Recht"},"content":{"rendered":"<p style=\"text-align: justify; line-height: 150%;\"><span style=\"font-size: 14pt;\">T\u00fcrkiye\u2019ye \u00e7e\u015fitli ama\u00e7larla gelmek isteyen yabanc\u0131lar ile halen T\u00fcrkiye\u2019de bulunan yabanc\u0131lar\u0131n yerine getirmek zorunda olduklar\u0131 hususlar\u0131 kolayla\u015ft\u0131rmak, kendilerine tan\u0131nan haklar\u0131ndan eksiksiz yararlanabilmelerini sa\u011flamak i\u00e7in rehberlik etmek ve T\u00fcrkiye\u2019nin bu alandaki hizmetlerinin iyile\u015ftirilmesine katk\u0131da bulunmak amac\u0131yla B\u0131\u00e7ak Hukuk b\u00fcrosu olarak y\u00fcr\u00fctmekte oldu\u011fumuz hizmetlere yabanc\u0131lar alan\u0131ndaki dan\u0131\u015fmanl\u0131k ve hukuki yard\u0131m konular\u0131n\u0131 da eklemi\u015f bulunmaktay\u0131z.<\/span><\/p>\n<p style=\"text-align: justify;\"><span style=\"font-size: 14pt;\">\u00dclkemize gelip yerle\u015fen bir s\u0131\u011f\u0131nmac\u0131, \u00fclkemizde yat\u0131r\u0131m yapmak isteyen yabanc\u0131 bir i\u015fadam\u0131 ya da \u00fclkemizde ta\u015f\u0131nmaz sat\u0131n almak isteyen bir yabanc\u0131 olarak ihtiya\u00e7 duyaca\u011f\u0131n\u0131z her t\u00fcrl\u00fc hukuki hizmeti gerek T\u00fcrk\u00e7e gerek yabanc\u0131 dilde deneyimli ve g\u00fc\u00e7l\u00fc bir kadroyla sunmaya haz\u0131r\u0131z.<\/span><\/p>\n<p style=\"text-align: justify;\"><span style=\"font-size: 14pt;\">Bug\u00fcn \u201cyabanc\u0131lar hukuku\u201d olarak bilinen hukuk dal\u0131n\u0131n temel konusunu, yabanc\u0131lar\u0131n vatanda\u015f kar\u015f\u0131s\u0131nda s\u0131n\u0131rland\u0131r\u0131lan haklar\u0131n\u0131n ortaya konulmas\u0131 ve bunlar\u0131n korunmas\u0131yla ilgili hususlar olu\u015fturmaktad\u0131r.<\/span><\/p>\n<p style=\"text-align: justify;\"><span style=\"font-size: 14pt;\">Vatanda\u015f olma ya da olmaman\u0131n etkileri en fazla insanlar\u0131n vatanda\u015f\u0131 olmad\u0131klar\u0131 \u00fclkelere seyahat ettiklerinde, o \u00fclkelerde kalmak, \u00e7al\u0131\u015fmak, \u00f6\u011frenim g\u00f6rmek yahut oraya yerle\u015fmek istediklerinde hissedilmektedir. Seyahat edilecek \u00fclkenin yabanc\u0131lar i\u00e7in uygulad\u0131\u011f\u0131 kurallar\u0131n tamam\u0131na h\u00e2kim olmak, g\u00fcn\u00fcm\u00fcz\u00fcn ileti\u015fim olanaklar\u0131yla bile m\u00fcmk\u00fcn de\u011fildir. \u00c7\u00fcnk\u00fc kuralar\u0131n bilinmeyen ayr\u0131nt\u0131lar\u0131 ve uygulama farkl\u0131l\u0131klar\u0131 ciddi sorunlar do\u011furabilmektedir.<\/span><\/p>\n<p style=\"text-align: justify;\"><span style=\"font-size: 14pt;\">\u00d6te yandan, yabanc\u0131lar\u0131n hukuki durumu vatanda\u015flara g\u00f6re daha k\u0131r\u0131lgan bir yap\u0131dad\u0131r. Hukuken bir \u00fclkeye ba\u011fl\u0131l\u0131\u011f\u0131 ifade eden vatanda\u015fl\u0131k, t\u00fcm devletlerin anayasalar\u0131yla teminat alt\u0131na ald\u0131\u011f\u0131 haklar getirirken, yabanc\u0131lar i\u00e7in bir \u00fclkenin imk\u00e2nlar\u0131ndan yararlanabilmek \u00f6nceden belirlenmi\u015f \u015fartlar\u0131n sa\u011flanmas\u0131na ba\u011fl\u0131d\u0131r. Vatanda\u015f olman\u0131n getirdi\u011fi otomatik haklar, yabanc\u0131lar i\u00e7in daha s\u0131n\u0131rl\u0131 kalmaktad\u0131r.<\/span><\/p>\n<p style=\"text-align: justify;\"><span style=\"font-size: 14pt;\">Ayr\u0131ca herkes a\u00e7\u0131s\u0131ndan ge\u00e7erli bir di\u011fer nokta, seyahat edilecek \u00fclkede yerine getirilmesi gereken i\u015flemlerde eksiklik olup olmad\u0131\u011f\u0131 ile yabanc\u0131s\u0131 olduklar\u0131 \u00fclkenin hi\u00e7 bilmedikleri b\u00fcrokrasisinde i\u015flemlerini nas\u0131l y\u00fcr\u00fctecekleriyle ilgili bilinmezlikler ve bunun do\u011furdu\u011fu kayg\u0131lard\u0131r. Kald\u0131 ki bu kayg\u0131lar insanlar\u0131n vatanda\u015f\u0131 oldu\u011fu \u00fclkeden ayr\u0131lacak olman\u0131n ortaya \u00e7\u0131kard\u0131\u011f\u0131 di\u011fer psikolojik etkilerle birle\u015fti\u011finde, seyahat etmenin ve ba\u015fka bir \u00fclkede ya\u015fayacak olman\u0131n heyecan\u0131 yerini endi\u015feye b\u0131rakabilmektedir.<\/span><\/p>\n<p style=\"text-align: justify;\"><span style=\"font-size: 14pt;\">Her alanda oldu\u011fu gibi yabanc\u0131lar hukuku sahas\u0131nda da g\u00fcn\u00fcn de\u011fi\u015fen \u015fartlar\u0131 ve ortaya \u00e7\u0131kan yeni ihtiya\u00e7lar g\u00f6zetilerek yenilikler yap\u0131lmaktad\u0131r. 11.04.2014 tarihinde y\u00fcr\u00fcrl\u00fc\u011fe giren 6458 say\u0131l\u0131 Yabanc\u0131lar ve Uluslararas\u0131 Koruma Kanunuyla T\u00fcrkiye\u2019ye giri\u015f, T\u00fcrkiye\u2019de k\u0131sa ya da uzun s\u00fcreli kal\u0131\u015f,\u00a0 \u00f6\u011frenim, kalma izninin iptali, idarenin i\u015flemlerine kar\u015f\u0131 etkin itiraz mekanizmalar\u0131n\u0131n kurulmas\u0131 gibi konular, 6735 say\u0131l\u0131 Uluslararas\u0131 \u0130\u015fg\u00fcc\u00fc Kanunuyla da yabanc\u0131lar\u0131n T\u00fcrkiye\u2019deki \u00e7al\u0131\u015fma izni usul ve esaslar\u0131 belirlenmi\u015f, buna ba\u011fl\u0131 olarak ilgili di\u011fer kanunlarda d\u00fczenlemeler yap\u0131lm\u0131\u015ft\u0131r. Bunun yan\u0131 s\u0131ra yabanc\u0131lar\u0131n T\u00fcrkiye\u2019de ta\u015f\u0131nmaz edinme taleplerinin de\u011ferlendirilmesinde de yeni d\u00fczenlemeler devreye sokulmu\u015ftur.<\/span><\/p>\n<p style=\"text-align: justify;\"><span style=\"font-size: 14pt;\">G\u00fcn\u00fcn geli\u015fen \u015fartlar\u0131na ve ortaya \u00e7\u0131kan ihtiya\u00e7lara ba\u011fl\u0131 olarak, sundu\u011fumuz hizmet yelpazesini geni\u015fletmenin zorunlu hale geldi\u011fini bilmenizi isteriz.<\/span><\/p>\n<p><a href=\"https:\/\/www.bicakhukuk.com\/foreigners\/e-katalog\/\" target=\"_blank\" rel=\"noopener\"><img decoding=\"async\" class=\"wp-image-11681 aligncenter\" src=\"https:\/\/www.bicakhukuk.com\/wp-content\/uploads\/2018\/02\/ekatalog-1.png\" alt=\"\" width=\"415\" height=\"118\" srcset=\"https:\/\/www.bicakhukuk.com\/wp-content\/uploads\/2018\/02\/ekatalog-1.png 637w, https:\/\/www.bicakhukuk.com\/wp-content\/uploads\/2018\/02\/ekatalog-1-300x85.png 300w\" sizes=\"(max-width: 415px) 100vw, 415px\" \/><\/a><\/p>\n<p>[embeddoc url=&#8220;https:\/\/www.bicakhukuk.com\/wp-content\/uploads\/2018\/02\/Yabanc\u0131lar-Hukuku-TR-K.pdf&#8220; height=&#8220;1100px&#8220; download=&#8220;all&#8220; viewer=&#8220;google&#8220; ]<\/p>\n<p>&nbsp;<\/p>\n","protected":false},"excerpt":{"rendered":"<p>T\u00fcrkiye\u2019ye \u00e7e\u015fitli ama\u00e7larla gelmek isteyen yabanc\u0131lar ile halen T\u00fcrkiye\u2019de bulunan yabanc\u0131lar\u0131n yerine getirmek zorunda olduklar\u0131 hususlar\u0131 kolayla\u015ft\u0131rmak, kendilerine tan\u0131nan haklar\u0131ndan eksiksiz yararlanabilmelerini sa\u011flamak i\u00e7in rehberlik etmek ve T\u00fcrkiye\u2019nin bu alandaki hizmetlerinin iyile\u015ftirilmesine katk\u0131da bulunmak amac\u0131yla B\u0131\u00e7ak Hukuk b\u00fcrosu olarak y\u00fcr\u00fctmekte oldu\u011fumuz hizmetlere yabanc\u0131lar alan\u0131ndaki dan\u0131\u015fmanl\u0131k ve hukuki yard\u0131m konular\u0131n\u0131 da eklemi\u015f bulunmaktay\u0131z. \u00dclkemize gelip yerle\u015fen [&hellip;]<\/p>\n","protected":false},"author":1,"featured_media":11726,"parent":3010,"menu_order":0,"comment_status":"open","ping_status":"open","template":"page-sidebar-right.php","meta":{"rs_blank_template":"","rs_page_bg_color":"","slide_template_v7":"","footnotes":""},"class_list":["post-5773","page","type-page","status-publish","has-post-thumbnail","hentry"],"yoast_head":"<!-- This site is optimized with the Yoast SEO Premium plugin v27.1 (Yoast SEO v27.3) - https:\/\/yoast.com\/product\/yoast-seo-premium-wordpress\/ -->\n<title>Ausl\u00e4nder Recht | B\u0131\u00e7ak Hukuk<\/title>\n<meta name=\"description\" content=\"B\u00fcromuz, yabanc\u0131lar ve g\u00f6\u00e7 hukuku sahas\u0131nda kaydedilen yeni geli\u015fmelere uygun olarak hukuk hizmeti sunmaktad\u0131r.\" \/>\n<meta name=\"robots\" content=\"index, follow, max-snippet:-1, max-image-preview:large, max-video-preview:-1\" \/>\n<link rel=\"canonical\" href=\"https:\/\/www.bicakhukuk.com\/de\/faaliyet-alanlarimiz\/yabancilar-hukuku\/\" \/>\n<meta property=\"og:locale\" content=\"de_DE\" \/>\n<meta property=\"og:type\" content=\"article\" \/>\n<meta property=\"og:title\" content=\"Ausl\u00e4nder Recht\" \/>\n<meta property=\"og:description\" content=\"T\u00fcrkiye\u2019ye \u00e7e\u015fitli ama\u00e7larla gelmek isteyen yabanc\u0131lar ile halen T\u00fcrkiye\u2019de bulunan yabanc\u0131lar\u0131n yerine getirmek zorunda olduklar\u0131 hususlar\u0131\" \/>\n<meta property=\"og:url\" content=\"https:\/\/www.bicakhukuk.com\/de\/faaliyet-alanlarimiz\/yabancilar-hukuku\/\" \/>\n<meta property=\"og:site_name\" content=\"B\u0131\u00e7ak Hukuk\" \/>\n<meta property=\"article:publisher\" content=\"https:\/\/www.facebook.com\/bicakhukuk\" \/>\n<meta property=\"article:modified_time\" content=\"2018-08-08T07:45:58+00:00\" \/>\n<meta property=\"og:image\" content=\"https:\/\/www.bicakhukuk.com\/wp-content\/uploads\/2018\/02\/world-people-715x400.jpg\" \/>\n\t<meta property=\"og:image:width\" content=\"715\" \/>\n\t<meta property=\"og:image:height\" content=\"400\" \/>\n\t<meta property=\"og:image:type\" content=\"image\/jpeg\" \/>\n<meta name=\"twitter:card\" content=\"summary_large_image\" \/>\n<meta name=\"twitter:site\" content=\"@BicakHukuk\" \/>\n<meta name=\"twitter:label1\" content=\"Gesch\u00e4tzte Lesezeit\" \/>\n\t<meta name=\"twitter:data1\" content=\"3\u00a0Minuten\" \/>\n<script type=\"application\/ld+json\" class=\"yoast-schema-graph\">{\"@context\":\"https:\\\/\\\/schema.org\",\"@graph\":[{\"@type\":\"WebPage\",\"@id\":\"https:\\\/\\\/www.bicakhukuk.com\\\/de\\\/faaliyet-alanlarimiz\\\/yabancilar-hukuku\\\/\",\"url\":\"https:\\\/\\\/www.bicakhukuk.com\\\/de\\\/faaliyet-alanlarimiz\\\/yabancilar-hukuku\\\/\",\"name\":\"Ausl\u00e4nder Recht | B\u0131\u00e7ak Hukuk\",\"isPartOf\":{\"@id\":\"https:\\\/\\\/www.bicakhukuk.com\\\/de\\\/#website\"},\"primaryImageOfPage\":{\"@id\":\"https:\\\/\\\/www.bicakhukuk.com\\\/de\\\/faaliyet-alanlarimiz\\\/yabancilar-hukuku\\\/#primaryimage\"},\"image\":{\"@id\":\"https:\\\/\\\/www.bicakhukuk.com\\\/de\\\/faaliyet-alanlarimiz\\\/yabancilar-hukuku\\\/#primaryimage\"},\"thumbnailUrl\":\"https:\\\/\\\/www.bicakhukuk.com\\\/wp-content\\\/uploads\\\/2018\\\/02\\\/world-people-715x400.jpg\",\"datePublished\":\"2016-05-12T11:19:40+00:00\",\"dateModified\":\"2018-08-08T07:45:58+00:00\",\"description\":\"B\u00fcromuz, yabanc\u0131lar ve g\u00f6\u00e7 hukuku sahas\u0131nda kaydedilen yeni geli\u015fmelere uygun olarak hukuk hizmeti sunmaktad\u0131r.\",\"breadcrumb\":{\"@id\":\"https:\\\/\\\/www.bicakhukuk.com\\\/de\\\/faaliyet-alanlarimiz\\\/yabancilar-hukuku\\\/#breadcrumb\"},\"inLanguage\":\"de\",\"potentialAction\":[{\"@type\":\"ReadAction\",\"target\":[\"https:\\\/\\\/www.bicakhukuk.com\\\/de\\\/faaliyet-alanlarimiz\\\/yabancilar-hukuku\\\/\"]}]},{\"@type\":\"ImageObject\",\"inLanguage\":\"de\",\"@id\":\"https:\\\/\\\/www.bicakhukuk.com\\\/de\\\/faaliyet-alanlarimiz\\\/yabancilar-hukuku\\\/#primaryimage\",\"url\":\"https:\\\/\\\/www.bicakhukuk.com\\\/wp-content\\\/uploads\\\/2018\\\/02\\\/world-people-715x400.jpg\",\"contentUrl\":\"https:\\\/\\\/www.bicakhukuk.com\\\/wp-content\\\/uploads\\\/2018\\\/02\\\/world-people-715x400.jpg\",\"width\":715,\"height\":400},{\"@type\":\"BreadcrumbList\",\"@id\":\"https:\\\/\\\/www.bicakhukuk.com\\\/de\\\/faaliyet-alanlarimiz\\\/yabancilar-hukuku\\\/#breadcrumb\",\"itemListElement\":[{\"@type\":\"ListItem\",\"position\":1,\"name\":\"Ana sayfa\",\"item\":\"https:\\\/\\\/www.bicakhukuk.com\\\/de\\\/\"},{\"@type\":\"ListItem\",\"position\":2,\"name\":\"Aktivitaetsbereiche\",\"item\":\"https:\\\/\\\/www.bicakhukuk.com\\\/de\\\/faaliyet-alanlarimiz\\\/\"},{\"@type\":\"ListItem\",\"position\":3,\"name\":\"Ausl\u00e4nder Recht\"}]},{\"@type\":\"WebSite\",\"@id\":\"https:\\\/\\\/www.bicakhukuk.com\\\/de\\\/#website\",\"url\":\"https:\\\/\\\/www.bicakhukuk.com\\\/de\\\/\",\"name\":\"B\u0131\u00e7ak Hukuk\",\"description\":\"T\u00fcrkiye Merkezli Global Hukuk B\u00fcrosu\",\"publisher\":{\"@id\":\"https:\\\/\\\/www.bicakhukuk.com\\\/de\\\/#organization\"},\"alternateName\":\"B\u0131\u00e7ak Hukuk, Ankara Avukat, Ankara Hukuk B\u00fcrosu\",\"potentialAction\":[{\"@type\":\"SearchAction\",\"target\":{\"@type\":\"EntryPoint\",\"urlTemplate\":\"https:\\\/\\\/www.bicakhukuk.com\\\/de\\\/?s={search_term_string}\"},\"query-input\":{\"@type\":\"PropertyValueSpecification\",\"valueRequired\":true,\"valueName\":\"search_term_string\"}}],\"inLanguage\":\"de\"},{\"@type\":[\"Organization\",\"Place\"],\"@id\":\"https:\\\/\\\/www.bicakhukuk.com\\\/de\\\/#organization\",\"name\":\"B\u0131\u00e7ak Hukuk | T\u00fcrkiye Merkezli Global Hukuk Firmas\u0131\",\"alternateName\":\"B\u0131\u00e7ak Hukuk, Ankara Avukat, Ankara Hukuk B\u00fcrosu\",\"url\":\"https:\\\/\\\/www.bicakhukuk.com\\\/de\\\/\",\"logo\":{\"@id\":\"https:\\\/\\\/www.bicakhukuk.com\\\/de\\\/faaliyet-alanlarimiz\\\/yabancilar-hukuku\\\/#local-main-organization-logo\"},\"image\":{\"@id\":\"https:\\\/\\\/www.bicakhukuk.com\\\/de\\\/faaliyet-alanlarimiz\\\/yabancilar-hukuku\\\/#local-main-organization-logo\"},\"sameAs\":[\"https:\\\/\\\/www.facebook.com\\\/bicakhukuk\",\"https:\\\/\\\/x.com\\\/BicakHukuk\",\"https:\\\/\\\/www.instagram.com\\\/bicakhukuk\\\/\",\"https:\\\/\\\/tr.linkedin.com\\\/company\\\/b-ak-law-firm\",\"https:\\\/\\\/www.youtube.com\\\/channel\\\/UCodktEWFyJmIp3i1BH9aM2A\\\/\"],\"description\":\"K\u00fcresel, b\u00f6lgesel ve ulusal \u015firketlere, kurulu\u015flara ve ki\u015filere uzmanl\u0131k alanlar\u0131m\u0131zda uyu\u015fmazl\u0131k \u00f6nleyici hukuk dan\u0131\u015fmanl\u0131\u011f\u0131, uyu\u015fmazl\u0131k \u00e7\u00f6z\u00fcm s\u00fcre\u00e7lerinde ise arabuluculuk, arabuluculukta taraf vekilli\u011fi, mahkemelerde taraf vekilli\u011fi ve avukatl\u0131k, tahkim hakemli\u011fi, tahkimde taraf vekilli\u011fi, hukuki konularda m\u00fctalaa ve hukuki konularda e\u011fitim hizmetleri vermekteyiz. Uluslararas\u0131, b\u00f6lgesel ve ulusal hukuka ili\u015fkin inceleme, ara\u015ft\u0131rma ve tecr\u00fcbeye dayal\u0131 hukuk hizmetlerimizi sunarken teknolojinin imkan sa\u011flad\u0131\u011f\u0131 g\u00f6rsel (video konferans) veya i\u015fitsel (sesli konferans) ileti\u015fim teknolojilerinin elverdi\u011fi t\u00fcm olanaklar\u0131 kullanmaktay\u0131z. Dan\u0131\u015fanlar\u0131m\u0131z veya m\u00fcvekkillerimiz, D\u00fcnyan\u0131n, b\u00f6lgemizin veya \u00fclkemizin neresinde olurlarsa olsunlar hizmetlerimizden uzaktan eri\u015fim yoluyla yararlanabilmektedir. Muhtemel ihtilaflar\u0131 \u00f6nlemek veya en aza indirmek gayesiyle m\u00fcvekkillerimize sundu\u011fumuz dinamik, etkili ve \u00f6nleyici dan\u0131\u015fmanl\u0131k hizmetlerimizin yan\u0131nda, uyu\u015fmazl\u0131k \u00e7\u00f6z\u00fcm s\u00fcre\u00e7lerinde arabuluculuk, tahkim veya mahkemelerde dava takibi hizmetleri de sunmaktay\u0131z. Ba\u015far\u0131n\u0131n s\u0131rr\u0131, do\u011fru bilgiye h\u0131zl\u0131 eri\u015fimdir. M\u00fcvekkil ihtiya\u00e7lar\u0131 tam ve eksiksiz tan\u0131mlayarak y\u00fcksek standartlarda, kaliteli, h\u0131zl\u0131 ve sonu\u00e7 odakl\u0131 esas\u0131na dayanan bir \u00e7al\u0131\u015fma anlay\u0131\u015f\u0131 benimsemi\u015f bulunuyoruz. G\u00fcvenilirlik, itibar, etik de\u011ferler ve kalite standartlar\u0131 gibi unsurlar, vazge\u00e7ilmezlerimiz olu\u015fturur.\",\"legalName\":\"B\u0131\u00e7ak Hukuk\",\"foundingDate\":\"2002-01-01\",\"numberOfEmployees\":{\"@type\":\"QuantitativeValue\",\"minValue\":\"1\",\"maxValue\":\"10\"},\"address\":{\"@id\":\"https:\\\/\\\/www.bicakhukuk.com\\\/de\\\/faaliyet-alanlarimiz\\\/yabancilar-hukuku\\\/#local-main-place-address\"},\"geo\":{\"@type\":\"GeoCoordinates\",\"latitude\":\"39.90985903589262\",\"longitude\":\"32.81218744448808\"},\"telephone\":[\"0 (312) 473 39 60\",\"0 (553) 223 32 90\"],\"openingHoursSpecification\":[{\"@type\":\"OpeningHoursSpecification\",\"dayOfWeek\":[\"Monday\",\"Tuesday\",\"Wednesday\",\"Thursday\",\"Friday\",\"Saturday\"],\"opens\":\"08:00\",\"closes\":\"18:00\"},{\"@type\":\"OpeningHoursSpecification\",\"dayOfWeek\":[\"Sunday\"],\"opens\":\"00:00\",\"closes\":\"00:00\"}],\"email\":\"iletisim@bicakhukuk.com\",\"faxNumber\":\"0 (312) 473 39 62\",\"areaServed\":\"Hukuk\"},{\"@type\":\"PostalAddress\",\"@id\":\"https:\\\/\\\/www.bicakhukuk.com\\\/de\\\/faaliyet-alanlarimiz\\\/yabancilar-hukuku\\\/#local-main-place-address\",\"streetAddress\":\"Next Level Loft Ofis, Kat 9-10, Daire 29, K\u0131z\u0131l\u0131rmak Mahallesi, Ufuk \u00dcniversitesi Caddesi S\u00f6\u011f\u00fct\u00f6z\u00fc \\\/ \u00c7ankaya\",\"addressLocality\":\"Ankara\",\"postalCode\":\"06530\",\"addressCountry\":\"TR\"},{\"@type\":\"ImageObject\",\"inLanguage\":\"de\",\"@id\":\"https:\\\/\\\/www.bicakhukuk.com\\\/de\\\/faaliyet-alanlarimiz\\\/yabancilar-hukuku\\\/#local-main-organization-logo\",\"url\":\"https:\\\/\\\/www.bicakhukuk.com\\\/wp-content\\\/uploads\\\/2023\\\/05\\\/bicak_hukuk_logo_kare.png\",\"contentUrl\":\"https:\\\/\\\/www.bicakhukuk.com\\\/wp-content\\\/uploads\\\/2023\\\/05\\\/bicak_hukuk_logo_kare.png\",\"width\":2000,\"height\":2000,\"caption\":\"B\u0131\u00e7ak Hukuk | T\u00fcrkiye Merkezli Global Hukuk Firmas\u0131\"}]}<\/script>\n<meta name=\"geo.placename\" content=\"Ankara\" \/>\n<meta name=\"geo.position\" content=\"39.90985903589262;32.81218744448808\" \/>\n<meta name=\"geo.region\" content=\"T\u00fcrkei\" \/>\n<!-- \/ Yoast SEO Premium plugin. -->","yoast_head_json":{"title":"Ausl\u00e4nder Recht | B\u0131\u00e7ak Hukuk","description":"B\u00fcromuz, yabanc\u0131lar ve g\u00f6\u00e7 hukuku sahas\u0131nda kaydedilen yeni geli\u015fmelere uygun olarak hukuk hizmeti sunmaktad\u0131r.","robots":{"index":"index","follow":"follow","max-snippet":"max-snippet:-1","max-image-preview":"max-image-preview:large","max-video-preview":"max-video-preview:-1"},"canonical":"https:\/\/www.bicakhukuk.com\/de\/faaliyet-alanlarimiz\/yabancilar-hukuku\/","og_locale":"de_DE","og_type":"article","og_title":"Ausl\u00e4nder Recht","og_description":"T\u00fcrkiye\u2019ye \u00e7e\u015fitli ama\u00e7larla gelmek isteyen yabanc\u0131lar ile halen T\u00fcrkiye\u2019de bulunan yabanc\u0131lar\u0131n yerine getirmek zorunda olduklar\u0131 hususlar\u0131","og_url":"https:\/\/www.bicakhukuk.com\/de\/faaliyet-alanlarimiz\/yabancilar-hukuku\/","og_site_name":"B\u0131\u00e7ak Hukuk","article_publisher":"https:\/\/www.facebook.com\/bicakhukuk","article_modified_time":"2018-08-08T07:45:58+00:00","og_image":[{"width":715,"height":400,"url":"https:\/\/www.bicakhukuk.com\/wp-content\/uploads\/2018\/02\/world-people-715x400.jpg","type":"image\/jpeg"}],"twitter_card":"summary_large_image","twitter_site":"@BicakHukuk","twitter_misc":{"Gesch\u00e4tzte Lesezeit":"3\u00a0Minuten"},"schema":{"@context":"https:\/\/schema.org","@graph":[{"@type":"WebPage","@id":"https:\/\/www.bicakhukuk.com\/de\/faaliyet-alanlarimiz\/yabancilar-hukuku\/","url":"https:\/\/www.bicakhukuk.com\/de\/faaliyet-alanlarimiz\/yabancilar-hukuku\/","name":"Ausl\u00e4nder Recht | B\u0131\u00e7ak Hukuk","isPartOf":{"@id":"https:\/\/www.bicakhukuk.com\/de\/#website"},"primaryImageOfPage":{"@id":"https:\/\/www.bicakhukuk.com\/de\/faaliyet-alanlarimiz\/yabancilar-hukuku\/#primaryimage"},"image":{"@id":"https:\/\/www.bicakhukuk.com\/de\/faaliyet-alanlarimiz\/yabancilar-hukuku\/#primaryimage"},"thumbnailUrl":"https:\/\/www.bicakhukuk.com\/wp-content\/uploads\/2018\/02\/world-people-715x400.jpg","datePublished":"2016-05-12T11:19:40+00:00","dateModified":"2018-08-08T07:45:58+00:00","description":"B\u00fcromuz, yabanc\u0131lar ve g\u00f6\u00e7 hukuku sahas\u0131nda kaydedilen yeni geli\u015fmelere uygun olarak hukuk hizmeti sunmaktad\u0131r.","breadcrumb":{"@id":"https:\/\/www.bicakhukuk.com\/de\/faaliyet-alanlarimiz\/yabancilar-hukuku\/#breadcrumb"},"inLanguage":"de","potentialAction":[{"@type":"ReadAction","target":["https:\/\/www.bicakhukuk.com\/de\/faaliyet-alanlarimiz\/yabancilar-hukuku\/"]}]},{"@type":"ImageObject","inLanguage":"de","@id":"https:\/\/www.bicakhukuk.com\/de\/faaliyet-alanlarimiz\/yabancilar-hukuku\/#primaryimage","url":"https:\/\/www.bicakhukuk.com\/wp-content\/uploads\/2018\/02\/world-people-715x400.jpg","contentUrl":"https:\/\/www.bicakhukuk.com\/wp-content\/uploads\/2018\/02\/world-people-715x400.jpg","width":715,"height":400},{"@type":"BreadcrumbList","@id":"https:\/\/www.bicakhukuk.com\/de\/faaliyet-alanlarimiz\/yabancilar-hukuku\/#breadcrumb","itemListElement":[{"@type":"ListItem","position":1,"name":"Ana sayfa","item":"https:\/\/www.bicakhukuk.com\/de\/"},{"@type":"ListItem","position":2,"name":"Aktivitaetsbereiche","item":"https:\/\/www.bicakhukuk.com\/de\/faaliyet-alanlarimiz\/"},{"@type":"ListItem","position":3,"name":"Ausl\u00e4nder Recht"}]},{"@type":"WebSite","@id":"https:\/\/www.bicakhukuk.com\/de\/#website","url":"https:\/\/www.bicakhukuk.com\/de\/","name":"B\u0131\u00e7ak Hukuk","description":"T\u00fcrkiye Merkezli Global Hukuk B\u00fcrosu","publisher":{"@id":"https:\/\/www.bicakhukuk.com\/de\/#organization"},"alternateName":"B\u0131\u00e7ak Hukuk, Ankara Avukat, Ankara Hukuk B\u00fcrosu","potentialAction":[{"@type":"SearchAction","target":{"@type":"EntryPoint","urlTemplate":"https:\/\/www.bicakhukuk.com\/de\/?s={search_term_string}"},"query-input":{"@type":"PropertyValueSpecification","valueRequired":true,"valueName":"search_term_string"}}],"inLanguage":"de"},{"@type":["Organization","Place"],"@id":"https:\/\/www.bicakhukuk.com\/de\/#organization","name":"B\u0131\u00e7ak Hukuk | T\u00fcrkiye Merkezli Global Hukuk Firmas\u0131","alternateName":"B\u0131\u00e7ak Hukuk, Ankara Avukat, Ankara Hukuk B\u00fcrosu","url":"https:\/\/www.bicakhukuk.com\/de\/","logo":{"@id":"https:\/\/www.bicakhukuk.com\/de\/faaliyet-alanlarimiz\/yabancilar-hukuku\/#local-main-organization-logo"},"image":{"@id":"https:\/\/www.bicakhukuk.com\/de\/faaliyet-alanlarimiz\/yabancilar-hukuku\/#local-main-organization-logo"},"sameAs":["https:\/\/www.facebook.com\/bicakhukuk","https:\/\/x.com\/BicakHukuk","https:\/\/www.instagram.com\/bicakhukuk\/","https:\/\/tr.linkedin.com\/company\/b-ak-law-firm","https:\/\/www.youtube.com\/channel\/UCodktEWFyJmIp3i1BH9aM2A\/"],"description":"K\u00fcresel, b\u00f6lgesel ve ulusal \u015firketlere, kurulu\u015flara ve ki\u015filere uzmanl\u0131k alanlar\u0131m\u0131zda uyu\u015fmazl\u0131k \u00f6nleyici hukuk dan\u0131\u015fmanl\u0131\u011f\u0131, uyu\u015fmazl\u0131k \u00e7\u00f6z\u00fcm s\u00fcre\u00e7lerinde ise arabuluculuk, arabuluculukta taraf vekilli\u011fi, mahkemelerde taraf vekilli\u011fi ve avukatl\u0131k, tahkim hakemli\u011fi, tahkimde taraf vekilli\u011fi, hukuki konularda m\u00fctalaa ve hukuki konularda e\u011fitim hizmetleri vermekteyiz. Uluslararas\u0131, b\u00f6lgesel ve ulusal hukuka ili\u015fkin inceleme, ara\u015ft\u0131rma ve tecr\u00fcbeye dayal\u0131 hukuk hizmetlerimizi sunarken teknolojinin imkan sa\u011flad\u0131\u011f\u0131 g\u00f6rsel (video konferans) veya i\u015fitsel (sesli konferans) ileti\u015fim teknolojilerinin elverdi\u011fi t\u00fcm olanaklar\u0131 kullanmaktay\u0131z. Dan\u0131\u015fanlar\u0131m\u0131z veya m\u00fcvekkillerimiz, D\u00fcnyan\u0131n, b\u00f6lgemizin veya \u00fclkemizin neresinde olurlarsa olsunlar hizmetlerimizden uzaktan eri\u015fim yoluyla yararlanabilmektedir. Muhtemel ihtilaflar\u0131 \u00f6nlemek veya en aza indirmek gayesiyle m\u00fcvekkillerimize sundu\u011fumuz dinamik, etkili ve \u00f6nleyici dan\u0131\u015fmanl\u0131k hizmetlerimizin yan\u0131nda, uyu\u015fmazl\u0131k \u00e7\u00f6z\u00fcm s\u00fcre\u00e7lerinde arabuluculuk, tahkim veya mahkemelerde dava takibi hizmetleri de sunmaktay\u0131z. Ba\u015far\u0131n\u0131n s\u0131rr\u0131, do\u011fru bilgiye h\u0131zl\u0131 eri\u015fimdir. M\u00fcvekkil ihtiya\u00e7lar\u0131 tam ve eksiksiz tan\u0131mlayarak y\u00fcksek standartlarda, kaliteli, h\u0131zl\u0131 ve sonu\u00e7 odakl\u0131 esas\u0131na dayanan bir \u00e7al\u0131\u015fma anlay\u0131\u015f\u0131 benimsemi\u015f bulunuyoruz. G\u00fcvenilirlik, itibar, etik de\u011ferler ve kalite standartlar\u0131 gibi unsurlar, vazge\u00e7ilmezlerimiz olu\u015fturur.","legalName":"B\u0131\u00e7ak Hukuk","foundingDate":"2002-01-01","numberOfEmployees":{"@type":"QuantitativeValue","minValue":"1","maxValue":"10"},"address":{"@id":"https:\/\/www.bicakhukuk.com\/de\/faaliyet-alanlarimiz\/yabancilar-hukuku\/#local-main-place-address"},"geo":{"@type":"GeoCoordinates","latitude":"39.90985903589262","longitude":"32.81218744448808"},"telephone":["0 (312) 473 39 60","0 (553) 223 32 90"],"openingHoursSpecification":[{"@type":"OpeningHoursSpecification","dayOfWeek":["Monday","Tuesday","Wednesday","Thursday","Friday","Saturday"],"opens":"08:00","closes":"18:00"},{"@type":"OpeningHoursSpecification","dayOfWeek":["Sunday"],"opens":"00:00","closes":"00:00"}],"email":"iletisim@bicakhukuk.com","faxNumber":"0 (312) 473 39 62","areaServed":"Hukuk"},{"@type":"PostalAddress","@id":"https:\/\/www.bicakhukuk.com\/de\/faaliyet-alanlarimiz\/yabancilar-hukuku\/#local-main-place-address","streetAddress":"Next Level Loft Ofis, Kat 9-10, Daire 29, K\u0131z\u0131l\u0131rmak Mahallesi, Ufuk \u00dcniversitesi Caddesi S\u00f6\u011f\u00fct\u00f6z\u00fc \/ \u00c7ankaya","addressLocality":"Ankara","postalCode":"06530","addressCountry":"TR"},{"@type":"ImageObject","inLanguage":"de","@id":"https:\/\/www.bicakhukuk.com\/de\/faaliyet-alanlarimiz\/yabancilar-hukuku\/#local-main-organization-logo","url":"https:\/\/www.bicakhukuk.com\/wp-content\/uploads\/2023\/05\/bicak_hukuk_logo_kare.png","contentUrl":"https:\/\/www.bicakhukuk.com\/wp-content\/uploads\/2023\/05\/bicak_hukuk_logo_kare.png","width":2000,"height":2000,"caption":"B\u0131\u00e7ak Hukuk | T\u00fcrkiye Merkezli Global Hukuk Firmas\u0131"}]},"geo.placename":"Ankara","geo.position":{"lat":"39.90985903589262","long":"32.81218744448808"},"geo.region":"T\u00fcrkei"},"_links":{"self":[{"href":"https:\/\/www.bicakhukuk.com\/de\/wp-json\/wp\/v2\/pages\/5773","targetHints":{"allow":["GET"]}}],"collection":[{"href":"https:\/\/www.bicakhukuk.com\/de\/wp-json\/wp\/v2\/pages"}],"about":[{"href":"https:\/\/www.bicakhukuk.com\/de\/wp-json\/wp\/v2\/types\/page"}],"author":[{"embeddable":true,"href":"https:\/\/www.bicakhukuk.com\/de\/wp-json\/wp\/v2\/users\/1"}],"replies":[{"embeddable":true,"href":"https:\/\/www.bicakhukuk.com\/de\/wp-json\/wp\/v2\/comments?post=5773"}],"version-history":[{"count":0,"href":"https:\/\/www.bicakhukuk.com\/de\/wp-json\/wp\/v2\/pages\/5773\/revisions"}],"up":[{"embeddable":true,"href":"https:\/\/www.bicakhukuk.com\/de\/wp-json\/wp\/v2\/pages\/3010"}],"wp:featuredmedia":[{"embeddable":true,"href":"https:\/\/www.bicakhukuk.com\/de\/wp-json\/wp\/v2\/media\/11726"}],"wp:attachment":[{"href":"https:\/\/www.bicakhukuk.com\/de\/wp-json\/wp\/v2\/media?parent=5773"}],"curies":[{"name":"wp","href":"https:\/\/api.w.org\/{rel}","templated":true}]}}