{"id":3740,"date":"2014-08-30T08:43:18","date_gmt":"2014-08-30T05:43:18","guid":{"rendered":"http:\/\/www.bicakhukuk.com\/arabuluculuk-hizmetleri\/arabuluculuk-nedir\/"},"modified":"2023-05-20T00:11:47","modified_gmt":"2023-05-19T21:11:47","slug":"arabuluculuk-nedir","status":"publish","type":"page","link":"https:\/\/www.bicakhukuk.com\/de\/arabuluculuk-hizmetleri\/arabuluculuk-nedir\/","title":{"rendered":"Arabuluculuk Nedir?"},"content":{"rendered":"<p style=\"text-align: justify;\">&#8211; Arabuluculuk; sistematik teknikler uygulayarak, g\u00f6r\u00fc\u015fmek ve m\u00fczakerelerde bulunmak amac\u0131yla taraflar\u0131 bir araya getiren, onlar\u0131n birbirlerini anlamalar\u0131n\u0131 ve bu suretle \u00e7\u00f6z\u00fcmlerini kendilerinin \u00fcretmesini sa\u011flamak i\u00e7in aralar\u0131nda ileti\u015fim s\u00fcrecinin kurulmas\u0131n\u0131 ger\u00e7ekle\u015ftiren, uzmanl\u0131k e\u011fitimi alm\u0131\u015f olan tarafs\u0131z ve ba\u011f\u0131ms\u0131z bir \u00fc\u00e7\u00fcnc\u00fc ki\u015finin kat\u0131l\u0131m\u0131yla ve ihtiyar\u00ee olarak y\u00fcr\u00fct\u00fclen uyu\u015fmazl\u0131k \u00e7\u00f6z\u00fcm y\u00f6ntemidir.<\/p>\n<p style=\"text-align: justify;\">&#8211; Arabulucu ise; arabuluculuk faaliyetini y\u00fcr\u00fcten ve Bakanl\u0131k\u00e7a d\u00fczenlenen arabulucular siciline kaydedilmi\u015f bulunan ger\u00e7ek ki\u015fidir.<\/p>\n<p style=\"text-align: justify;\">&#8211; Taraflar dava a\u00e7\u0131lmadan \u00f6nce veya davan\u0131n g\u00f6r\u00fclmesi s\u0131ras\u0131nda arabulucuya ba\u015fvurma konusunda anla\u015fabilirler. Mahkeme de taraflar\u0131 arabulucuya ba\u015fvurmak konusunda; arabuluculu\u011fun esaslar\u0131, s\u00fcreci ve hukuki sonu\u00e7lar\u0131 hakk\u0131nda ayd\u0131nlat\u0131p, arabuluculuk yoluyla uyu\u015fmazl\u0131\u011f\u0131n \u00e7\u00f6z\u00fclmesinin sosyal, ekonomik ve psikolojik a\u00e7\u0131dan faydalar\u0131n\u0131n olabilece\u011fini hat\u0131rlatarak onlar\u0131 te\u015fvik edebilir.<\/p>\n","protected":false},"excerpt":{"rendered":"<p>&#8211; Arabuluculuk; sistematik teknikler uygulayarak, g\u00f6r\u00fc\u015fmek ve m\u00fczakerelerde bulunmak amac\u0131yla taraflar\u0131 bir araya getiren, onlar\u0131n birbirlerini anlamalar\u0131n\u0131 ve bu suretle \u00e7\u00f6z\u00fcmlerini kendilerinin \u00fcretmesini sa\u011flamak i\u00e7in aralar\u0131nda ileti\u015fim s\u00fcrecinin kurulmas\u0131n\u0131 ger\u00e7ekle\u015ftiren, uzmanl\u0131k e\u011fitimi alm\u0131\u015f olan tarafs\u0131z ve ba\u011f\u0131ms\u0131z bir \u00fc\u00e7\u00fcnc\u00fc ki\u015finin kat\u0131l\u0131m\u0131yla ve ihtiyar\u00ee olarak y\u00fcr\u00fct\u00fclen uyu\u015fmazl\u0131k \u00e7\u00f6z\u00fcm y\u00f6ntemidir. &#8211; Arabulucu ise; arabuluculuk faaliyetini y\u00fcr\u00fcten ve [&hellip;]<\/p>\n","protected":false},"author":1,"featured_media":0,"parent":3571,"menu_order":0,"comment_status":"closed","ping_status":"open","template":"page-sidebar-right.php","meta":{"rs_blank_template":"","rs_page_bg_color":"","slide_template_v7":"","footnotes":""},"class_list":["post-3740","page","type-page","status-publish","hentry"],"yoast_head":"<!-- This site is optimized with the Yoast SEO Premium plugin v27.1 (Yoast SEO v27.2) - https:\/\/yoast.com\/product\/yoast-seo-premium-wordpress\/ -->\n<title>Arabuluculuk Nedir? | B\u0131\u00e7ak Avukatl\u0131k Ofisi<\/title>\n<meta name=\"description\" content=\"Bankac\u0131l\u0131k, Finans, Sigorta, Ticaret ve \u0130\u015f Hukukundan Kaynakl\u0131 Uyu\u015fmazl\u0131klarda Arabuluculuk daha h\u0131zl\u0131 k\u0131sa s\u00fcrede \u00e7\u00f6z\u00fcm daha ekonomik ve d\u00fc\u015f\u00fck maliyet\" \/>\n<meta name=\"robots\" content=\"index, follow, max-snippet:-1, max-image-preview:large, max-video-preview:-1\" \/>\n<link rel=\"canonical\" href=\"https:\/\/www.bicakhukuk.com\/de\/arabuluculuk-hizmetleri\/arabuluculuk-nedir\/\" \/>\n<meta property=\"og:locale\" content=\"de_DE\" \/>\n<meta property=\"og:type\" content=\"article\" \/>\n<meta property=\"og:title\" content=\"Arabuluculuk Nedir?\" \/>\n<meta property=\"og:description\" content=\"- Arabuluculuk; sistematik teknikler uygulayarak, g\u00f6r\u00fc\u015fmek ve m\u00fczakerelerde bulunmak amac\u0131yla taraflar\u0131 bir araya getiren, onlar\u0131n birbirlerini\" \/>\n<meta property=\"og:url\" content=\"https:\/\/www.bicakhukuk.com\/de\/arabuluculuk-hizmetleri\/arabuluculuk-nedir\/\" \/>\n<meta property=\"og:site_name\" content=\"B\u0131\u00e7ak Hukuk\" \/>\n<meta property=\"article:publisher\" content=\"https:\/\/www.facebook.com\/bicakhukuk\" \/>\n<meta property=\"article:modified_time\" content=\"2023-05-19T21:11:47+00:00\" \/>\n<meta property=\"og:image\" content=\"https:\/\/www.bicakhukuk.com\/wp-content\/uploads\/2020\/02\/Next-Level.jpg\" \/>\n\t<meta property=\"og:image:width\" content=\"960\" \/>\n\t<meta property=\"og:image:height\" content=\"540\" \/>\n\t<meta property=\"og:image:type\" content=\"image\/jpeg\" \/>\n<meta name=\"twitter:card\" content=\"summary_large_image\" \/>\n<meta name=\"twitter:site\" content=\"@BicakHukuk\" \/>\n<meta name=\"twitter:label1\" content=\"Gesch\u00e4tzte Lesezeit\" \/>\n\t<meta name=\"twitter:data1\" content=\"1\u00a0Minute\" \/>\n<script type=\"application\/ld+json\" class=\"yoast-schema-graph\">{\"@context\":\"https:\/\/schema.org\",\"@graph\":[{\"@type\":\"WebPage\",\"@id\":\"https:\/\/www.bicakhukuk.com\/de\/arabuluculuk-hizmetleri\/arabuluculuk-nedir\/\",\"url\":\"https:\/\/www.bicakhukuk.com\/de\/arabuluculuk-hizmetleri\/arabuluculuk-nedir\/\",\"name\":\"Arabuluculuk Nedir? | B\u0131\u00e7ak Avukatl\u0131k Ofisi\",\"isPartOf\":{\"@id\":\"https:\/\/www.bicakhukuk.com\/de\/#website\"},\"datePublished\":\"2014-08-30T05:43:18+00:00\",\"dateModified\":\"2023-05-19T21:11:47+00:00\",\"description\":\"Bankac\u0131l\u0131k, Finans, Sigorta, Ticaret ve \u0130\u015f Hukukundan Kaynakl\u0131 Uyu\u015fmazl\u0131klarda Arabuluculuk daha h\u0131zl\u0131 k\u0131sa s\u00fcrede \u00e7\u00f6z\u00fcm daha ekonomik ve d\u00fc\u015f\u00fck maliyet\",\"breadcrumb\":{\"@id\":\"https:\/\/www.bicakhukuk.com\/de\/arabuluculuk-hizmetleri\/arabuluculuk-nedir\/#breadcrumb\"},\"inLanguage\":\"de\",\"potentialAction\":[{\"@type\":\"ReadAction\",\"target\":[\"https:\/\/www.bicakhukuk.com\/de\/arabuluculuk-hizmetleri\/arabuluculuk-nedir\/\"]}]},{\"@type\":\"BreadcrumbList\",\"@id\":\"https:\/\/www.bicakhukuk.com\/de\/arabuluculuk-hizmetleri\/arabuluculuk-nedir\/#breadcrumb\",\"itemListElement\":[{\"@type\":\"ListItem\",\"position\":1,\"name\":\"Homepage\",\"item\":\"https:\/\/www.bicakhukuk.com\/de\/\"},{\"@type\":\"ListItem\",\"position\":2,\"name\":\"Vermittlungsdienste\",\"item\":\"https:\/\/www.bicakhukuk.com\/de\/arabuluculuk-hizmetleri\/\"},{\"@type\":\"ListItem\",\"position\":3,\"name\":\"Arabuluculuk Nedir?\"}]},{\"@type\":\"WebSite\",\"@id\":\"https:\/\/www.bicakhukuk.com\/de\/#website\",\"url\":\"https:\/\/www.bicakhukuk.com\/de\/\",\"name\":\"B\u0131\u00e7ak Hukuk\",\"description\":\"T\u00fcrkiye Merkezli Global Hukuk B\u00fcrosu\",\"publisher\":{\"@id\":\"https:\/\/www.bicakhukuk.com\/de\/#organization\"},\"alternateName\":\"B\u0131\u00e7ak Hukuk, Ankara Avukat, Ankara Hukuk B\u00fcrosu\",\"potentialAction\":[{\"@type\":\"SearchAction\",\"target\":{\"@type\":\"EntryPoint\",\"urlTemplate\":\"https:\/\/www.bicakhukuk.com\/de\/?s={search_term_string}\"},\"query-input\":{\"@type\":\"PropertyValueSpecification\",\"valueRequired\":true,\"valueName\":\"search_term_string\"}}],\"inLanguage\":\"de\"},{\"@type\":[\"Organization\",\"Place\"],\"@id\":\"https:\/\/www.bicakhukuk.com\/de\/#organization\",\"name\":\"B\u0131\u00e7ak Hukuk | T\u00fcrkiye Merkezli Global Hukuk Firmas\u0131\",\"alternateName\":\"B\u0131\u00e7ak Hukuk, Ankara Avukat, Ankara Hukuk B\u00fcrosu\",\"url\":\"https:\/\/www.bicakhukuk.com\/de\/\",\"logo\":{\"@id\":\"https:\/\/www.bicakhukuk.com\/de\/arabuluculuk-hizmetleri\/arabuluculuk-nedir\/#local-main-organization-logo\"},\"image\":{\"@id\":\"https:\/\/www.bicakhukuk.com\/de\/arabuluculuk-hizmetleri\/arabuluculuk-nedir\/#local-main-organization-logo\"},\"sameAs\":[\"https:\/\/www.facebook.com\/bicakhukuk\",\"https:\/\/x.com\/BicakHukuk\",\"https:\/\/www.instagram.com\/bicakhukuk\/\",\"https:\/\/tr.linkedin.com\/company\/b-ak-law-firm\",\"https:\/\/www.youtube.com\/channel\/UCodktEWFyJmIp3i1BH9aM2A\/\"],\"description\":\"K\u00fcresel, b\u00f6lgesel ve ulusal \u015firketlere, kurulu\u015flara ve ki\u015filere uzmanl\u0131k alanlar\u0131m\u0131zda uyu\u015fmazl\u0131k \u00f6nleyici hukuk dan\u0131\u015fmanl\u0131\u011f\u0131, uyu\u015fmazl\u0131k \u00e7\u00f6z\u00fcm s\u00fcre\u00e7lerinde ise arabuluculuk, arabuluculukta taraf vekilli\u011fi, mahkemelerde taraf vekilli\u011fi ve avukatl\u0131k, tahkim hakemli\u011fi, tahkimde taraf vekilli\u011fi, hukuki konularda m\u00fctalaa ve hukuki konularda e\u011fitim hizmetleri vermekteyiz. Uluslararas\u0131, b\u00f6lgesel ve ulusal hukuka ili\u015fkin inceleme, ara\u015ft\u0131rma ve tecr\u00fcbeye dayal\u0131 hukuk hizmetlerimizi sunarken teknolojinin imkan sa\u011flad\u0131\u011f\u0131 g\u00f6rsel (video konferans) veya i\u015fitsel (sesli konferans) ileti\u015fim teknolojilerinin elverdi\u011fi t\u00fcm olanaklar\u0131 kullanmaktay\u0131z. Dan\u0131\u015fanlar\u0131m\u0131z veya m\u00fcvekkillerimiz, D\u00fcnyan\u0131n, b\u00f6lgemizin veya \u00fclkemizin neresinde olurlarsa olsunlar hizmetlerimizden uzaktan eri\u015fim yoluyla yararlanabilmektedir. Muhtemel ihtilaflar\u0131 \u00f6nlemek veya en aza indirmek gayesiyle m\u00fcvekkillerimize sundu\u011fumuz dinamik, etkili ve \u00f6nleyici dan\u0131\u015fmanl\u0131k hizmetlerimizin yan\u0131nda, uyu\u015fmazl\u0131k \u00e7\u00f6z\u00fcm s\u00fcre\u00e7lerinde arabuluculuk, tahkim veya mahkemelerde dava takibi hizmetleri de sunmaktay\u0131z. Ba\u015far\u0131n\u0131n s\u0131rr\u0131, do\u011fru bilgiye h\u0131zl\u0131 eri\u015fimdir. M\u00fcvekkil ihtiya\u00e7lar\u0131 tam ve eksiksiz tan\u0131mlayarak y\u00fcksek standartlarda, kaliteli, h\u0131zl\u0131 ve sonu\u00e7 odakl\u0131 esas\u0131na dayanan bir \u00e7al\u0131\u015fma anlay\u0131\u015f\u0131 benimsemi\u015f bulunuyoruz. G\u00fcvenilirlik, itibar, etik de\u011ferler ve kalite standartlar\u0131 gibi unsurlar, vazge\u00e7ilmezlerimiz olu\u015fturur.\",\"legalName\":\"B\u0131\u00e7ak Hukuk\",\"foundingDate\":\"2002-01-01\",\"numberOfEmployees\":{\"@type\":\"QuantitativeValue\",\"minValue\":\"1\",\"maxValue\":\"10\"},\"address\":{\"@id\":\"https:\/\/www.bicakhukuk.com\/de\/arabuluculuk-hizmetleri\/arabuluculuk-nedir\/#local-main-place-address\"},\"geo\":{\"@type\":\"GeoCoordinates\",\"latitude\":\"39.90985903589262\",\"longitude\":\"32.81218744448808\"},\"telephone\":[\"0 (312) 473 39 60\",\"0 (553) 223 32 90\"],\"openingHoursSpecification\":[{\"@type\":\"OpeningHoursSpecification\",\"dayOfWeek\":[\"Monday\",\"Tuesday\",\"Wednesday\",\"Thursday\",\"Friday\",\"Saturday\"],\"opens\":\"08:00\",\"closes\":\"18:00\"},{\"@type\":\"OpeningHoursSpecification\",\"dayOfWeek\":[\"Sunday\"],\"opens\":\"00:00\",\"closes\":\"00:00\"}],\"email\":\"iletisim@bicakhukuk.com\",\"faxNumber\":\"0 (312) 473 39 62\",\"areaServed\":\"Hukuk\"},{\"@type\":\"PostalAddress\",\"@id\":\"https:\/\/www.bicakhukuk.com\/de\/arabuluculuk-hizmetleri\/arabuluculuk-nedir\/#local-main-place-address\",\"streetAddress\":\"Next Level Loft Ofis, Kat 9-10, Daire 29, K\u0131z\u0131l\u0131rmak Mahallesi, Ufuk \u00dcniversitesi Caddesi S\u00f6\u011f\u00fct\u00f6z\u00fc \/ \u00c7ankaya\",\"addressLocality\":\"Ankara\",\"postalCode\":\"06530\",\"addressCountry\":\"TR\"},{\"@type\":\"ImageObject\",\"inLanguage\":\"de\",\"@id\":\"https:\/\/www.bicakhukuk.com\/de\/arabuluculuk-hizmetleri\/arabuluculuk-nedir\/#local-main-organization-logo\",\"url\":\"https:\/\/www.bicakhukuk.com\/wp-content\/uploads\/2023\/05\/bicak_hukuk_logo_kare.png\",\"contentUrl\":\"https:\/\/www.bicakhukuk.com\/wp-content\/uploads\/2023\/05\/bicak_hukuk_logo_kare.png\",\"width\":2000,\"height\":2000,\"caption\":\"B\u0131\u00e7ak Hukuk | T\u00fcrkiye Merkezli Global Hukuk Firmas\u0131\"}]}<\/script>\n<meta name=\"geo.placename\" content=\"Ankara\" \/>\n<meta name=\"geo.position\" content=\"39.90985903589262;32.81218744448808\" \/>\n<meta name=\"geo.region\" content=\"T\u00fcrkei\" \/>\n<!-- \/ Yoast SEO Premium plugin. -->","yoast_head_json":{"title":"Arabuluculuk Nedir? | B\u0131\u00e7ak Avukatl\u0131k Ofisi","description":"Bankac\u0131l\u0131k, Finans, Sigorta, Ticaret ve \u0130\u015f Hukukundan Kaynakl\u0131 Uyu\u015fmazl\u0131klarda Arabuluculuk daha h\u0131zl\u0131 k\u0131sa s\u00fcrede \u00e7\u00f6z\u00fcm daha ekonomik ve d\u00fc\u015f\u00fck maliyet","robots":{"index":"index","follow":"follow","max-snippet":"max-snippet:-1","max-image-preview":"max-image-preview:large","max-video-preview":"max-video-preview:-1"},"canonical":"https:\/\/www.bicakhukuk.com\/de\/arabuluculuk-hizmetleri\/arabuluculuk-nedir\/","og_locale":"de_DE","og_type":"article","og_title":"Arabuluculuk Nedir?","og_description":"- Arabuluculuk; sistematik teknikler uygulayarak, g\u00f6r\u00fc\u015fmek ve m\u00fczakerelerde bulunmak amac\u0131yla taraflar\u0131 bir araya getiren, onlar\u0131n birbirlerini","og_url":"https:\/\/www.bicakhukuk.com\/de\/arabuluculuk-hizmetleri\/arabuluculuk-nedir\/","og_site_name":"B\u0131\u00e7ak Hukuk","article_publisher":"https:\/\/www.facebook.com\/bicakhukuk","article_modified_time":"2023-05-19T21:11:47+00:00","og_image":[{"width":960,"height":540,"url":"https:\/\/www.bicakhukuk.com\/wp-content\/uploads\/2020\/02\/Next-Level.jpg","type":"image\/jpeg"}],"twitter_card":"summary_large_image","twitter_site":"@BicakHukuk","twitter_misc":{"Gesch\u00e4tzte Lesezeit":"1\u00a0Minute"},"schema":{"@context":"https:\/\/schema.org","@graph":[{"@type":"WebPage","@id":"https:\/\/www.bicakhukuk.com\/de\/arabuluculuk-hizmetleri\/arabuluculuk-nedir\/","url":"https:\/\/www.bicakhukuk.com\/de\/arabuluculuk-hizmetleri\/arabuluculuk-nedir\/","name":"Arabuluculuk Nedir? | B\u0131\u00e7ak Avukatl\u0131k Ofisi","isPartOf":{"@id":"https:\/\/www.bicakhukuk.com\/de\/#website"},"datePublished":"2014-08-30T05:43:18+00:00","dateModified":"2023-05-19T21:11:47+00:00","description":"Bankac\u0131l\u0131k, Finans, Sigorta, Ticaret ve \u0130\u015f Hukukundan Kaynakl\u0131 Uyu\u015fmazl\u0131klarda Arabuluculuk daha h\u0131zl\u0131 k\u0131sa s\u00fcrede \u00e7\u00f6z\u00fcm daha ekonomik ve d\u00fc\u015f\u00fck maliyet","breadcrumb":{"@id":"https:\/\/www.bicakhukuk.com\/de\/arabuluculuk-hizmetleri\/arabuluculuk-nedir\/#breadcrumb"},"inLanguage":"de","potentialAction":[{"@type":"ReadAction","target":["https:\/\/www.bicakhukuk.com\/de\/arabuluculuk-hizmetleri\/arabuluculuk-nedir\/"]}]},{"@type":"BreadcrumbList","@id":"https:\/\/www.bicakhukuk.com\/de\/arabuluculuk-hizmetleri\/arabuluculuk-nedir\/#breadcrumb","itemListElement":[{"@type":"ListItem","position":1,"name":"Homepage","item":"https:\/\/www.bicakhukuk.com\/de\/"},{"@type":"ListItem","position":2,"name":"Vermittlungsdienste","item":"https:\/\/www.bicakhukuk.com\/de\/arabuluculuk-hizmetleri\/"},{"@type":"ListItem","position":3,"name":"Arabuluculuk Nedir?"}]},{"@type":"WebSite","@id":"https:\/\/www.bicakhukuk.com\/de\/#website","url":"https:\/\/www.bicakhukuk.com\/de\/","name":"B\u0131\u00e7ak Hukuk","description":"T\u00fcrkiye Merkezli Global Hukuk B\u00fcrosu","publisher":{"@id":"https:\/\/www.bicakhukuk.com\/de\/#organization"},"alternateName":"B\u0131\u00e7ak Hukuk, Ankara Avukat, Ankara Hukuk B\u00fcrosu","potentialAction":[{"@type":"SearchAction","target":{"@type":"EntryPoint","urlTemplate":"https:\/\/www.bicakhukuk.com\/de\/?s={search_term_string}"},"query-input":{"@type":"PropertyValueSpecification","valueRequired":true,"valueName":"search_term_string"}}],"inLanguage":"de"},{"@type":["Organization","Place"],"@id":"https:\/\/www.bicakhukuk.com\/de\/#organization","name":"B\u0131\u00e7ak Hukuk | T\u00fcrkiye Merkezli Global Hukuk Firmas\u0131","alternateName":"B\u0131\u00e7ak Hukuk, Ankara Avukat, Ankara Hukuk B\u00fcrosu","url":"https:\/\/www.bicakhukuk.com\/de\/","logo":{"@id":"https:\/\/www.bicakhukuk.com\/de\/arabuluculuk-hizmetleri\/arabuluculuk-nedir\/#local-main-organization-logo"},"image":{"@id":"https:\/\/www.bicakhukuk.com\/de\/arabuluculuk-hizmetleri\/arabuluculuk-nedir\/#local-main-organization-logo"},"sameAs":["https:\/\/www.facebook.com\/bicakhukuk","https:\/\/x.com\/BicakHukuk","https:\/\/www.instagram.com\/bicakhukuk\/","https:\/\/tr.linkedin.com\/company\/b-ak-law-firm","https:\/\/www.youtube.com\/channel\/UCodktEWFyJmIp3i1BH9aM2A\/"],"description":"K\u00fcresel, b\u00f6lgesel ve ulusal \u015firketlere, kurulu\u015flara ve ki\u015filere uzmanl\u0131k alanlar\u0131m\u0131zda uyu\u015fmazl\u0131k \u00f6nleyici hukuk dan\u0131\u015fmanl\u0131\u011f\u0131, uyu\u015fmazl\u0131k \u00e7\u00f6z\u00fcm s\u00fcre\u00e7lerinde ise arabuluculuk, arabuluculukta taraf vekilli\u011fi, mahkemelerde taraf vekilli\u011fi ve avukatl\u0131k, tahkim hakemli\u011fi, tahkimde taraf vekilli\u011fi, hukuki konularda m\u00fctalaa ve hukuki konularda e\u011fitim hizmetleri vermekteyiz. Uluslararas\u0131, b\u00f6lgesel ve ulusal hukuka ili\u015fkin inceleme, ara\u015ft\u0131rma ve tecr\u00fcbeye dayal\u0131 hukuk hizmetlerimizi sunarken teknolojinin imkan sa\u011flad\u0131\u011f\u0131 g\u00f6rsel (video konferans) veya i\u015fitsel (sesli konferans) ileti\u015fim teknolojilerinin elverdi\u011fi t\u00fcm olanaklar\u0131 kullanmaktay\u0131z. Dan\u0131\u015fanlar\u0131m\u0131z veya m\u00fcvekkillerimiz, D\u00fcnyan\u0131n, b\u00f6lgemizin veya \u00fclkemizin neresinde olurlarsa olsunlar hizmetlerimizden uzaktan eri\u015fim yoluyla yararlanabilmektedir. Muhtemel ihtilaflar\u0131 \u00f6nlemek veya en aza indirmek gayesiyle m\u00fcvekkillerimize sundu\u011fumuz dinamik, etkili ve \u00f6nleyici dan\u0131\u015fmanl\u0131k hizmetlerimizin yan\u0131nda, uyu\u015fmazl\u0131k \u00e7\u00f6z\u00fcm s\u00fcre\u00e7lerinde arabuluculuk, tahkim veya mahkemelerde dava takibi hizmetleri de sunmaktay\u0131z. Ba\u015far\u0131n\u0131n s\u0131rr\u0131, do\u011fru bilgiye h\u0131zl\u0131 eri\u015fimdir. M\u00fcvekkil ihtiya\u00e7lar\u0131 tam ve eksiksiz tan\u0131mlayarak y\u00fcksek standartlarda, kaliteli, h\u0131zl\u0131 ve sonu\u00e7 odakl\u0131 esas\u0131na dayanan bir \u00e7al\u0131\u015fma anlay\u0131\u015f\u0131 benimsemi\u015f bulunuyoruz. G\u00fcvenilirlik, itibar, etik de\u011ferler ve kalite standartlar\u0131 gibi unsurlar, vazge\u00e7ilmezlerimiz olu\u015fturur.","legalName":"B\u0131\u00e7ak Hukuk","foundingDate":"2002-01-01","numberOfEmployees":{"@type":"QuantitativeValue","minValue":"1","maxValue":"10"},"address":{"@id":"https:\/\/www.bicakhukuk.com\/de\/arabuluculuk-hizmetleri\/arabuluculuk-nedir\/#local-main-place-address"},"geo":{"@type":"GeoCoordinates","latitude":"39.90985903589262","longitude":"32.81218744448808"},"telephone":["0 (312) 473 39 60","0 (553) 223 32 90"],"openingHoursSpecification":[{"@type":"OpeningHoursSpecification","dayOfWeek":["Monday","Tuesday","Wednesday","Thursday","Friday","Saturday"],"opens":"08:00","closes":"18:00"},{"@type":"OpeningHoursSpecification","dayOfWeek":["Sunday"],"opens":"00:00","closes":"00:00"}],"email":"iletisim@bicakhukuk.com","faxNumber":"0 (312) 473 39 62","areaServed":"Hukuk"},{"@type":"PostalAddress","@id":"https:\/\/www.bicakhukuk.com\/de\/arabuluculuk-hizmetleri\/arabuluculuk-nedir\/#local-main-place-address","streetAddress":"Next Level Loft Ofis, Kat 9-10, Daire 29, K\u0131z\u0131l\u0131rmak Mahallesi, Ufuk \u00dcniversitesi Caddesi S\u00f6\u011f\u00fct\u00f6z\u00fc \/ \u00c7ankaya","addressLocality":"Ankara","postalCode":"06530","addressCountry":"TR"},{"@type":"ImageObject","inLanguage":"de","@id":"https:\/\/www.bicakhukuk.com\/de\/arabuluculuk-hizmetleri\/arabuluculuk-nedir\/#local-main-organization-logo","url":"https:\/\/www.bicakhukuk.com\/wp-content\/uploads\/2023\/05\/bicak_hukuk_logo_kare.png","contentUrl":"https:\/\/www.bicakhukuk.com\/wp-content\/uploads\/2023\/05\/bicak_hukuk_logo_kare.png","width":2000,"height":2000,"caption":"B\u0131\u00e7ak Hukuk | T\u00fcrkiye Merkezli Global Hukuk Firmas\u0131"}]},"geo.placename":"Ankara","geo.position":{"lat":"39.90985903589262","long":"32.81218744448808"},"geo.region":"T\u00fcrkei"},"_links":{"self":[{"href":"https:\/\/www.bicakhukuk.com\/de\/wp-json\/wp\/v2\/pages\/3740","targetHints":{"allow":["GET"]}}],"collection":[{"href":"https:\/\/www.bicakhukuk.com\/de\/wp-json\/wp\/v2\/pages"}],"about":[{"href":"https:\/\/www.bicakhukuk.com\/de\/wp-json\/wp\/v2\/types\/page"}],"author":[{"embeddable":true,"href":"https:\/\/www.bicakhukuk.com\/de\/wp-json\/wp\/v2\/users\/1"}],"replies":[{"embeddable":true,"href":"https:\/\/www.bicakhukuk.com\/de\/wp-json\/wp\/v2\/comments?post=3740"}],"version-history":[{"count":0,"href":"https:\/\/www.bicakhukuk.com\/de\/wp-json\/wp\/v2\/pages\/3740\/revisions"}],"up":[{"embeddable":true,"href":"https:\/\/www.bicakhukuk.com\/de\/wp-json\/wp\/v2\/pages\/3571"}],"wp:attachment":[{"href":"https:\/\/www.bicakhukuk.com\/de\/wp-json\/wp\/v2\/media?parent=3740"}],"curies":[{"name":"wp","href":"https:\/\/api.w.org\/{rel}","templated":true}]}}