{"id":3623,"date":"2014-08-30T08:50:38","date_gmt":"2014-08-30T05:50:38","guid":{"rendered":"http:\/\/www.bicakhukuk.com\/arabuluculuk-hizmetleri\/nasil-isler\/"},"modified":"2023-05-20T00:13:14","modified_gmt":"2023-05-19T21:13:14","slug":"nasil-isler","status":"publish","type":"page","link":"https:\/\/www.bicakhukuk.com\/de\/arabuluculuk-hizmetleri\/nasil-isler\/","title":{"rendered":"Nas\u0131l \u0130\u015fler?"},"content":{"rendered":"<p style=\"text-align: justify;\">&#8211; Taraflar dava a\u00e7\u0131lmadan \u00f6nce veya davan\u0131n g\u00f6r\u00fclmesi s\u0131ras\u0131nda arabulucuya ba\u015fvurma konusunda anla\u015fabilirler. Mahkeme de taraflar\u0131 arabulucuya ba\u015fvurmak konusunda; arabuluculu\u011fun esaslar\u0131, s\u00fcreci ve hukuki sonu\u00e7lar\u0131 hakk\u0131nda ayd\u0131nlat\u0131p, arabuluculuk yoluyla uyu\u015fmazl\u0131\u011f\u0131n \u00e7\u00f6z\u00fclmesinin sosyal, ekonomik ve psikolojik a\u00e7\u0131dan faydalar\u0131n\u0131n olabilece\u011fini hat\u0131rlatarak onlar\u0131 te\u015fvik edebilir.<\/p>\n<p style=\"text-align: justify;\">&#8211; Taraflar, arabulucuya ba\u015fvurmak, s\u00fcreci devam ettirmek, sonu\u00e7land\u0131rmak veya bu s\u00fcre\u00e7ten vazge\u00e7mek konusunda tamamen serbest olup, \u00f6ncelikle uyu\u015fmazl\u0131\u011f\u0131 arabuluculuk yoluyla sonu\u00e7land\u0131rma konusunda anla\u015f\u0131rlar. Taraflar, hi\u00e7bir \u015fekilde zorla bu s\u00fcrecin i\u00e7ine dahil edilemeyecekleri gibi her a\u015famada uyu\u015fmazl\u0131\u011f\u0131 arabuluculuk yoluyla \u00e7\u00f6zmekten de vazge\u00e7ebilirler.<\/p>\n<p style=\"text-align: justify;\">&#8211; Taraflar, gerek arabulucuya ba\u015fvururken gerekse s\u00fcre\u00e7 boyunca e\u015fit haklara sahiptirler. Taraflardan biri arabuluculuk s\u00fcrecinin d\u0131\u015f\u0131nda b\u0131rak\u0131lamayaca\u011f\u0131 gibi s\u00f6z hakk\u0131 da di\u011ferine g\u00f6re k\u0131s\u0131tlanamaz.<\/p>\n<p style=\"text-align: justify;\">&#8211; Ba\u015fkaca bir usul kararla\u015ft\u0131r\u0131lmad\u0131k\u00e7a arabulucu veya arabulucular taraflarca se\u00e7ilir.<\/p>\n<p style=\"text-align: justify;\">&#8211; Arabulucu, se\u00e7ildikten sonra taraflar\u0131 en k\u0131sa s\u00fcrede ilk toplant\u0131ya davet eder.<\/p>\n<p style=\"text-align: justify;\">&#8211; Arabulucu, arabuluculuk faaliyetini y\u00fcr\u00fct\u00fcrken tarafs\u0131z davranmak zorunda olup, tarafs\u0131zl\u0131\u011f\u0131 hakk\u0131nda \u015f\u00fcpheye yol a\u00e7acak tutum ve davran\u0131\u015fta bulunamaz<\/p>\n<p style=\"text-align: justify;\">&#8211; Taraflar, emredici hukuk kurallar\u0131na ayk\u0131r\u0131 olmamak kayd\u0131 ile arabuluculuk usul\u00fcn\u00fc serbest\u00e7e kararla\u015ft\u0131rabilirler.<\/p>\n<p style=\"text-align: justify;\">&#8211; Taraflarca kararla\u015ft\u0131r\u0131lmam\u0131\u015fsa arabulucu; uyu\u015fmazl\u0131\u011f\u0131n niteli\u011fini, taraflar\u0131n isteklerini ve uyu\u015fmazl\u0131\u011f\u0131n h\u0131zl\u0131 bir \u015fekilde \u00e7\u00f6z\u00fcmlenmesi i\u00e7in gereken usul ve esaslar\u0131 g\u00f6z \u00f6n\u00fcne alarak arabuluculuk faaliyetini y\u00fcr\u00fct\u00fcr.<\/p>\n<p style=\"text-align: justify;\">&#8211; Taraflarca aksi kararla\u015ft\u0131r\u0131lmad\u0131k\u00e7a arabulucu, arabuluculuk faaliyeti \u00e7er\u00e7evesinde kendisine sunulan veya di\u011fer bir \u015fekilde elde etti\u011fi bilgi ve belgeler ile di\u011fer kay\u0131tlar\u0131 gizli tutmakla y\u00fck\u00fcml\u00fcd\u00fcr.<\/p>\n<p style=\"text-align: justify;\">&#8211; Arabulucu, s\u00fcrecin y\u00fcr\u00fct\u00fclmesi s\u0131ras\u0131nda, taraflara hukuki tavsiyelerde bulunamaz; bir \u00e7\u00f6z\u00fcm \u00f6nerisi ya da \u00f6neriler katalo\u011fu geli\u015ftirip, bunu onlara empoze edemeyece\u011fi gibi, m\u00fczakereler s\u0131ras\u0131nda geli\u015ftirilen bir \u00e7\u00f6z\u00fcm \u00f6nerisi \u00fczerinde anla\u015fmaya varmalar\u0131 i\u00e7in de onlar\u0131 zorlayamaz. Ancak, taraflardan birisinin, uyu\u015fmazl\u0131\u011f\u0131n \u00e7\u00f6z\u00fcm\u00fc ba\u011flam\u0131nda, sunmu\u015f oldu\u011fu bir \u00f6nerinin, arabulucu taraf\u0131ndan, di\u011fer tarafa iletilmesi ve onun bu konudaki beyan\u0131n\u0131n al\u0131nmas\u0131 bu kapsamda m\u00fctalaa edilemez.<\/p>\n<p style=\"text-align: justify;\">&#8211; Dava a\u00e7\u0131ld\u0131ktan sonra taraflar\u0131n birlikte arabulucuya ba\u015fvuracaklar\u0131n\u0131 beyan etmeleri h\u00e2linde yarg\u0131lama, mahkemece \u00fc\u00e7 ay\u0131 ge\u00e7memek \u00fczere ertelenir. Bu s\u00fcre, taraflar\u0131n birlikte ba\u015fvurusu \u00fczerine bir defaya mahsus olmak \u00fczere \u00fc\u00e7 aya kadar uzat\u0131labilir.<\/p>\n<p style=\"text-align: justify;\">&#8211; Taraflar arabuluculuk m\u00fczakerelerine bizzat veya arabuluculuk konusunda \u00f6zel yetki verilmi\u015f vekilleri arac\u0131l\u0131\u011f\u0131 ile kat\u0131labilirler.<\/p>\n<p style=\"text-align: justify;\">&#8211; Arabuluculuk s\u00fcreci, dava a\u00e7\u0131lmadan \u00f6nce arabulucuya ba\u015fvuru h\u00e2linde, taraflar\u0131n ilk toplant\u0131ya davet edilmeleri ve taraflarla arabulucu aras\u0131nda s\u00fcrecin devam ettirilmesi konusunda anla\u015fmaya var\u0131l\u0131p bu durumun bir tutanakla belgelendirildi\u011fi tarihten itibaren i\u015flemeye ba\u015flar. Dava a\u00e7\u0131lmas\u0131ndan sonra arabulucuya ba\u015fvuru h\u00e2linde ise bu s\u00fcre\u00e7, mahkemenin taraflar\u0131 arabuluculu\u011fa davetinin taraflarca kabul edilmesi veya taraflar\u0131n arabulucuya ba\u015fvurma konusunda anla\u015fmaya vard\u0131klar\u0131n\u0131 duru\u015fma d\u0131\u015f\u0131nda mahkemeye yaz\u0131l\u0131 olarak beyan ettikleri ya da duru\u015fmada bu beyanlar\u0131n\u0131n tutana\u011fa ge\u00e7irildi\u011fi tarihten itibaren i\u015flemeye ba\u015flar.<\/p>\n<p style=\"text-align: justify;\">&#8211; Arabuluculuk s\u00fcrecinin ba\u015flamas\u0131ndan sona ermesine kadar ge\u00e7irilen s\u00fcre, zamana\u015f\u0131m\u0131 ve hak d\u00fc\u015f\u00fcr\u00fcc\u00fc s\u00fcrelerin hesaplanmas\u0131nda dikkate al\u0131nmaz.<\/p>\n<p style=\"text-align: justify;\">&#8211; Arabuluculuk faaliyeti sonunda taraflar\u0131n anla\u015ft\u0131klar\u0131, anla\u015famad\u0131klar\u0131 veya arabuluculuk faaliyetinin nas\u0131l sonu\u00e7land\u0131\u011f\u0131 bir tutanak ile belgelendirilir. Arabulucu taraf\u0131ndan d\u00fczenlenecek bu belge, arabulucu, taraflar veya vekillerince imzalan\u0131r. Belge taraflar veya vekillerince imzalanmazsa, sebebi belirtilmek sureti ile sadece arabulucu taraf\u0131ndan imzalan\u0131r.<\/p>\n<p style=\"text-align: justify;\">&#8211; Arabuluculuk faaliyeti sonunda d\u00fczenlenen tutana\u011fa, faaliyetin sonu\u00e7lanmas\u0131 d\u0131\u015f\u0131nda hangi hususlar\u0131n yaz\u0131laca\u011f\u0131na taraflar karar verir. Arabulucu, bu tutanak ve sonu\u00e7lar\u0131 konusunda taraflara gerekli a\u00e7\u0131klamalar\u0131 yapar.<\/p>\n<p style=\"text-align: justify;\">&#8211; Arabuluculuk faaliyetinin sona ermesi h\u00e2linde, arabulucu, bu faaliyete ili\u015fkin kendisine yap\u0131lan bildirimi, tevdi edilen ve elinde bulunan belgeleri, d\u00fczenlenen tutana\u011f\u0131 be\u015f y\u0131l s\u00fcre ile saklamak zorundad\u0131r.<\/p>\n<p style=\"text-align: justify;\">&#8211; Arabulucu, arabuluculuk faaliyeti sonunda d\u00fczenledi\u011fi son tutana\u011f\u0131n birer \u00f6rne\u011fini taraflara da verir. Bu tutana\u011f\u0131n bir \u00f6rne\u011fini arabuluculuk faaliyetinin sona ermesinden itibaren bir ay i\u00e7inde Genel M\u00fcd\u00fcrl\u00fc\u011fe g\u00f6nderir.<\/p>\n<p style=\"text-align: justify;\">&#8211; Arabuluculuk faaliyeti sonunda var\u0131lan anla\u015fman\u0131n kapsam\u0131 taraflarca belirlenir, anla\u015fma belgesi d\u00fczenlenmesi h\u00e2linde, bu belge taraflar ve arabulucu taraf\u0131ndan imzalan\u0131r.<\/p>\n<p style=\"text-align: justify;\">&#8211; Taraflar, arabuluculuk faaliyeti sonunda bir anla\u015fmaya var\u0131rlarsa, bu anla\u015fma belgesinin icra edilebilirli\u011fine ili\u015fkin \u015ferh verilmesini talep edebilirler. \u015eerh i\u00e7eren anla\u015fma, ilam niteli\u011finde belge say\u0131l\u0131r.<\/p>\n","protected":false},"excerpt":{"rendered":"<p>&#8211; Taraflar dava a\u00e7\u0131lmadan \u00f6nce veya davan\u0131n g\u00f6r\u00fclmesi s\u0131ras\u0131nda arabulucuya ba\u015fvurma konusunda anla\u015fabilirler. Mahkeme de taraflar\u0131 arabulucuya ba\u015fvurmak konusunda; arabuluculu\u011fun esaslar\u0131, s\u00fcreci ve hukuki sonu\u00e7lar\u0131 hakk\u0131nda ayd\u0131nlat\u0131p, arabuluculuk yoluyla uyu\u015fmazl\u0131\u011f\u0131n \u00e7\u00f6z\u00fclmesinin sosyal, ekonomik ve psikolojik a\u00e7\u0131dan faydalar\u0131n\u0131n olabilece\u011fini hat\u0131rlatarak onlar\u0131 te\u015fvik edebilir. &#8211; Taraflar, arabulucuya ba\u015fvurmak, s\u00fcreci devam ettirmek, sonu\u00e7land\u0131rmak veya bu s\u00fcre\u00e7ten vazge\u00e7mek konusunda [&hellip;]<\/p>\n","protected":false},"author":1,"featured_media":0,"parent":3571,"menu_order":0,"comment_status":"closed","ping_status":"open","template":"page-sidebar-right.php","meta":{"rs_blank_template":"","rs_page_bg_color":"","slide_template_v7":"","footnotes":""},"class_list":["post-3623","page","type-page","status-publish","hentry"],"yoast_head":"<!-- This site is optimized with the Yoast SEO Premium plugin v27.1 (Yoast SEO v27.3) - https:\/\/yoast.com\/product\/yoast-seo-premium-wordpress\/ -->\n<title>Nas\u0131l \u0130\u015fler? | B\u0131\u00e7ak Hukuk<\/title>\n<meta name=\"robots\" content=\"index, follow, max-snippet:-1, max-image-preview:large, max-video-preview:-1\" \/>\n<link rel=\"canonical\" href=\"https:\/\/www.bicakhukuk.com\/de\/arabuluculuk-hizmetleri\/nasil-isler\/\" \/>\n<meta property=\"og:locale\" content=\"de_DE\" \/>\n<meta property=\"og:type\" content=\"article\" \/>\n<meta property=\"og:title\" content=\"Nas\u0131l \u0130\u015fler?\" \/>\n<meta property=\"og:description\" content=\"- Taraflar dava a\u00e7\u0131lmadan \u00f6nce veya davan\u0131n g\u00f6r\u00fclmesi s\u0131ras\u0131nda arabulucuya ba\u015fvurma konusunda anla\u015fabilirler. Mahkeme de taraflar\u0131 arabulucuya ba\u015fvurmak\" \/>\n<meta property=\"og:url\" content=\"https:\/\/www.bicakhukuk.com\/de\/arabuluculuk-hizmetleri\/nasil-isler\/\" \/>\n<meta property=\"og:site_name\" content=\"B\u0131\u00e7ak Hukuk\" \/>\n<meta property=\"article:publisher\" content=\"https:\/\/www.facebook.com\/bicakhukuk\" \/>\n<meta property=\"article:modified_time\" content=\"2023-05-19T21:13:14+00:00\" \/>\n<meta property=\"og:image\" content=\"https:\/\/www.bicakhukuk.com\/wp-content\/uploads\/2020\/02\/Next-Level.jpg\" \/>\n\t<meta property=\"og:image:width\" content=\"960\" \/>\n\t<meta property=\"og:image:height\" content=\"540\" \/>\n\t<meta property=\"og:image:type\" content=\"image\/jpeg\" \/>\n<meta name=\"twitter:card\" content=\"summary_large_image\" \/>\n<meta name=\"twitter:site\" content=\"@BicakHukuk\" \/>\n<meta name=\"twitter:label1\" content=\"Gesch\u00e4tzte Lesezeit\" \/>\n\t<meta name=\"twitter:data1\" content=\"4\u00a0Minuten\" \/>\n<script type=\"application\/ld+json\" class=\"yoast-schema-graph\">{\"@context\":\"https:\\\/\\\/schema.org\",\"@graph\":[{\"@type\":\"WebPage\",\"@id\":\"https:\\\/\\\/www.bicakhukuk.com\\\/de\\\/arabuluculuk-hizmetleri\\\/nasil-isler\\\/\",\"url\":\"https:\\\/\\\/www.bicakhukuk.com\\\/de\\\/arabuluculuk-hizmetleri\\\/nasil-isler\\\/\",\"name\":\"Nas\u0131l \u0130\u015fler? | B\u0131\u00e7ak Hukuk\",\"isPartOf\":{\"@id\":\"https:\\\/\\\/www.bicakhukuk.com\\\/de\\\/#website\"},\"datePublished\":\"2014-08-30T05:50:38+00:00\",\"dateModified\":\"2023-05-19T21:13:14+00:00\",\"breadcrumb\":{\"@id\":\"https:\\\/\\\/www.bicakhukuk.com\\\/de\\\/arabuluculuk-hizmetleri\\\/nasil-isler\\\/#breadcrumb\"},\"inLanguage\":\"de\",\"potentialAction\":[{\"@type\":\"ReadAction\",\"target\":[\"https:\\\/\\\/www.bicakhukuk.com\\\/de\\\/arabuluculuk-hizmetleri\\\/nasil-isler\\\/\"]}]},{\"@type\":\"BreadcrumbList\",\"@id\":\"https:\\\/\\\/www.bicakhukuk.com\\\/de\\\/arabuluculuk-hizmetleri\\\/nasil-isler\\\/#breadcrumb\",\"itemListElement\":[{\"@type\":\"ListItem\",\"position\":1,\"name\":\"Ana sayfa\",\"item\":\"https:\\\/\\\/www.bicakhukuk.com\\\/de\\\/\"},{\"@type\":\"ListItem\",\"position\":2,\"name\":\"Vermittlungsdienste\",\"item\":\"https:\\\/\\\/www.bicakhukuk.com\\\/de\\\/arabuluculuk-hizmetleri\\\/\"},{\"@type\":\"ListItem\",\"position\":3,\"name\":\"Nas\u0131l \u0130\u015fler?\"}]},{\"@type\":\"WebSite\",\"@id\":\"https:\\\/\\\/www.bicakhukuk.com\\\/de\\\/#website\",\"url\":\"https:\\\/\\\/www.bicakhukuk.com\\\/de\\\/\",\"name\":\"B\u0131\u00e7ak Hukuk\",\"description\":\"T\u00fcrkiye Merkezli Global Hukuk B\u00fcrosu\",\"publisher\":{\"@id\":\"https:\\\/\\\/www.bicakhukuk.com\\\/de\\\/#organization\"},\"alternateName\":\"B\u0131\u00e7ak Hukuk, Ankara Avukat, Ankara Hukuk B\u00fcrosu\",\"potentialAction\":[{\"@type\":\"SearchAction\",\"target\":{\"@type\":\"EntryPoint\",\"urlTemplate\":\"https:\\\/\\\/www.bicakhukuk.com\\\/de\\\/?s={search_term_string}\"},\"query-input\":{\"@type\":\"PropertyValueSpecification\",\"valueRequired\":true,\"valueName\":\"search_term_string\"}}],\"inLanguage\":\"de\"},{\"@type\":[\"Organization\",\"Place\"],\"@id\":\"https:\\\/\\\/www.bicakhukuk.com\\\/de\\\/#organization\",\"name\":\"B\u0131\u00e7ak Hukuk | T\u00fcrkiye Merkezli Global Hukuk Firmas\u0131\",\"alternateName\":\"B\u0131\u00e7ak Hukuk, Ankara Avukat, Ankara Hukuk B\u00fcrosu\",\"url\":\"https:\\\/\\\/www.bicakhukuk.com\\\/de\\\/\",\"logo\":{\"@id\":\"https:\\\/\\\/www.bicakhukuk.com\\\/de\\\/arabuluculuk-hizmetleri\\\/nasil-isler\\\/#local-main-organization-logo\"},\"image\":{\"@id\":\"https:\\\/\\\/www.bicakhukuk.com\\\/de\\\/arabuluculuk-hizmetleri\\\/nasil-isler\\\/#local-main-organization-logo\"},\"sameAs\":[\"https:\\\/\\\/www.facebook.com\\\/bicakhukuk\",\"https:\\\/\\\/x.com\\\/BicakHukuk\",\"https:\\\/\\\/www.instagram.com\\\/bicakhukuk\\\/\",\"https:\\\/\\\/tr.linkedin.com\\\/company\\\/b-ak-law-firm\",\"https:\\\/\\\/www.youtube.com\\\/channel\\\/UCodktEWFyJmIp3i1BH9aM2A\\\/\"],\"description\":\"K\u00fcresel, b\u00f6lgesel ve ulusal \u015firketlere, kurulu\u015flara ve ki\u015filere uzmanl\u0131k alanlar\u0131m\u0131zda uyu\u015fmazl\u0131k \u00f6nleyici hukuk dan\u0131\u015fmanl\u0131\u011f\u0131, uyu\u015fmazl\u0131k \u00e7\u00f6z\u00fcm s\u00fcre\u00e7lerinde ise arabuluculuk, arabuluculukta taraf vekilli\u011fi, mahkemelerde taraf vekilli\u011fi ve avukatl\u0131k, tahkim hakemli\u011fi, tahkimde taraf vekilli\u011fi, hukuki konularda m\u00fctalaa ve hukuki konularda e\u011fitim hizmetleri vermekteyiz. Uluslararas\u0131, b\u00f6lgesel ve ulusal hukuka ili\u015fkin inceleme, ara\u015ft\u0131rma ve tecr\u00fcbeye dayal\u0131 hukuk hizmetlerimizi sunarken teknolojinin imkan sa\u011flad\u0131\u011f\u0131 g\u00f6rsel (video konferans) veya i\u015fitsel (sesli konferans) ileti\u015fim teknolojilerinin elverdi\u011fi t\u00fcm olanaklar\u0131 kullanmaktay\u0131z. Dan\u0131\u015fanlar\u0131m\u0131z veya m\u00fcvekkillerimiz, D\u00fcnyan\u0131n, b\u00f6lgemizin veya \u00fclkemizin neresinde olurlarsa olsunlar hizmetlerimizden uzaktan eri\u015fim yoluyla yararlanabilmektedir. Muhtemel ihtilaflar\u0131 \u00f6nlemek veya en aza indirmek gayesiyle m\u00fcvekkillerimize sundu\u011fumuz dinamik, etkili ve \u00f6nleyici dan\u0131\u015fmanl\u0131k hizmetlerimizin yan\u0131nda, uyu\u015fmazl\u0131k \u00e7\u00f6z\u00fcm s\u00fcre\u00e7lerinde arabuluculuk, tahkim veya mahkemelerde dava takibi hizmetleri de sunmaktay\u0131z. Ba\u015far\u0131n\u0131n s\u0131rr\u0131, do\u011fru bilgiye h\u0131zl\u0131 eri\u015fimdir. M\u00fcvekkil ihtiya\u00e7lar\u0131 tam ve eksiksiz tan\u0131mlayarak y\u00fcksek standartlarda, kaliteli, h\u0131zl\u0131 ve sonu\u00e7 odakl\u0131 esas\u0131na dayanan bir \u00e7al\u0131\u015fma anlay\u0131\u015f\u0131 benimsemi\u015f bulunuyoruz. G\u00fcvenilirlik, itibar, etik de\u011ferler ve kalite standartlar\u0131 gibi unsurlar, vazge\u00e7ilmezlerimiz olu\u015fturur.\",\"legalName\":\"B\u0131\u00e7ak Hukuk\",\"foundingDate\":\"2002-01-01\",\"numberOfEmployees\":{\"@type\":\"QuantitativeValue\",\"minValue\":\"1\",\"maxValue\":\"10\"},\"address\":{\"@id\":\"https:\\\/\\\/www.bicakhukuk.com\\\/de\\\/arabuluculuk-hizmetleri\\\/nasil-isler\\\/#local-main-place-address\"},\"geo\":{\"@type\":\"GeoCoordinates\",\"latitude\":\"39.90985903589262\",\"longitude\":\"32.81218744448808\"},\"telephone\":[\"0 (312) 473 39 60\",\"0 (553) 223 32 90\"],\"openingHoursSpecification\":[{\"@type\":\"OpeningHoursSpecification\",\"dayOfWeek\":[\"Monday\",\"Tuesday\",\"Wednesday\",\"Thursday\",\"Friday\",\"Saturday\"],\"opens\":\"08:00\",\"closes\":\"18:00\"},{\"@type\":\"OpeningHoursSpecification\",\"dayOfWeek\":[\"Sunday\"],\"opens\":\"00:00\",\"closes\":\"00:00\"}],\"email\":\"iletisim@bicakhukuk.com\",\"faxNumber\":\"0 (312) 473 39 62\",\"areaServed\":\"Hukuk\"},{\"@type\":\"PostalAddress\",\"@id\":\"https:\\\/\\\/www.bicakhukuk.com\\\/de\\\/arabuluculuk-hizmetleri\\\/nasil-isler\\\/#local-main-place-address\",\"streetAddress\":\"Next Level Loft Ofis, Kat 9-10, Daire 29, K\u0131z\u0131l\u0131rmak Mahallesi, Ufuk \u00dcniversitesi Caddesi S\u00f6\u011f\u00fct\u00f6z\u00fc \\\/ \u00c7ankaya\",\"addressLocality\":\"Ankara\",\"postalCode\":\"06530\",\"addressCountry\":\"TR\"},{\"@type\":\"ImageObject\",\"inLanguage\":\"de\",\"@id\":\"https:\\\/\\\/www.bicakhukuk.com\\\/de\\\/arabuluculuk-hizmetleri\\\/nasil-isler\\\/#local-main-organization-logo\",\"url\":\"https:\\\/\\\/www.bicakhukuk.com\\\/wp-content\\\/uploads\\\/2023\\\/05\\\/bicak_hukuk_logo_kare.png\",\"contentUrl\":\"https:\\\/\\\/www.bicakhukuk.com\\\/wp-content\\\/uploads\\\/2023\\\/05\\\/bicak_hukuk_logo_kare.png\",\"width\":2000,\"height\":2000,\"caption\":\"B\u0131\u00e7ak Hukuk | T\u00fcrkiye Merkezli Global Hukuk Firmas\u0131\"}]}<\/script>\n<meta name=\"geo.placename\" content=\"Ankara\" \/>\n<meta name=\"geo.position\" content=\"39.90985903589262;32.81218744448808\" \/>\n<meta name=\"geo.region\" content=\"T\u00fcrkei\" \/>\n<!-- \/ Yoast SEO Premium plugin. -->","yoast_head_json":{"title":"Nas\u0131l \u0130\u015fler? | B\u0131\u00e7ak Hukuk","robots":{"index":"index","follow":"follow","max-snippet":"max-snippet:-1","max-image-preview":"max-image-preview:large","max-video-preview":"max-video-preview:-1"},"canonical":"https:\/\/www.bicakhukuk.com\/de\/arabuluculuk-hizmetleri\/nasil-isler\/","og_locale":"de_DE","og_type":"article","og_title":"Nas\u0131l \u0130\u015fler?","og_description":"- Taraflar dava a\u00e7\u0131lmadan \u00f6nce veya davan\u0131n g\u00f6r\u00fclmesi s\u0131ras\u0131nda arabulucuya ba\u015fvurma konusunda anla\u015fabilirler. Mahkeme de taraflar\u0131 arabulucuya ba\u015fvurmak","og_url":"https:\/\/www.bicakhukuk.com\/de\/arabuluculuk-hizmetleri\/nasil-isler\/","og_site_name":"B\u0131\u00e7ak Hukuk","article_publisher":"https:\/\/www.facebook.com\/bicakhukuk","article_modified_time":"2023-05-19T21:13:14+00:00","og_image":[{"width":960,"height":540,"url":"https:\/\/www.bicakhukuk.com\/wp-content\/uploads\/2020\/02\/Next-Level.jpg","type":"image\/jpeg"}],"twitter_card":"summary_large_image","twitter_site":"@BicakHukuk","twitter_misc":{"Gesch\u00e4tzte Lesezeit":"4\u00a0Minuten"},"schema":{"@context":"https:\/\/schema.org","@graph":[{"@type":"WebPage","@id":"https:\/\/www.bicakhukuk.com\/de\/arabuluculuk-hizmetleri\/nasil-isler\/","url":"https:\/\/www.bicakhukuk.com\/de\/arabuluculuk-hizmetleri\/nasil-isler\/","name":"Nas\u0131l \u0130\u015fler? | B\u0131\u00e7ak Hukuk","isPartOf":{"@id":"https:\/\/www.bicakhukuk.com\/de\/#website"},"datePublished":"2014-08-30T05:50:38+00:00","dateModified":"2023-05-19T21:13:14+00:00","breadcrumb":{"@id":"https:\/\/www.bicakhukuk.com\/de\/arabuluculuk-hizmetleri\/nasil-isler\/#breadcrumb"},"inLanguage":"de","potentialAction":[{"@type":"ReadAction","target":["https:\/\/www.bicakhukuk.com\/de\/arabuluculuk-hizmetleri\/nasil-isler\/"]}]},{"@type":"BreadcrumbList","@id":"https:\/\/www.bicakhukuk.com\/de\/arabuluculuk-hizmetleri\/nasil-isler\/#breadcrumb","itemListElement":[{"@type":"ListItem","position":1,"name":"Ana sayfa","item":"https:\/\/www.bicakhukuk.com\/de\/"},{"@type":"ListItem","position":2,"name":"Vermittlungsdienste","item":"https:\/\/www.bicakhukuk.com\/de\/arabuluculuk-hizmetleri\/"},{"@type":"ListItem","position":3,"name":"Nas\u0131l \u0130\u015fler?"}]},{"@type":"WebSite","@id":"https:\/\/www.bicakhukuk.com\/de\/#website","url":"https:\/\/www.bicakhukuk.com\/de\/","name":"B\u0131\u00e7ak Hukuk","description":"T\u00fcrkiye Merkezli Global Hukuk B\u00fcrosu","publisher":{"@id":"https:\/\/www.bicakhukuk.com\/de\/#organization"},"alternateName":"B\u0131\u00e7ak Hukuk, Ankara Avukat, Ankara Hukuk B\u00fcrosu","potentialAction":[{"@type":"SearchAction","target":{"@type":"EntryPoint","urlTemplate":"https:\/\/www.bicakhukuk.com\/de\/?s={search_term_string}"},"query-input":{"@type":"PropertyValueSpecification","valueRequired":true,"valueName":"search_term_string"}}],"inLanguage":"de"},{"@type":["Organization","Place"],"@id":"https:\/\/www.bicakhukuk.com\/de\/#organization","name":"B\u0131\u00e7ak Hukuk | T\u00fcrkiye Merkezli Global Hukuk Firmas\u0131","alternateName":"B\u0131\u00e7ak Hukuk, Ankara Avukat, Ankara Hukuk B\u00fcrosu","url":"https:\/\/www.bicakhukuk.com\/de\/","logo":{"@id":"https:\/\/www.bicakhukuk.com\/de\/arabuluculuk-hizmetleri\/nasil-isler\/#local-main-organization-logo"},"image":{"@id":"https:\/\/www.bicakhukuk.com\/de\/arabuluculuk-hizmetleri\/nasil-isler\/#local-main-organization-logo"},"sameAs":["https:\/\/www.facebook.com\/bicakhukuk","https:\/\/x.com\/BicakHukuk","https:\/\/www.instagram.com\/bicakhukuk\/","https:\/\/tr.linkedin.com\/company\/b-ak-law-firm","https:\/\/www.youtube.com\/channel\/UCodktEWFyJmIp3i1BH9aM2A\/"],"description":"K\u00fcresel, b\u00f6lgesel ve ulusal \u015firketlere, kurulu\u015flara ve ki\u015filere uzmanl\u0131k alanlar\u0131m\u0131zda uyu\u015fmazl\u0131k \u00f6nleyici hukuk dan\u0131\u015fmanl\u0131\u011f\u0131, uyu\u015fmazl\u0131k \u00e7\u00f6z\u00fcm s\u00fcre\u00e7lerinde ise arabuluculuk, arabuluculukta taraf vekilli\u011fi, mahkemelerde taraf vekilli\u011fi ve avukatl\u0131k, tahkim hakemli\u011fi, tahkimde taraf vekilli\u011fi, hukuki konularda m\u00fctalaa ve hukuki konularda e\u011fitim hizmetleri vermekteyiz. Uluslararas\u0131, b\u00f6lgesel ve ulusal hukuka ili\u015fkin inceleme, ara\u015ft\u0131rma ve tecr\u00fcbeye dayal\u0131 hukuk hizmetlerimizi sunarken teknolojinin imkan sa\u011flad\u0131\u011f\u0131 g\u00f6rsel (video konferans) veya i\u015fitsel (sesli konferans) ileti\u015fim teknolojilerinin elverdi\u011fi t\u00fcm olanaklar\u0131 kullanmaktay\u0131z. Dan\u0131\u015fanlar\u0131m\u0131z veya m\u00fcvekkillerimiz, D\u00fcnyan\u0131n, b\u00f6lgemizin veya \u00fclkemizin neresinde olurlarsa olsunlar hizmetlerimizden uzaktan eri\u015fim yoluyla yararlanabilmektedir. Muhtemel ihtilaflar\u0131 \u00f6nlemek veya en aza indirmek gayesiyle m\u00fcvekkillerimize sundu\u011fumuz dinamik, etkili ve \u00f6nleyici dan\u0131\u015fmanl\u0131k hizmetlerimizin yan\u0131nda, uyu\u015fmazl\u0131k \u00e7\u00f6z\u00fcm s\u00fcre\u00e7lerinde arabuluculuk, tahkim veya mahkemelerde dava takibi hizmetleri de sunmaktay\u0131z. Ba\u015far\u0131n\u0131n s\u0131rr\u0131, do\u011fru bilgiye h\u0131zl\u0131 eri\u015fimdir. M\u00fcvekkil ihtiya\u00e7lar\u0131 tam ve eksiksiz tan\u0131mlayarak y\u00fcksek standartlarda, kaliteli, h\u0131zl\u0131 ve sonu\u00e7 odakl\u0131 esas\u0131na dayanan bir \u00e7al\u0131\u015fma anlay\u0131\u015f\u0131 benimsemi\u015f bulunuyoruz. G\u00fcvenilirlik, itibar, etik de\u011ferler ve kalite standartlar\u0131 gibi unsurlar, vazge\u00e7ilmezlerimiz olu\u015fturur.","legalName":"B\u0131\u00e7ak Hukuk","foundingDate":"2002-01-01","numberOfEmployees":{"@type":"QuantitativeValue","minValue":"1","maxValue":"10"},"address":{"@id":"https:\/\/www.bicakhukuk.com\/de\/arabuluculuk-hizmetleri\/nasil-isler\/#local-main-place-address"},"geo":{"@type":"GeoCoordinates","latitude":"39.90985903589262","longitude":"32.81218744448808"},"telephone":["0 (312) 473 39 60","0 (553) 223 32 90"],"openingHoursSpecification":[{"@type":"OpeningHoursSpecification","dayOfWeek":["Monday","Tuesday","Wednesday","Thursday","Friday","Saturday"],"opens":"08:00","closes":"18:00"},{"@type":"OpeningHoursSpecification","dayOfWeek":["Sunday"],"opens":"00:00","closes":"00:00"}],"email":"iletisim@bicakhukuk.com","faxNumber":"0 (312) 473 39 62","areaServed":"Hukuk"},{"@type":"PostalAddress","@id":"https:\/\/www.bicakhukuk.com\/de\/arabuluculuk-hizmetleri\/nasil-isler\/#local-main-place-address","streetAddress":"Next Level Loft Ofis, Kat 9-10, Daire 29, K\u0131z\u0131l\u0131rmak Mahallesi, Ufuk \u00dcniversitesi Caddesi S\u00f6\u011f\u00fct\u00f6z\u00fc \/ \u00c7ankaya","addressLocality":"Ankara","postalCode":"06530","addressCountry":"TR"},{"@type":"ImageObject","inLanguage":"de","@id":"https:\/\/www.bicakhukuk.com\/de\/arabuluculuk-hizmetleri\/nasil-isler\/#local-main-organization-logo","url":"https:\/\/www.bicakhukuk.com\/wp-content\/uploads\/2023\/05\/bicak_hukuk_logo_kare.png","contentUrl":"https:\/\/www.bicakhukuk.com\/wp-content\/uploads\/2023\/05\/bicak_hukuk_logo_kare.png","width":2000,"height":2000,"caption":"B\u0131\u00e7ak Hukuk | T\u00fcrkiye Merkezli Global Hukuk Firmas\u0131"}]},"geo.placename":"Ankara","geo.position":{"lat":"39.90985903589262","long":"32.81218744448808"},"geo.region":"T\u00fcrkei"},"_links":{"self":[{"href":"https:\/\/www.bicakhukuk.com\/de\/wp-json\/wp\/v2\/pages\/3623","targetHints":{"allow":["GET"]}}],"collection":[{"href":"https:\/\/www.bicakhukuk.com\/de\/wp-json\/wp\/v2\/pages"}],"about":[{"href":"https:\/\/www.bicakhukuk.com\/de\/wp-json\/wp\/v2\/types\/page"}],"author":[{"embeddable":true,"href":"https:\/\/www.bicakhukuk.com\/de\/wp-json\/wp\/v2\/users\/1"}],"replies":[{"embeddable":true,"href":"https:\/\/www.bicakhukuk.com\/de\/wp-json\/wp\/v2\/comments?post=3623"}],"version-history":[{"count":0,"href":"https:\/\/www.bicakhukuk.com\/de\/wp-json\/wp\/v2\/pages\/3623\/revisions"}],"up":[{"embeddable":true,"href":"https:\/\/www.bicakhukuk.com\/de\/wp-json\/wp\/v2\/pages\/3571"}],"wp:attachment":[{"href":"https:\/\/www.bicakhukuk.com\/de\/wp-json\/wp\/v2\/media?parent=3623"}],"curies":[{"name":"wp","href":"https:\/\/api.w.org\/{rel}","templated":true}]}}