{"id":3570,"date":"2014-08-30T09:27:29","date_gmt":"2014-08-30T06:27:29","guid":{"rendered":"http:\/\/www.bicakhukuk.com\/avukatlik-hizmetleri-2\/"},"modified":"2018-09-17T13:27:30","modified_gmt":"2018-09-17T10:27:30","slug":"avukatlik-hizmetleri","status":"publish","type":"page","link":"https:\/\/www.bicakhukuk.com\/de\/avukatlik-hizmetleri\/","title":{"rendered":"Anwaltsangebote"},"content":{"rendered":"<p>Unsere Rechtsanwaltsangebote \u00fcbernehmen Verteidigung und Kl\u00e4ger durch Vertretung Ihres Unternehmens in allen Arten von Anwendungen und F\u00e4llen bei T.R. Gerichte und Internationale Schiedsgerichtsbarkeit, oder das Exekutivverfahren fortsetzend, um Nachfrage der Gesellschaft zu sammeln. Dar\u00fcber hinaus umfasst Advocacy auch die Durchf\u00fchrung von Missionen wie Schiedsverfahren und Mediation.<\/p>\n<p>&#8211; Einleitung von rechtlichen Schritten im Voraus und Ergreifung aller Arten von Ma\u00dfnahmen bez\u00fcglich der hinterlegten Datei<\/p>\n<p>&#8211; Alle Arten von Rechtsstreitigkeiten einschlie\u00dflich Schiedsverfahren<\/p>\n<p>&#8211; Verteidigung von Handlungen<\/p>\n<p>&#8211; Vertretung von Menschen und Unternehmen in allen Aspekten des Rechts<\/p>\n<p>&#8211; Rechtliche Korrespondenz<\/p>\n<p>&#8211; Rechtsbeistand f\u00fcr Unternehmen im Streitfall<\/p>\n<p>&#8211; Nachweis und Datei-Tracking<\/p>\n<p>&#8211; Um einen Rechtsstreit zu bringen<\/p>\n<p>&#8211; Verteidigung der Aktion<\/p>\n<p>&#8211; Auftritt im Gericht<\/p>\n<p>&#8211; Vertretung von Personen oder Gesellschaften vor t\u00fcrkischen Gerichten, Gerichtsvollzieher\u00e4mtern, Staatsrat, Kassationshof, Steuergerichten, Verwaltungsgerichten, Schiedsverfahren<\/p>\n<p>&#8211; Einen Rechtsbehelf gegen ung\u00fcnstige Entscheidungen beantragen<\/p>\n<p>&#8211; Nichtigkeitsklage erheben und den Prozess in Schiedsverfahren verfolgen.<\/p>\n<p>&#8211; Sicherstellung der Durchf\u00fchrung einer Entscheidung<\/p>\n<p>&#8211; Vornahme von Forderungssammlungen durch Exekutivverfahren<\/p>\n<p>&#8211; Realisierung jeglicher Art von Beschlagnahmung, die aus dem Vollstreckungsverfahren stammt<\/p>\n<p style=\"text-align: justify;\">&#8211; Nach den Rechtsgesch\u00e4ften wie Konkurs, Aufschub des Konkurses und Konkordats<\/p>\n","protected":false},"excerpt":{"rendered":"<p>Unsere Rechtsanwaltsangebote \u00fcbernehmen Verteidigung und Kl\u00e4ger durch Vertretung Ihres Unternehmens in allen Arten von Anwendungen und F\u00e4llen bei T.R. Gerichte und Internationale Schiedsgerichtsbarkeit, oder das Exekutivverfahren fortsetzend, um Nachfrage der Gesellschaft zu sammeln. Dar\u00fcber hinaus umfasst Advocacy auch die Durchf\u00fchrung von Missionen wie Schiedsverfahren und Mediation. &#8211; Einleitung von rechtlichen Schritten im Voraus und Ergreifung [&hellip;]<\/p>\n","protected":false},"author":1,"featured_media":0,"parent":0,"menu_order":0,"comment_status":"closed","ping_status":"open","template":"page-sidebar-right.php","meta":{"rs_blank_template":"","rs_page_bg_color":"","slide_template_v7":"","footnotes":""},"class_list":["post-3570","page","type-page","status-publish","hentry"],"yoast_head":"<!-- This site is optimized with the Yoast SEO Premium plugin v27.1 (Yoast SEO v27.2) - https:\/\/yoast.com\/product\/yoast-seo-premium-wordpress\/ -->\n<title>Anwaltsangebote | B\u0131\u00e7ak Hukuk<\/title>\n<meta name=\"robots\" content=\"index, follow, max-snippet:-1, max-image-preview:large, max-video-preview:-1\" \/>\n<link rel=\"canonical\" href=\"https:\/\/www.bicakhukuk.com\/de\/avukatlik-hizmetleri\/\" \/>\n<meta property=\"og:locale\" content=\"de_DE\" \/>\n<meta property=\"og:type\" content=\"article\" \/>\n<meta property=\"og:title\" content=\"Anwaltsangebote\" \/>\n<meta property=\"og:description\" content=\"Unsere Rechtsanwaltsangebote \u00fcbernehmen Verteidigung und Kl\u00e4ger durch Vertretung Ihres Unternehmens in allen Arten von Anwendungen und F\u00e4llen bei T.R.\" \/>\n<meta property=\"og:url\" content=\"https:\/\/www.bicakhukuk.com\/de\/avukatlik-hizmetleri\/\" \/>\n<meta property=\"og:site_name\" content=\"B\u0131\u00e7ak Hukuk\" \/>\n<meta property=\"article:publisher\" content=\"https:\/\/www.facebook.com\/bicakhukuk\" \/>\n<meta property=\"article:modified_time\" content=\"2018-09-17T10:27:30+00:00\" \/>\n<meta property=\"og:image\" content=\"https:\/\/www.bicakhukuk.com\/wp-content\/uploads\/2020\/02\/Next-Level.jpg\" \/>\n\t<meta property=\"og:image:width\" content=\"960\" \/>\n\t<meta property=\"og:image:height\" content=\"540\" \/>\n\t<meta property=\"og:image:type\" content=\"image\/jpeg\" \/>\n<meta name=\"twitter:card\" content=\"summary_large_image\" \/>\n<meta name=\"twitter:site\" content=\"@BicakHukuk\" \/>\n<meta name=\"twitter:label1\" content=\"Gesch\u00e4tzte Lesezeit\" \/>\n\t<meta name=\"twitter:data1\" content=\"1\u00a0Minute\" \/>\n<script type=\"application\/ld+json\" class=\"yoast-schema-graph\">{\"@context\":\"https:\/\/schema.org\",\"@graph\":[{\"@type\":\"WebPage\",\"@id\":\"https:\/\/www.bicakhukuk.com\/de\/avukatlik-hizmetleri\/\",\"url\":\"https:\/\/www.bicakhukuk.com\/de\/avukatlik-hizmetleri\/\",\"name\":\"Anwaltsangebote | B\u0131\u00e7ak Hukuk\",\"isPartOf\":{\"@id\":\"https:\/\/www.bicakhukuk.com\/de\/#website\"},\"datePublished\":\"2014-08-30T06:27:29+00:00\",\"dateModified\":\"2018-09-17T10:27:30+00:00\",\"breadcrumb\":{\"@id\":\"https:\/\/www.bicakhukuk.com\/de\/avukatlik-hizmetleri\/#breadcrumb\"},\"inLanguage\":\"de\",\"potentialAction\":[{\"@type\":\"ReadAction\",\"target\":[\"https:\/\/www.bicakhukuk.com\/de\/avukatlik-hizmetleri\/\"]}]},{\"@type\":\"BreadcrumbList\",\"@id\":\"https:\/\/www.bicakhukuk.com\/de\/avukatlik-hizmetleri\/#breadcrumb\",\"itemListElement\":[{\"@type\":\"ListItem\",\"position\":1,\"name\":\"Homepage\",\"item\":\"https:\/\/www.bicakhukuk.com\/de\/\"},{\"@type\":\"ListItem\",\"position\":2,\"name\":\"Anwaltsangebote\"}]},{\"@type\":\"WebSite\",\"@id\":\"https:\/\/www.bicakhukuk.com\/de\/#website\",\"url\":\"https:\/\/www.bicakhukuk.com\/de\/\",\"name\":\"B\u0131\u00e7ak Hukuk\",\"description\":\"T\u00fcrkiye Merkezli Global Hukuk B\u00fcrosu\",\"publisher\":{\"@id\":\"https:\/\/www.bicakhukuk.com\/de\/#organization\"},\"alternateName\":\"B\u0131\u00e7ak Hukuk, Ankara Avukat, Ankara Hukuk B\u00fcrosu\",\"potentialAction\":[{\"@type\":\"SearchAction\",\"target\":{\"@type\":\"EntryPoint\",\"urlTemplate\":\"https:\/\/www.bicakhukuk.com\/de\/?s={search_term_string}\"},\"query-input\":{\"@type\":\"PropertyValueSpecification\",\"valueRequired\":true,\"valueName\":\"search_term_string\"}}],\"inLanguage\":\"de\"},{\"@type\":[\"Organization\",\"Place\"],\"@id\":\"https:\/\/www.bicakhukuk.com\/de\/#organization\",\"name\":\"B\u0131\u00e7ak Hukuk | T\u00fcrkiye Merkezli Global Hukuk Firmas\u0131\",\"alternateName\":\"B\u0131\u00e7ak Hukuk, Ankara Avukat, Ankara Hukuk B\u00fcrosu\",\"url\":\"https:\/\/www.bicakhukuk.com\/de\/\",\"logo\":{\"@id\":\"https:\/\/www.bicakhukuk.com\/de\/avukatlik-hizmetleri\/#local-main-organization-logo\"},\"image\":{\"@id\":\"https:\/\/www.bicakhukuk.com\/de\/avukatlik-hizmetleri\/#local-main-organization-logo\"},\"sameAs\":[\"https:\/\/www.facebook.com\/bicakhukuk\",\"https:\/\/x.com\/BicakHukuk\",\"https:\/\/www.instagram.com\/bicakhukuk\/\",\"https:\/\/tr.linkedin.com\/company\/b-ak-law-firm\",\"https:\/\/www.youtube.com\/channel\/UCodktEWFyJmIp3i1BH9aM2A\/\"],\"description\":\"K\u00fcresel, b\u00f6lgesel ve ulusal \u015firketlere, kurulu\u015flara ve ki\u015filere uzmanl\u0131k alanlar\u0131m\u0131zda uyu\u015fmazl\u0131k \u00f6nleyici hukuk dan\u0131\u015fmanl\u0131\u011f\u0131, uyu\u015fmazl\u0131k \u00e7\u00f6z\u00fcm s\u00fcre\u00e7lerinde ise arabuluculuk, arabuluculukta taraf vekilli\u011fi, mahkemelerde taraf vekilli\u011fi ve avukatl\u0131k, tahkim hakemli\u011fi, tahkimde taraf vekilli\u011fi, hukuki konularda m\u00fctalaa ve hukuki konularda e\u011fitim hizmetleri vermekteyiz. Uluslararas\u0131, b\u00f6lgesel ve ulusal hukuka ili\u015fkin inceleme, ara\u015ft\u0131rma ve tecr\u00fcbeye dayal\u0131 hukuk hizmetlerimizi sunarken teknolojinin imkan sa\u011flad\u0131\u011f\u0131 g\u00f6rsel (video konferans) veya i\u015fitsel (sesli konferans) ileti\u015fim teknolojilerinin elverdi\u011fi t\u00fcm olanaklar\u0131 kullanmaktay\u0131z. Dan\u0131\u015fanlar\u0131m\u0131z veya m\u00fcvekkillerimiz, D\u00fcnyan\u0131n, b\u00f6lgemizin veya \u00fclkemizin neresinde olurlarsa olsunlar hizmetlerimizden uzaktan eri\u015fim yoluyla yararlanabilmektedir. Muhtemel ihtilaflar\u0131 \u00f6nlemek veya en aza indirmek gayesiyle m\u00fcvekkillerimize sundu\u011fumuz dinamik, etkili ve \u00f6nleyici dan\u0131\u015fmanl\u0131k hizmetlerimizin yan\u0131nda, uyu\u015fmazl\u0131k \u00e7\u00f6z\u00fcm s\u00fcre\u00e7lerinde arabuluculuk, tahkim veya mahkemelerde dava takibi hizmetleri de sunmaktay\u0131z. Ba\u015far\u0131n\u0131n s\u0131rr\u0131, do\u011fru bilgiye h\u0131zl\u0131 eri\u015fimdir. M\u00fcvekkil ihtiya\u00e7lar\u0131 tam ve eksiksiz tan\u0131mlayarak y\u00fcksek standartlarda, kaliteli, h\u0131zl\u0131 ve sonu\u00e7 odakl\u0131 esas\u0131na dayanan bir \u00e7al\u0131\u015fma anlay\u0131\u015f\u0131 benimsemi\u015f bulunuyoruz. G\u00fcvenilirlik, itibar, etik de\u011ferler ve kalite standartlar\u0131 gibi unsurlar, vazge\u00e7ilmezlerimiz olu\u015fturur.\",\"legalName\":\"B\u0131\u00e7ak Hukuk\",\"foundingDate\":\"2002-01-01\",\"numberOfEmployees\":{\"@type\":\"QuantitativeValue\",\"minValue\":\"1\",\"maxValue\":\"10\"},\"address\":{\"@id\":\"https:\/\/www.bicakhukuk.com\/de\/avukatlik-hizmetleri\/#local-main-place-address\"},\"geo\":{\"@type\":\"GeoCoordinates\",\"latitude\":\"39.90985903589262\",\"longitude\":\"32.81218744448808\"},\"telephone\":[\"0 (312) 473 39 60\",\"0 (553) 223 32 90\"],\"openingHoursSpecification\":[{\"@type\":\"OpeningHoursSpecification\",\"dayOfWeek\":[\"Monday\",\"Tuesday\",\"Wednesday\",\"Thursday\",\"Friday\",\"Saturday\"],\"opens\":\"08:00\",\"closes\":\"18:00\"},{\"@type\":\"OpeningHoursSpecification\",\"dayOfWeek\":[\"Sunday\"],\"opens\":\"00:00\",\"closes\":\"00:00\"}],\"email\":\"iletisim@bicakhukuk.com\",\"faxNumber\":\"0 (312) 473 39 62\",\"areaServed\":\"Hukuk\"},{\"@type\":\"PostalAddress\",\"@id\":\"https:\/\/www.bicakhukuk.com\/de\/avukatlik-hizmetleri\/#local-main-place-address\",\"streetAddress\":\"Next Level Loft Ofis, Kat 9-10, Daire 29, K\u0131z\u0131l\u0131rmak Mahallesi, Ufuk \u00dcniversitesi Caddesi S\u00f6\u011f\u00fct\u00f6z\u00fc \/ \u00c7ankaya\",\"addressLocality\":\"Ankara\",\"postalCode\":\"06530\",\"addressCountry\":\"TR\"},{\"@type\":\"ImageObject\",\"inLanguage\":\"de\",\"@id\":\"https:\/\/www.bicakhukuk.com\/de\/avukatlik-hizmetleri\/#local-main-organization-logo\",\"url\":\"https:\/\/www.bicakhukuk.com\/wp-content\/uploads\/2023\/05\/bicak_hukuk_logo_kare.png\",\"contentUrl\":\"https:\/\/www.bicakhukuk.com\/wp-content\/uploads\/2023\/05\/bicak_hukuk_logo_kare.png\",\"width\":2000,\"height\":2000,\"caption\":\"B\u0131\u00e7ak Hukuk | T\u00fcrkiye Merkezli Global Hukuk Firmas\u0131\"}]}<\/script>\n<meta name=\"geo.placename\" content=\"Ankara\" \/>\n<meta name=\"geo.position\" content=\"39.90985903589262;32.81218744448808\" \/>\n<meta name=\"geo.region\" content=\"T\u00fcrkei\" \/>\n<!-- \/ Yoast SEO Premium plugin. -->","yoast_head_json":{"title":"Anwaltsangebote | B\u0131\u00e7ak Hukuk","robots":{"index":"index","follow":"follow","max-snippet":"max-snippet:-1","max-image-preview":"max-image-preview:large","max-video-preview":"max-video-preview:-1"},"canonical":"https:\/\/www.bicakhukuk.com\/de\/avukatlik-hizmetleri\/","og_locale":"de_DE","og_type":"article","og_title":"Anwaltsangebote","og_description":"Unsere Rechtsanwaltsangebote \u00fcbernehmen Verteidigung und Kl\u00e4ger durch Vertretung Ihres Unternehmens in allen Arten von Anwendungen und F\u00e4llen bei T.R.","og_url":"https:\/\/www.bicakhukuk.com\/de\/avukatlik-hizmetleri\/","og_site_name":"B\u0131\u00e7ak Hukuk","article_publisher":"https:\/\/www.facebook.com\/bicakhukuk","article_modified_time":"2018-09-17T10:27:30+00:00","og_image":[{"width":960,"height":540,"url":"https:\/\/www.bicakhukuk.com\/wp-content\/uploads\/2020\/02\/Next-Level.jpg","type":"image\/jpeg"}],"twitter_card":"summary_large_image","twitter_site":"@BicakHukuk","twitter_misc":{"Gesch\u00e4tzte Lesezeit":"1\u00a0Minute"},"schema":{"@context":"https:\/\/schema.org","@graph":[{"@type":"WebPage","@id":"https:\/\/www.bicakhukuk.com\/de\/avukatlik-hizmetleri\/","url":"https:\/\/www.bicakhukuk.com\/de\/avukatlik-hizmetleri\/","name":"Anwaltsangebote | B\u0131\u00e7ak Hukuk","isPartOf":{"@id":"https:\/\/www.bicakhukuk.com\/de\/#website"},"datePublished":"2014-08-30T06:27:29+00:00","dateModified":"2018-09-17T10:27:30+00:00","breadcrumb":{"@id":"https:\/\/www.bicakhukuk.com\/de\/avukatlik-hizmetleri\/#breadcrumb"},"inLanguage":"de","potentialAction":[{"@type":"ReadAction","target":["https:\/\/www.bicakhukuk.com\/de\/avukatlik-hizmetleri\/"]}]},{"@type":"BreadcrumbList","@id":"https:\/\/www.bicakhukuk.com\/de\/avukatlik-hizmetleri\/#breadcrumb","itemListElement":[{"@type":"ListItem","position":1,"name":"Homepage","item":"https:\/\/www.bicakhukuk.com\/de\/"},{"@type":"ListItem","position":2,"name":"Anwaltsangebote"}]},{"@type":"WebSite","@id":"https:\/\/www.bicakhukuk.com\/de\/#website","url":"https:\/\/www.bicakhukuk.com\/de\/","name":"B\u0131\u00e7ak Hukuk","description":"T\u00fcrkiye Merkezli Global Hukuk B\u00fcrosu","publisher":{"@id":"https:\/\/www.bicakhukuk.com\/de\/#organization"},"alternateName":"B\u0131\u00e7ak Hukuk, Ankara Avukat, Ankara Hukuk B\u00fcrosu","potentialAction":[{"@type":"SearchAction","target":{"@type":"EntryPoint","urlTemplate":"https:\/\/www.bicakhukuk.com\/de\/?s={search_term_string}"},"query-input":{"@type":"PropertyValueSpecification","valueRequired":true,"valueName":"search_term_string"}}],"inLanguage":"de"},{"@type":["Organization","Place"],"@id":"https:\/\/www.bicakhukuk.com\/de\/#organization","name":"B\u0131\u00e7ak Hukuk | T\u00fcrkiye Merkezli Global Hukuk Firmas\u0131","alternateName":"B\u0131\u00e7ak Hukuk, Ankara Avukat, Ankara Hukuk B\u00fcrosu","url":"https:\/\/www.bicakhukuk.com\/de\/","logo":{"@id":"https:\/\/www.bicakhukuk.com\/de\/avukatlik-hizmetleri\/#local-main-organization-logo"},"image":{"@id":"https:\/\/www.bicakhukuk.com\/de\/avukatlik-hizmetleri\/#local-main-organization-logo"},"sameAs":["https:\/\/www.facebook.com\/bicakhukuk","https:\/\/x.com\/BicakHukuk","https:\/\/www.instagram.com\/bicakhukuk\/","https:\/\/tr.linkedin.com\/company\/b-ak-law-firm","https:\/\/www.youtube.com\/channel\/UCodktEWFyJmIp3i1BH9aM2A\/"],"description":"K\u00fcresel, b\u00f6lgesel ve ulusal \u015firketlere, kurulu\u015flara ve ki\u015filere uzmanl\u0131k alanlar\u0131m\u0131zda uyu\u015fmazl\u0131k \u00f6nleyici hukuk dan\u0131\u015fmanl\u0131\u011f\u0131, uyu\u015fmazl\u0131k \u00e7\u00f6z\u00fcm s\u00fcre\u00e7lerinde ise arabuluculuk, arabuluculukta taraf vekilli\u011fi, mahkemelerde taraf vekilli\u011fi ve avukatl\u0131k, tahkim hakemli\u011fi, tahkimde taraf vekilli\u011fi, hukuki konularda m\u00fctalaa ve hukuki konularda e\u011fitim hizmetleri vermekteyiz. Uluslararas\u0131, b\u00f6lgesel ve ulusal hukuka ili\u015fkin inceleme, ara\u015ft\u0131rma ve tecr\u00fcbeye dayal\u0131 hukuk hizmetlerimizi sunarken teknolojinin imkan sa\u011flad\u0131\u011f\u0131 g\u00f6rsel (video konferans) veya i\u015fitsel (sesli konferans) ileti\u015fim teknolojilerinin elverdi\u011fi t\u00fcm olanaklar\u0131 kullanmaktay\u0131z. Dan\u0131\u015fanlar\u0131m\u0131z veya m\u00fcvekkillerimiz, D\u00fcnyan\u0131n, b\u00f6lgemizin veya \u00fclkemizin neresinde olurlarsa olsunlar hizmetlerimizden uzaktan eri\u015fim yoluyla yararlanabilmektedir. Muhtemel ihtilaflar\u0131 \u00f6nlemek veya en aza indirmek gayesiyle m\u00fcvekkillerimize sundu\u011fumuz dinamik, etkili ve \u00f6nleyici dan\u0131\u015fmanl\u0131k hizmetlerimizin yan\u0131nda, uyu\u015fmazl\u0131k \u00e7\u00f6z\u00fcm s\u00fcre\u00e7lerinde arabuluculuk, tahkim veya mahkemelerde dava takibi hizmetleri de sunmaktay\u0131z. Ba\u015far\u0131n\u0131n s\u0131rr\u0131, do\u011fru bilgiye h\u0131zl\u0131 eri\u015fimdir. M\u00fcvekkil ihtiya\u00e7lar\u0131 tam ve eksiksiz tan\u0131mlayarak y\u00fcksek standartlarda, kaliteli, h\u0131zl\u0131 ve sonu\u00e7 odakl\u0131 esas\u0131na dayanan bir \u00e7al\u0131\u015fma anlay\u0131\u015f\u0131 benimsemi\u015f bulunuyoruz. G\u00fcvenilirlik, itibar, etik de\u011ferler ve kalite standartlar\u0131 gibi unsurlar, vazge\u00e7ilmezlerimiz olu\u015fturur.","legalName":"B\u0131\u00e7ak Hukuk","foundingDate":"2002-01-01","numberOfEmployees":{"@type":"QuantitativeValue","minValue":"1","maxValue":"10"},"address":{"@id":"https:\/\/www.bicakhukuk.com\/de\/avukatlik-hizmetleri\/#local-main-place-address"},"geo":{"@type":"GeoCoordinates","latitude":"39.90985903589262","longitude":"32.81218744448808"},"telephone":["0 (312) 473 39 60","0 (553) 223 32 90"],"openingHoursSpecification":[{"@type":"OpeningHoursSpecification","dayOfWeek":["Monday","Tuesday","Wednesday","Thursday","Friday","Saturday"],"opens":"08:00","closes":"18:00"},{"@type":"OpeningHoursSpecification","dayOfWeek":["Sunday"],"opens":"00:00","closes":"00:00"}],"email":"iletisim@bicakhukuk.com","faxNumber":"0 (312) 473 39 62","areaServed":"Hukuk"},{"@type":"PostalAddress","@id":"https:\/\/www.bicakhukuk.com\/de\/avukatlik-hizmetleri\/#local-main-place-address","streetAddress":"Next Level Loft Ofis, Kat 9-10, Daire 29, K\u0131z\u0131l\u0131rmak Mahallesi, Ufuk \u00dcniversitesi Caddesi S\u00f6\u011f\u00fct\u00f6z\u00fc \/ \u00c7ankaya","addressLocality":"Ankara","postalCode":"06530","addressCountry":"TR"},{"@type":"ImageObject","inLanguage":"de","@id":"https:\/\/www.bicakhukuk.com\/de\/avukatlik-hizmetleri\/#local-main-organization-logo","url":"https:\/\/www.bicakhukuk.com\/wp-content\/uploads\/2023\/05\/bicak_hukuk_logo_kare.png","contentUrl":"https:\/\/www.bicakhukuk.com\/wp-content\/uploads\/2023\/05\/bicak_hukuk_logo_kare.png","width":2000,"height":2000,"caption":"B\u0131\u00e7ak Hukuk | T\u00fcrkiye Merkezli Global Hukuk Firmas\u0131"}]},"geo.placename":"Ankara","geo.position":{"lat":"39.90985903589262","long":"32.81218744448808"},"geo.region":"T\u00fcrkei"},"_links":{"self":[{"href":"https:\/\/www.bicakhukuk.com\/de\/wp-json\/wp\/v2\/pages\/3570","targetHints":{"allow":["GET"]}}],"collection":[{"href":"https:\/\/www.bicakhukuk.com\/de\/wp-json\/wp\/v2\/pages"}],"about":[{"href":"https:\/\/www.bicakhukuk.com\/de\/wp-json\/wp\/v2\/types\/page"}],"author":[{"embeddable":true,"href":"https:\/\/www.bicakhukuk.com\/de\/wp-json\/wp\/v2\/users\/1"}],"replies":[{"embeddable":true,"href":"https:\/\/www.bicakhukuk.com\/de\/wp-json\/wp\/v2\/comments?post=3570"}],"version-history":[{"count":0,"href":"https:\/\/www.bicakhukuk.com\/de\/wp-json\/wp\/v2\/pages\/3570\/revisions"}],"wp:attachment":[{"href":"https:\/\/www.bicakhukuk.com\/de\/wp-json\/wp\/v2\/media?parent=3570"}],"curies":[{"name":"wp","href":"https:\/\/api.w.org\/{rel}","templated":true}]}}