{"id":3297,"date":"2014-08-04T20:49:38","date_gmt":"2014-08-04T17:49:38","guid":{"rendered":"http:\/\/www.bicakhukuk.com\/bicak-hukuk\/ekibimiz\/danismanlar\/"},"modified":"2018-08-14T16:01:54","modified_gmt":"2018-08-14T13:01:54","slug":"danismanlar","status":"publish","type":"page","link":"https:\/\/www.bicakhukuk.com\/de\/ekibimiz\/danismanlar\/","title":{"rendered":"Unsere Beamten"},"content":{"rendered":"<p>&#8211; <strong>Zeynep G\u00f6k\u015fen Acar<\/strong><\/p>\n<p>1992 y\u0131lnda Ankara \u00dcniversitesi Hukuk Fak\u00fcltesi mezun oldu. 1992-1993 y\u0131llar\u0131 aras\u0131nda Avukatl\u0131k staj\u0131n\u0131 Resio\u011flu-Kuntalp-Ensari Ortak Avukatl\u0131k B\u00fcrosu\u2019nda yapt\u0131 ve ayn\u0131 B\u00fcroda avukat olarak \u00e7al\u0131\u015fmaya devam etti.\u00a01994-1998 y\u0131llar\u0131 aras\u0131nda serbest avukatl\u0131k yapt\u0131. Bu d\u00f6nemde Oxford, Longman, Heinamann ve Adidas gibi markalar\u0131n taklitleri ile hukuki m\u00fccadelede yer ald\u0131. 1998-2012 y\u0131llar\u0131nda D\u0131\u015fi\u015fleri Bakanl\u0131\u011f\u0131&#8217;nda (merkez), Avrupa Konseyi nezdinde T\u00fcrkiye Daimi Temsilcili\u011fi&#8217;nde &#8218;\u0130nsan Haklar\u0131 Uzman\u0131 Hukuk\u00e7u&#8216; olarak \u00e7al\u0131\u015fm\u0131\u015ft\u0131r. Bu d\u00f6nemde\u00a0T\u00fcrkiye aleyhine Avrupa \u0130nsan Haklar\u0131 Mahkemesi\u2019ne yap\u0131lm\u0131\u015f olan ba\u015fvurularda H\u00fck\u00fcmetin esasa, kabuledilebilirli\u011fe, tazminata ili\u015fkin ve ek olarak yap\u0131lan savunmalar\u0131 ile B\u00fcy\u00fck Daire\u2019ye m\u00fcracaat g\u00f6r\u00fc\u015flerini haz\u0131rlam\u0131\u015f, duru\u015fmalara kat\u0131lm\u0131\u015f, dostane \u00e7\u00f6z\u00fcm ve ihlal kararlar\u0131n\u0131n icras\u0131 a\u015famas\u0131nda bireysel ve genel nitelikte \u00f6nlemler al\u0131nmas\u0131 konusunda yap\u0131lmas\u0131 gerekenleri tespit ederek ilgili makamlara \u00f6neriler haz\u0131rlam\u0131\u015f,\u00a0kararlar\u0131n icras\u0131n\u0131n denetlendi\u011fi Avrupa Konseyi Delegeler Komitesi ve insan haklar\u0131yla ilgili uzman komitelerinin toplant\u0131lar\u0131na kat\u0131lm\u0131\u015f, di\u011fer \u00fclkeler aleyhine verilen kararlar\u0131 takip etmi\u015f, Avrupa \u0130\u015fkenceyi \u00d6nleme Komitesi (CPT) ve Irk\u00e7\u0131l\u0131k ve Ho\u015fg\u00f6r\u00fcs\u00fczl\u00fckle M\u00fccadele\u00a0Komisyonu (ECRI) raporlar\u0131n\u0131 incelemi\u015ftir. 2012-2013 Avrupa Konseyi Irk\u00e7\u0131l\u0131k ve Ho\u015fg\u00f6r\u00fcs\u00fczl\u00fckle M\u00fccadele Komisyonu\u2019nda (European Commission against Racism and Intolerance-ECRI) Avukat olarak g\u00f6rev yapm\u0131\u015ft\u0131r.\u00a0Halen, Fransa Strazburg\u2019da ya\u015famakta ve \u00a0Avrupa \u0130nsan Haklar\u0131 Mahkemesi\u2019ne bireysel ba\u015fvurular ve uluslararas\u0131 insan haklar\u0131 hukuku alan\u0131nda B\u0131\u00e7ak Hukuk&#8217;a dan\u0131\u015fmanl\u0131k yapmaktad\u0131r.<\/p>\n<p>&nbsp;<\/p>\n<p><span style=\"font-size: 12pt;\">&#8211; Theresa J. Henson, Esq.<\/span><\/p>\n<p>International Legal Consultant.\u00a0 A U.S. attorney with 20 years of experience in complex civil litigation, multi-district litigation, class actions, competition and antitrust law.\u00a0 Her experience includes class actions for antitrust violations against Google, Yahoo!, and NASDAQ.\u00a0 She is licensed in Pennsylvania and New Jersey.\u00a0Theresa currently offers consulting services as a liaison to the Bicak Law Firm in order to bridge the gap between foreign investors, those looking to establish a new business in Turkey, and others needing legal services in Turkey.\u00a0 Theresa is also a certified ESL\/TESOL\/TEFL instructor.<\/p>\n<p>&nbsp;<\/p>\n<p><span style=\"font-size: 12pt;\"><a href=\"http:\/\/www.silviahodges.com\/\">&#8211; Dr. Silvia Hodges<\/a><\/span><\/p>\n<p><span style=\"font-size: 12pt;\"><a href=\"http:\/\/www.silviahodges.com\/\">Silvia teaches at\u00a0<\/a><span style=\"color: #0066cc;\"><a href=\"https:\/\/www.fordham.edu\/info\/20346\/school_of_law\">Fordham Law School<\/a><\/span>, where she has pioneered courses in law firm management: \u201cLaw Firm as a Business: Managing Lawyers, Clients and Career\u201d and \u201cLaw Firm Marketing\u201d. In addition, Silvia teaches \u201cProfessional Services Marketing\u201d at\u00a0<span style=\"color: #0066cc;\"><a href=\"http:\/\/www.emerson.edu\/\">Emerson College<\/a><\/span>.<\/span><\/p>\n<p><span style=\"font-size: 12pt;\">\u00a0<\/span><\/p>\n<p><span style=\"font-size: 12pt;\">&#8211; Paramjit Mahli<\/span><\/p>\n<p><span style=\"font-size: 12pt;\">Founder and CEO, Results Based Business Development Consultant for Lawyers<span class=\"at\">&#8211;\u00a0<\/span>The Rainmakers Roundtable. Regular Lecturer- Florida International University.\u00a0<\/span><\/p>\n<p><span style=\"font-size: 12pt;\">\u00a0<\/span><\/p>\n<p><span style=\"font-size: 12pt;\">&#8211; Onur Sabri Durak\u00a0\u00a0<\/span><\/p>\n<p><span style=\"font-size: 12pt;\">PhD. Candidate,\u00a0China University of Political Science and Law, International Maritime Law (Beijing).\u00a0<\/span><\/p>\n<p><span style=\"font-size: 12pt;\">\u00a0<\/span><\/p>\n<p><span style=\"font-size: 12pt;\">&#8211; Cui Cui Shao\u00a0\u00a0\u00a0<\/span><\/p>\n<p><span style=\"font-size: 12pt;\">Shangai Maritime University, School of Law, Maritime Law.<\/span><\/p>\n","protected":false},"excerpt":{"rendered":"<p>&#8211; Zeynep G\u00f6k\u015fen Acar 1992 y\u0131lnda Ankara \u00dcniversitesi Hukuk Fak\u00fcltesi mezun oldu. 1992-1993 y\u0131llar\u0131 aras\u0131nda Avukatl\u0131k staj\u0131n\u0131 Resio\u011flu-Kuntalp-Ensari Ortak Avukatl\u0131k B\u00fcrosu\u2019nda yapt\u0131 ve ayn\u0131 B\u00fcroda avukat olarak \u00e7al\u0131\u015fmaya devam etti.\u00a01994-1998 y\u0131llar\u0131 aras\u0131nda serbest avukatl\u0131k yapt\u0131. Bu d\u00f6nemde Oxford, Longman, Heinamann ve Adidas gibi markalar\u0131n taklitleri ile hukuki m\u00fccadelede yer ald\u0131. 1998-2012 y\u0131llar\u0131nda D\u0131\u015fi\u015fleri Bakanl\u0131\u011f\u0131&#8217;nda (merkez), [&hellip;]<\/p>\n","protected":false},"author":1,"featured_media":0,"parent":3172,"menu_order":0,"comment_status":"open","ping_status":"open","template":"page-sidebar-right.php","meta":{"rs_blank_template":"","rs_page_bg_color":"","slide_template_v7":"","footnotes":""},"class_list":["post-3297","page","type-page","status-publish","hentry"],"yoast_head":"<!-- This site is optimized with the Yoast SEO Premium plugin v27.1 (Yoast SEO v27.5) - https:\/\/yoast.com\/product\/yoast-seo-premium-wordpress\/ -->\n<title>Unsere Beamten | B\u0131\u00e7ak Hukuk<\/title>\n<meta name=\"robots\" content=\"index, follow, max-snippet:-1, max-image-preview:large, max-video-preview:-1\" \/>\n<link rel=\"canonical\" href=\"https:\/\/www.bicakhukuk.com\/de\/ekibimiz\/danismanlar\/\" \/>\n<meta property=\"og:locale\" content=\"de_DE\" \/>\n<meta property=\"og:type\" content=\"article\" \/>\n<meta property=\"og:title\" content=\"Unsere Beamten\" \/>\n<meta property=\"og:description\" content=\"- Zeynep G\u00f6k\u015fen Acar 1992 y\u0131lnda Ankara \u00dcniversitesi Hukuk Fak\u00fcltesi mezun oldu. 1992-1993 y\u0131llar\u0131 aras\u0131nda Avukatl\u0131k staj\u0131n\u0131 Resio\u011flu-Kuntalp-Ensari\" \/>\n<meta property=\"og:url\" content=\"https:\/\/www.bicakhukuk.com\/de\/ekibimiz\/danismanlar\/\" \/>\n<meta property=\"og:site_name\" content=\"B\u0131\u00e7ak Hukuk\" \/>\n<meta property=\"article:publisher\" content=\"https:\/\/www.facebook.com\/bicakhukuk\" \/>\n<meta property=\"article:modified_time\" content=\"2018-08-14T13:01:54+00:00\" \/>\n<meta property=\"og:image\" content=\"https:\/\/www.bicakhukuk.com\/wp-content\/uploads\/2020\/02\/Next-Level.jpg\" \/>\n\t<meta property=\"og:image:width\" content=\"960\" \/>\n\t<meta property=\"og:image:height\" content=\"540\" \/>\n\t<meta property=\"og:image:type\" content=\"image\/jpeg\" \/>\n<meta name=\"twitter:card\" content=\"summary_large_image\" \/>\n<meta name=\"twitter:site\" content=\"@BicakHukuk\" \/>\n<meta name=\"twitter:label1\" content=\"Gesch\u00e4tzte Lesezeit\" \/>\n\t<meta name=\"twitter:data1\" content=\"2\u00a0Minuten\" \/>\n<script type=\"application\/ld+json\" class=\"yoast-schema-graph\">{\"@context\":\"https:\\\/\\\/schema.org\",\"@graph\":[{\"@type\":\"WebPage\",\"@id\":\"https:\\\/\\\/www.bicakhukuk.com\\\/de\\\/ekibimiz\\\/danismanlar\\\/\",\"url\":\"https:\\\/\\\/www.bicakhukuk.com\\\/de\\\/ekibimiz\\\/danismanlar\\\/\",\"name\":\"Unsere Beamten | B\u0131\u00e7ak Hukuk\",\"isPartOf\":{\"@id\":\"https:\\\/\\\/www.bicakhukuk.com\\\/de\\\/#website\"},\"datePublished\":\"2014-08-04T17:49:38+00:00\",\"dateModified\":\"2018-08-14T13:01:54+00:00\",\"breadcrumb\":{\"@id\":\"https:\\\/\\\/www.bicakhukuk.com\\\/de\\\/ekibimiz\\\/danismanlar\\\/#breadcrumb\"},\"inLanguage\":\"de\",\"potentialAction\":[{\"@type\":\"ReadAction\",\"target\":[\"https:\\\/\\\/www.bicakhukuk.com\\\/de\\\/ekibimiz\\\/danismanlar\\\/\"]}]},{\"@type\":\"BreadcrumbList\",\"@id\":\"https:\\\/\\\/www.bicakhukuk.com\\\/de\\\/ekibimiz\\\/danismanlar\\\/#breadcrumb\",\"itemListElement\":[{\"@type\":\"ListItem\",\"position\":1,\"name\":\"Ana sayfa\",\"item\":\"https:\\\/\\\/www.bicakhukuk.com\\\/de\\\/\"},{\"@type\":\"ListItem\",\"position\":2,\"name\":\"Unser Team\",\"item\":\"https:\\\/\\\/www.bicakhukuk.com\\\/de\\\/ekibimiz\\\/\"},{\"@type\":\"ListItem\",\"position\":3,\"name\":\"Unsere Beamten\"}]},{\"@type\":\"WebSite\",\"@id\":\"https:\\\/\\\/www.bicakhukuk.com\\\/de\\\/#website\",\"url\":\"https:\\\/\\\/www.bicakhukuk.com\\\/de\\\/\",\"name\":\"B\u0131\u00e7ak Hukuk\",\"description\":\"T\u00fcrkiye Merkezli Global Hukuk B\u00fcrosu\",\"publisher\":{\"@id\":\"https:\\\/\\\/www.bicakhukuk.com\\\/de\\\/#organization\"},\"alternateName\":\"B\u0131\u00e7ak Hukuk, Ankara Avukat, Ankara Hukuk B\u00fcrosu\",\"potentialAction\":[{\"@type\":\"SearchAction\",\"target\":{\"@type\":\"EntryPoint\",\"urlTemplate\":\"https:\\\/\\\/www.bicakhukuk.com\\\/de\\\/?s={search_term_string}\"},\"query-input\":{\"@type\":\"PropertyValueSpecification\",\"valueRequired\":true,\"valueName\":\"search_term_string\"}}],\"inLanguage\":\"de\"},{\"@type\":[\"Organization\",\"Place\"],\"@id\":\"https:\\\/\\\/www.bicakhukuk.com\\\/de\\\/#organization\",\"name\":\"B\u0131\u00e7ak Hukuk | T\u00fcrkiye Merkezli Global Hukuk Firmas\u0131\",\"alternateName\":\"B\u0131\u00e7ak Hukuk, Ankara Avukat, Ankara Hukuk B\u00fcrosu\",\"url\":\"https:\\\/\\\/www.bicakhukuk.com\\\/de\\\/\",\"logo\":{\"@id\":\"https:\\\/\\\/www.bicakhukuk.com\\\/de\\\/ekibimiz\\\/danismanlar\\\/#local-main-organization-logo\"},\"image\":{\"@id\":\"https:\\\/\\\/www.bicakhukuk.com\\\/de\\\/ekibimiz\\\/danismanlar\\\/#local-main-organization-logo\"},\"sameAs\":[\"https:\\\/\\\/www.facebook.com\\\/bicakhukuk\",\"https:\\\/\\\/x.com\\\/BicakHukuk\",\"https:\\\/\\\/www.instagram.com\\\/bicakhukuk\\\/\",\"https:\\\/\\\/tr.linkedin.com\\\/company\\\/b-ak-law-firm\",\"https:\\\/\\\/www.youtube.com\\\/channel\\\/UCodktEWFyJmIp3i1BH9aM2A\\\/\"],\"description\":\"K\u00fcresel, b\u00f6lgesel ve ulusal \u015firketlere, kurulu\u015flara ve ki\u015filere uzmanl\u0131k alanlar\u0131m\u0131zda uyu\u015fmazl\u0131k \u00f6nleyici hukuk dan\u0131\u015fmanl\u0131\u011f\u0131, uyu\u015fmazl\u0131k \u00e7\u00f6z\u00fcm s\u00fcre\u00e7lerinde ise arabuluculuk, arabuluculukta taraf vekilli\u011fi, mahkemelerde taraf vekilli\u011fi ve avukatl\u0131k, tahkim hakemli\u011fi, tahkimde taraf vekilli\u011fi, hukuki konularda m\u00fctalaa ve hukuki konularda e\u011fitim hizmetleri vermekteyiz. Uluslararas\u0131, b\u00f6lgesel ve ulusal hukuka ili\u015fkin inceleme, ara\u015ft\u0131rma ve tecr\u00fcbeye dayal\u0131 hukuk hizmetlerimizi sunarken teknolojinin imkan sa\u011flad\u0131\u011f\u0131 g\u00f6rsel (video konferans) veya i\u015fitsel (sesli konferans) ileti\u015fim teknolojilerinin elverdi\u011fi t\u00fcm olanaklar\u0131 kullanmaktay\u0131z. Dan\u0131\u015fanlar\u0131m\u0131z veya m\u00fcvekkillerimiz, D\u00fcnyan\u0131n, b\u00f6lgemizin veya \u00fclkemizin neresinde olurlarsa olsunlar hizmetlerimizden uzaktan eri\u015fim yoluyla yararlanabilmektedir. Muhtemel ihtilaflar\u0131 \u00f6nlemek veya en aza indirmek gayesiyle m\u00fcvekkillerimize sundu\u011fumuz dinamik, etkili ve \u00f6nleyici dan\u0131\u015fmanl\u0131k hizmetlerimizin yan\u0131nda, uyu\u015fmazl\u0131k \u00e7\u00f6z\u00fcm s\u00fcre\u00e7lerinde arabuluculuk, tahkim veya mahkemelerde dava takibi hizmetleri de sunmaktay\u0131z. Ba\u015far\u0131n\u0131n s\u0131rr\u0131, do\u011fru bilgiye h\u0131zl\u0131 eri\u015fimdir. M\u00fcvekkil ihtiya\u00e7lar\u0131 tam ve eksiksiz tan\u0131mlayarak y\u00fcksek standartlarda, kaliteli, h\u0131zl\u0131 ve sonu\u00e7 odakl\u0131 esas\u0131na dayanan bir \u00e7al\u0131\u015fma anlay\u0131\u015f\u0131 benimsemi\u015f bulunuyoruz. G\u00fcvenilirlik, itibar, etik de\u011ferler ve kalite standartlar\u0131 gibi unsurlar, vazge\u00e7ilmezlerimiz olu\u015fturur.\",\"legalName\":\"B\u0131\u00e7ak Hukuk\",\"foundingDate\":\"2002-01-01\",\"numberOfEmployees\":{\"@type\":\"QuantitativeValue\",\"minValue\":\"1\",\"maxValue\":\"10\"},\"address\":{\"@id\":\"https:\\\/\\\/www.bicakhukuk.com\\\/de\\\/ekibimiz\\\/danismanlar\\\/#local-main-place-address\"},\"geo\":{\"@type\":\"GeoCoordinates\",\"latitude\":\"39.90985903589262\",\"longitude\":\"32.81218744448808\"},\"telephone\":[\"0 (312) 473 39 60\",\"0 (553) 223 32 90\"],\"openingHoursSpecification\":[{\"@type\":\"OpeningHoursSpecification\",\"dayOfWeek\":[\"Monday\",\"Tuesday\",\"Wednesday\",\"Thursday\",\"Friday\",\"Saturday\"],\"opens\":\"08:00\",\"closes\":\"18:00\"},{\"@type\":\"OpeningHoursSpecification\",\"dayOfWeek\":[\"Sunday\"],\"opens\":\"00:00\",\"closes\":\"00:00\"}],\"email\":\"iletisim@bicakhukuk.com\",\"faxNumber\":\"0 (312) 473 39 62\",\"areaServed\":\"Hukuk\"},{\"@type\":\"PostalAddress\",\"@id\":\"https:\\\/\\\/www.bicakhukuk.com\\\/de\\\/ekibimiz\\\/danismanlar\\\/#local-main-place-address\",\"streetAddress\":\"Next Level Loft Ofis, Kat 9-10, Daire 29, K\u0131z\u0131l\u0131rmak Mahallesi, Ufuk \u00dcniversitesi Caddesi S\u00f6\u011f\u00fct\u00f6z\u00fc \\\/ \u00c7ankaya\",\"addressLocality\":\"Ankara\",\"postalCode\":\"06530\",\"addressCountry\":\"TR\"},{\"@type\":\"ImageObject\",\"inLanguage\":\"de\",\"@id\":\"https:\\\/\\\/www.bicakhukuk.com\\\/de\\\/ekibimiz\\\/danismanlar\\\/#local-main-organization-logo\",\"url\":\"https:\\\/\\\/www.bicakhukuk.com\\\/wp-content\\\/uploads\\\/2023\\\/05\\\/bicak_hukuk_logo_kare.png\",\"contentUrl\":\"https:\\\/\\\/www.bicakhukuk.com\\\/wp-content\\\/uploads\\\/2023\\\/05\\\/bicak_hukuk_logo_kare.png\",\"width\":2000,\"height\":2000,\"caption\":\"B\u0131\u00e7ak Hukuk | T\u00fcrkiye Merkezli Global Hukuk Firmas\u0131\"}]}<\/script>\n<meta name=\"geo.placename\" content=\"Ankara\" \/>\n<meta name=\"geo.position\" content=\"39.90985903589262;32.81218744448808\" \/>\n<meta name=\"geo.region\" content=\"T\u00fcrkei\" \/>\n<!-- \/ Yoast SEO Premium plugin. -->","yoast_head_json":{"title":"Unsere Beamten | B\u0131\u00e7ak Hukuk","robots":{"index":"index","follow":"follow","max-snippet":"max-snippet:-1","max-image-preview":"max-image-preview:large","max-video-preview":"max-video-preview:-1"},"canonical":"https:\/\/www.bicakhukuk.com\/de\/ekibimiz\/danismanlar\/","og_locale":"de_DE","og_type":"article","og_title":"Unsere Beamten","og_description":"- Zeynep G\u00f6k\u015fen Acar 1992 y\u0131lnda Ankara \u00dcniversitesi Hukuk Fak\u00fcltesi mezun oldu. 1992-1993 y\u0131llar\u0131 aras\u0131nda Avukatl\u0131k staj\u0131n\u0131 Resio\u011flu-Kuntalp-Ensari","og_url":"https:\/\/www.bicakhukuk.com\/de\/ekibimiz\/danismanlar\/","og_site_name":"B\u0131\u00e7ak Hukuk","article_publisher":"https:\/\/www.facebook.com\/bicakhukuk","article_modified_time":"2018-08-14T13:01:54+00:00","og_image":[{"width":960,"height":540,"url":"https:\/\/www.bicakhukuk.com\/wp-content\/uploads\/2020\/02\/Next-Level.jpg","type":"image\/jpeg"}],"twitter_card":"summary_large_image","twitter_site":"@BicakHukuk","twitter_misc":{"Gesch\u00e4tzte Lesezeit":"2\u00a0Minuten"},"schema":{"@context":"https:\/\/schema.org","@graph":[{"@type":"WebPage","@id":"https:\/\/www.bicakhukuk.com\/de\/ekibimiz\/danismanlar\/","url":"https:\/\/www.bicakhukuk.com\/de\/ekibimiz\/danismanlar\/","name":"Unsere Beamten | B\u0131\u00e7ak Hukuk","isPartOf":{"@id":"https:\/\/www.bicakhukuk.com\/de\/#website"},"datePublished":"2014-08-04T17:49:38+00:00","dateModified":"2018-08-14T13:01:54+00:00","breadcrumb":{"@id":"https:\/\/www.bicakhukuk.com\/de\/ekibimiz\/danismanlar\/#breadcrumb"},"inLanguage":"de","potentialAction":[{"@type":"ReadAction","target":["https:\/\/www.bicakhukuk.com\/de\/ekibimiz\/danismanlar\/"]}]},{"@type":"BreadcrumbList","@id":"https:\/\/www.bicakhukuk.com\/de\/ekibimiz\/danismanlar\/#breadcrumb","itemListElement":[{"@type":"ListItem","position":1,"name":"Ana sayfa","item":"https:\/\/www.bicakhukuk.com\/de\/"},{"@type":"ListItem","position":2,"name":"Unser Team","item":"https:\/\/www.bicakhukuk.com\/de\/ekibimiz\/"},{"@type":"ListItem","position":3,"name":"Unsere Beamten"}]},{"@type":"WebSite","@id":"https:\/\/www.bicakhukuk.com\/de\/#website","url":"https:\/\/www.bicakhukuk.com\/de\/","name":"B\u0131\u00e7ak Hukuk","description":"T\u00fcrkiye Merkezli Global Hukuk B\u00fcrosu","publisher":{"@id":"https:\/\/www.bicakhukuk.com\/de\/#organization"},"alternateName":"B\u0131\u00e7ak Hukuk, Ankara Avukat, Ankara Hukuk B\u00fcrosu","potentialAction":[{"@type":"SearchAction","target":{"@type":"EntryPoint","urlTemplate":"https:\/\/www.bicakhukuk.com\/de\/?s={search_term_string}"},"query-input":{"@type":"PropertyValueSpecification","valueRequired":true,"valueName":"search_term_string"}}],"inLanguage":"de"},{"@type":["Organization","Place"],"@id":"https:\/\/www.bicakhukuk.com\/de\/#organization","name":"B\u0131\u00e7ak Hukuk | T\u00fcrkiye Merkezli Global Hukuk Firmas\u0131","alternateName":"B\u0131\u00e7ak Hukuk, Ankara Avukat, Ankara Hukuk B\u00fcrosu","url":"https:\/\/www.bicakhukuk.com\/de\/","logo":{"@id":"https:\/\/www.bicakhukuk.com\/de\/ekibimiz\/danismanlar\/#local-main-organization-logo"},"image":{"@id":"https:\/\/www.bicakhukuk.com\/de\/ekibimiz\/danismanlar\/#local-main-organization-logo"},"sameAs":["https:\/\/www.facebook.com\/bicakhukuk","https:\/\/x.com\/BicakHukuk","https:\/\/www.instagram.com\/bicakhukuk\/","https:\/\/tr.linkedin.com\/company\/b-ak-law-firm","https:\/\/www.youtube.com\/channel\/UCodktEWFyJmIp3i1BH9aM2A\/"],"description":"K\u00fcresel, b\u00f6lgesel ve ulusal \u015firketlere, kurulu\u015flara ve ki\u015filere uzmanl\u0131k alanlar\u0131m\u0131zda uyu\u015fmazl\u0131k \u00f6nleyici hukuk dan\u0131\u015fmanl\u0131\u011f\u0131, uyu\u015fmazl\u0131k \u00e7\u00f6z\u00fcm s\u00fcre\u00e7lerinde ise arabuluculuk, arabuluculukta taraf vekilli\u011fi, mahkemelerde taraf vekilli\u011fi ve avukatl\u0131k, tahkim hakemli\u011fi, tahkimde taraf vekilli\u011fi, hukuki konularda m\u00fctalaa ve hukuki konularda e\u011fitim hizmetleri vermekteyiz. Uluslararas\u0131, b\u00f6lgesel ve ulusal hukuka ili\u015fkin inceleme, ara\u015ft\u0131rma ve tecr\u00fcbeye dayal\u0131 hukuk hizmetlerimizi sunarken teknolojinin imkan sa\u011flad\u0131\u011f\u0131 g\u00f6rsel (video konferans) veya i\u015fitsel (sesli konferans) ileti\u015fim teknolojilerinin elverdi\u011fi t\u00fcm olanaklar\u0131 kullanmaktay\u0131z. Dan\u0131\u015fanlar\u0131m\u0131z veya m\u00fcvekkillerimiz, D\u00fcnyan\u0131n, b\u00f6lgemizin veya \u00fclkemizin neresinde olurlarsa olsunlar hizmetlerimizden uzaktan eri\u015fim yoluyla yararlanabilmektedir. Muhtemel ihtilaflar\u0131 \u00f6nlemek veya en aza indirmek gayesiyle m\u00fcvekkillerimize sundu\u011fumuz dinamik, etkili ve \u00f6nleyici dan\u0131\u015fmanl\u0131k hizmetlerimizin yan\u0131nda, uyu\u015fmazl\u0131k \u00e7\u00f6z\u00fcm s\u00fcre\u00e7lerinde arabuluculuk, tahkim veya mahkemelerde dava takibi hizmetleri de sunmaktay\u0131z. Ba\u015far\u0131n\u0131n s\u0131rr\u0131, do\u011fru bilgiye h\u0131zl\u0131 eri\u015fimdir. M\u00fcvekkil ihtiya\u00e7lar\u0131 tam ve eksiksiz tan\u0131mlayarak y\u00fcksek standartlarda, kaliteli, h\u0131zl\u0131 ve sonu\u00e7 odakl\u0131 esas\u0131na dayanan bir \u00e7al\u0131\u015fma anlay\u0131\u015f\u0131 benimsemi\u015f bulunuyoruz. G\u00fcvenilirlik, itibar, etik de\u011ferler ve kalite standartlar\u0131 gibi unsurlar, vazge\u00e7ilmezlerimiz olu\u015fturur.","legalName":"B\u0131\u00e7ak Hukuk","foundingDate":"2002-01-01","numberOfEmployees":{"@type":"QuantitativeValue","minValue":"1","maxValue":"10"},"address":{"@id":"https:\/\/www.bicakhukuk.com\/de\/ekibimiz\/danismanlar\/#local-main-place-address"},"geo":{"@type":"GeoCoordinates","latitude":"39.90985903589262","longitude":"32.81218744448808"},"telephone":["0 (312) 473 39 60","0 (553) 223 32 90"],"openingHoursSpecification":[{"@type":"OpeningHoursSpecification","dayOfWeek":["Monday","Tuesday","Wednesday","Thursday","Friday","Saturday"],"opens":"08:00","closes":"18:00"},{"@type":"OpeningHoursSpecification","dayOfWeek":["Sunday"],"opens":"00:00","closes":"00:00"}],"email":"iletisim@bicakhukuk.com","faxNumber":"0 (312) 473 39 62","areaServed":"Hukuk"},{"@type":"PostalAddress","@id":"https:\/\/www.bicakhukuk.com\/de\/ekibimiz\/danismanlar\/#local-main-place-address","streetAddress":"Next Level Loft Ofis, Kat 9-10, Daire 29, K\u0131z\u0131l\u0131rmak Mahallesi, Ufuk \u00dcniversitesi Caddesi S\u00f6\u011f\u00fct\u00f6z\u00fc \/ \u00c7ankaya","addressLocality":"Ankara","postalCode":"06530","addressCountry":"TR"},{"@type":"ImageObject","inLanguage":"de","@id":"https:\/\/www.bicakhukuk.com\/de\/ekibimiz\/danismanlar\/#local-main-organization-logo","url":"https:\/\/www.bicakhukuk.com\/wp-content\/uploads\/2023\/05\/bicak_hukuk_logo_kare.png","contentUrl":"https:\/\/www.bicakhukuk.com\/wp-content\/uploads\/2023\/05\/bicak_hukuk_logo_kare.png","width":2000,"height":2000,"caption":"B\u0131\u00e7ak Hukuk | T\u00fcrkiye Merkezli Global Hukuk Firmas\u0131"}]},"geo.placename":"Ankara","geo.position":{"lat":"39.90985903589262","long":"32.81218744448808"},"geo.region":"T\u00fcrkei"},"_links":{"self":[{"href":"https:\/\/www.bicakhukuk.com\/de\/wp-json\/wp\/v2\/pages\/3297","targetHints":{"allow":["GET"]}}],"collection":[{"href":"https:\/\/www.bicakhukuk.com\/de\/wp-json\/wp\/v2\/pages"}],"about":[{"href":"https:\/\/www.bicakhukuk.com\/de\/wp-json\/wp\/v2\/types\/page"}],"author":[{"embeddable":true,"href":"https:\/\/www.bicakhukuk.com\/de\/wp-json\/wp\/v2\/users\/1"}],"replies":[{"embeddable":true,"href":"https:\/\/www.bicakhukuk.com\/de\/wp-json\/wp\/v2\/comments?post=3297"}],"version-history":[{"count":0,"href":"https:\/\/www.bicakhukuk.com\/de\/wp-json\/wp\/v2\/pages\/3297\/revisions"}],"up":[{"embeddable":true,"href":"https:\/\/www.bicakhukuk.com\/de\/wp-json\/wp\/v2\/pages\/3172"}],"wp:attachment":[{"href":"https:\/\/www.bicakhukuk.com\/de\/wp-json\/wp\/v2\/media?parent=3297"}],"curies":[{"name":"wp","href":"https:\/\/api.w.org\/{rel}","templated":true}]}}