{"id":3051,"date":"2014-07-26T01:37:00","date_gmt":"2014-07-25T22:37:00","guid":{"rendered":"http:\/\/www.bicakhukuk.com\/bicak-hukuk\/hakkimizda\/tarihce\/"},"modified":"2018-08-08T14:10:55","modified_gmt":"2018-08-08T11:10:55","slug":"tarihce","status":"publish","type":"page","link":"https:\/\/www.bicakhukuk.com\/de\/bicak-hukuk-hakkinda-kurumsal-bilgiler-2\/tarihce\/","title":{"rendered":"Historie der Anwaltskanzlei"},"content":{"rendered":"<p>Unser B\u00fcro wurde am 15. Juli 2002 in Ankara gegr\u00fcndet.<\/p>\n<p>Unser erstes B\u00fcro war auf der Seite vom Richterhaus Ankara. Im Jahr 2006, sind wir um unseren breiteren Raumbed\u00fcrfnissen gerecht zu werden. Zur \u00c7etin Eme\u00e7 Boulevard umgezogen. wir sind auch noch in Gebrauch entstanden gerecht zu werden, zogen wir in unser neues B\u00fcro. Im Jahr 2013 haben wir unsere B\u00fcrofl\u00e4chen weiter ausgebaut und sind aus einer &#8222;Anwaltskanzlei&#8220; zu einer &#8222;unabh\u00e4ngigen Anwaltskanzlei&#8220; geworden.<\/p>\n<p>Unmittelbar nach unserer Gr\u00fcndung war das gr\u00f6\u00dfte und etablierteste Bauunternehmen Gro\u00dfbritanniens, das eine beachtliche Benchmark in unserem Land aufgebaut hat, einer unserer ersten Kunden, denen wir Rechtsberatung anbieteten. Wir haben einzigartige Erfahrungen in Fragen wie Bauvertr\u00e4ge, internationale Streitbeilegung und internationale Schiedsgerichtsbarkeit gesammelt.<\/p>\n<p>Wir traten in den Energiesektor, indem wir Erlaubnis von einer amerikanischen Firma erhalten haben, welche \u00d6lsuche-und \u00d6lerhaltung in unserem Land durchf\u00fchrt und vor allem in Kasachstan \u00d6lbohrungen er\u00f6ffnet und verkauft, wobei wir mit t\u00fcrkischen Staatsorganisationen diesen Geschehnissen gefolgt sind.<\/p>\n<p>Dann haben wir Dienstleistungen in Gebieten erbracht, in welchen elektrische und Erdgasproduktion und Verteilung aktiv ist und bieten Service f\u00fcr unser Land und f\u00fcr die Anpassung im Rahmen des Monopols. Unsere Rechtsberatung im Energiesektor wurde mit der Beratung des gr\u00f6\u00dften deutschen Energieerzeugungs- und -vertriebsunternehmens fortgesetzt, welche in unser Land kam, um in die Energieerzeugung und -verteilung zu investieren.<\/p>\n<p>Seit 2010 geh\u00f6rt unser B\u00fcro zu den Rechtsberatern, die von vielen Botschaften und Konsulaten vor allem den USA, Deutschland, Kanada, \u00d6sterreich, den Niederlanden, Rum\u00e4nien, Polen, Ungarn, Malaysia und Indonesien empfohlen werden. In dieser Zeit begannen wir, die rechtlichen Beratungsbed\u00fcrfnisse einiger Botschaften zu erf\u00fcllen.<\/p>\n<p>Im Jahr 2011 sind wir in den Informationssektor eingestiegen, indem wir dem russischen Suchmaschinenunternehmen, das sehr ehrgeizig in den Kommunikationsmarkt eingedrungen ist, die nach t\u00fcrkischem Recht erforderlichen Rechtsberatungsleistungen vorgestellt haben.<\/p>\n<p>Ab 2012 begannen wir, den rechtlichen Problemen zu folgen, denen t\u00fcrkische Investoren in verschiedenen St\u00e4dten und L\u00e4ndern der Welt gegen\u00fcberstehen. In den L\u00e4ndern wie der Ukraine, USA, Gro\u00dfbritannien, Tunesien haben wir im Rahmen der bilateralen Zusammenarbeit mit den Anwaltskanzleien in den betreffenden L\u00e4ndern L\u00f6sungen f\u00fcr die Probleme entwickelt, mit denen t\u00fcrkische Unternehmen in Gesch\u00e4ftsbeziehungen konfrontiert sind. Wir haben die T\u00e4tigkeit der Schiffe t\u00fcrkischer Reeder in ausl\u00e4ndischen H\u00e4fen und Hoheitsgew\u00e4ssern sowie die Kanzleien verfolgt, in denen wir in den betreffenden L\u00e4ndern zusammenarbeiten, wobei die internationalen Unternehmen in unserem Land, Probleme mit den Verteilern aus der T\u00fcrkei hatten und wir die Probleme, die die internationalen Unternehmen mit den t\u00fcrkischen Verteilern haben, vor den internationalen Gerichten gel\u00f6st haben. Diese internationalen Gerichte beinhalteten Schlichtungsdienste und L\u00f6sungen vor den Prozessen.<\/p>\n<p>In dieser Zeit sind wir Mitglied in vielen internationalen &#8222;Netzwerken&#8220; geworden, um unser internationales Gesch\u00e4ft schneller und effektiver durchf\u00fchren zu k\u00f6nnen.<\/p>\n<p>Im Jahr 2012 haben wir unsere nationalen Aktivit\u00e4ten sowie unsere globalen Aktivit\u00e4ten fortgesetzt. Wir haben damit begonnen, die Schlichtungs- und Streitbeilegungsprozesse zu verfolgen, um Konflikte zwischen den Partnerschaften und Partnerschaften vieler F\u00fcnf-Sterne-Hotels im Tourismussektor zu l\u00f6sen.<\/p>\n<p>Im Bereich des Handelstrafrechts, einschlie\u00dflich beschr\u00e4nkter und gemeinsamer Delikte, sind unsere pr\u00e4ventiven Beratungs- und Ausbildungsleistungen f\u00fcr Unternehmen seit unserer Gr\u00fcndung jedes Jahr in Bezug auf Straftaten wie Betrug, Bestechung, Betrug und Betrug gestiegen.<\/p>\n<p style=\"color: #000000; text-align: justify;\">Wir arbeiten in Richtung nationaler und globaler Investoren in verschiedenen Sektoren wie Bauwesen, Energie, Zivilluftfahrt, Seefahrt und Tourismus, um die Gr\u00fcndung von Partnerschaften zu erleichtern, m\u00f6gliche Streitigkeiten durch die Ausarbeitung umfassender Vertr\u00e4ge zu vermeiden und Konfliktl\u00f6sungsmechanismen entsprechend den Kundeninteressen effektiv zu nutzen und im Sinne unserer Mission fortzuf\u00fchren.<\/p>\n","protected":false},"excerpt":{"rendered":"<p>Unser B\u00fcro wurde am 15. Juli 2002 in Ankara gegr\u00fcndet. Unser erstes B\u00fcro war auf der Seite vom Richterhaus Ankara. Im Jahr 2006, sind wir um unseren breiteren Raumbed\u00fcrfnissen gerecht zu werden. Zur \u00c7etin Eme\u00e7 Boulevard umgezogen. wir sind auch noch in Gebrauch entstanden gerecht zu werden, zogen wir in unser neues B\u00fcro. Im Jahr [&hellip;]<\/p>\n","protected":false},"author":1,"featured_media":0,"parent":3007,"menu_order":0,"comment_status":"closed","ping_status":"closed","template":"page-fullwidth.php","meta":{"rs_blank_template":"","rs_page_bg_color":"","slide_template_v7":"","footnotes":""},"class_list":["post-3051","page","type-page","status-publish","hentry"],"yoast_head":"<!-- This site is optimized with the Yoast SEO Premium plugin v27.1 (Yoast SEO v27.4) - https:\/\/yoast.com\/product\/yoast-seo-premium-wordpress\/ -->\n<title>Historie der Anwaltskanzlei | B\u0131\u00e7ak Hukuk<\/title>\n<meta name=\"robots\" content=\"index, follow, max-snippet:-1, max-image-preview:large, max-video-preview:-1\" \/>\n<link rel=\"canonical\" href=\"https:\/\/www.bicakhukuk.com\/de\/bicak-hukuk-hakkinda-kurumsal-bilgiler-2\/tarihce\/\" \/>\n<meta property=\"og:locale\" content=\"de_DE\" \/>\n<meta property=\"og:type\" content=\"article\" \/>\n<meta property=\"og:title\" content=\"Historie der Anwaltskanzlei\" \/>\n<meta property=\"og:description\" content=\"Unser B\u00fcro wurde am 15. Juli 2002 in Ankara gegr\u00fcndet. Unser erstes B\u00fcro war auf der Seite vom Richterhaus Ankara. Im Jahr 2006, sind wir um unseren\" \/>\n<meta property=\"og:url\" content=\"https:\/\/www.bicakhukuk.com\/de\/bicak-hukuk-hakkinda-kurumsal-bilgiler-2\/tarihce\/\" \/>\n<meta property=\"og:site_name\" content=\"B\u0131\u00e7ak Hukuk\" \/>\n<meta property=\"article:publisher\" content=\"https:\/\/www.facebook.com\/bicakhukuk\" \/>\n<meta property=\"article:modified_time\" content=\"2018-08-08T11:10:55+00:00\" \/>\n<meta property=\"og:image\" content=\"https:\/\/www.bicakhukuk.com\/wp-content\/uploads\/2020\/02\/Next-Level.jpg\" \/>\n\t<meta property=\"og:image:width\" content=\"960\" \/>\n\t<meta property=\"og:image:height\" content=\"540\" \/>\n\t<meta property=\"og:image:type\" content=\"image\/jpeg\" \/>\n<meta name=\"twitter:card\" content=\"summary_large_image\" \/>\n<meta name=\"twitter:site\" content=\"@BicakHukuk\" \/>\n<meta name=\"twitter:label1\" content=\"Gesch\u00e4tzte Lesezeit\" \/>\n\t<meta name=\"twitter:data1\" content=\"3\u00a0Minuten\" \/>\n<script type=\"application\/ld+json\" class=\"yoast-schema-graph\">{\"@context\":\"https:\\\/\\\/schema.org\",\"@graph\":[{\"@type\":\"WebPage\",\"@id\":\"https:\\\/\\\/www.bicakhukuk.com\\\/de\\\/bicak-hukuk-hakkinda-kurumsal-bilgiler-2\\\/tarihce\\\/\",\"url\":\"https:\\\/\\\/www.bicakhukuk.com\\\/de\\\/bicak-hukuk-hakkinda-kurumsal-bilgiler-2\\\/tarihce\\\/\",\"name\":\"Historie der Anwaltskanzlei | B\u0131\u00e7ak Hukuk\",\"isPartOf\":{\"@id\":\"https:\\\/\\\/www.bicakhukuk.com\\\/de\\\/#website\"},\"datePublished\":\"2014-07-25T22:37:00+00:00\",\"dateModified\":\"2018-08-08T11:10:55+00:00\",\"breadcrumb\":{\"@id\":\"https:\\\/\\\/www.bicakhukuk.com\\\/de\\\/bicak-hukuk-hakkinda-kurumsal-bilgiler-2\\\/tarihce\\\/#breadcrumb\"},\"inLanguage\":\"de\",\"potentialAction\":[{\"@type\":\"ReadAction\",\"target\":[\"https:\\\/\\\/www.bicakhukuk.com\\\/de\\\/bicak-hukuk-hakkinda-kurumsal-bilgiler-2\\\/tarihce\\\/\"]}]},{\"@type\":\"BreadcrumbList\",\"@id\":\"https:\\\/\\\/www.bicakhukuk.com\\\/de\\\/bicak-hukuk-hakkinda-kurumsal-bilgiler-2\\\/tarihce\\\/#breadcrumb\",\"itemListElement\":[{\"@type\":\"ListItem\",\"position\":1,\"name\":\"Ana sayfa\",\"item\":\"https:\\\/\\\/www.bicakhukuk.com\\\/de\\\/\"},{\"@type\":\"ListItem\",\"position\":2,\"name\":\"\u00dcber uns\",\"item\":\"https:\\\/\\\/www.bicakhukuk.com\\\/de\\\/bicak-hukuk-hakkinda-kurumsal-bilgiler-2\\\/\"},{\"@type\":\"ListItem\",\"position\":3,\"name\":\"Historie der Anwaltskanzlei\"}]},{\"@type\":\"WebSite\",\"@id\":\"https:\\\/\\\/www.bicakhukuk.com\\\/de\\\/#website\",\"url\":\"https:\\\/\\\/www.bicakhukuk.com\\\/de\\\/\",\"name\":\"B\u0131\u00e7ak Hukuk\",\"description\":\"T\u00fcrkiye Merkezli Global Hukuk B\u00fcrosu\",\"publisher\":{\"@id\":\"https:\\\/\\\/www.bicakhukuk.com\\\/de\\\/#organization\"},\"alternateName\":\"B\u0131\u00e7ak Hukuk, Ankara Avukat, Ankara Hukuk B\u00fcrosu\",\"potentialAction\":[{\"@type\":\"SearchAction\",\"target\":{\"@type\":\"EntryPoint\",\"urlTemplate\":\"https:\\\/\\\/www.bicakhukuk.com\\\/de\\\/?s={search_term_string}\"},\"query-input\":{\"@type\":\"PropertyValueSpecification\",\"valueRequired\":true,\"valueName\":\"search_term_string\"}}],\"inLanguage\":\"de\"},{\"@type\":[\"Organization\",\"Place\"],\"@id\":\"https:\\\/\\\/www.bicakhukuk.com\\\/de\\\/#organization\",\"name\":\"B\u0131\u00e7ak Hukuk | T\u00fcrkiye Merkezli Global Hukuk Firmas\u0131\",\"alternateName\":\"B\u0131\u00e7ak Hukuk, Ankara Avukat, Ankara Hukuk B\u00fcrosu\",\"url\":\"https:\\\/\\\/www.bicakhukuk.com\\\/de\\\/\",\"logo\":{\"@id\":\"https:\\\/\\\/www.bicakhukuk.com\\\/de\\\/bicak-hukuk-hakkinda-kurumsal-bilgiler-2\\\/tarihce\\\/#local-main-organization-logo\"},\"image\":{\"@id\":\"https:\\\/\\\/www.bicakhukuk.com\\\/de\\\/bicak-hukuk-hakkinda-kurumsal-bilgiler-2\\\/tarihce\\\/#local-main-organization-logo\"},\"sameAs\":[\"https:\\\/\\\/www.facebook.com\\\/bicakhukuk\",\"https:\\\/\\\/x.com\\\/BicakHukuk\",\"https:\\\/\\\/www.instagram.com\\\/bicakhukuk\\\/\",\"https:\\\/\\\/tr.linkedin.com\\\/company\\\/b-ak-law-firm\",\"https:\\\/\\\/www.youtube.com\\\/channel\\\/UCodktEWFyJmIp3i1BH9aM2A\\\/\"],\"description\":\"K\u00fcresel, b\u00f6lgesel ve ulusal \u015firketlere, kurulu\u015flara ve ki\u015filere uzmanl\u0131k alanlar\u0131m\u0131zda uyu\u015fmazl\u0131k \u00f6nleyici hukuk dan\u0131\u015fmanl\u0131\u011f\u0131, uyu\u015fmazl\u0131k \u00e7\u00f6z\u00fcm s\u00fcre\u00e7lerinde ise arabuluculuk, arabuluculukta taraf vekilli\u011fi, mahkemelerde taraf vekilli\u011fi ve avukatl\u0131k, tahkim hakemli\u011fi, tahkimde taraf vekilli\u011fi, hukuki konularda m\u00fctalaa ve hukuki konularda e\u011fitim hizmetleri vermekteyiz. Uluslararas\u0131, b\u00f6lgesel ve ulusal hukuka ili\u015fkin inceleme, ara\u015ft\u0131rma ve tecr\u00fcbeye dayal\u0131 hukuk hizmetlerimizi sunarken teknolojinin imkan sa\u011flad\u0131\u011f\u0131 g\u00f6rsel (video konferans) veya i\u015fitsel (sesli konferans) ileti\u015fim teknolojilerinin elverdi\u011fi t\u00fcm olanaklar\u0131 kullanmaktay\u0131z. Dan\u0131\u015fanlar\u0131m\u0131z veya m\u00fcvekkillerimiz, D\u00fcnyan\u0131n, b\u00f6lgemizin veya \u00fclkemizin neresinde olurlarsa olsunlar hizmetlerimizden uzaktan eri\u015fim yoluyla yararlanabilmektedir. Muhtemel ihtilaflar\u0131 \u00f6nlemek veya en aza indirmek gayesiyle m\u00fcvekkillerimize sundu\u011fumuz dinamik, etkili ve \u00f6nleyici dan\u0131\u015fmanl\u0131k hizmetlerimizin yan\u0131nda, uyu\u015fmazl\u0131k \u00e7\u00f6z\u00fcm s\u00fcre\u00e7lerinde arabuluculuk, tahkim veya mahkemelerde dava takibi hizmetleri de sunmaktay\u0131z. Ba\u015far\u0131n\u0131n s\u0131rr\u0131, do\u011fru bilgiye h\u0131zl\u0131 eri\u015fimdir. M\u00fcvekkil ihtiya\u00e7lar\u0131 tam ve eksiksiz tan\u0131mlayarak y\u00fcksek standartlarda, kaliteli, h\u0131zl\u0131 ve sonu\u00e7 odakl\u0131 esas\u0131na dayanan bir \u00e7al\u0131\u015fma anlay\u0131\u015f\u0131 benimsemi\u015f bulunuyoruz. G\u00fcvenilirlik, itibar, etik de\u011ferler ve kalite standartlar\u0131 gibi unsurlar, vazge\u00e7ilmezlerimiz olu\u015fturur.\",\"legalName\":\"B\u0131\u00e7ak Hukuk\",\"foundingDate\":\"2002-01-01\",\"numberOfEmployees\":{\"@type\":\"QuantitativeValue\",\"minValue\":\"1\",\"maxValue\":\"10\"},\"address\":{\"@id\":\"https:\\\/\\\/www.bicakhukuk.com\\\/de\\\/bicak-hukuk-hakkinda-kurumsal-bilgiler-2\\\/tarihce\\\/#local-main-place-address\"},\"geo\":{\"@type\":\"GeoCoordinates\",\"latitude\":\"39.90985903589262\",\"longitude\":\"32.81218744448808\"},\"telephone\":[\"0 (312) 473 39 60\",\"0 (553) 223 32 90\"],\"openingHoursSpecification\":[{\"@type\":\"OpeningHoursSpecification\",\"dayOfWeek\":[\"Monday\",\"Tuesday\",\"Wednesday\",\"Thursday\",\"Friday\",\"Saturday\"],\"opens\":\"08:00\",\"closes\":\"18:00\"},{\"@type\":\"OpeningHoursSpecification\",\"dayOfWeek\":[\"Sunday\"],\"opens\":\"00:00\",\"closes\":\"00:00\"}],\"email\":\"iletisim@bicakhukuk.com\",\"faxNumber\":\"0 (312) 473 39 62\",\"areaServed\":\"Hukuk\"},{\"@type\":\"PostalAddress\",\"@id\":\"https:\\\/\\\/www.bicakhukuk.com\\\/de\\\/bicak-hukuk-hakkinda-kurumsal-bilgiler-2\\\/tarihce\\\/#local-main-place-address\",\"streetAddress\":\"Next Level Loft Ofis, Kat 9-10, Daire 29, K\u0131z\u0131l\u0131rmak Mahallesi, Ufuk \u00dcniversitesi Caddesi S\u00f6\u011f\u00fct\u00f6z\u00fc \\\/ \u00c7ankaya\",\"addressLocality\":\"Ankara\",\"postalCode\":\"06530\",\"addressCountry\":\"TR\"},{\"@type\":\"ImageObject\",\"inLanguage\":\"de\",\"@id\":\"https:\\\/\\\/www.bicakhukuk.com\\\/de\\\/bicak-hukuk-hakkinda-kurumsal-bilgiler-2\\\/tarihce\\\/#local-main-organization-logo\",\"url\":\"https:\\\/\\\/www.bicakhukuk.com\\\/wp-content\\\/uploads\\\/2023\\\/05\\\/bicak_hukuk_logo_kare.png\",\"contentUrl\":\"https:\\\/\\\/www.bicakhukuk.com\\\/wp-content\\\/uploads\\\/2023\\\/05\\\/bicak_hukuk_logo_kare.png\",\"width\":2000,\"height\":2000,\"caption\":\"B\u0131\u00e7ak Hukuk | T\u00fcrkiye Merkezli Global Hukuk Firmas\u0131\"}]}<\/script>\n<meta name=\"geo.placename\" content=\"Ankara\" \/>\n<meta name=\"geo.position\" content=\"39.90985903589262;32.81218744448808\" \/>\n<meta name=\"geo.region\" content=\"T\u00fcrkei\" \/>\n<!-- \/ Yoast SEO Premium plugin. -->","yoast_head_json":{"title":"Historie der Anwaltskanzlei | B\u0131\u00e7ak Hukuk","robots":{"index":"index","follow":"follow","max-snippet":"max-snippet:-1","max-image-preview":"max-image-preview:large","max-video-preview":"max-video-preview:-1"},"canonical":"https:\/\/www.bicakhukuk.com\/de\/bicak-hukuk-hakkinda-kurumsal-bilgiler-2\/tarihce\/","og_locale":"de_DE","og_type":"article","og_title":"Historie der Anwaltskanzlei","og_description":"Unser B\u00fcro wurde am 15. Juli 2002 in Ankara gegr\u00fcndet. Unser erstes B\u00fcro war auf der Seite vom Richterhaus Ankara. Im Jahr 2006, sind wir um unseren","og_url":"https:\/\/www.bicakhukuk.com\/de\/bicak-hukuk-hakkinda-kurumsal-bilgiler-2\/tarihce\/","og_site_name":"B\u0131\u00e7ak Hukuk","article_publisher":"https:\/\/www.facebook.com\/bicakhukuk","article_modified_time":"2018-08-08T11:10:55+00:00","og_image":[{"width":960,"height":540,"url":"https:\/\/www.bicakhukuk.com\/wp-content\/uploads\/2020\/02\/Next-Level.jpg","type":"image\/jpeg"}],"twitter_card":"summary_large_image","twitter_site":"@BicakHukuk","twitter_misc":{"Gesch\u00e4tzte Lesezeit":"3\u00a0Minuten"},"schema":{"@context":"https:\/\/schema.org","@graph":[{"@type":"WebPage","@id":"https:\/\/www.bicakhukuk.com\/de\/bicak-hukuk-hakkinda-kurumsal-bilgiler-2\/tarihce\/","url":"https:\/\/www.bicakhukuk.com\/de\/bicak-hukuk-hakkinda-kurumsal-bilgiler-2\/tarihce\/","name":"Historie der Anwaltskanzlei | B\u0131\u00e7ak Hukuk","isPartOf":{"@id":"https:\/\/www.bicakhukuk.com\/de\/#website"},"datePublished":"2014-07-25T22:37:00+00:00","dateModified":"2018-08-08T11:10:55+00:00","breadcrumb":{"@id":"https:\/\/www.bicakhukuk.com\/de\/bicak-hukuk-hakkinda-kurumsal-bilgiler-2\/tarihce\/#breadcrumb"},"inLanguage":"de","potentialAction":[{"@type":"ReadAction","target":["https:\/\/www.bicakhukuk.com\/de\/bicak-hukuk-hakkinda-kurumsal-bilgiler-2\/tarihce\/"]}]},{"@type":"BreadcrumbList","@id":"https:\/\/www.bicakhukuk.com\/de\/bicak-hukuk-hakkinda-kurumsal-bilgiler-2\/tarihce\/#breadcrumb","itemListElement":[{"@type":"ListItem","position":1,"name":"Ana sayfa","item":"https:\/\/www.bicakhukuk.com\/de\/"},{"@type":"ListItem","position":2,"name":"\u00dcber uns","item":"https:\/\/www.bicakhukuk.com\/de\/bicak-hukuk-hakkinda-kurumsal-bilgiler-2\/"},{"@type":"ListItem","position":3,"name":"Historie der Anwaltskanzlei"}]},{"@type":"WebSite","@id":"https:\/\/www.bicakhukuk.com\/de\/#website","url":"https:\/\/www.bicakhukuk.com\/de\/","name":"B\u0131\u00e7ak Hukuk","description":"T\u00fcrkiye Merkezli Global Hukuk B\u00fcrosu","publisher":{"@id":"https:\/\/www.bicakhukuk.com\/de\/#organization"},"alternateName":"B\u0131\u00e7ak Hukuk, Ankara Avukat, Ankara Hukuk B\u00fcrosu","potentialAction":[{"@type":"SearchAction","target":{"@type":"EntryPoint","urlTemplate":"https:\/\/www.bicakhukuk.com\/de\/?s={search_term_string}"},"query-input":{"@type":"PropertyValueSpecification","valueRequired":true,"valueName":"search_term_string"}}],"inLanguage":"de"},{"@type":["Organization","Place"],"@id":"https:\/\/www.bicakhukuk.com\/de\/#organization","name":"B\u0131\u00e7ak Hukuk | T\u00fcrkiye Merkezli Global Hukuk Firmas\u0131","alternateName":"B\u0131\u00e7ak Hukuk, Ankara Avukat, Ankara Hukuk B\u00fcrosu","url":"https:\/\/www.bicakhukuk.com\/de\/","logo":{"@id":"https:\/\/www.bicakhukuk.com\/de\/bicak-hukuk-hakkinda-kurumsal-bilgiler-2\/tarihce\/#local-main-organization-logo"},"image":{"@id":"https:\/\/www.bicakhukuk.com\/de\/bicak-hukuk-hakkinda-kurumsal-bilgiler-2\/tarihce\/#local-main-organization-logo"},"sameAs":["https:\/\/www.facebook.com\/bicakhukuk","https:\/\/x.com\/BicakHukuk","https:\/\/www.instagram.com\/bicakhukuk\/","https:\/\/tr.linkedin.com\/company\/b-ak-law-firm","https:\/\/www.youtube.com\/channel\/UCodktEWFyJmIp3i1BH9aM2A\/"],"description":"K\u00fcresel, b\u00f6lgesel ve ulusal \u015firketlere, kurulu\u015flara ve ki\u015filere uzmanl\u0131k alanlar\u0131m\u0131zda uyu\u015fmazl\u0131k \u00f6nleyici hukuk dan\u0131\u015fmanl\u0131\u011f\u0131, uyu\u015fmazl\u0131k \u00e7\u00f6z\u00fcm s\u00fcre\u00e7lerinde ise arabuluculuk, arabuluculukta taraf vekilli\u011fi, mahkemelerde taraf vekilli\u011fi ve avukatl\u0131k, tahkim hakemli\u011fi, tahkimde taraf vekilli\u011fi, hukuki konularda m\u00fctalaa ve hukuki konularda e\u011fitim hizmetleri vermekteyiz. Uluslararas\u0131, b\u00f6lgesel ve ulusal hukuka ili\u015fkin inceleme, ara\u015ft\u0131rma ve tecr\u00fcbeye dayal\u0131 hukuk hizmetlerimizi sunarken teknolojinin imkan sa\u011flad\u0131\u011f\u0131 g\u00f6rsel (video konferans) veya i\u015fitsel (sesli konferans) ileti\u015fim teknolojilerinin elverdi\u011fi t\u00fcm olanaklar\u0131 kullanmaktay\u0131z. Dan\u0131\u015fanlar\u0131m\u0131z veya m\u00fcvekkillerimiz, D\u00fcnyan\u0131n, b\u00f6lgemizin veya \u00fclkemizin neresinde olurlarsa olsunlar hizmetlerimizden uzaktan eri\u015fim yoluyla yararlanabilmektedir. Muhtemel ihtilaflar\u0131 \u00f6nlemek veya en aza indirmek gayesiyle m\u00fcvekkillerimize sundu\u011fumuz dinamik, etkili ve \u00f6nleyici dan\u0131\u015fmanl\u0131k hizmetlerimizin yan\u0131nda, uyu\u015fmazl\u0131k \u00e7\u00f6z\u00fcm s\u00fcre\u00e7lerinde arabuluculuk, tahkim veya mahkemelerde dava takibi hizmetleri de sunmaktay\u0131z. Ba\u015far\u0131n\u0131n s\u0131rr\u0131, do\u011fru bilgiye h\u0131zl\u0131 eri\u015fimdir. M\u00fcvekkil ihtiya\u00e7lar\u0131 tam ve eksiksiz tan\u0131mlayarak y\u00fcksek standartlarda, kaliteli, h\u0131zl\u0131 ve sonu\u00e7 odakl\u0131 esas\u0131na dayanan bir \u00e7al\u0131\u015fma anlay\u0131\u015f\u0131 benimsemi\u015f bulunuyoruz. G\u00fcvenilirlik, itibar, etik de\u011ferler ve kalite standartlar\u0131 gibi unsurlar, vazge\u00e7ilmezlerimiz olu\u015fturur.","legalName":"B\u0131\u00e7ak Hukuk","foundingDate":"2002-01-01","numberOfEmployees":{"@type":"QuantitativeValue","minValue":"1","maxValue":"10"},"address":{"@id":"https:\/\/www.bicakhukuk.com\/de\/bicak-hukuk-hakkinda-kurumsal-bilgiler-2\/tarihce\/#local-main-place-address"},"geo":{"@type":"GeoCoordinates","latitude":"39.90985903589262","longitude":"32.81218744448808"},"telephone":["0 (312) 473 39 60","0 (553) 223 32 90"],"openingHoursSpecification":[{"@type":"OpeningHoursSpecification","dayOfWeek":["Monday","Tuesday","Wednesday","Thursday","Friday","Saturday"],"opens":"08:00","closes":"18:00"},{"@type":"OpeningHoursSpecification","dayOfWeek":["Sunday"],"opens":"00:00","closes":"00:00"}],"email":"iletisim@bicakhukuk.com","faxNumber":"0 (312) 473 39 62","areaServed":"Hukuk"},{"@type":"PostalAddress","@id":"https:\/\/www.bicakhukuk.com\/de\/bicak-hukuk-hakkinda-kurumsal-bilgiler-2\/tarihce\/#local-main-place-address","streetAddress":"Next Level Loft Ofis, Kat 9-10, Daire 29, K\u0131z\u0131l\u0131rmak Mahallesi, Ufuk \u00dcniversitesi Caddesi S\u00f6\u011f\u00fct\u00f6z\u00fc \/ \u00c7ankaya","addressLocality":"Ankara","postalCode":"06530","addressCountry":"TR"},{"@type":"ImageObject","inLanguage":"de","@id":"https:\/\/www.bicakhukuk.com\/de\/bicak-hukuk-hakkinda-kurumsal-bilgiler-2\/tarihce\/#local-main-organization-logo","url":"https:\/\/www.bicakhukuk.com\/wp-content\/uploads\/2023\/05\/bicak_hukuk_logo_kare.png","contentUrl":"https:\/\/www.bicakhukuk.com\/wp-content\/uploads\/2023\/05\/bicak_hukuk_logo_kare.png","width":2000,"height":2000,"caption":"B\u0131\u00e7ak Hukuk | T\u00fcrkiye Merkezli Global Hukuk Firmas\u0131"}]},"geo.placename":"Ankara","geo.position":{"lat":"39.90985903589262","long":"32.81218744448808"},"geo.region":"T\u00fcrkei"},"_links":{"self":[{"href":"https:\/\/www.bicakhukuk.com\/de\/wp-json\/wp\/v2\/pages\/3051","targetHints":{"allow":["GET"]}}],"collection":[{"href":"https:\/\/www.bicakhukuk.com\/de\/wp-json\/wp\/v2\/pages"}],"about":[{"href":"https:\/\/www.bicakhukuk.com\/de\/wp-json\/wp\/v2\/types\/page"}],"author":[{"embeddable":true,"href":"https:\/\/www.bicakhukuk.com\/de\/wp-json\/wp\/v2\/users\/1"}],"replies":[{"embeddable":true,"href":"https:\/\/www.bicakhukuk.com\/de\/wp-json\/wp\/v2\/comments?post=3051"}],"version-history":[{"count":0,"href":"https:\/\/www.bicakhukuk.com\/de\/wp-json\/wp\/v2\/pages\/3051\/revisions"}],"up":[{"embeddable":true,"href":"https:\/\/www.bicakhukuk.com\/de\/wp-json\/wp\/v2\/pages\/3007"}],"wp:attachment":[{"href":"https:\/\/www.bicakhukuk.com\/de\/wp-json\/wp\/v2\/media?parent=3051"}],"curies":[{"name":"wp","href":"https:\/\/api.w.org\/{rel}","templated":true}]}}